{"id":1004,"date":"2021-03-05T09:29:54","date_gmt":"2021-03-05T08:29:54","guid":{"rendered":"http:\/\/monperejeanmamy.fr\/?page_id=1004"},"modified":"2021-03-07T18:53:46","modified_gmt":"2021-03-07T17:53:46","slug":"jean-mamy-realisateur","status":"publish","type":"page","link":"https:\/\/monperejeanmamy.fr\/?page_id=1004","title":{"rendered":"Jean Mamy r\u00e9alisateur"},"content":{"rendered":"<p>Au tout d\u00e9but des ann\u00e9es 30, Jean Mamy a \u00e9t\u00e9 le r\u00e9alisateur de quelques films dont :<\/p>\n<ul>\n<li>1932\u00a0: <a href=\"http:\/\/monperejeanmamy.fr\/?page_id=210\">Baleydier<\/a> avec Michel Simon, dont il n&rsquo;existe aucune copie,<\/li>\n<li>1932\u00a0: Bal d&rsquo;Apaches, court m\u00e9trage avec Jos\u00e9 Nogu\u00e9ro, Lily Z\u00e9vaco et Marc Dantzer<\/li>\n<li>1933\u00a0: Le Chemin du bonheur avec Alfred Pizella<\/li>\n<li>1933\u00a0: L&rsquo;Empreinte sanglante, moyen m\u00e9trage avec Nadia Sibirska\u00efa<\/li>\n<\/ul>\n<p style=\"text-align: justify;\"><img loading=\"lazy\" class=\"alignright size-medium wp-image-330\" src=\"http:\/\/monperejeanmamy.fr\/wp-content\/uploads\/2021\/02\/Affiche-Forces-occultes-300x208.jpg\" alt=\"\" width=\"300\" height=\"208\" srcset=\"https:\/\/monperejeanmamy.fr\/wp-content\/uploads\/2021\/02\/Affiche-Forces-occultes-300x208.jpg 300w, https:\/\/monperejeanmamy.fr\/wp-content\/uploads\/2021\/02\/Affiche-Forces-occultes-433x300.jpg 433w, https:\/\/monperejeanmamy.fr\/wp-content\/uploads\/2021\/02\/Affiche-Forces-occultes.jpg 459w\" sizes=\"(max-width: 300px) 100vw, 300px\" \/>Mais c&rsquo;est en 1943, sous l&rsquo;occupation, qu&rsquo;il r\u00e9alisa sous le pseudonyme de Paul Riche son dernier film, sans doute le seul que la m\u00e9moire collective lui attribue, <a href=\"http:\/\/monperejeanmamy.fr\/?page_id=191\"><em>Forces occultes<\/em><\/a>, un moyen m\u00e9trage de propagande antima\u00e7onnique, dont les sc\u00e9nario est de Jean Marqu\u00e8s-Rivi\u00e8re.<\/p>\n<p>&nbsp;<\/p>\n","protected":false},"excerpt":{"rendered":"<p>Au tout d\u00e9but des ann\u00e9es 30, Jean Mamy a \u00e9t\u00e9 le r\u00e9alisateur de quelques films dont : 1932\u00a0: Baleydier avec Michel Simon, dont il n&rsquo;existe aucune copie, 1932\u00a0: Bal d&rsquo;Apaches, court m\u00e9trage avec Jos\u00e9 Nogu\u00e9ro, Lily Z\u00e9vaco et Marc Dantzer &hellip; <a href=\"https:\/\/monperejeanmamy.fr\/?page_id=1004\">Continuer la lecture <span class=\"meta-nav\">&rarr;<\/span><\/a><\/p>\n","protected":false},"author":2,"featured_media":1123,"parent":0,"menu_order":0,"comment_status":"closed","ping_status":"closed","template":"","meta":[],"folder":[],"_links":{"self":[{"href":"https:\/\/monperejeanmamy.fr\/index.php?rest_route=\/wp\/v2\/pages\/1004"}],"collection":[{"href":"https:\/\/monperejeanmamy.fr\/index.php?rest_route=\/wp\/v2\/pages"}],"about":[{"href":"https:\/\/monperejeanmamy.fr\/index.php?rest_route=\/wp\/v2\/types\/page"}],"author":[{"embeddable":true,"href":"https:\/\/monperejeanmamy.fr\/index.php?rest_route=\/wp\/v2\/users\/2"}],"replies":[{"embeddable":true,"href":"https:\/\/monperejeanmamy.fr\/index.php?rest_route=%2Fwp%2Fv2%2Fcomments&post=1004"}],"version-history":[{"count":3,"href":"https:\/\/monperejeanmamy.fr\/index.php?rest_route=\/wp\/v2\/pages\/1004\/revisions"}],"predecessor-version":[{"id":1007,"href":"https:\/\/monperejeanmamy.fr\/index.php?rest_route=\/wp\/v2\/pages\/1004\/revisions\/1007"}],"wp:featuredmedia":[{"embeddable":true,"href":"https:\/\/monperejeanmamy.fr\/index.php?rest_route=\/wp\/v2\/media\/1123"}],"wp:attachment":[{"href":"https:\/\/monperejeanmamy.fr\/index.php?rest_route=%2Fwp%2Fv2%2Fmedia&parent=1004"}],"wp:term":[{"taxonomy":"folder","embeddable":true,"href":"https:\/\/monperejeanmamy.fr\/index.php?rest_route=%2Fwp%2Fv2%2Ffolder&post=1004"}],"curies":[{"name":"wp","href":"https:\/\/api.w.org\/{rel}","templated":true}]}}