{"id":1009,"date":"2021-03-05T09:53:17","date_gmt":"2021-03-05T08:53:17","guid":{"rendered":"http:\/\/monperejeanmamy.fr\/?page_id=1009"},"modified":"2021-03-08T09:24:20","modified_gmt":"2021-03-08T08:24:20","slug":"jean-mamy-producteur-et-scenariste","status":"publish","type":"page","link":"https:\/\/monperejeanmamy.fr\/?page_id=1009","title":{"rendered":"Jean Mamy producteur"},"content":{"rendered":"<p>Jean Mamy a produit quelques films dont :<\/p>\n<ul>\n<li>1935\u00a0: K\u0153nigsmark de Maurice Tourneur, avec Pierre Fresnay<\/li>\n<li>1939\u00a0: D\u00e9d\u00e9 la musique d&rsquo;Andr\u00e9 Berthomieu<\/li>\n<\/ul>\n<h1>Jean Mamy Sc\u00e9nariste<\/h1>\n<p style=\"text-align: justify;\">Il a \u00e9galement tent\u00e9, en vain, d&rsquo;en produire d&rsquo;autres, dont il \u00e9tait aussi le sc\u00e9nariste, en particulier deux pour lesquels j&rsquo;ai retrouv\u00e9 dans ses archives les \u00e9changes de courriers et les sc\u00e9narios complets ;<\/p>\n<ul>\n<li><a href=\"http:\/\/monperejeanmamy.fr\/?page_id=922\"><em>La vie merveilleuse de Santos-Dumont, pionnier de l&rsquo;air<\/em><\/a><\/li>\n<li style=\"text-align: justify;\"><a href=\"http:\/\/monperejeanmamy.fr\/?page_id=1103\"><em>Le mannequin assasin\u00e9<\/em><\/a>, sc\u00e9nario de Jean Mamy, adapt\u00e9 du roman de Stanislas-Andr\u00e9 Steeman, qui pourrait aussi s\u2019appeler \u00ab\u00a0<em>Le film vol\u00e9\u00a0\u00bb <\/em>car le film de Pierre de H\u00e9rain, sorti sur les \u00e9crans fran\u00e7ais en 1947, dont le sc\u00e9nario est sign\u00e9 Georges Chaperot et Pierre Lestringuez, alors que Jean Mamy est incarc\u00e9r\u00e9 \u00e0 Fresnes dans l\u2019attente du jugement de la Cour de Justice, est totalement issu du sc\u00e9nario dont Jean Mamy \u00e9tait l\u2019auteur comme en t\u00e9moigne de mani\u00e8re incontestable\u00a0 le manuscrit accessible en cliquant ici.<\/li>\n<\/ul>\n<p>&nbsp;<\/p>\n","protected":false},"excerpt":{"rendered":"<p>Jean Mamy a produit quelques films dont : 1935\u00a0: K\u0153nigsmark de Maurice Tourneur, avec Pierre Fresnay 1939\u00a0: D\u00e9d\u00e9 la musique d&rsquo;Andr\u00e9 Berthomieu Jean Mamy Sc\u00e9nariste Il a \u00e9galement tent\u00e9, en vain, d&rsquo;en produire d&rsquo;autres, dont il \u00e9tait aussi le sc\u00e9nariste, &hellip; <a href=\"https:\/\/monperejeanmamy.fr\/?page_id=1009\">Continuer la lecture <span class=\"meta-nav\">&rarr;<\/span><\/a><\/p>\n","protected":false},"author":2,"featured_media":1123,"parent":0,"menu_order":0,"comment_status":"closed","ping_status":"closed","template":"","meta":[],"folder":[],"_links":{"self":[{"href":"https:\/\/monperejeanmamy.fr\/index.php?rest_route=\/wp\/v2\/pages\/1009"}],"collection":[{"href":"https:\/\/monperejeanmamy.fr\/index.php?rest_route=\/wp\/v2\/pages"}],"about":[{"href":"https:\/\/monperejeanmamy.fr\/index.php?rest_route=\/wp\/v2\/types\/page"}],"author":[{"embeddable":true,"href":"https:\/\/monperejeanmamy.fr\/index.php?rest_route=\/wp\/v2\/users\/2"}],"replies":[{"embeddable":true,"href":"https:\/\/monperejeanmamy.fr\/index.php?rest_route=%2Fwp%2Fv2%2Fcomments&post=1009"}],"version-history":[{"count":5,"href":"https:\/\/monperejeanmamy.fr\/index.php?rest_route=\/wp\/v2\/pages\/1009\/revisions"}],"predecessor-version":[{"id":1157,"href":"https:\/\/monperejeanmamy.fr\/index.php?rest_route=\/wp\/v2\/pages\/1009\/revisions\/1157"}],"wp:featuredmedia":[{"embeddable":true,"href":"https:\/\/monperejeanmamy.fr\/index.php?rest_route=\/wp\/v2\/media\/1123"}],"wp:attachment":[{"href":"https:\/\/monperejeanmamy.fr\/index.php?rest_route=%2Fwp%2Fv2%2Fmedia&parent=1009"}],"wp:term":[{"taxonomy":"folder","embeddable":true,"href":"https:\/\/monperejeanmamy.fr\/index.php?rest_route=%2Fwp%2Fv2%2Ffolder&post=1009"}],"curies":[{"name":"wp","href":"https:\/\/api.w.org\/{rel}","templated":true}]}}