{"id":1011,"date":"2021-03-05T09:54:02","date_gmt":"2021-03-05T08:54:02","guid":{"rendered":"http:\/\/monperejeanmamy.fr\/?page_id=1011"},"modified":"2021-03-08T15:10:11","modified_gmt":"2021-03-08T14:10:11","slug":"le-mannequin-assasine","status":"publish","type":"page","link":"https:\/\/monperejeanmamy.fr\/?page_id=1011","title":{"rendered":"\u00ab\u00a0Le Mannequin Assassin\u00e9\u00a0\u00bb ou \u00ab\u00a0Le film vol\u00e9\u00a0\u00bb"},"content":{"rendered":"<h1 style=\"text-align: justify;\">L\u2019histoire m\u00e9rite d\u2019\u00eatre cont\u00e9e.<\/h1>\n<p style=\"text-align: justify;\">Fin Janvier 1934, Henri Storck <a href=\"#_ftn2\" name=\"_ftnref2\">[1]<\/a> contacte Jean Mamy et lui soumet le projet d\u2019\u00e9crire le sc\u00e9nario du dernier roman de Stanislas-Andr\u00e9 Steeman ave qui il est en relation.<\/p>\n<p style=\"text-align: justify;\">Les <a href=\"http:\/\/monperejeanmamy.fr\/?page_id=1188\">\u00e9changes de courriers<\/a> <a href=\"#_ftn3\" name=\"_ftnref3\">[2]<\/a> montrent non seulement le r\u00f4le fondamental et indispensable que Jean Mamy a jou\u00e9 en 1934 mais t\u00e9moigne surtout de la qualit\u00e9 de sa contribution qui provoque l\u2019enthousiasme d\u2019Henri Storck.<\/p>\n<p style=\"text-align: justify;\">Cependant, pour des motifs aussi sordides que des histoires de gros sous, il ne sera pas donn\u00e9 suite et le sc\u00e9nario de Jean Mamy ne sera pas port\u00e9 \u00e0 l\u2019\u00e9cran.<\/p>\n<h1>Dix ans plus tard<\/h1>\n<p style=\"text-align: justify;\">Arr\u00eat\u00e9 en septembre 1944 par les FFI, Jean Mamy attendra quatre ann\u00e9es \u00e0 Fresnes son proc\u00e8s qui aura lieu le jour de no\u00ebl 1948. Il sera fusill\u00e9, le dernier de l\u2019\u00e9puration, le 29 mars 1949 dans les foss\u00e9s du fort de Montrouge. Jusqu\u2019\u00e0 la date de son proc\u00e8s, il \u00e9tait \u00abpr\u00e9sum\u00e9 innocent \u00bb et donc totalement propri\u00e9taire des ses droits d\u2019auteur.<\/p>\n<p style=\"text-align: justify;\"><img loading=\"lazy\" class=\"alignleft  wp-image-1240\" src=\"http:\/\/monperejeanmamy.fr\/wp-content\/uploads\/2021\/03\/Couverture-Le-mannequin-assassine-1942-inclinee-265x300.jpg\" alt=\"\" width=\"190\" height=\"213\" \/>Or, en 1947, Pierre de H\u00e9rain <a href=\"#_ftn4\" name=\"_ftnref4\">[3]<\/a> produit <em>\u00ab\u00a0Le Mannequin Assassin\u00e9<\/em>\u00a0\u00bb, film en noir et blanc de 82 minutes adaptation du roman de Steeman qui y joue au demeurant un r\u00f4le secondaire, celui du m\u00e9decin.<\/p>\n<p style=\"text-align: justify;\">Le sc\u00e9nario est de Georges Chaperot et Pierre Lestringuez, qui en \u00e9crit les dialogues. La musique est de Jean Hubeau, les d\u00e9cors de Lucien Aguettand, le montage de Henriette Wurtzer, les photographies de Henri Thibault, le son de Ren\u00e9 Louge et les images de Marcel Grignon. Albert Loisel en est le Directeur de production.<\/p>\n<p style=\"text-align: justify;\">Le film est interpr\u00e9t\u00e9 par Blanchette Brunoy (Laure), Anne Vernon (Ir\u00e8ne), Germaine Dermoz (Irma), Mathilde Casadesus (Mme Malaise), Genevi\u00e8ve Callix (Rose), Gilbert Gil (Armand), Daniel G\u00e9lin (L\u00e9opold), Robert Lussac (commissaire Malaise), Andr\u00e9 Gabriello (Charles), Pierre Magnier (le notaire), Jacques Sevrannes (Gilbert), Robert Balpo (le chef de train), Jean-Roger Caussimon (J\u00e9r\u00f4me), Julien Carette (L\u00e9onisse), Stanilas-Andr\u00e9 Steeman (le m\u00e9decin).<\/p>\n<p style=\"text-align: justify;\">On pouvait se demander si Georges Chaperot s\u2019est ou non plus ou moins inspir\u00e9 <a href=\"http:\/\/monperejeanmamy.fr\/?page_id=1103\">du d\u00e9coupage<\/a> fait par Jean Mamy en 1934 ainsi qu&rsquo;en t\u00e9moigne aussi <a href=\"http:\/\/monperejeanmamy.fr\/?page_id=1177\">le devis<\/a> pr\u00e9sent\u00e9 pour ce projet dont Henri Storck a \u00e9crit l<a href=\"http:\/\/monperejeanmamy.fr\/?page_id=1167\">e synopsis.<\/a>.<\/p>\n<h1>En 2007, un texte de Stanislas Steeman rend presque \u00e0 C\u00e9sar&#8230;<br \/>\n&#8230;ce qui appartenait \u00e0 Storck&#8230; mais aussi \u00e0 Mamy<\/h1>\n<p style=\"text-align: justify;\">En 2007, \u00e0 l&rsquo;occasion de la projection de \u00ab <em>Quai des orf\u00e8vres\u00a0\u00bb <\/em>(d\u2019apr\u00e8s le roman de Steeman) \u00a0dans plusieurs salles pendant le premier semestre 2007, est r\u00e9apparu un texte peu connu de Stanislas-Andr\u00e9 Steeman dans lequel il donne sa version de ses rapports avec le monde du cin\u00e9ma, qui a si souvent adapt\u00e9 ses ouvrages, de \u00ab\u00a0<em>L&rsquo;assassin habite au 21<\/em>\u00a0\u00bb \u00e0 \u00ab\u00a0<em>Six hommes morts<\/em>\u00a0\u00bb en passant par \u00ab\u00a0<em>L\u00e9gitime d\u00e9fense<\/em>\u00a0\u00bb.<\/p>\n<p style=\"text-align: justify;\">J\u2019en ai extrait le paragraphe suivant relatif au \u00ab\u00a0<em>Mannequin Assassin\u00e9\u00a0\u00bb<\/em>\u00a0:<\/p>\n<blockquote>\n<p style=\"text-align: justify;\"><em>\u00ab\u00a0Le mannequin assassin\u00e9<\/em>\u00a0\u00bb avait failli \u00eatre tourn\u00e9 une premi\u00e8re fois en 1933 ou 1934.<\/p>\n<p style=\"text-align: justify;\">\u00ab\u00a0J&rsquo;y avais travaill\u00e9 alors avec mon ami Henri Storck, Flamand de naissance et d&rsquo;inspiration, auteur d&rsquo;excellents documentaires qui m\u00e9riteraient d&rsquo;\u00eatre plus connus, et j&rsquo;avais m\u00eame jet\u00e9, \u00e0 l&rsquo;\u00e9poque, les bases de la nouvelle version de ce roman que je r\u00e9crivis en 1943.<\/p>\n<p style=\"text-align: justify;\">\u00ab\u00a0Quand les droits cin\u00e9matographiques en furent achet\u00e9s en 1946, je n&rsquo;eus rien de plus press\u00e9 que d&rsquo;exhumer cette adaptation et nous la retravaill\u00e2mes en profondeur, Storck et moi, avec l&rsquo;amical concours de Robert Lussac, interpr\u00e8te principal du film, et de Georges Dills. Encore aujourd&rsquo;hui j&rsquo;ai la faiblesse d&rsquo;estimer qu&rsquo;elle \u00e9tait int\u00e9ressante. H\u00e9las, nous avions compt\u00e9 sans les in\u00e9vitables invit\u00e9s de la derni\u00e8re heure : Denis Marion, par ailleurs excellent \u00e9crivain et critique averti, Georges Chaperot et autres Pierre Lestringuez &#8230; J&rsquo;allais oublier Pierre de H\u00e9rain, metteur en sc\u00e8ne, dont l&rsquo;apport non plus ne fut pas n\u00e9gligeable.\u00a0\u00bb (S-A. Steeman).<\/p>\n<\/blockquote>\n<p style=\"text-align: justify;\">Manifestement, Steeman n\u2019a pas oubli\u00e9 Henri Storck, mais Jean Mamy, pourtant l\u2019auteur de \u00ab\u00a0l\u2019adaptation\u00a0\u00bb pour laquelle Steeman avait \u00ab\u00a0la faiblesse d\u2019estimer qu\u2019elle \u00e9tait int\u00e9ressante\u00a0\u00bb est totalement sorti de sa m\u00e9moire\u00a0!!!<\/p>\n<p style=\"text-align: justify;\">Et il ressort de ce texte que les sc\u00e9naristes du film de 1947, \u00ab invit\u00e9s de la derni\u00e8re heure \u00bb ont mis leur propre coup de patte sur le sc\u00e9nario d\u2019origine.<\/p>\n<p style=\"text-align: justify;\">Plagiat, adaptation ou \u0153uvre originale ? Il est trop tard pour rendre \u00e0 Mamy ce qui \u00e9tait\u00a0 \u00e0 Mamy.<\/p>\n<h1>Notes<\/h1>\n<p style=\"text-align: justify;\"><a href=\"#_ftnref2\" name=\"_ftn2\">[1]<\/a> Henri Storck (1907-1999) est un cin\u00e9aste belge, auteur d\u2019une soixantaine de court-m\u00e9trages. Il commence par tourner des essais documentaires d&rsquo;avant-garde sur Ixelles, sa ville natale, cr\u00e9e en 1933 \u00e0 Bruxelles la CEP (Cin\u00e9ma, \u00c9dition, Production) et, \u00e0 Paris, la SEP (Soci\u00e9t\u00e9 d\u2019\u00c9dition et de Production Cin\u00e9matographique). Il r\u00e9alise quelques films militants, travaille sous l&rsquo;occupation allemande et, \u00e0 la Lib\u00e9ration, devient, en Belgique, un cin\u00e9aste au statut quasi officiel,<\/p>\n<p style=\"text-align: justify;\"><a href=\"#_ftnref3\" name=\"_ftn3\">[2]<\/a> Je ne poss\u00e8de malheureusement que les courriers re\u00e7us par Jean Mamy, mais l\u2019on peut ais\u00e9ment appr\u00e9hender la teneur de ceux qu\u2019il adressait \u00e0 Henri Storck.<\/p>\n<p style=\"text-align: justify;\"><a href=\"#_ftnref4\" name=\"_ftn4\">[3]<\/a> Pierre de H\u00e9rain (1904-1972) est le beau-fils du Mar\u00e9chal P\u00e9tain. Apr\u00e8s des d\u00e9buts comme monteur, il est l\u2019auteur de cinq long-m\u00e9trages\u00a0: <em>Monsieur des Lourdines<\/em> (1943), <em>Pam\u00e9la ou l&rsquo;\u00e9nigme du temple<\/em> (1944), <em>L&rsquo;amour autour de la maison <\/em>(1946) avec Maria Casar\u00e8s et Pierre Brasseur, <em>Le mannequin assassin\u00e9<\/em> (1947) et <em>Marl\u00e8ne<\/em> (1948) avec Micheline Francey et Tino Rossi.<\/p>\n","protected":false},"excerpt":{"rendered":"<p>L\u2019histoire m\u00e9rite d\u2019\u00eatre cont\u00e9e. Fin Janvier 1934, Henri Storck [1] contacte Jean Mamy et lui soumet le projet d\u2019\u00e9crire le sc\u00e9nario du dernier roman de Stanislas-Andr\u00e9 Steeman ave qui il est en relation. Les \u00e9changes de courriers [2] montrent non &hellip; <a href=\"https:\/\/monperejeanmamy.fr\/?page_id=1011\">Continuer la lecture <span class=\"meta-nav\">&rarr;<\/span><\/a><\/p>\n","protected":false},"author":2,"featured_media":0,"parent":0,"menu_order":0,"comment_status":"closed","ping_status":"closed","template":"","meta":[],"folder":[],"_links":{"self":[{"href":"https:\/\/monperejeanmamy.fr\/index.php?rest_route=\/wp\/v2\/pages\/1011"}],"collection":[{"href":"https:\/\/monperejeanmamy.fr\/index.php?rest_route=\/wp\/v2\/pages"}],"about":[{"href":"https:\/\/monperejeanmamy.fr\/index.php?rest_route=\/wp\/v2\/types\/page"}],"author":[{"embeddable":true,"href":"https:\/\/monperejeanmamy.fr\/index.php?rest_route=\/wp\/v2\/users\/2"}],"replies":[{"embeddable":true,"href":"https:\/\/monperejeanmamy.fr\/index.php?rest_route=%2Fwp%2Fv2%2Fcomments&post=1011"}],"version-history":[{"count":10,"href":"https:\/\/monperejeanmamy.fr\/index.php?rest_route=\/wp\/v2\/pages\/1011\/revisions"}],"predecessor-version":[{"id":1241,"href":"https:\/\/monperejeanmamy.fr\/index.php?rest_route=\/wp\/v2\/pages\/1011\/revisions\/1241"}],"wp:attachment":[{"href":"https:\/\/monperejeanmamy.fr\/index.php?rest_route=%2Fwp%2Fv2%2Fmedia&parent=1011"}],"wp:term":[{"taxonomy":"folder","embeddable":true,"href":"https:\/\/monperejeanmamy.fr\/index.php?rest_route=%2Fwp%2Fv2%2Ffolder&post=1011"}],"curies":[{"name":"wp","href":"https:\/\/api.w.org\/{rel}","templated":true}]}}