{"id":1014,"date":"2021-03-05T10:01:00","date_gmt":"2021-03-05T09:01:00","guid":{"rendered":"http:\/\/monperejeanmamy.fr\/?page_id=1014"},"modified":"2021-03-09T11:51:43","modified_gmt":"2021-03-09T10:51:43","slug":"jean-mamy-scenariste","status":"publish","type":"page","link":"https:\/\/monperejeanmamy.fr\/?page_id=1014","title":{"rendered":"Jean Mamy sc\u00e9nariste"},"content":{"rendered":"<p>Le seul film r\u00e9pertori\u00e9 qui ait vu le jour dont Jean Mamy en \u00e9tait le sc\u00e9nariste est :<\/p>\n<ul>\n<li>1938\u00a0: <em>Bar du sud<\/em><\/li>\n<\/ul>\n<p style=\"text-align: justify;\">Mais, il a \u00e9crit \u00e9galement de nombreux sc\u00e9narios qui n&rsquo;ont jamais \u00e9t\u00e9 produits :<\/p>\n<ul>\n<li style=\"text-align: justify;\"><a href=\"http:\/\/monperejeanmamy.fr\/?page_id=1249\"><em>Si j&rsquo;\u00e9tais dictateur<\/em><\/a>, synopsis de Jean Mamy et Pascal Bastia\u00a0 pour un film gai dont il a tir\u00e9 un sketch intitul\u00e9 \u00ab <a href=\"http:\/\/monperejeanmamy.fr\/?page_id=1253\"><em>Le dictateur optimiste<\/em><\/a> \u00bb, Pour d\u00e9couvrir l&rsquo;histoire de ce projet, <a href=\"http:\/\/monperejeanmamy.fr\/?page_id=1263\">cliquez ici.<\/a><\/li>\n<li><a href=\"http:\/\/monperejeanmamy.fr\/?page_id=1244\"><em>Le fain\u00e9an<\/em><\/a>t, sc\u00e9nario pour un court m\u00e9trage<\/li>\n<\/ul>\n<p style=\"text-align: justify;\">Et surtout deux grands projets de films qu&rsquo;il a tent\u00e9, en vain de produire, pour lesquels j&rsquo;ai retrouv\u00e9 dans ses archives les \u00e9changes de courriers et les sc\u00e9narios complets ;<\/p>\n<ul>\n<li><a href=\"http:\/\/monperejeanmamy.fr\/?page_id=922\"><em>La vie merveilleuse de Santos-Dumont, pionnier de l&rsquo;air<\/em><\/a><\/li>\n<li style=\"text-align: justify;\"><a href=\"http:\/\/monperejeanmamy.fr\/?page_id=1011\"><em>Le mannequin assasin\u00e9<\/em><\/a>, sc\u00e9nario de Jean Mamy, adapt\u00e9 en 1934 du roman de Stanislas-Andr\u00e9 Steeman, qui pourrait aussi s\u2019appeler \u00ab <em><a href=\"http:\/\/monperejeanmamy.fr\/?page_id=1011\">Le film vol\u00e9\u00a0<\/a>\u00bb <\/em>car le film de Pierre de H\u00e9rain, sorti sur les \u00e9crans fran\u00e7ais en 1947, dont le sc\u00e9nario est sign\u00e9 Georges Chaperot et Pierre Lestringuez, alors que Jean Mamy est incarc\u00e9r\u00e9 \u00e0 Fresnes dans l\u2019attente du jugement de la Cour de Justice, est totalement issu du sc\u00e9nario dont Jean Mamy \u00e9tait l\u2019auteur comme en t\u00e9moigne de mani\u00e8re incontestable\u00a0 le manuscrit datant de 1934.<\/li>\n<\/ul>\n","protected":false},"excerpt":{"rendered":"<p>Le seul film r\u00e9pertori\u00e9 qui ait vu le jour dont Jean Mamy en \u00e9tait le sc\u00e9nariste est : 1938\u00a0: Bar du sud Mais, il a \u00e9crit \u00e9galement de nombreux sc\u00e9narios qui n&rsquo;ont jamais \u00e9t\u00e9 produits : Si j&rsquo;\u00e9tais dictateur, synopsis &hellip; <a href=\"https:\/\/monperejeanmamy.fr\/?page_id=1014\">Continuer la lecture <span class=\"meta-nav\">&rarr;<\/span><\/a><\/p>\n","protected":false},"author":2,"featured_media":1123,"parent":0,"menu_order":0,"comment_status":"closed","ping_status":"closed","template":"","meta":[],"folder":[],"_links":{"self":[{"href":"https:\/\/monperejeanmamy.fr\/index.php?rest_route=\/wp\/v2\/pages\/1014"}],"collection":[{"href":"https:\/\/monperejeanmamy.fr\/index.php?rest_route=\/wp\/v2\/pages"}],"about":[{"href":"https:\/\/monperejeanmamy.fr\/index.php?rest_route=\/wp\/v2\/types\/page"}],"author":[{"embeddable":true,"href":"https:\/\/monperejeanmamy.fr\/index.php?rest_route=\/wp\/v2\/users\/2"}],"replies":[{"embeddable":true,"href":"https:\/\/monperejeanmamy.fr\/index.php?rest_route=%2Fwp%2Fv2%2Fcomments&post=1014"}],"version-history":[{"count":13,"href":"https:\/\/monperejeanmamy.fr\/index.php?rest_route=\/wp\/v2\/pages\/1014\/revisions"}],"predecessor-version":[{"id":1265,"href":"https:\/\/monperejeanmamy.fr\/index.php?rest_route=\/wp\/v2\/pages\/1014\/revisions\/1265"}],"wp:featuredmedia":[{"embeddable":true,"href":"https:\/\/monperejeanmamy.fr\/index.php?rest_route=\/wp\/v2\/media\/1123"}],"wp:attachment":[{"href":"https:\/\/monperejeanmamy.fr\/index.php?rest_route=%2Fwp%2Fv2%2Fmedia&parent=1014"}],"wp:term":[{"taxonomy":"folder","embeddable":true,"href":"https:\/\/monperejeanmamy.fr\/index.php?rest_route=%2Fwp%2Fv2%2Ffolder&post=1014"}],"curies":[{"name":"wp","href":"https:\/\/api.w.org\/{rel}","templated":true}]}}