{"id":1028,"date":"2021-03-05T10:29:21","date_gmt":"2021-03-05T09:29:21","guid":{"rendered":"http:\/\/monperejeanmamy.fr\/?page_id=1028"},"modified":"2021-03-07T18:53:22","modified_gmt":"2021-03-07T17:53:22","slug":"les-amours-de-minuit","status":"publish","type":"page","link":"https:\/\/monperejeanmamy.fr\/?page_id=1028","title":{"rendered":"Les amours de minuit"},"content":{"rendered":"<p style=\"text-align: justify;\">Une chanteuse de cabaret, amie d&rsquo;un criminel \u00e9vad\u00e9, s&rsquo;\u00e9prend d&rsquo;un jeune employ\u00e9 de banque, qui a d\u00e9rob\u00e9 la caisse dans un moment de folie.<\/p>\n<p style=\"text-align: justify;\"><img loading=\"lazy\" class=\"size-full wp-image-346 alignright\" src=\"http:\/\/monperejeanmamy.fr\/wp-content\/uploads\/2021\/02\/Affiche-Les-amours-de-minuit-2.jpg\" alt=\"\" width=\"175\" height=\"246\" \/>En 1930, il est monteur du film <em>Les Amours de Minuit<\/em>, r\u00e9alis\u00e9 par Marc All\u00e9gret, assist\u00e9 de son fils Yves dans lequel jouent en particulier Jacques et Pierre Pr\u00e9vert.<\/p>\n","protected":false},"excerpt":{"rendered":"<p>Une chanteuse de cabaret, amie d&rsquo;un criminel \u00e9vad\u00e9, s&rsquo;\u00e9prend d&rsquo;un jeune employ\u00e9 de banque, qui a d\u00e9rob\u00e9 la caisse dans un moment de folie. En 1930, il est monteur du film Les Amours de Minuit, r\u00e9alis\u00e9 par Marc All\u00e9gret, assist\u00e9 &hellip; <a href=\"https:\/\/monperejeanmamy.fr\/?page_id=1028\">Continuer la lecture <span class=\"meta-nav\">&rarr;<\/span><\/a><\/p>\n","protected":false},"author":2,"featured_media":1123,"parent":0,"menu_order":0,"comment_status":"closed","ping_status":"closed","template":"","meta":[],"folder":[],"_links":{"self":[{"href":"https:\/\/monperejeanmamy.fr\/index.php?rest_route=\/wp\/v2\/pages\/1028"}],"collection":[{"href":"https:\/\/monperejeanmamy.fr\/index.php?rest_route=\/wp\/v2\/pages"}],"about":[{"href":"https:\/\/monperejeanmamy.fr\/index.php?rest_route=\/wp\/v2\/types\/page"}],"author":[{"embeddable":true,"href":"https:\/\/monperejeanmamy.fr\/index.php?rest_route=\/wp\/v2\/users\/2"}],"replies":[{"embeddable":true,"href":"https:\/\/monperejeanmamy.fr\/index.php?rest_route=%2Fwp%2Fv2%2Fcomments&post=1028"}],"version-history":[{"count":1,"href":"https:\/\/monperejeanmamy.fr\/index.php?rest_route=\/wp\/v2\/pages\/1028\/revisions"}],"predecessor-version":[{"id":1029,"href":"https:\/\/monperejeanmamy.fr\/index.php?rest_route=\/wp\/v2\/pages\/1028\/revisions\/1029"}],"wp:featuredmedia":[{"embeddable":true,"href":"https:\/\/monperejeanmamy.fr\/index.php?rest_route=\/wp\/v2\/media\/1123"}],"wp:attachment":[{"href":"https:\/\/monperejeanmamy.fr\/index.php?rest_route=%2Fwp%2Fv2%2Fmedia&parent=1028"}],"wp:term":[{"taxonomy":"folder","embeddable":true,"href":"https:\/\/monperejeanmamy.fr\/index.php?rest_route=%2Fwp%2Fv2%2Ffolder&post=1028"}],"curies":[{"name":"wp","href":"https:\/\/api.w.org\/{rel}","templated":true}]}}