{"id":1069,"date":"2021-03-05T16:48:37","date_gmt":"2021-03-05T15:48:37","guid":{"rendered":"http:\/\/monperejeanmamy.fr\/?page_id=1069"},"modified":"2021-06-07T18:20:33","modified_gmt":"2021-06-07T16:20:33","slug":"epilogue","status":"publish","type":"page","link":"https:\/\/monperejeanmamy.fr\/?page_id=1069","title":{"rendered":"\u00c9pilogue"},"content":{"rendered":"<p>Ma m\u00e8re n\u2019a pas refait sa vie.<\/p>\n<p style=\"text-align: justify;\">Elle m\u2019a \u00e9lev\u00e9 selon les id\u00e9es les plus hautes, mais elle est rest\u00e9e libre et n\u2019a pas approch\u00e9 les amis de <em>Christian Science<\/em>. Elle m\u2019a compl\u00e8tement laiss\u00e9 ma libert\u00e9 de pens\u00e9e.<\/p>\n<p style=\"text-align: justify;\">Elle m\u2019a aim\u00e9, m\u2019a conduit, m\u2019a dirig\u00e9.<\/p>\n<p style=\"text-align: justify;\">Suis-je devenu un homme pur, int\u00e8gre et fort\u00a0? Me suis-je disciplin\u00e9 int\u00e9rieurement, Ai-je refl\u00e9t\u00e9 la loi d\u2019Amour\u00a0? Ce n\u2019est pas \u00e0 moi de le dire. Tout au plus, je peux le penser, quoique, dans mon for int\u00e9rieur, je sais bien quelles ont \u00e9t\u00e9 mes faiblesses secr\u00e8tes.<\/p>\n<p style=\"text-align: justify;\">Je n\u2019ai pas connu mon p\u00e8re. J\u2019avais deux mois quand il a \u00e9t\u00e9 arr\u00eat\u00e9 et mis en prison. Je n\u2019avais pas cinq ans quand il a \u00e9t\u00e9 condamn\u00e9 et fusill\u00e9. J\u2019ai pourtant, encore aujourd\u2019hui dans le fond de ma t\u00eate, une ou deux images furtives qui, pour moi, ne font aucun doute\u00a0: je l\u2019ai vu, au moins une ou deux fois, derri\u00e8re les barreaux, dans la cage d\u2019un parloir, mais je ne savais pas qui il \u00e9tait, je ne savais pas que c\u2019\u00e9tait mon p\u00e8re\u2026 Je me revois monter avec ma m\u00e8re un escalier carr\u00e9\u2026 Si j\u2019avais l\u2019occasion d\u2019aller visiter la prison de Fresnes et si cet escalier existe encore, je suis certain que je le reconnaitrai imm\u00e9diatement\u2026 et que, d\u2019un pas assur\u00e9, je me dirigerai vers le parloir, entrerai dans la quatri\u00e8me cabine et que, de l\u2019autre c\u00f4t\u00e9 de la grille\u2026<\/p>\n<p style=\"text-align: justify;\">J\u2019ai trouv\u00e9, dans une ou deux lettres de mon p\u00e8re, dat\u00e9es de 1946, quelques bribes de phrases qui confirment que j\u2019ai bien \u00e9t\u00e9 le voir \u00e0 la prison, avec ma m\u00e8re\u2026 et que j\u2019ai d\u00fb \u00eatre un peu turbulent\u2026 mais peut-on canaliser un mioche de deux ans qui fait une telle visite un dimanche de printemps\u00a0?<\/p>\n<p style=\"text-align: justify;\">Mon p\u00e8re ne m\u2019a pas reconnu, du moins officiellement. Les lois de l\u2019\u00e9poque ne le permettaient probablement pas. Mais il me connaissait et j\u2019\u00e9tais loin de lui \u00eatre indiff\u00e9rent, pas seulement parce que j\u2019\u00e9tais le b\u00e9b\u00e9 de celle qu\u2019il a appris \u00e0 aimer, son b\u00e9b\u00e9 \u00e0\u00a0 lui\u2026 J\u2019en veux pour preuve de nombreux passages de ses lettres \u00e0 ma m\u00e8re.<\/p>\n<p style=\"text-align: justify;\">Je voudrais terminer par un dernier point : qu\u2019est-ce que je pense aujourd\u2019hui de mon p\u00e8re, de Jean Mamy, de Paul Riche, de celui dont j&rsquo;ai \u00e9cris un bout de biographie et dont je finalise ce site internet qui lui est consacr\u00e9 ?<\/p>\n<p style=\"text-align: justify;\">Tout d\u2019abord, en tant que fils, je n\u2019ai pas \u00e0 le juger. Ensuite, il n\u2019a jamais eu la moindre influence directe sur ce que, au cours des soixante-quinze premi\u00e8res ann\u00e9es de ma vie, j\u2019ai pu penser ou faire.<\/p>\n<p style=\"text-align: justify;\">Et bien, j\u2019avoue que je suis perplexe. Fallait-il fusiller Jean Mamy en mars 1949 pour ce qu\u2019on lui reprochait\u00a0?<\/p>\n<p style=\"text-align: justify; padding-left: 40px;\">Oui, il eut \u00e9t\u00e9 compr\u00e9hensible de l\u2019abattre en 1943, en pleine guerre civile entre Fran\u00e7ais, quand les \u00ab fachos-collabos \u00bb faisaient la chasse aux \u00ab terroristes \u00bb communistes et quand les FFI et les \u00ab terros \u00bb assassinaient les \u00ab collabos \u00bb.<\/p>\n<p style=\"text-align: justify; padding-left: 40px;\">Oui, on aurait pu le faire taire d\u00e9finitivement quand il signait en premi\u00e8re page du <em>Pilori <\/em>\u00ab\u00a0<em>Mort au Juif<\/em>\u00a0\u00bb, m\u00eame s\u2019il n\u2019en a ni tu\u00e9, ni m\u00eame probablement fait arr\u00eater et d\u00e9porter directement un seul.<\/p>\n<p style=\"text-align: justify; padding-left: 40px;\">Oui, on aurait pu aussi l\u2019assassiner sommairement quand il s\u2019est rendu en 1944 plut\u00f4t que de le faire trainer quatre ans en cellule. On aurait alors \u00e9conomis\u00e9 un proc\u00e8s vengeur.<\/p>\n<p style=\"text-align: justify;\">Mais je suis quand m\u00eame perplexe car l\u2019analyse objective que l\u2019on peut faire du dossier et du proc\u00e8s de Jean Mamy, plusieurs dizaines d\u2019ann\u00e9es apr\u00e8s les faits, avec la s\u00e9r\u00e9nit\u00e9 qui n\u2019\u00e9tait probablement pas de mise dans les premi\u00e8res ann\u00e9es de la Lib\u00e9ration, o\u00f9 il s\u2019agissait \u00ab d\u2019\u00e9purer \u00bb la France, me laisse estimer que le \u00ab dossier Mamy \u00bb \u00e9tait bien mince. Rien sur ses \u00e9crits, sur son antis\u00e9mitisme exacerb\u00e9 et intol\u00e9rable. Il aurait seulement contribu\u00e9 \u00e0 pourchasser les communistes qui \u00e9taient alors interdits depuis 1939, consid\u00e9r\u00e9s comme des tra\u00eetres manipul\u00e9s par Moscou, comme des ennemis de la d\u00e9mocratie, comme des saboteurs, comme des terroristes, comme des r\u00e9fractaires au STO, mais dont un grand nombre, si on exclut les quelques \u00ab vrais\u00a0 r\u00e9sistants \u00bb, ont su se doter d\u2019une \u00ab virginit\u00e9 h\u00e9ro\u00efque \u00bb lorsque le cours des choses a chang\u00e9, parfois gr\u00e2ce \u00e0 des t\u00e9moignages dont on peut douter de la sinc\u00e9rit\u00e9.<\/p>\n<p style=\"text-align: justify;\">Mais c\u2019est la vie. \u00c0 la fin de toutes les guerres, les vaincus ont toujours tort, ils \u00e9taient les m\u00e9chants et les vainqueurs ont toujours raison, c\u2019\u00e9taient eux les gentils.<\/p>\n<p style=\"text-align: justify;\">Je suppose que mes propos peuvent faire scandale, qu\u2019on va me classer parmi les odieux \u00ab r\u00e9visionnistes \u00bb, pourquoi pas m\u00eame dans les \u00ab n\u00e9gationnistes \u00bb avec lesquels il est de bon ton de faire l\u2019amalgame.<\/p>\n<p style=\"text-align: justify;\">Comme la plupart des historiens (dont je ne suis pas, mais que je soutiens), je m\u2019insurge contre tous ceux qui, apr\u00e8s avoir falsifi\u00e9 l\u2019Histoire \u00e0 leur avantage, interdisent \u00e0 quiconque d\u2019y apporter un \u00e9clairage diff\u00e9rent, souvent plus mod\u00e9r\u00e9. Pourquoi craignent-ils qu\u2019on soul\u00e8ve le voile, qu\u2019on r\u00e9tablisse peut-\u00eatre un \u00e9quilibre biais\u00e9\u00a0?<\/p>\n<p style=\"text-align: justify;\">Pour moi, soulever les dessous de l\u2019Histoire rel\u00e8ve de la nature humaine la plus naturelle, la curiosit\u00e9, la recherche des v\u00e9rit\u00e9s, l\u2019interpr\u00e9tation des faits et de leur enchainement\u2026 C&rsquo;est la base de la m\u00e9thode scientifique. \u00c0 l\u2019inverse, ceux qui en interdisent toute \u00ab r\u00e9vision <a href=\"#_ftn1\" name=\"_ftnref1\">1]<\/a> \u00bb, jusqu\u2019\u00e0 faire promulguer des lois qui rendent ill\u00e9gale tout propos qui diff\u00e8re de la version officielle, y voient probablement de la pornographie, de l\u2019atteinte \u00e0 la pudeur ou aux bonnes m\u0153urs. Ce sont pour moi des dictateurs int\u00e9gristes, des ayatollahs, des Talibans de la V\u00e9rit\u00e9. Ont-ils quelque chose de cach\u00e9 \u00e0 se reprocher ? La Loi Gayssot ne serait-elle pas une burqa dont les communistes ont habill\u00e9 l\u2019Histoire contemporaine, en en cadenassant l\u00e9galement, et probablement d\u00e9finitivement, les boutonni\u00e8res, pour \u00e9viter qu\u2019on ne d\u00e9couvre trop vite les horreurs de certains, leurs comportements, les r\u00e9alit\u00e9s de leurs crimes et de leurs mensonges ?<\/p>\n<p style=\"text-align: justify;\">En 1940, certains de nos p\u00e8res ont eu \u00e0 choisir entre composer avec la r\u00e9alit\u00e9 de l\u2019invasion hitl\u00e9rienne et sa d\u00e9marche national-socialiste ou attendre la d\u00e9ferlante bolch\u00e9vique stalinienne qui se propageait \u00e0 l\u2019Est. La majorit\u00e9, active ou silencieuse a opt\u00e9 au d\u00e9but, avec plus ou moins d\u2019engagement, pour la solution docile de la Collaboration, y compris les communistes fran\u00e7ais qui n\u2019ont pas boug\u00e9 le petit doigt contre l\u2019occupant allemand tant que le pacte germano-sovi\u00e9tique \u00e9tait en vigueur. D\u2019autres Fran\u00e7ais, non soumis aux ordres de Moscou, en plus petit nombre, ont refus\u00e9 la d\u00e9faite et, sur le sol fran\u00e7ais, dans nos colonies, parfois exil\u00e9s \u00e0 Londres, ont contribu\u00e9 au succ\u00e8s des arm\u00e9es alli\u00e9es qui ont fini par vaincre les Allemands quand les Am\u00e9ricains l\u2019ont d\u00e9cid\u00e9.<\/p>\n<p style=\"text-align: justify;\">Nombreux sont ceux qui ont \u00ab\u00a0chang\u00e9 leur fusil d\u2019\u00e9paule\u00a0\u00bb quand le vent a tourn\u00e9. On les appelle \u00ab\u00a0les r\u00e9sistants de la derni\u00e8re heure\u00a0\u00bb. Mon p\u00e8re avait choisi son camp. Il n\u2019a pas chang\u00e9 un seul iota de ses id\u00e9es. Il \u00e9crivait le 11 mai 1945 \u00e0 ma m\u00e8re\u00a0:<\/p>\n<blockquote>\n<p style=\"text-align: justify;\">[\u2026] Pour moi, j&rsquo;attends toujours, dans la lumi\u00e8re de la certitude et la foi de la confiance, le jour o\u00f9, \u00e9clatant de v\u00e9rit\u00e9, on s&rsquo;apercevra que toute la haine qu&rsquo;on s&rsquo;est jet\u00e9e \u00e0 la figure de tous les c\u00f4t\u00e9s \u00e9tait n\u00e9ant, et s&rsquo;il faut pour cela patienter, nous patienterons. S&rsquo;il faut hurler, nous hurlerons. S&rsquo;il faut se taire, nous ne dirons mot et s&rsquo;il faut dire que nous avons eu tort d&rsquo;\u00eatre violent, nous le dirons, et s&rsquo;il faut affirmer, contre vents et mar\u00e9es, que nous avons eu raison d&rsquo;\u00eatre pr\u00e9voyant, nous l&rsquo;affirmerons quelles que soient les cons\u00e9quences. \u00c0 Dieu va ! Je me fous de toutes les cons\u00e9quences possibles de mes actes, si je suis dans la v\u00e9rit\u00e9, et si j&rsquo;agis consciemment avec la loi que je crois \u00eatre la plus haute et qui se v\u00e9rifie. Pour le reste, que les hommes fassent ce qu&rsquo;ils veulent. Ils ne peuvent rien. [\u2026]<\/p>\n<\/blockquote>\n<p style=\"text-align: justify;\">Il en est mort ! Il y a 72 ans aujourd&rsquo;hui.<\/p>\n<p style=\"text-align: right;\">Fr\u00e9d\u00e9ric-Georges Roux<img loading=\"lazy\" class=\"alignright wp-image-1070\" src=\"http:\/\/monperejeanmamy.fr\/wp-content\/uploads\/2021\/03\/FGR-1964-227x300.jpg\" alt=\"\" width=\"165\" height=\"214\" \/><br \/>\n29 mars 2021<\/p>\n<p style=\"text-align: justify;\"><a href=\"#_ftnref1\" name=\"_ftn1\">[1]<\/a> Le mot \u00ab\u00a0r\u00e9vision\u00a0\u00bb n\u2019est pas un gros mot. Il s\u2019agit tout simplement d\u2019une nouvelle \u00ab\u00a0lecture\u00a0\u00bb de l\u2019Histoire, sous un \u00e9clairage diff\u00e9rent de celui qu\u2019impose la pens\u00e9e unique. J\u2019ai pass\u00e9 l\u2019essentiel de ma scolarit\u00e9 \u00e0 faire des \u00ab\u00a0r\u00e9visions\u00a0\u00bb de mes cours en vue des examens qui consistaient \u00e9videmment \u00e0 lire et relire exactement la m\u00eame chose que ce qu\u2019on m\u2019avait enseign\u00e9 sans surtout y changer quoique ce soit, ni sur le fond, ni sur la forme.<\/p>\n<p style=\"text-align: justify;\">\n","protected":false},"excerpt":{"rendered":"<p>Ma m\u00e8re n\u2019a pas refait sa vie. Elle m\u2019a \u00e9lev\u00e9 selon les id\u00e9es les plus hautes, mais elle est rest\u00e9e libre et n\u2019a pas approch\u00e9 les amis de Christian Science. Elle m\u2019a compl\u00e8tement laiss\u00e9 ma libert\u00e9 de pens\u00e9e. Elle m\u2019a &hellip; <a href=\"https:\/\/monperejeanmamy.fr\/?page_id=1069\">Continuer la lecture <span class=\"meta-nav\">&rarr;<\/span><\/a><\/p>\n","protected":false},"author":2,"featured_media":0,"parent":0,"menu_order":0,"comment_status":"closed","ping_status":"closed","template":"","meta":[],"folder":[],"_links":{"self":[{"href":"https:\/\/monperejeanmamy.fr\/index.php?rest_route=\/wp\/v2\/pages\/1069"}],"collection":[{"href":"https:\/\/monperejeanmamy.fr\/index.php?rest_route=\/wp\/v2\/pages"}],"about":[{"href":"https:\/\/monperejeanmamy.fr\/index.php?rest_route=\/wp\/v2\/types\/page"}],"author":[{"embeddable":true,"href":"https:\/\/monperejeanmamy.fr\/index.php?rest_route=\/wp\/v2\/users\/2"}],"replies":[{"embeddable":true,"href":"https:\/\/monperejeanmamy.fr\/index.php?rest_route=%2Fwp%2Fv2%2Fcomments&post=1069"}],"version-history":[{"count":3,"href":"https:\/\/monperejeanmamy.fr\/index.php?rest_route=\/wp\/v2\/pages\/1069\/revisions"}],"predecessor-version":[{"id":3187,"href":"https:\/\/monperejeanmamy.fr\/index.php?rest_route=\/wp\/v2\/pages\/1069\/revisions\/3187"}],"wp:attachment":[{"href":"https:\/\/monperejeanmamy.fr\/index.php?rest_route=%2Fwp%2Fv2%2Fmedia&parent=1069"}],"wp:term":[{"taxonomy":"folder","embeddable":true,"href":"https:\/\/monperejeanmamy.fr\/index.php?rest_route=%2Fwp%2Fv2%2Ffolder&post=1069"}],"curies":[{"name":"wp","href":"https:\/\/api.w.org\/{rel}","templated":true}]}}