{"id":108,"date":"2021-02-11T09:15:22","date_gmt":"2021-02-11T08:15:22","guid":{"rendered":"http:\/\/monperejeanmamy.fr\/?page_id=108"},"modified":"2021-02-23T08:17:24","modified_gmt":"2021-02-23T07:17:24","slug":"contact","status":"publish","type":"page","link":"https:\/\/monperejeanmamy.fr\/?page_id=108","title":{"rendered":"Contact"},"content":{"rendered":"<p style=\"text-align: center;\">Pour tout renseignement, adresser un mail \u00e0 Fr\u00e9d\u00e9ric-Georges Roux (monperejeanmmamy@gmail.com)<br \/>\navec \u00ab\u00a0Jean Mamy\u00a0\u00bb dans l&rsquo;objet, contenant les coordonn\u00e9es du demandeur.<\/p>\n<p>&nbsp;<\/p>\n","protected":false},"excerpt":{"rendered":"<p>Pour tout renseignement, adresser un mail \u00e0 Fr\u00e9d\u00e9ric-Georges Roux (monperejeanmmamy@gmail.com) avec \u00ab\u00a0Jean Mamy\u00a0\u00bb dans l&rsquo;objet, contenant les coordonn\u00e9es du demandeur. &nbsp;<\/p>\n","protected":false},"author":1,"featured_media":0,"parent":0,"menu_order":0,"comment_status":"closed","ping_status":"closed","template":"","meta":[],"folder":[],"_links":{"self":[{"href":"https:\/\/monperejeanmamy.fr\/index.php?rest_route=\/wp\/v2\/pages\/108"}],"collection":[{"href":"https:\/\/monperejeanmamy.fr\/index.php?rest_route=\/wp\/v2\/pages"}],"about":[{"href":"https:\/\/monperejeanmamy.fr\/index.php?rest_route=\/wp\/v2\/types\/page"}],"author":[{"embeddable":true,"href":"https:\/\/monperejeanmamy.fr\/index.php?rest_route=\/wp\/v2\/users\/1"}],"replies":[{"embeddable":true,"href":"https:\/\/monperejeanmamy.fr\/index.php?rest_route=%2Fwp%2Fv2%2Fcomments&post=108"}],"version-history":[{"count":10,"href":"https:\/\/monperejeanmamy.fr\/index.php?rest_route=\/wp\/v2\/pages\/108\/revisions"}],"predecessor-version":[{"id":418,"href":"https:\/\/monperejeanmamy.fr\/index.php?rest_route=\/wp\/v2\/pages\/108\/revisions\/418"}],"wp:attachment":[{"href":"https:\/\/monperejeanmamy.fr\/index.php?rest_route=%2Fwp%2Fv2%2Fmedia&parent=108"}],"wp:term":[{"taxonomy":"folder","embeddable":true,"href":"https:\/\/monperejeanmamy.fr\/index.php?rest_route=%2Fwp%2Fv2%2Ffolder&post=108"}],"curies":[{"name":"wp","href":"https:\/\/api.w.org\/{rel}","templated":true}]}}