{"id":110,"date":"2021-02-11T09:17:25","date_gmt":"2021-02-11T08:17:25","guid":{"rendered":"http:\/\/monperejeanmamy.fr\/?page_id=110"},"modified":"2021-02-11T09:40:59","modified_gmt":"2021-02-11T08:40:59","slug":"mentions-legales","status":"publish","type":"page","link":"https:\/\/monperejeanmamy.fr\/?page_id=110","title":{"rendered":"Mentions l\u00e9gales"},"content":{"rendered":"<h1>1 &#8211; Pr\u00e9sentation du site.<\/h1>\n<p style=\"text-align: justify;\">En vertu de l\u2019article 6 de la loi n\u00b0 2004-575 du 21 juin 2004 pour la confiance dans l\u2019\u00e9conomie num\u00e9rique, il est pr\u00e9cis\u00e9 aux utilisateurs du site monperejeanmamy.fr l\u2019identit\u00e9 des diff\u00e9rents intervenants dans le cadre de sa r\u00e9alisation et de son suivi :<\/p>\n<p style=\"text-align: justify;\">Propri\u00e9taire du domaine : <strong>Fr\u00e9d\u00e9ric-Georges Roux<\/strong>, responsable de la publication, joignable par mail \u00e0 l&rsquo;adresse fredroux@cegetel.net.<\/p>\n<p style=\"text-align: justify;\">H\u00e9bergeur : OVH, 2 rue Kellermann, BP 80157, 59100 Roubaix<\/p>\n<p style=\"text-align: justify;\">Cr\u00e9dits : les mentions l\u00e9gales sont adapt\u00e9es d\u2019une g\u00e9n\u00e9ration offerte par Subdelirium agence de Communication Angoul\u00eame<\/p>\n<h1>2 &#8211; Conditions g\u00e9n\u00e9rales d\u2019utilisation du site et des services propos\u00e9s.<\/h1>\n<p style=\"text-align: justify;\">L\u2019utilisation du site\u00a0implique l\u2019acceptation pleine et enti\u00e8re des conditions g\u00e9n\u00e9rales d\u2019utilisation ci-apr\u00e8s d\u00e9crites. Ces conditions d\u2019utilisation sont susceptibles d\u2019\u00eatre modifi\u00e9es ou compl\u00e9t\u00e9es \u00e0 tout moment, les utilisateurs du site\u00a0sont donc invit\u00e9s \u00e0 les consulter de mani\u00e8re r\u00e9guli\u00e8re.<\/p>\n<h1>3 &#8211; Description des services fournis.<\/h1>\n<p style=\"text-align: justify;\">Le site a pour seul objet la mise en ligne par son fils, Fr\u00e9d\u00e9ric-Georges Roux, des archives personnelles en sa possession concernant son p\u00e8re, Jean Mamy, alias Paul Riche, qu&rsquo;il a lui-m\u00eame saisies principalement \u00e0 partir des manuscrits et tapuscrits de son p\u00e8re.<\/p>\n<p style=\"text-align: justify;\">Le responsable du site ne pourra \u00eatre tenu responsable des omissions, des inexactitudes et des carences dans la mise \u00e0 jour, qu\u2019elles soient de son fait ou du fait de tiers qui lui auraient fourni ces informations.<\/p>\n<p style=\"text-align: justify;\">Tous les informations indiqu\u00e9es sur le site\u00a0sont donn\u00e9es \u00e0 titre indicatif, et sont susceptibles d\u2019\u00e9voluer. Par ailleurs, les renseignements figurant sur le site ne sont pas exhaustifs. Ils sont donn\u00e9s sous r\u00e9serve de modifications ayant \u00e9t\u00e9 apport\u00e9es depuis leur mise en ligne.<\/p>\n<h1>4 &#8211; Limitations contractuelles sur les donn\u00e9es techniques.<\/h1>\n<p>Le site utilise la technologie WordPress.<\/p>\n<p style=\"text-align: justify;\">Fr\u00e9d\u00e9ric-Georges Roux ne pourra \u00eatre tenue responsable de dommages mat\u00e9riels li\u00e9s \u00e0 l\u2019utilisation du site. De plus, l\u2019utilisateur du site s\u2019engage \u00e0 acc\u00e9der au site en utilisant un mat\u00e9riel r\u00e9cent, ne contenant pas de virus et avec un navigateur de derni\u00e8re g\u00e9n\u00e9ration mis-\u00e0-jour<\/p>\n<h1>5 &#8211; Propri\u00e9t\u00e9 intellectuelle et contrefa\u00e7ons.<\/h1>\n<p style=\"text-align: justify;\">Fr\u00e9d\u00e9ric-Georges Roux\u00a0 est propri\u00e9taire des droits de propri\u00e9t\u00e9 intellectuelle ou d\u00e9tient les droits d\u2019usage, notamment quand ils sont dans le domaine public, sur les \u00e9l\u00e9ments accessibles sur le site.<\/p>\n<p style=\"text-align: justify;\">Toute reproduction, repr\u00e9sentation, modification, publication, adaptation de tout ou partie des \u00e9l\u00e9ments du site, quel que soit le moyen ou le proc\u00e9d\u00e9 utilis\u00e9, est interdite, sauf autorisation \u00e9crite pr\u00e9alable de Fr\u00e9d\u00e9ric-Georges Roux.<\/p>\n<p style=\"text-align: justify;\">Toute exploitation non autoris\u00e9e du site ou de l\u2019un quelconque des \u00e9l\u00e9ments qu\u2019il contient sera consid\u00e9r\u00e9e comme constitutive d\u2019une contrefa\u00e7on et poursuivie conform\u00e9ment aux dispositions des articles L.335-2 et suivants du Code de Propri\u00e9t\u00e9 Intellectuelle.<\/p>\n<h1>6 &#8211; Limitations de responsabilit\u00e9.<\/h1>\n<p style=\"text-align: justify;\">Fr\u00e9d\u00e9ric-Georges Roux ne pourra \u00eatre tenu responsable des dommages directs et indirects caus\u00e9s au mat\u00e9riel de l\u2019utilisateur, lors de l\u2019acc\u00e8s au site, et r\u00e9sultant soit de l\u2019utilisation d\u2019un mat\u00e9riel ne r\u00e9pondant pas aux sp\u00e9cifications indiqu\u00e9es au point 4, soit de l\u2019apparition d\u2019un bug ou d\u2019une incompatibilit\u00e9.<\/p>\n<p style=\"text-align: justify;\">Fr\u00e9d\u00e9ric-Georges Roux ne pourra \u00e9galement \u00eatre tenu responsable des dommages indirects cons\u00e9cutifs \u00e0 l\u2019utilisation du site.<\/p>\n<p style=\"text-align: justify;\">Si des espaces interactifs (possibilit\u00e9 de poser des questions dans l\u2019espace contact) sont \u00e0 la disposition des utilisateurs, Fr\u00e9d\u00e9ric-Georges Roux se r\u00e9serve le droit de supprimer, sans mise en demeure pr\u00e9alable, tout contenu d\u00e9pos\u00e9 dans un tel espace qui contreviendrait \u00e0 la l\u00e9gislation applicable en France, en particulier aux dispositions relatives \u00e0 la protection des donn\u00e9es. Le cas \u00e9ch\u00e9ant, Fr\u00e9d\u00e9ric-Georges Roux se r\u00e9serve \u00e9galement la possibilit\u00e9 de mettre en cause la responsabilit\u00e9 civile et\/ou p\u00e9nale de l\u2019utilisateur, notamment en cas de message \u00e0 caract\u00e8re raciste, injurieux, diffamant, ou pornographique, quel que soit le support utilis\u00e9 (texte, photographie\u2026).<\/p>\n<h1>7 &#8211; Gestion des donn\u00e9es personnelles.<\/h1>\n<p style=\"text-align: justify;\">En France, les donn\u00e9es personnelles sont notamment prot\u00e9g\u00e9es par la loi n\u00b0 78-87 du 6 janvier 1978, la loi n\u00b0 2004-801 du 6 ao\u00fbt 2004, l\u2019article L. 226-13 du Code p\u00e9nal et la Directive Europ\u00e9enne du 24 octobre 1995 ainsi que par la r\u00e9glementation\u00a0RGPD.<\/p>\n<p style=\"text-align: justify;\">Le site n\u2019est pas d\u00e9clar\u00e9 \u00e0 la CNIL et il est naturellement conforme \u00e0 la r\u00e9glementation RGPD car il ne recueille pas d\u2019informations personnelles.<\/p>\n<p style=\"text-align: justify;\">Les bases de donn\u00e9es sont prot\u00e9g\u00e9es par les dispositions de la loi du 1er juillet 1998 transposant la directive 96\/9 du 11 mars 1996 relative \u00e0 la protection juridique des bases de donn\u00e9es.<\/p>\n<h1>8 &#8211; Liens hypertextes et cookies.<\/h1>\n<p style=\"text-align: justify;\">Le site peut contenir un certain nombre de liens hypertextes vers d\u2019autres sites. Cependant, Fr\u00e9d\u00e9ric-Georges Roux n\u2019a pas la possibilit\u00e9 de v\u00e9rifier le contenu des sites ainsi visit\u00e9s, et n\u2019assumera en cons\u00e9quence aucune responsabilit\u00e9 de ce fait.<\/p>\n<p style=\"text-align: justify;\">La navigation sur le site\u00a0est susceptible de provoquer l\u2019installation de cookie(s) sur l\u2019ordinateur de l\u2019utilisateur. Un cookie est un fichier de petite taille, qui ne permet pas l\u2019identification de l\u2019utilisateur, mais qui enregistre des informations relatives \u00e0 la navigation d\u2019un ordinateur sur un site. Les donn\u00e9es ainsi obtenues visent \u00e0 faciliter la navigation ult\u00e9rieure sur le site, et ont \u00e9galement vocation \u00e0 permettre diverses mesures de fr\u00e9quentation.<\/p>\n<p style=\"text-align: justify;\">Le refus d\u2019installation d\u2019un cookie peut entra\u00eener l\u2019impossibilit\u00e9 d\u2019acc\u00e9der \u00e0 certains services. L\u2019utilisateur peut toutefois configurer son ordinateur\u00a0pour refuser l\u2019installation des cookies :<\/p>\n<h1>9 &#8211; Droit applicable et attribution de juridiction.<\/h1>\n<p style=\"text-align: justify;\">Tout litige en relation avec l\u2019utilisation du site\u00a0est soumis au droit fran\u00e7ais. Il est fait attribution exclusive de juridiction aux tribunaux comp\u00e9tents de Toulon.<\/p>\n<h1>Les principales lois concern\u00e9es.<\/h1>\n<ul>\n<li style=\"text-align: justify;\">Loi n\u00b0 78-87 du 6 janvier 1978, notamment modifi\u00e9e par la loi n\u00b0 2004-801 du 6 ao\u00fbt 2004 relative \u00e0 l\u2019informatique, aux fichiers et aux libert\u00e9s.<\/li>\n<li>Loi n\u00b0 2004-575 du 21 juin 2004 pour la confiance dans l\u2019\u00e9conomie num\u00e9rique.<\/li>\n<li>Loi RGPD du 20 juin 2018 pour la protection des donn\u00e9es personnelles.<\/li>\n<\/ul>\n<h1>Lexique.<\/h1>\n<ul>\n<li>Utilisateur : Internaute se connectant, utilisant le site susnomm\u00e9.<\/li>\n<li style=\"text-align: justify;\">Informations personnelles : \u00ab les informations qui permettent, sous quelque forme que ce soit, directement ou non, l\u2019identification des personnes physiques auxquelles elles s\u2019appliquent \u00bb (article 4 de la loi n\u00b0 78-17 du 6 janvier 1978).<\/li>\n<\/ul>\n","protected":false},"excerpt":{"rendered":"<p>1 &#8211; Pr\u00e9sentation du site. En vertu de l\u2019article 6 de la loi n\u00b0 2004-575 du 21 juin 2004 pour la confiance dans l\u2019\u00e9conomie num\u00e9rique, il est pr\u00e9cis\u00e9 aux utilisateurs du site monperejeanmamy.fr l\u2019identit\u00e9 des diff\u00e9rents intervenants dans le cadre &hellip; <a href=\"https:\/\/monperejeanmamy.fr\/?page_id=110\">Continuer la lecture <span class=\"meta-nav\">&rarr;<\/span><\/a><\/p>\n","protected":false},"author":1,"featured_media":0,"parent":0,"menu_order":0,"comment_status":"closed","ping_status":"closed","template":"","meta":[],"folder":[],"_links":{"self":[{"href":"https:\/\/monperejeanmamy.fr\/index.php?rest_route=\/wp\/v2\/pages\/110"}],"collection":[{"href":"https:\/\/monperejeanmamy.fr\/index.php?rest_route=\/wp\/v2\/pages"}],"about":[{"href":"https:\/\/monperejeanmamy.fr\/index.php?rest_route=\/wp\/v2\/types\/page"}],"author":[{"embeddable":true,"href":"https:\/\/monperejeanmamy.fr\/index.php?rest_route=\/wp\/v2\/users\/1"}],"replies":[{"embeddable":true,"href":"https:\/\/monperejeanmamy.fr\/index.php?rest_route=%2Fwp%2Fv2%2Fcomments&post=110"}],"version-history":[{"count":3,"href":"https:\/\/monperejeanmamy.fr\/index.php?rest_route=\/wp\/v2\/pages\/110\/revisions"}],"predecessor-version":[{"id":114,"href":"https:\/\/monperejeanmamy.fr\/index.php?rest_route=\/wp\/v2\/pages\/110\/revisions\/114"}],"wp:attachment":[{"href":"https:\/\/monperejeanmamy.fr\/index.php?rest_route=%2Fwp%2Fv2%2Fmedia&parent=110"}],"wp:term":[{"taxonomy":"folder","embeddable":true,"href":"https:\/\/monperejeanmamy.fr\/index.php?rest_route=%2Fwp%2Fv2%2Ffolder&post=110"}],"curies":[{"name":"wp","href":"https:\/\/api.w.org\/{rel}","templated":true}]}}