{"id":115,"date":"2021-02-11T09:44:37","date_gmt":"2021-02-11T08:44:37","guid":{"rendered":"http:\/\/monperejeanmamy.fr\/?page_id=115"},"modified":"2021-02-27T11:17:28","modified_gmt":"2021-02-27T10:17:28","slug":"acces-protected","status":"publish","type":"page","link":"https:\/\/monperejeanmamy.fr\/?page_id=115","title":{"rendered":"Diffusion restreinte"},"content":{"rendered":"<p style=\"text-align: justify;\">Certains documents pr\u00e9sentent un caract\u00e8re priv\u00e9 ou justifiant une diffusion restreinte. Ils sont affich\u00e9s avec un filigrane \u00ab Diffusion restreinte &#8211; (c)F.G. Roux \u00bb et ne peuvent \u00eatre ni imprim\u00e9s ni t\u00e9l\u00e9charg\u00e9s.<\/p>\n<p style=\"text-align: justify;\">Toute reproduction ou diffusion, par quelque moyen que ce soit, est interdite pour tous pays, sans l&rsquo;autorisation \u00e9crite expresse d\u00e9livr\u00e9e \u00e0 titre individuel par Fr\u00e9d\u00e9ric-Georges Roux, seul habilit\u00e9 \u00e0 la consentir ou \u00e0 la refuser sans qu&rsquo;il ait \u00e0 en justifier les motifs.<\/p>\n<p style=\"text-align: justify;\">Adresser un mail \u00e0 Fr\u00e9d\u00e9ric-Georges Roux (monperejeanmamy@gmail.com) contenant \u00ab Jean Mamy \u00bb dans l&rsquo;objet et les coordonn\u00e9es compl\u00e8tes du demandeur (nom, raison sociale, adresse mail, adresse postale, t\u00e9l\u00e9phone) ainsi que les motifs de la demande. Fr\u00e9d\u00e9ric-Georges Roux prendra alors contact pour \u00e9valuer la suite \u00e0 donner \u00e0 cette demande.<\/p>\n<p>&nbsp;<\/p>\n","protected":false},"excerpt":{"rendered":"<p>Certains documents pr\u00e9sentent un caract\u00e8re priv\u00e9 ou justifiant une diffusion restreinte. Ils sont affich\u00e9s avec un filigrane \u00ab Diffusion restreinte &#8211; (c)F.G. Roux \u00bb et ne peuvent \u00eatre ni imprim\u00e9s ni t\u00e9l\u00e9charg\u00e9s. Toute reproduction ou diffusion, par quelque moyen que &hellip; <a href=\"https:\/\/monperejeanmamy.fr\/?page_id=115\">Continuer la lecture <span class=\"meta-nav\">&rarr;<\/span><\/a><\/p>\n","protected":false},"author":1,"featured_media":0,"parent":0,"menu_order":0,"comment_status":"closed","ping_status":"closed","template":"","meta":[],"folder":[],"_links":{"self":[{"href":"https:\/\/monperejeanmamy.fr\/index.php?rest_route=\/wp\/v2\/pages\/115"}],"collection":[{"href":"https:\/\/monperejeanmamy.fr\/index.php?rest_route=\/wp\/v2\/pages"}],"about":[{"href":"https:\/\/monperejeanmamy.fr\/index.php?rest_route=\/wp\/v2\/types\/page"}],"author":[{"embeddable":true,"href":"https:\/\/monperejeanmamy.fr\/index.php?rest_route=\/wp\/v2\/users\/1"}],"replies":[{"embeddable":true,"href":"https:\/\/monperejeanmamy.fr\/index.php?rest_route=%2Fwp%2Fv2%2Fcomments&post=115"}],"version-history":[{"count":7,"href":"https:\/\/monperejeanmamy.fr\/index.php?rest_route=\/wp\/v2\/pages\/115\/revisions"}],"predecessor-version":[{"id":760,"href":"https:\/\/monperejeanmamy.fr\/index.php?rest_route=\/wp\/v2\/pages\/115\/revisions\/760"}],"wp:attachment":[{"href":"https:\/\/monperejeanmamy.fr\/index.php?rest_route=%2Fwp%2Fv2%2Fmedia&parent=115"}],"wp:term":[{"taxonomy":"folder","embeddable":true,"href":"https:\/\/monperejeanmamy.fr\/index.php?rest_route=%2Fwp%2Fv2%2Ffolder&post=115"}],"curies":[{"name":"wp","href":"https:\/\/api.w.org\/{rel}","templated":true}]}}