{"id":1322,"date":"2021-03-11T14:06:15","date_gmt":"2021-03-11T13:06:15","guid":{"rendered":"http:\/\/monperejeanmamy.fr\/?page_id=1322"},"modified":"2021-04-09T13:44:16","modified_gmt":"2021-04-09T11:44:16","slug":"lettres-de-mon-pere-a-ma-mere-annee-1945","status":"publish","type":"page","link":"https:\/\/monperejeanmamy.fr\/?page_id=1322","title":{"rendered":"Lettres de mon p\u00e8re \u00e0 ma m\u00e8re, ann\u00e9e 1945"},"content":{"rendered":"<ul>\n<li style=\"text-align: justify;\"><a href=\"http:\/\/monperejeanmamy.fr\/?page_id=1338\">Lundi 7 janvier<\/a>\u00a0: \u00ab <em>Tu \u00e9tais bien jolie derri\u00e8re le grillage l\u2019autre jour [&#8230;] <em>J\u2019attends le colis tout \u00e0 l\u2019heure et suis persuad\u00e9 de sa perfection. Veux-tu bien\u00a0<em>dire \u00e0 ma m\u00e8re de ne pas mettre de Kub pendant 1 semaine ;\u00a0<\/em><\/em><\/em><em>lui confier les exemplaires de <\/em>Gabrielle [&#8230;]\u00a0<em>embrasser Fr\u00e9d\u00e9ric,\u00a0<\/em><em>lui dire que le P\u00e8re No\u00ebl a pens\u00e9 \u00e0 lui ici, et qu\u2019il lui a apport\u00e9 toutes les qualit\u00e9s les plus merveilleuses pour un enfant&#8230;\u00a0\u00bb<\/em><\/li>\n<li style=\"text-align: justify;\"><a href=\"http:\/\/monperejeanmamy.fr\/?page_id=1344\">Mercredi 14 f\u00e9vrier<\/a>, envoy\u00e9e depuis la cellule 37, Quai de l&rsquo;Horloge (Palais de Justice de Paris)<\/li>\n<li style=\"text-align: justify;\"><a href=\"http:\/\/monperejeanmamy.fr\/?page_id=1420\">Jeudi 22 mars<\/a>\u00a0 : \u00ab <em>La journ\u00e9e d\u2019hier a \u00e9t\u00e9 bonne. Je crois que mon affaire demandera un d\u00e9lai normal pour l\u2019instruire. Je suis tr\u00e8s content de Floriot. De plus, en r\u00e9fl\u00e9chissant \u00e0 tout ce que je peux dire sur mon action, j\u2019ai vu que j\u2019avais n\u00e9glig\u00e9 par erreur des choses qui pouvaient l\u2019att\u00e9nuer beaucoup et que je m\u2019\u00e9tais inutilement charg\u00e9<\/em>. \u00bb<\/li>\n<li style=\"text-align: justify;\"><a href=\"http:\/\/monperejeanmamy.fr\/?page_id=1418\">Lundi 16 avril<\/a>, \u00e0 partir de ce moment, Jean Mamy d\u00e9cide de cesser de vouvoyer ma m\u00e8re.<\/li>\n<li style=\"text-align: justify;\"><a href=\"http:\/\/monperejeanmamy.fr\/?page_id=1416\">Lundi 7 mai<\/a>\u00a0: \u00ab <em>Merci aussi pour le brin de muguet qui m&rsquo;a rappel\u00e9 qu&rsquo;au dehors, il y a des bois fleuris o\u00f9 les lapins sont libres d&rsquo;aller se mouiller le derri\u00e8re sous les feuilles\u00a0[&#8230;] A propos, et les photos que je t&rsquo;avais demand\u00e9es ? J&rsquo;aimerais bien avoir la frimousse de ma Jeannette et du loupiot distingu\u00e9 qui a nom Fr\u00e9d\u00e9ric et \u00e0 qui il pousse de si ravissantes dents. Combien en a-t-il ? Marche-t-il ? P\u00e9pie-t-il ? Commence-t-il \u00e0 lire ? Pour qui a-t-il vot\u00e9 ?<\/em> \u00bb<\/li>\n<li style=\"text-align: justify;\"><a href=\"http:\/\/monperejeanmamy.fr\/?page_id=1414\">Lundi de pentec\u00f4te, 21 mai<\/a><em> : \u00ab\u00a0Nous sommes trois dans une cellule de 4 m\u00e8tres sur trois. [&#8230;] Comment va le monsieur \u00e0 qui il pousse de si charmantes dents ? On l&rsquo;imagine gouvernant d\u00e9j\u00e0 avec autorit\u00e9 une maison o\u00f9 trois femmes s&#8217;empressent autour de ce prince charmant. J&rsquo;aime \u00e0 croire que ses ordres sont ex\u00e9cut\u00e9s \u00e0 la lettre, et qu&rsquo;on se pr\u00e9cipite d\u00e8s que son Altesse Fr\u00e9d\u00e9ric prononce (ou plut\u00f4t indique de l&rsquo;\u0153il et de la voix inarticul\u00e9e) le moindre d\u00e9sir. \u00bb<\/em><\/li>\n<li style=\"text-align: justify;\"><a href=\"http:\/\/monperejeanmamy.fr\/?page_id=1412\">Lundi 4 juin<\/a> : \u00ab\u00a0<em>Pour les colis, les \u0153ufs tiennent bien huit jours, les saucisses aussi, le jambon aussi, mais la viande doit \u00eatre envoy\u00e9e plus fra\u00eeche<\/em> \u00bb<\/li>\n<li style=\"text-align: justify;\"><a href=\"http:\/\/monperejeanmamy.fr\/?page_id=1410\">Jeudi 14 juin<\/a>\u00a0: \u00ab \u00a0<em>L\u2019interrogatoire d\u2019hier me montre qu\u2019il n\u2019y a plus de temps \u00e0 perdre pour agir<\/em>. \u00bb<\/li>\n<li style=\"text-align: justify;\"><a href=\"http:\/\/monperejeanmamy.fr\/?page_id=1410\">Lundi 18 juin<\/a> : \u00ab <em>Il m&rsquo;a l&rsquo;air tr\u00e8s napol\u00e9onien le bonhomme. Je lui trouve un air d\u00e9cid\u00e9, ma\u00eetre de lui, observateur, attentif, sup\u00e9rieur, qui font pr\u00e9sager que malgr\u00e9 ses trois dents, il poss\u00e8de d\u00e9j\u00e0 toutes les qualit\u00e9s d&rsquo;un chef de maison, de tribu, d&rsquo;\u00e9tat ; ne plaisantons pas, le coq est dans l\u2019\u0153uf. Il a l&rsquo;air un peu dictateur [&#8230;]\u00a0Sera-ce un intellectuel ? On le devine. Mais il saura se servir de ses mains<\/em>. \u00bb<\/li>\n<li style=\"text-align: justify;\"><a href=\"http:\/\/monperejeanmamy.fr\/?page_id=1406\">Lundi 25 juin<\/a> : \u00ab <em>Parlons de choses s\u00e9rieuses. Ta photo est ravissante. Je l&rsquo;ai clou\u00e9e \u00e0 mon buffet. C&rsquo;est \u00e0 dire \u00e0 la double planche qui supporte les quelques bo\u00eetes en carton contenant ma fortune alimentaire. [&#8230;] Je suis seul maintenant dans ma cellule. Mon compagnon m&rsquo;ayant quitt\u00e9. Dommage. Mais je travaille beaucoup mieux, avec plus d&rsquo;assiduit\u00e9.<\/em> \u00bb<\/li>\n<li style=\"text-align: justify;\"><a href=\"http:\/\/monperejeanmamy.fr\/?page_id=1404\">Lundi 2 juillet<\/a>\u00a0: \u00ab <em>veux-tu bien dire \u00e0 ma m\u00e8re que je ne lui \u00e9cris pas cette semaine puisque c&rsquo;est \u00e0 toi que je r\u00e9serve ma lettre.<\/em> \u00bb<\/li>\n<li style=\"text-align: justify;\"><a href=\"http:\/\/monperejeanmamy.fr\/?page_id=1402\">Dimanche 8 juillet<\/a> : \u00ab <em>Aujourd&rsquo;hui j&rsquo;ai 43 ans [&#8230;] l&rsquo;essentiel de ma vie commencera peut-\u00eatre vers 65 ou 68 ans [&#8230;] apr\u00e8s la prochaine guerre.<\/em> \u00bb<\/li>\n<li style=\"text-align: justify;\"><a href=\"http:\/\/monperejeanmamy.fr\/?page_id=1400\">Dimanche 22 juillet<\/a> : \u00ab <em>Je t&rsquo;\u00e9cris dimanche car demain je vais, sans nul doute, passer la journ\u00e9e au lieu-dit \u00ab\u00a0la Sourici\u00e8re\u00a0\u00bb pour t\u00e9moigner au Palais dans le proc\u00e8s que tu sais<\/em>. \u00bb<\/li>\n<li style=\"text-align: justify;\"><a href=\"http:\/\/monperejeanmamy.fr\/?page_id=1398\">Lundi 30 juillet<\/a>\u00a0: \u00ab <em>On veut me mettre sur le dos des affaires qui ne m\u2019incombent pas [&#8230;] quel choc, cette semaine\u00a0! Fichtre\u00a0! Il faut \u00eatre blind\u00e9 pour recevoir de tels coups<\/em>. \u00bb<\/li>\n<li style=\"text-align: justify;\"><a href=\"http:\/\/monperejeanmamy.fr\/?page_id=1394\">Dimanche 12 ao\u00fbt<\/a>,\u00a0Ma m\u00e8re voudrait bien que mon p\u00e8re me voit au parloir mais \u00ab <em>Pour ce que tu me demandes, et que tu lui as promis, il n&rsquo;est pas question de le faire par correspondance. Il faudra attendre le bon vouloir du juge d&rsquo;instruction [&#8230;]\u00a0Je ne pense donc pas te revoir avant octobre.<\/em> [&#8230;] <em>Tout Fresnes est suspendu au proc\u00e8s P\u00e9tain&#8230;<\/em> \u00bb<\/li>\n<li style=\"text-align: justify;\"><a href=\"http:\/\/monperejeanmamy.fr\/?page_id=1392\">Dimanche 19 ao\u00fbt<\/a> : \u00ab <em>Tout Fresnes est en \u00e9moi d&rsquo;avoir lu un projet d&rsquo;amnistie d\u00e9battu au Conseil des Ministres. Tous se croient d\u00e9j\u00e0 dehors. [&#8230;] Quand me l&rsquo;am\u00e8nes-tu dans la cage \u00e0 poules ce ph\u00e9nom\u00e8ne ? [&#8230;] J&rsquo;aimerais bien voir si ce poulet furieux \u00e0 les yeux en face des trous, et de quelle fa\u00e7on il est dent\u00e9. [&#8230;]\u00a0J&rsquo;esp\u00e8re qu&rsquo;il n&rsquo;aura pas peur d&rsquo;entrer en prison. Qui sait. C&rsquo;est peut-\u00eatre un d\u00e9but de carri\u00e8re politique.<\/em>\u00a0<em>\u00bb<\/em><\/li>\n<li style=\"text-align: justify;\"><a href=\"http:\/\/monperejeanmamy.fr\/?page_id=1390\">Lundi 27 ao\u00fbt<\/a>\u00a0: \u00ab <em>si tu viens me voir au parloir jeudi comme je l&rsquo;esp\u00e8re avec le sieur Fr\u00e9d\u00e9ric, qui ne se trouvera pas trop d\u00e9pays\u00e9 dans la cage \u00bb<\/em><\/li>\n<li style=\"text-align: justify;\"><a href=\"http:\/\/monperejeanmamy.fr\/?page_id=1388\">Dimanche 2 septembre<\/a>\u00a0: \u00ab <em>Si on faisait de Fr\u00e9d\u00e9ric un moine indien ? Il \u00e9pouserait symboliquement vers 25 ans une petite fille de cinq ans, et parcourrait le monde en pr\u00eachant le nouveau dogme \u00bb<\/em><\/li>\n<li style=\"text-align: justify;\"><a href=\"http:\/\/monperejeanmamy.fr\/?page_id=1386\">Lundi 10 septembre<\/a>\u00a0: \u00ab <em>c&rsquo;est nous, et nous seulement, qui avions cent mille millions de fois raison. Et tout le prouve. Surtout le fait que nous soyons ici et nos adversaires en libert\u00e9. Il est plus honorable pour certains d&rsquo;avoir pass\u00e9 l&rsquo;ann\u00e9e en prison que dehors \u00bb<\/em><\/li>\n<li style=\"text-align: justify;\"><a href=\"http:\/\/monperejeanmamy.fr\/?page_id=1384\">Lundi 24 septembre<\/a>\u00a0: \u00ab <em>J&rsquo;esp\u00e8re que tu tapes beaucoup&#8230; et vite \u00bb.\u00a0 <\/em>Dans cette lettre Jean Mamy \u00e9voque assez clairement sa rencontre avec ma m\u00e8re sous la forme d&rsquo;un sc\u00e9nario de roman autobiographique<em>.<\/em><\/li>\n<li style=\"text-align: justify;\"><a href=\"http:\/\/monperejeanmamy.fr\/?page_id=1382\">Dimanche 30 septembre<\/a>\u00a0: \u00ab <em>Entre le cingl\u00e9 qui crie toutes les cinq minutes \u00ab\u00a0<\/em>Pr\u00e9parez les valises<em>\u00a0\u00bb, croyant \u00e0 l\u2019amnistie, et les fous du rez-de-chauss\u00e9e qui piquent des crises effroyables en appelant \u00ab\u00a0<\/em>au secours<em>\u00a0\u00bb et en proclamant leur innocence, on ne s\u2019entend plus<\/em>.<em>\u00bb.<\/em><\/li>\n<li style=\"text-align: justify;\"><a href=\"http:\/\/monperejeanmamy.fr\/?page_id=1380\">Lundi 8 octobre<\/a>\u00a0: \u00ab <em>De Gaulle a fait un beau discours sur le Rhin, pr\u00eachant la r\u00e9conciliation de l&rsquo;Europe nouvelle. Deviendrait-il collabo ?\u00bb<\/em><\/li>\n<li style=\"text-align: justify;\"><a href=\"http:\/\/monperejeanmamy.fr\/?page_id=1378\">Lundi 15 octobre<\/a>\u00a0: \u00ab <em>Tu n\u2019imagines pas comme on est libre dans un rectangle de quatre m\u00e8tres sur trois. On domine l\u2019univers\u2026\u00a0<\/em><em>\u00bb<\/em><\/li>\n<li style=\"text-align: justify;\"><a href=\"http:\/\/monperejeanmamy.fr\/?page_id=1376\">Lundi 22 octobre<\/a>\u00a0: \u00ab <em>Aujourd&rsquo;hui, tout Fresnes est suspendu aux chiffres de \u00e9lections et les bobards courent comme toujours<\/em>. <em>\u00bb<\/em><\/li>\n<li style=\"text-align: justify;\"><a href=\"http:\/\/monperejeanmamy.fr\/?page_id=1374\">Dimanche 28 octobre<\/a>\u00a0: \u00ab <em>nouveau r\u00e8glement\u00a0: un colis de 3 kgs tous les quinze jours seulement \u00e0 partir du 15 novembre<\/em>. <em>\u00bb<\/em><\/li>\n<li style=\"text-align: justify;\"><a href=\"http:\/\/monperejeanmamy.fr\/?page_id=1372\">Lundi 5 novembre\u00a0<\/a>\u00a0: \u00ab <em>Je me suis d\u00e9battu toute la nuit contre des cauchemars. [&#8230;] Il faut dire que cela a commenc\u00e9 par un rat.<\/em> <em>\u00bb<\/em><\/li>\n<li style=\"text-align: justify;\"><a href=\"http:\/\/monperejeanmamy.fr\/?page_id=1370\">Dimanche 18 novembre<\/a>\u00a0: \u00ab\u00a0<em>La meilleure situation sera celle de d\u00e9put\u00e9. Toutes les combines, toutes les crapuleries, leur mitraillette sur l\u2019\u00e9paule, un micro porte-voix, un tank, quelques grenades \u00e0 grande puissance \u00e0 la ceinture, un avion pour les d\u00e9placement voisins, une fus\u00e9e pour les grands voyages et voil\u00e0 notre nouveau chef du peuple.<\/em> <em>\u00bb<\/em><\/li>\n<li style=\"text-align: justify;\"><a href=\"http:\/\/monperejeanmamy.fr\/?page_id=1368\">Dimanche 25 novembre<\/a>\u00a0: \u00ab\u00a0<em>On vient de me remettre \u00e0 l&rsquo;instant le mot tr\u00e8s court que tu m&rsquo;\u00e9crivais mercredi soir apr\u00e8s avoir tap\u00e9 du <\/em>Gabrielle<em>. Comment trouves-tu la pi\u00e8ce ? [&#8230;] C&rsquo;est vraiment la loterie. tel est condamn\u00e9 \u00e0 mort et pour le m\u00eame cas le copain d&rsquo;\u00e0 c\u00f4t\u00e9 est lib\u00e9r\u00e9 \u00bb<\/em><\/li>\n<li style=\"text-align: justify;\"><a href=\"http:\/\/monperejeanmamy.fr\/?page_id=1444\">Dimanche 2 d\u00e9cembre<\/a>\u00a0: \u00ab <em>Pas encore vu Floriot. Pas press\u00e9, ni lui, ni moi. [&#8230;] inutile de les presser. Nous avons le temps. \u00bb<\/em><\/li>\n<li style=\"text-align: justify;\"><a href=\"http:\/\/monperejeanmamy.fr\/?page_id=1366\">Lundi 10 d\u00e9cembre<\/a>\u00a0: \u00ab <em>les mains sont gourdes de froid et ne peuvent \u00e9crire \u00e0 leur aise. Et comme il fait probablement -5 ou -10, la cellule n&rsquo;\u00e9tant pas chauff\u00e9e, on sent passer un peu l&rsquo;hiver <\/em><em>\u00bb<\/em><\/li>\n<li style=\"text-align: justify;\"><a href=\"http:\/\/monperejeanmamy.fr\/?page_id=1364\">Samedi 15 d\u00e9cembre<\/a> : \u00ab <em>Je n&rsquo;ai pas re\u00e7u de nouvelles de Jeannette, ni hier, ni aujourd&rsquo;hui. Voila pourquoi il ple<\/em>ut. <em>[&#8230;] Je suis \u00e0 la cellule <u>326<\/u>. Pour le reste, rien de chang\u00e9.\u00a0\u00bb<\/em><\/li>\n<li style=\"text-align: justify;\"><a href=\"http:\/\/monperejeanmamy.fr\/?page_id=1362\">Dimanche 23 d\u00e9cembre<\/a>\u00a0: \u00ab <em>Il est certain que ma situation matrimoniale l\u00e9gale, avec le temps, ne peut s&rsquo;am\u00e9liorer que dans le sens de la libert\u00e9,\u00a0\u00a0\u00bb ,\u00a0 <\/em><\/li>\n<\/ul>\n","protected":false},"excerpt":{"rendered":"<p>Lundi 7 janvier\u00a0: \u00ab Tu \u00e9tais bien jolie derri\u00e8re le grillage l\u2019autre jour [&#8230;] J\u2019attends le colis tout \u00e0 l\u2019heure et suis persuad\u00e9 de sa perfection. Veux-tu bien\u00a0dire \u00e0 ma m\u00e8re de ne pas mettre de Kub pendant 1 semaine &hellip; <a href=\"https:\/\/monperejeanmamy.fr\/?page_id=1322\">Continuer la lecture <span class=\"meta-nav\">&rarr;<\/span><\/a><\/p>\n","protected":false},"author":2,"featured_media":11,"parent":0,"menu_order":0,"comment_status":"closed","ping_status":"closed","template":"","meta":[],"folder":[],"_links":{"self":[{"href":"https:\/\/monperejeanmamy.fr\/index.php?rest_route=\/wp\/v2\/pages\/1322"}],"collection":[{"href":"https:\/\/monperejeanmamy.fr\/index.php?rest_route=\/wp\/v2\/pages"}],"about":[{"href":"https:\/\/monperejeanmamy.fr\/index.php?rest_route=\/wp\/v2\/types\/page"}],"author":[{"embeddable":true,"href":"https:\/\/monperejeanmamy.fr\/index.php?rest_route=\/wp\/v2\/users\/2"}],"replies":[{"embeddable":true,"href":"https:\/\/monperejeanmamy.fr\/index.php?rest_route=%2Fwp%2Fv2%2Fcomments&post=1322"}],"version-history":[{"count":39,"href":"https:\/\/monperejeanmamy.fr\/index.php?rest_route=\/wp\/v2\/pages\/1322\/revisions"}],"predecessor-version":[{"id":1965,"href":"https:\/\/monperejeanmamy.fr\/index.php?rest_route=\/wp\/v2\/pages\/1322\/revisions\/1965"}],"wp:featuredmedia":[{"embeddable":true,"href":"https:\/\/monperejeanmamy.fr\/index.php?rest_route=\/wp\/v2\/media\/11"}],"wp:attachment":[{"href":"https:\/\/monperejeanmamy.fr\/index.php?rest_route=%2Fwp%2Fv2%2Fmedia&parent=1322"}],"wp:term":[{"taxonomy":"folder","embeddable":true,"href":"https:\/\/monperejeanmamy.fr\/index.php?rest_route=%2Fwp%2Fv2%2Ffolder&post=1322"}],"curies":[{"name":"wp","href":"https:\/\/api.w.org\/{rel}","templated":true}]}}