{"id":1324,"date":"2021-03-11T14:07:05","date_gmt":"2021-03-11T13:07:05","guid":{"rendered":"http:\/\/monperejeanmamy.fr\/?page_id=1324"},"modified":"2021-04-19T11:20:52","modified_gmt":"2021-04-19T09:20:52","slug":"lettres-de-mon-pere-a-ma-mere-annee-1946","status":"publish","type":"page","link":"https:\/\/monperejeanmamy.fr\/?page_id=1324","title":{"rendered":"Lettres de mon p\u00e8re \u00e0 ma m\u00e8re, ann\u00e9e 1946"},"content":{"rendered":"<ul>\n<li style=\"text-align: justify;\"><a href=\"http:\/\/monperejeanmamy.fr\/?page_id=1956\">Samedi 5 janvier<\/a>\u00a0: \u00ab <em>Mes camarades qui reviennent de quelque centrale nous ont fait le r\u00e9cit des brutalit\u00e9s, des vexations, auxquelles ils ont \u00e9t\u00e9 soumis. Ici, nous n\u2019avons pas lieu de nous plaindre<\/em>. \u00bb<\/li>\n<li style=\"text-align: justify;\"><a href=\"http:\/\/monperejeanmamy.fr\/?page_id=1966\">Lundi 14 janvier<\/a>\u00a0: \u00ab <em>J\u2019ai \u00e9t\u00e9 ravi de savoir que les socialistes s\u2019engueulent entre eux. Cela marque une \u00e9volution de la situation qui est favorable pour le pays.<\/em> \u00bb<\/li>\n<li><a href=\"http:\/\/monperejeanmamy.fr\/?page_id=1971\">Lundi 21 janvier<\/a>\u00a0: \u00ab\u00a0<em>Ce quartier Diderot est lamentable, comme tous les quartiers. Il n\u2019est de grand chic que Fresnes.<\/em> \u00bb<\/li>\n<li style=\"text-align: justify;\"><a href=\"http:\/\/monperejeanmamy.fr\/?page_id=1982\">Lundi 28 janvier <\/a>: \u00ab\u00a0<em>Il est magnifique ton colis. Il est sup\u00e9rieur. Il est ahurissant. Il est passionnant. Il est \u00e9patant, savoureux, prometteur, distingu\u00e9, complet, extraordinairement nuanc\u00e9. <\/em>\u00bb<\/li>\n<li style=\"text-align: justify;\"><a href=\"http:\/\/monperejeanmamy.fr\/?page_id=1988\">Lundi 4 f\u00e9vrier<\/a>\u00a0: \u00ab <em>tel qui croyait \u00eatre le ma\u00eetre tout puissant, terroriste hier, et grand pontife aujourd\u2019hui, se retrouvera demain cul par-dessus chaise et broutant l\u2019amertume de ses m\u00e9faits [&#8230;] Envoie moi des cure-dents <u>de plume<\/u> et non de bois.\u00a0<\/em>\u00bb<\/li>\n<li style=\"text-align: justify;\"><a href=\"http:\/\/monperejeanmamy.fr\/?page_id=1994\">Lundi 11 f\u00e9vrier<\/a> : \u00ab <em><u>Je veux,<\/u> <u>j\u2019exige<\/u> imp\u00e9rativement mes <u>trois<\/u> lettres par semaine, r\u00e9guli\u00e8res, compl\u00e8tes, bourr\u00e9es de choses int\u00e9ressantes et contenant une substance savoureuse appr\u00e9ciable, r\u00e9confortante. Bref\u2026 l\u2019\u00e9quivalent spirituel des colis [&#8230;] J\u2019ai eu l\u2019honneur d\u2019\u00eatre confront\u00e9 samedi avec le chef des FFI qui pille mon appartement et fit emporter de chez toi tous mes objets. Il n\u2019a pas chang\u00e9. Aussi ind\u00e9licat et b\u00eate que l\u2019ann\u00e9e derni\u00e8re.\u00a0<\/em> \u00bb<\/li>\n<li style=\"text-align: justify;\"><a href=\"http:\/\/monperejeanmamy.fr\/?page_id=2003\">Lundi 18 f\u00e9vrier <\/a>: \u00ab <em>un s\u00e9rieux effort pour me raconter tes soir\u00e9es au th\u00e9\u00e2tre. Vous sortez beaucoup Mademoiselle, heureuse spectatrice de mondanit\u00e9s<\/em> <em>[&#8230;] le r\u00f4le d\u2019un gar\u00e7on dans une famille particuli\u00e8rement f\u00e9minine c\u2019est de d\u00e9montrer d\u00e8s l\u2019enfance l\u2019autorit\u00e9 souveraine du m\u00e2le.<\/em> \u00bb<\/li>\n<li style=\"text-align: justify;\"><a href=\"http:\/\/monperejeanmamy.fr\/?page_id=2007\">Lundi 4 mars<\/a>\u00a0: \u00ab <em>maintenant j\u2019ai la certitude de m\u2019en sortir car de nouveau \u00e9v\u00e8nements se pr\u00e9parent de tous c\u00f4t\u00e9s<\/em> \u00bb<\/li>\n<li style=\"text-align: justify;\"><a href=\"http:\/\/monperejeanmamy.fr\/?page_id=2013\">Dimanche 10 mars<\/a> : \u00ab\u00a0<em>Nous n\u2019avons pas vu Jeannette hier. Qu\u2019est-il arriv\u00e9 pour qu\u2019elle manque un si pr\u00e9cieux rendez-vous ? [&#8230;] Veux-tu bien de temps en temps taper des <\/em>\u00ab\u00a0Barreaux d\u2019Or \u00bb<\/li>\n<li style=\"text-align: justify;\"><a href=\"http:\/\/monperejeanmamy.fr\/?page_id=2018\">Jeudi 14 mars<\/a>\u00a0: \u00ab\u00a0<em>Comment va le petit ange\u00a0? Car c\u2019est un ange. Nous nous refusons \u00e0 voir ici le d\u00e9mon remuant qui casse les assiettes, d\u00e9chire les robes et impose sa volont\u00e9 opini\u00e2tre \u00e0 des femmes extasi\u00e9es devant la vigueur v\u00e9h\u00e9mente de ses injonctions jupit\u00e9riennes.<\/em> \u00bb<\/li>\n<li style=\"text-align: justify;\"><a href=\"http:\/\/monperejeanmamy.fr\/?page_id=2023\">Lundi 8 avril <\/a>: \u00ab\u00a0<em>Alors, vraiment le Fr\u00e9d\u00e9ric de tout le boulevard Diderot est le plus intelligent de tout le Paris d\u2019aujourd\u2019hui\u00a0?<\/em> \u00bb<\/li>\n<li style=\"text-align: justify;\"><a href=\"http:\/\/monperejeanmamy.fr\/?page_id=2027\">Lundi 15 avril <\/a>: \u00ab <em>Alors vraiment, tu veux bien habiter avec moi\u00a0? Mais pour l\u2019instant je n\u2019ai que ma poche gauche \u00e0 t\u2019offrir<\/em>.\u00a0\u00bb<\/li>\n<li style=\"text-align: justify;\"><a href=\"http:\/\/monperejeanmamy.fr\/?page_id=2032\">Lundi 22 avril <\/a>: \u00ab <em>Car jeudi, jour solennel. Tu viendras en grande compagnie me montrer l\u2019astre du jour qui resplendit sur tout le XII<sup><span style=\"font-size: small;\">\u00e8me<\/span><\/sup> arrondissement.<\/em> \u00bb<\/li>\n<li style=\"text-align: justify;\"><a href=\"http:\/\/monperejeanmamy.fr\/?page_id=2037\">Lundi 29 avril<\/a>\u00a0: \u00ab <em>Vous \u00e9tiez tous les deux fort beaux dans la cage, jeudi dernier, vous la m\u00e8re, et son fils. Il est splendide. Il a l\u2019air d\u2019un lion. Il te bat avec une autorit\u00e9 admirable.<\/em> \u00bb<\/li>\n<li style=\"text-align: justify;\"><a href=\"http:\/\/monperejeanmamy.fr\/?page_id=2042\">Samedi 4 mai<\/a>\u00a0: \u00ab <em>surtout n\u2019envoies plus de livres dans les colis. D\u00e9fendu par un nouveau r\u00e8glement. Il faut une autorisation sp\u00e9ciale de la direction.<\/em> \u00bb<\/li>\n<li style=\"text-align: justify;\"><a href=\"http:\/\/monperejeanmamy.fr\/?page_id=2048\">Lundi 13 mai<\/a>\u00a0: \u00ab\u00a0<em>La conversation dans la cellule roule sur les femmes depuis tout \u00e0 l\u2019heure.<\/em> \u00bb<\/li>\n<li style=\"text-align: justify;\"><a href=\"http:\/\/monperejeanmamy.fr\/?page_id=2053\">Lundi 20 mai <\/a>: \u00ab\u00a0<em>On sent chez toutes les femmes un tel sentiment d\u2019inimiti\u00e9 contre le m\u00e2le [&#8230;]\u00a0tout cela \u00e0 propos des romans de Colette que je n\u2019aime pas, grand \u00e9crivain d\u00e9testable, poule \u00e0 gigolos et \u00e0 vice d\u2019un inestimable talent de paysagiste, fille de peu, grandiose et mesquine, terriblement d\u00e9prav\u00e9e<\/em>, \u00bb<\/li>\n<li style=\"text-align: justify;\"><a href=\"http:\/\/monperejeanmamy.fr\/?page_id=2059\">Lundi 27 mai <\/a>: \u00ab\u00a0<em>J\u2019ai vu un de mes camarades d\u2019\u00e9tage qui est sp\u00e9cialiste d\u2019examens graphologiques. Il m\u2019a dit de fort bonnes choses (tr\u00e8s sinc\u00e8rement, tr\u00e8s \u00e9tonnant ce type, un remarquable don de divination) [&#8230;]\u00a0\u00a0Il m\u2019a pr\u00e9dit que je vivrai jusqu\u2019\u00e0 91 ans. Tu vois que nous avons le temps d\u2019avoir des enfants. Comme le premier est tr\u00e8s r\u00e9ussi, il inaugure une longue et florissante s\u00e9rie&#8230;<\/em> \u00bb<\/li>\n<li style=\"text-align: justify;\"><a href=\"http:\/\/monperejeanmamy.fr\/?page_id=2063\">Lundi 3 juin <\/a>: \u00ab\u00a0<em>Alors la France a vot\u00e9 [&#8230;]\u00a0On se demande quelles vont en \u00eatre les cons\u00e9quences pour nous, et les \u00ab si \u00bb et les \u00ab car \u00bb courent les couloirs. Je ne t\u2019en dis pas plus, la censure n\u2019autorisant pas les discussions politiques.<\/em> \u00bb<\/li>\n<li style=\"text-align: justify;\"><a href=\"http:\/\/monperejeanmamy.fr\/?page_id=2067\">Lundi 10 juin<\/a>\u00a0: \u00ab\u00a0<em>\u00c0 propos, o\u00f9 en sont les <\/em>B. d\u2019Or <em>? Je voudrais bien en avoir un exemplaire pour le corriger [&#8230;]\u00a0Tu sais que j\u2019ai l\u2019autorisation du juge pour cela. C\u2019est une des pi\u00e8ces capitales de ma d\u00e9fense.<\/em> \u00bb<\/li>\n<li style=\"text-align: justify;\"><a href=\"http:\/\/monperejeanmamy.fr\/?page_id=2072\">Lundi 17 juin<\/a>\u00a0: \u00ab\u00a0<em>J\u2019ai lu derni\u00e8rement la vie romanc\u00e9e d\u2019un personnage de la R\u00e9volution qui avait \u00e9pous\u00e9 la 26<sup><span style=\"font-size: small;\">\u00e8me<\/span><\/sup> fille d\u2019un quelconque gros paysan des environs. Il n\u2019avait eu que des filles. 26\u00a0! Voudrais-tu 26 gar\u00e7ons\u00a0? C\u2019est ainsi qu\u2019on fait les peuples forts et les familles riches. Seulement il faudra un autre r\u00e9gime pour les faire vivre, car je ne vois gu\u00e8re, avec les appointements actuels, comment donner la becqu\u00e9e \u00e0 tous ces moineaux, \u00e0 moins de se faire agriculteur et d\u2019avoir \u00e0 c\u00f4t\u00e9 de soi une vingtaine de solides gaillards pour d\u00e9foncer le sol et semer la pitance.<\/em> \u00bb<\/li>\n<li style=\"text-align: justify;\"><a href=\"http:\/\/monperejeanmamy.fr\/?page_id=2078\">Lundi 24 juin <\/a>: \u00ab <em>J\u2019ai assist\u00e9 de la fen\u00eatre de mon car \u00e0 la manifestation de l\u2019autre soir. C\u2019est du joli. Le cheptel manifestant a baiss\u00e9 depuis 36. Ce ne sont plus maintenant que p\u00e2les petites lopes amaigris et p\u00e9trolasses s\u00e9ch\u00e9es [&#8230;] C\u2019est vraiment le torrent de boue rouge.\u00a0<\/em>\u00bb<\/li>\n<li style=\"text-align: justify;\">Lu<a href=\"http:\/\/monperejeanmamy.fr\/?page_id=2086\">ndi 1<sup>er<\/sup> juillet<\/a>\u00a0: \u00ab <em>Le pire est que le peuple \u00e9coute en se demandant si les dits farceurs n\u2019ont pas raison. Plus la science mat\u00e9rielle progresse, plus il y a de badauds. On n\u2019aura jamais vu de pareils cr\u00e9tins. Le premier acte d\u2019intelligence consiste \u00e0 savoir discerner entre un mensonge et une v\u00e9rit\u00e9. Mais ceux qui n\u2019acceptent que les mensonges sont de bien pauvres bougres.<\/em> \u00bb<\/li>\n<li style=\"text-align: justify;\"><a href=\"http:\/\/monperejeanmamy.fr\/?page_id=2091\">Lundi 8 juillet<\/a>\u00a0: \u00ab <em>Je me suis senti moi-m\u00eame le jour o\u00f9 j\u2019ai abord\u00e9 le journalisme de combat, la bataille politique, l\u2019action secr\u00e8te ou publique.<\/em> \u00bb<\/li>\n<li style=\"text-align: justify;\"><a href=\"http:\/\/monperejeanmamy.fr\/?page_id=2098\">Lundi 15 juillet <\/a>: \u00ab\u00a0<em>Tout d\u2019abord je te d\u00e9fends [&#8230;]\u00a0<\/em><em>de te faire du mauvais sang pour mon humble personne [&#8230;] Tout va fort bien. Le moral est excellent, le physique [&#8230;] aussi,<\/em> \u00bb<\/li>\n<li style=\"text-align: justify;\"><a href=\"http:\/\/monperejeanmamy.fr\/?page_id=2105\">Lundi 22 juillet<\/a> : \u00ab <em>Je sais bien que tu pr\u00e9f\u00e9rerai que je ne t\u2019\u00e9crive point et que je remplace mes pattes de mouche par ce que tu appelles de v\u00e9ritables baisers..<\/em> \u00bb<\/li>\n<li style=\"text-align: justify;\"><a href=\"http:\/\/monperejeanmamy.fr\/?page_id=2110\">Dimanche 28 juillet<\/a>\u00a0: \u00ab\u00a0<em>Dis \u00e0 ma m\u00e8re ceci\u00a0: <u>Comme mon fils ne m\u2019a pas \u00e9crit depuis son d\u00e9part, je le prive de visite de jeudi prochain<\/u>. Dis le lui officiellement, et qu\u2019elle le lui fasse savoir. <u>Je lui d\u00e9fends de venir jeudi, et c\u2019est toi qui viendras<\/u>. Arrange cela avec elle, je te prie. C\u2019est tr\u00e8s s\u00e9rieux. Elle n\u2019a qu\u2019\u00e0 dire \u00e0 l\u2019enfant ce que j\u2019ai d\u00e9cid\u00e9.<\/em> \u00bb<\/li>\n<li style=\"text-align: justify;\"><a href=\"http:\/\/monperejeanmamy.fr\/?page_id=2114\">Dimanche 4 ao\u00fbt<\/a>\u00a0: \u00ab <em>Tu \u00e9tais fort, fort jolie jeudi, toute prisonni\u00e8re dans ta cage. Pourquoi ne viens-tu pas habiter ma cellule avec moi\u00a0?<\/em> \u00bb<\/li>\n<li style=\"text-align: justify;\"><a href=\"http:\/\/monperejeanmamy.fr\/?page_id=2119\">Lundi 12 ao\u00fbt<\/a> : \u00ab T<em>\u00e2che de m&rsquo;apporter de bonnes nouvelles de l&rsquo;ext\u00e9rieur. Du reste elles ne nous manquent point ici, et quand elles ne nous plaisent point nous en inventons d\u2019autres. Tout le monde est content.<\/em> \u00bb<\/li>\n<li style=\"text-align: justify;\"><a href=\"http:\/\/monperejeanmamy.fr\/?page_id=2123\">Lundi 19 ao\u00fbt <\/a>: \u00ab\u00a0<em>Est-il vrai, vrai\u00a0? vrai-vrai-vrai\u00a0? que, comme tu l\u2019as d\u00e9clar\u00e9 solennellement la derni\u00e8re fois, tu me suivras partout \u2013 \u00ab\u00a0<\/em>o\u00f9 tu voudras\u00a0<em>\u00bb as-tu dit. Tu l\u2019as dit. Tu l\u2019as dit\u00a0!<\/em> \u00bb<\/li>\n<li style=\"text-align: justify;\"><a href=\"http:\/\/monperejeanmamy.fr\/?page_id=2127\">Dimanche 25 ao\u00fbt<\/a>\u00a0: \u00ab <em>Tout ce qui semble exister dans ce monde faux n\u2019est-il pas vou\u00e9 \u00e0 la destruction\u00a0: les haines, comme les luttes, comme les proc\u00e8s, comme les projets de constitution<\/em> \u00bb<\/li>\n<li style=\"text-align: justify;\"><a href=\"http:\/\/monperejeanmamy.fr\/?page_id=2131\">Dimanche 1<sup>er<\/sup> septembre\u00a0<\/a>: \u00ab <em>Pour l&rsquo;instant nous ne sommes encore qu&rsquo;un apprenti. \u00c0 c\u00f4t\u00e9 de la perfection absolue que de pas \u00e0 franchir. J&rsquo;aurais voulu \u00eatre \u00e0 la fois po\u00e8te, acteur, musicien, peintre, sculpteur, architecte, metteur en sc\u00e8ne de cin\u00e9ma, auteur dramatique\u2026 Et chef d&rsquo;\u00c9tat.<\/em> \u00bb<\/li>\n<li style=\"text-align: justify;\"><a href=\"http:\/\/monperejeanmamy.fr\/?page_id=2135\">Lundi 9 septembre <\/a>: \u00ab\u00a0<em>Petite compagne, tu mets trop de choses co\u00fbteuses dans les colis et je te d\u00e9fends de te priver le moins du monde ou de faire des folies qui gr\u00e8vent ton budget. Il faut \u00eatre raisonnable [&#8230;.]\u00a0Crois que tu m&rsquo;apportes beaucoup, disons tout, avec ta tendresse et que m\u00eame s&rsquo;il n&rsquo;y avait que les mots que tu dis, que les pens\u00e9es que je sens, cela suffirait.<\/em> \u00bb<\/li>\n<li style=\"text-align: justify;\"><a href=\"http:\/\/monperejeanmamy.fr\/?page_id=2142\">Lundi 16 septembre <\/a>: \u00ab\u00a0<em>Il faut pr\u00e9voir d\u2019urgence les \u00e9v\u00e9nements les plus importants. Je crois que nous allons \u00e0 la plus grave des crises \u2013 qui nous permettra de nous lib\u00e9rer de nos ennemis, et de sortir de notre trou. Sois pr\u00eate \u00e0 toute \u00e9ventualit\u00e9 en cas de conflit international. En huit jours, il faudra tout liquider et partir. Peut-\u00eatre en moins de temps. Tu peux d\u00e9j\u00e0 acheter (c\u2019est tr\u00e8s s\u00e9rieux) des sacs de montagne (on emporte beaucoup de choses sur le dos), du mat\u00e9riel de camping, des conserves (comme si nous devions attendre 8 jours ou davantage dans un port ou passer la fronti\u00e8re par des moyens p\u00e9destres<\/em>. \u00bb<\/li>\n<li style=\"text-align: justify;\"><a href=\"http:\/\/monperejeanmamy.fr\/?page_id=2160\">Lundi 23 septembre <\/a>: \u00ab <em>Situation ext\u00e9rieure\u00a0? Tu connais mon avis. J\u2019esp\u00e8re que tu suis mes conseils. Prends tes pr\u00e9cautions. Tous les jours nous apportent des espoirs et des pr\u00e9cisions dans le m\u00eame sens. Peu \u00e0 peu la coupe se remplit. Elle finira par d\u00e9border. Aujourd\u2019hui gr\u00e8ve des fonctionnaires. Demain, effondrement de ces bandes qui ont usurp\u00e9 leurs fonctions de dirigeants.<\/em> \u00bb<\/li>\n<li style=\"text-align: justify;\"><a href=\"http:\/\/monperejeanmamy.fr\/?page_id=2152\">Samedi 28 septembre <\/a>: Lettre extr\u00eamement br\u00e8ve de 3 lignes qui sera peut-\u00eatre suivie le lendemain d&rsquo;explications. Il doit y avoir urgence pour modifier le parloir du jeudi qui vient o\u00f9 il veut que ma m\u00e8re vienne seule.<\/li>\n<li style=\"text-align: justify;\"><a href=\"http:\/\/monperejeanmamy.fr\/?page_id=2168\">Dimanche 29 septembre <\/a>: \u00ab <em>Pour des raisons qui touchent au proc\u00e8s, j\u2019ai besoin de ne pas rompre de la fa\u00e7on aussi brutale et d\u00e9finitive que je voudrais les relations avec qui tu sais [&#8230;] Or, il se trouve que je suis en face d\u2019une personne dont la jalousie et l\u2019int\u00e9r\u00eat (Oh\u00a0! Tout financier) s\u2019est r\u00e9veill\u00e9 depuis quelque temps.<\/em>\u00a0\u00bb<\/li>\n<li style=\"text-align: justify;\"><a href=\"http:\/\/monperejeanmamy.fr\/?page_id=2172\">Lundi 30 septembre <\/a>: \u00ab <em>Ce matin, \u00e0 6h, on est venu me chercher. Habillage en h\u00e2te. Bout de saucisson, bo\u00eete de conserves, panier \u00e0 salade. J\u2019ai pass\u00e9 la journ\u00e9e \u00e0 traduire de l\u2019anglais dans une pi\u00e8ce froide \u2013 et ai t\u00e9moign\u00e9 pour une inculp\u00e9e pendant deux heures de confrontation<\/em>. \u00bb<\/li>\n<li style=\"text-align: justify;\"><a href=\"http:\/\/monperejeanmamy.fr\/?page_id=2177\">Dimanche 13 octobre<\/a>\u00a0: \u00ab <em>Ainsi la France a vot\u00e9 Oui, par une majorit\u00e9 aussi miteuse ! 33% d\u2019abstentions. C\u2019est un suicide. Ce pays ne r\u00e9agit plus, n\u2019est plus guid\u00e9. Il va \u00e0 la d\u00e9rive.<\/em> \u00bb<\/li>\n<li style=\"text-align: justify;\"><a href=\"http:\/\/monperejeanmamy.fr\/?page_id=2182\">Dimanche 20 octobre<\/a>\u00a0: \u00ab\u00a0<em>Hier, instruction. Ce n\u2019est pas fini. Je dois revenir en novembre. L\u00e0, je d\u00e9poserai peut-\u00eatre un rapport qu\u2019il faudra taper rapidement. On nous donnera bien trois semaines. J\u2019ai l\u2019impression que le dossier sera clos vers fin d\u00e9cembre.<\/em> \u00bb<\/li>\n<li style=\"text-align: justify;\"><a href=\"http:\/\/monperejeanmamy.fr\/?page_id=2188\">Dimanche 27 octobre<\/a>\u00a0: \u00ab <em>Ce matin, le camarade qui \u00e9tait impliqu\u00e9 avec moi dans l&rsquo;affaire est venu annoncer que son avocat lui avait affirm\u00e9 que mon dossier avait \u00e9t\u00e9 transmis depuis mercredi\u00a0!! Je bondis sur Flo. Pour tirer au clair cette histoire. Il me semble qu&rsquo;il s&rsquo;agit d&rsquo;une erreur. On doit m&rsquo;interroger encore deux fois en novembre, et l&rsquo;instruction de cl\u00f4ture n&rsquo;a pas \u00e9t\u00e9 faite.. <\/em>\u00bb<\/li>\n<li style=\"text-align: justify;\"><a href=\"http:\/\/monperejeanmamy.fr\/?page_id=2194\">Dimanche 3 novembre <\/a>: \u00ab <em>Viens seule. Fr\u00e9d\u00e9ric est charmant mais je pr\u00e9f\u00e8re te parler pr\u00e9cis\u00e9ment sur beaucoup de points.<\/em> \u00bb<\/li>\n<li style=\"text-align: justify;\"><a href=\"http:\/\/monperejeanmamy.fr\/?page_id=2199\">Lundi 11 novembre<\/a>\u00a0: \u00ab\u00a0<em>Depuis ce matin, on se perd en suppositions, suggestions, sur le sens des \u00e9lections. Bonnes\u00a0? Mauvaises\u00a0? Les uns crient \u00e0 la catastrophe, d\u2019autres \u00e0 la victoire. Pour moi, elles m\u2019apaisent autant qu\u2019elles m\u2019indiff\u00e8rent.<\/em> \u00bb<\/li>\n<li style=\"text-align: justify;\"><a href=\"http:\/\/monperejeanmamy.fr\/?page_id=2204\">Dimanche 17 novembre <\/a>: \u00ab <em>Rentre de l\u2019instruction. Tout va bien. Il faut se d\u00e9p\u00eacher beaucoup pour la note. Que Liebmann la porte <u>cette semaine<\/u>. Je la corrigerai, la lui remettrait aussit\u00f4t, pour \u00eatre retap\u00e9e. Elle doit \u00eatre d\u00e9pos\u00e9e samedi de la semaine prochaine (30 novembre) <u>mais pas avant<\/u>.<\/em> \u00bb<\/li>\n<li style=\"text-align: justify;\"><a href=\"http:\/\/monperejeanmamy.fr\/?page_id=2208\">Lundi 25 novembre <\/a>: \u00ab\u00a0<em>Les nouvelles g\u00e9n\u00e9rales ne sont point trop mauvaises. Recul du d\u00e9sordre dans France. D\u00e9cisions de fermet\u00e9 implacable dans les pays civilis\u00e9s contre cette Russie communarde o\u00f9 l\u2019on continue \u00e0 tuer et d\u00e9porter au nom de la d\u00e9fense de la personne humaine.<\/em> \u00bb<\/li>\n<li style=\"text-align: justify;\"><a href=\"http:\/\/monperejeanmamy.fr\/?page_id=2213\">Dimanche 1<sup>er<\/sup> d\u00e9cembre\u00a0<\/a>: \u00ab\u00a0<em>Ne t\u2019inqui\u00e8te pas pour l\u2019argent et Floriot. J\u2019ai \u00e9crit ce que j\u2019avais \u00e0 dire, et je pense qu\u2019on fera ce que je dis. Tu as l\u2019air de t\u2019inqui\u00e9ter que j\u2019aie encore remis mes int\u00e9r\u00eats entre les mains de mon ex-femme. Je l\u2019ai fait parce que mon commanditaire aurait mal compris que je laisse sa soci\u00e9t\u00e9 entre les mains de tiers, et il m\u2019\u00e9tait difficile de proc\u00e9der \u00e0 des explications trop difficiles. C\u2019est un personnage timor\u00e9, terriblement difficile \u00e0 man\u0153uvrer, et qui demande de tr\u00e8s grandes pr\u00e9cautions [&#8230;]\u00a0je pense que je r\u00e9ussirai d\u2019ici peu \u00e0 r\u00e9unir un conseil de famille pour mettre au point beaucoup de choses. Mais je voudrais d\u2019ores et d\u00e9j\u00e0 que tu saches que si, apparemment \u2014et pour mon fils\u2014 les relations doivent continuer entre la personne qui te tourmente (et tu ne devrais point) et moi, tout est rompu absolument entre nous. J\u2019ai maintenant entre les mains les documents permettant mon divorce, et j\u2019ai signifi\u00e9 \u00e0 ma femme d\u00e9cision de rompre compl\u00e8tement toute relation. Toutefois jusqu\u2019\u00e0 la fin de mon incarc\u00e9ration je suis encore oblig\u00e9 \u00e0 certaines contenances. Aussit\u00f4t libre\u2026 tout sera consomm\u00e9<\/em> \u00bb<\/li>\n<li style=\"text-align: justify;\"><a href=\"http:\/\/monperejeanmamy.fr\/?page_id=2218\">Dimanche 8 d\u00e9cembre <\/a>: \u00ab <em>Pour l&rsquo;affaire, tu sais mieux que moi ce qu&rsquo;il faut faire. Et surtout tu es mieux plac\u00e9e que moi.<\/em> \u00bb<\/li>\n<li style=\"text-align: justify;\"><a href=\"http:\/\/monperejeanmamy.fr\/?page_id=2226\">Dimanche 15 d\u00e9cembre <\/a>: \u00ab\u00a0<em>Je viens de lire ce matin d\u2019excellents textes de Montherlant qui n\u2019aime pas les femmes. Comme je le comprends [&#8230;] s\u2019il avait raison en ce qui concerne toutes les femmes, il avait tort en ignorant qu\u2019il existait pour le moins une exception. Ce que c\u2019est que ne point t\u2019avoir connue.<\/em> \u00bb<\/li>\n<li style=\"text-align: justify;\"><a href=\"http:\/\/monperejeanmamy.fr\/?page_id=2232\">Dimanche 22 d\u00e9cembre<\/a>\u00a0: \u00ab <em>Il faisait -19\u00b0 \u00e0 un thermom\u00e8tre de Fresnes. Les tuyaux d&rsquo;eau sont gel\u00e9s \u00e0 notre \u00e9tage. Nous sommes donc oblig\u00e9s de nous rationner maigrement pour les quelques gamelles d\u2019eau\u00a0 indispensables pour th\u00e9, caf\u00e9 [&#8230;] Il semble que la temp\u00e9rature baisse encore. Quand nous en serons \u00e0 -68\u00b0 nous serons en Sib\u00e9rie, un avant-go\u00fbt du bolchevisme ?\u00a0<\/em>\u00bb<\/li>\n<li style=\"text-align: justify;\"><a href=\"http:\/\/monperejeanmamy.fr\/?page_id=2236\">Lundi 30 d\u00e9cembre <\/a>: \u00ab\u00a0<em>Est-ce qu&rsquo;il te les d\u00e9fait tes boucles, le Fr\u00e9d\u00e9ric ? Comment se comporte-t-il ? En vaurien ? En m\u00e2le ? [&#8230;]\u00a0Si c&rsquo;\u00e9tait \u00e0 refaire, tu ne recommencerais pas, hein ? Et tu veux encore une fille ? Zut. Pas de discussion. Je t&rsquo;en ferai douze. Ah ! Tu ne m&rsquo;\u00e9cris pas. Et six gar\u00e7ons encore. Tous blonds, tous endiabl\u00e9s, tous formidablement passionn\u00e9s \u00e0 te tirer les cheve<\/em>ux [&#8230;] <em>\u00c0 la troisi\u00e8me g\u00e9n\u00e9ration tu auras peupl\u00e9 une province d\u2019Argentine<\/em>. \u00bb<\/li>\n<\/ul>\n","protected":false},"excerpt":{"rendered":"<p>Samedi 5 janvier\u00a0: \u00ab Mes camarades qui reviennent de quelque centrale nous ont fait le r\u00e9cit des brutalit\u00e9s, des vexations, auxquelles ils ont \u00e9t\u00e9 soumis. Ici, nous n\u2019avons pas lieu de nous plaindre. \u00bb Lundi 14 janvier\u00a0: \u00ab J\u2019ai \u00e9t\u00e9 &hellip; <a href=\"https:\/\/monperejeanmamy.fr\/?page_id=1324\">Continuer la lecture <span class=\"meta-nav\">&rarr;<\/span><\/a><\/p>\n","protected":false},"author":2,"featured_media":11,"parent":0,"menu_order":0,"comment_status":"closed","ping_status":"closed","template":"","meta":[],"folder":[],"_links":{"self":[{"href":"https:\/\/monperejeanmamy.fr\/index.php?rest_route=\/wp\/v2\/pages\/1324"}],"collection":[{"href":"https:\/\/monperejeanmamy.fr\/index.php?rest_route=\/wp\/v2\/pages"}],"about":[{"href":"https:\/\/monperejeanmamy.fr\/index.php?rest_route=\/wp\/v2\/types\/page"}],"author":[{"embeddable":true,"href":"https:\/\/monperejeanmamy.fr\/index.php?rest_route=\/wp\/v2\/users\/2"}],"replies":[{"embeddable":true,"href":"https:\/\/monperejeanmamy.fr\/index.php?rest_route=%2Fwp%2Fv2%2Fcomments&post=1324"}],"version-history":[{"count":31,"href":"https:\/\/monperejeanmamy.fr\/index.php?rest_route=\/wp\/v2\/pages\/1324\/revisions"}],"predecessor-version":[{"id":2246,"href":"https:\/\/monperejeanmamy.fr\/index.php?rest_route=\/wp\/v2\/pages\/1324\/revisions\/2246"}],"wp:featuredmedia":[{"embeddable":true,"href":"https:\/\/monperejeanmamy.fr\/index.php?rest_route=\/wp\/v2\/media\/11"}],"wp:attachment":[{"href":"https:\/\/monperejeanmamy.fr\/index.php?rest_route=%2Fwp%2Fv2%2Fmedia&parent=1324"}],"wp:term":[{"taxonomy":"folder","embeddable":true,"href":"https:\/\/monperejeanmamy.fr\/index.php?rest_route=%2Fwp%2Fv2%2Ffolder&post=1324"}],"curies":[{"name":"wp","href":"https:\/\/api.w.org\/{rel}","templated":true}]}}