{"id":1330,"date":"2021-03-11T14:08:45","date_gmt":"2021-03-11T13:08:45","guid":{"rendered":"http:\/\/monperejeanmamy.fr\/?page_id=1330"},"modified":"2021-05-22T16:49:09","modified_gmt":"2021-05-22T14:49:09","slug":"lettres-de-mon-pere-a-ma-mere-annee-1949","status":"publish","type":"page","link":"https:\/\/monperejeanmamy.fr\/?page_id=1330","title":{"rendered":"Lettres de mon p\u00e8re \u00e0 ma m\u00e8re, ann\u00e9e 1949"},"content":{"rendered":"<ul>\n<li style=\"text-align: justify;\"><a href=\"http:\/\/monperejeanmamy.fr\/?page_id=2828\">Dimanche 2 janvier<\/a>\u00a0 : \u00ab<em> J&rsquo;ai vu Leroy cet apr\u00e8s-midi. Tr\u00e8s calm\u00e9, objectif, ayant d\u00e9j\u00e0 r\u00e9fl\u00e9chi un peu \u00e0 tout, voyant les choses prudemment (il a raison) sans enthousiasme (c&rsquo;est plus s\u00fbr), mais calculant les chances [&#8230;] Je ne suis pas du tout d&rsquo;accord pour me laisser \u00e9gorger vif par des excit\u00e9s. Je refuse ce jugement comme \u00e9tant partisan. Tous les t\u00e9moins ont menti par un bout. .<\/em> \u00bb<\/li>\n<li style=\"text-align: justify;\"><a href=\"http:\/\/monperejeanmamy.fr\/?page_id=2836\">Dimanche 9 janvier<\/a>\u00a0 : \u00ab <em>J&rsquo;ai lu cette semaine [&#8230;]\u00a0un mauvais Gide : la Symphonie Pastorale (je d\u00e9teste de plus en plus cet hypocrite \u2014ce fielleux\u2014 grand styliste, mais homme vicieux, pervers, faux \u2014qui ne se m\u00eale que de d\u00e9truire avec une habilet\u00e9 de sadique. Gide m&rsquo;est de plus en plus ex\u00e9crable pour avoir pourri d\u00e9lib\u00e9r\u00e9ment toute une jeunesse consentante au meilleur et qui n&rsquo;a trouv\u00e9 que ce guide souill\u00e9 de lui-m\u00eame. Je crois qu&rsquo;il faudra ex\u00e9cuter un jour le personnage avec vigueur \u2014reprendre toute son \u0153uvre, analyser l&rsquo;homme comme on diss\u00e8que un cadavre, et montrer le pus).<\/em> \u00bb<\/li>\n<li style=\"text-align: justify;\"><a href=\"http:\/\/monperejeanmamy.fr\/?page_id=2840\">Mercredi 12 janvier\u00a0<\/a> : \u00ab <em>J&rsquo;ai vu Leroy aujourd&rsquo;hui. Bonne conversation. Il m&rsquo;a remis la note et sa plaidoirie. Il va pr\u00e9parer le recours<\/em>. \u00bb<\/li>\n<li style=\"text-align: justify;\"><a href=\"http:\/\/monperejeanmamy.fr\/?page_id=2848\">Dimanche 16 janvier<\/a>\u00a0 : \u00ab <em>Comme tu dois le savoir (je l&rsquo;ai appris par les journaux) le pourvoi en cassation est rejet\u00e9<\/em>. <em>J&rsquo;attends qu&rsquo;on me le signifie, ou que l&rsquo;on en pr\u00e9vienne Leroy.\u00bb<\/em><\/li>\n<li style=\"text-align: justify;\"><a href=\"http:\/\/monperejeanmamy.fr\/?page_id=2846\">Dimanche 23 janvier\u00a0<\/a> : \u00ab <em>Il parait que tu te fais du souci parce que le Minist\u00e8re de la J. t\u00e2cherait de pr\u00e9cipiter l&rsquo;affaire [&#8230;] <\/em><em>Il est \u00e9vident que si c&rsquo;est cela, il n&rsquo;y a aucune illusion \u00e0 se faire sur la d\u00e9cision (ou tout au moins sur la volont\u00e9 de certaines gens d&#8217;emporter la d\u00e9cision).<\/em> \u00bb<\/li>\n<li style=\"text-align: justify;\"><a href=\"http:\/\/monperejeanmamy.fr\/?page_id=2855\">Mercredi 26 janvier\u00a0<\/a> : \u00ab <em>Si tu savais (si mes adversaires savaient !) combien tous les \u00e9v\u00e9nements terrestres apparaissent petits, d&rsquo;une cellule de condamn\u00e9 [&#8230;] Je pense comme toi que nous serons tr\u00e8s heureux et que nous vivrons de longs jours la main dans la main \u00bb<\/em><\/li>\n<li style=\"text-align: justify;\"><a href=\"http:\/\/monperejeanmamy.fr\/?page_id=2860\">Vendredi 28 janvier\u00a0<\/a> : \u00ab <em>Je sais qu&rsquo;au Minist\u00e8re de la Justice, on consid\u00e8re le dossier comme tr\u00e8s noir, mais je crois que la personne qui a donn\u00e9 le tuyau tient ses renseignements de mes propres t\u00e9moins \u00e0 charge.<\/em> \u00bb<\/li>\n<li style=\"text-align: justify;\"><a href=\"http:\/\/monperejeanmamy.fr\/?page_id=2864\">Jeudi 3 f\u00e9vrier\u00a0<\/a> : \u00ab <em>Je crois que depuis quatre ans tu as eu la valeur d&rsquo;un bon volume de lettres d&rsquo;amour. Je ne pense pas maintenant que tu sois inqui\u00e8te sur la profondeur et la grandeur, et la qualit\u00e9, et la solidit\u00e9 de mon sentiment pour toi.<\/em> \u00bb<\/li>\n<li style=\"text-align: justify;\"><a href=\"http:\/\/monperejeanmamy.fr\/?page_id=2869\">Lundi 7 f\u00e9vrier\u00a0<\/a> : \u00ab <em>Le gosse est magnifique. Il a l&rsquo;air bougrement intelligent (il tient \u00e7a de sa m\u00e8re), et tr\u00e8s d\u00e9cid\u00e9. Et blond (son p\u00e8re, probablement), les yeux tr\u00e8s vifs (sa m\u00e8re), un c\u00f4t\u00e9 bouillant (son p\u00e8re) de bonne humeur (son p\u00e8re et sa m\u00e8re) aimant la bicyclette (sans aucun doute son p\u00e8re).<\/em> \u00bb<\/li>\n<li style=\"text-align: justify;\"><a href=\"http:\/\/monperejeanmamy.fr\/?page_id=2873\">Vendredi 11 f\u00e9vrier\u00a0<\/a> : \u00ab <em>quand tu d\u00e9fends mon dossier. [&#8230;]\u00a0les actes des id\u00e9ologues, qui sont quelquefois des actes de guerre civile, sont toujours motiv\u00e9s par de tr\u00e8s hautes consid\u00e9rations. Le bien public est le seul souci du militant, m\u00eame s&rsquo;il se trompe lourdement. Il n&rsquo;y a pas trace chez moi d&rsquo;int\u00e9r\u00eat personnel.<\/em> \u00bb<\/li>\n<li style=\"text-align: justify;\"><a href=\"http:\/\/monperejeanmamy.fr\/?page_id=2878\">Mardi 15 f\u00e9vrier\u00a0<\/a> : \u00ab <em>Leroy avait l&rsquo;air tr\u00e8s \u00e9pat\u00e9 qu&rsquo;on ne soit pas \u00e9mu par une condamnation. C&rsquo;est que les gens ont si peu l&rsquo;habitude de r\u00e9fl\u00e9chir aux conditions de la vie mortelle. Si quelquefois on me fusille, je serai tellement pr\u00eat, et j&rsquo;aurai pris tant de pr\u00e9cautions pour tout laisser en ordre, que j&rsquo;aurai sans doute l&rsquo;impression de prendre un train<\/em>. \u00bb<\/li>\n<li style=\"text-align: justify;\"><a href=\"http:\/\/monperejeanmamy.fr\/?page_id=2883\">Vendredi 18 f\u00e9vrier<\/a>\u00a0 : \u00ab <em>Je voulais t&rsquo;\u00e9crire longuement ce soir. Et je tombe de sommeil. Et j&rsquo;ai froid. Tu as \u00e9t\u00e9 sacrifi\u00e9e \u00e0 un tas de pages d&rsquo;\u00e9criture qui te donneront un jour beaucoup de travail<\/em>. \u00bb<\/li>\n<li style=\"text-align: justify;\"><a href=\"http:\/\/monperejeanmamy.fr\/?page_id=2888\">Lundi 21 f\u00e9vrier\u00a0<\/a> : \u00ab <em>Parlons plus s\u00e9rieusement : je t&#8217;embrasse [&#8230;] non pour le geste qui n&rsquo;est que manifestation ext\u00e9rieure, mais par le contenu du geste qui est joie \u00e0 donner. A donner \u00e0 qui je veux, qui j&rsquo;ai choisi, qui j&rsquo;estime, qui je regarde avec plaisir, qui j&rsquo;aime.<\/em> \u00bb<\/li>\n<li style=\"text-align: justify;\"><a href=\"http:\/\/monperejeanmamy.fr\/?page_id=2892\">Samedi 26 f\u00e9vrier\u00a0<\/a> : \u00ab <em>J&rsquo;ai vu Leroy hier matin [&#8230;]\u00a0Il vient \u00ab me changer les id\u00e9es \u00bb. Il faudra que je l&rsquo;habitue \u00e0 penser que j&rsquo;ai trouv\u00e9 ici le bonheur parfait [&#8230;]\u00a0<u>l&rsquo;esprit<\/u> dans lequel nous surmontons l&rsquo;\u00e9preuve nous oblige \u00e0 d\u00e9montrer la s\u00e9r\u00e9nit\u00e9, l&rsquo;absence de douleur et de crainte, <\/em> \u00bb<\/li>\n<li style=\"text-align: justify;\"><a href=\"http:\/\/monperejeanmamy.fr\/?page_id=2898\">Mercredi 2 mars\u00a0<\/a> :\u00a0Cette lettre,\u00a0dat\u00e9e du 3\/2\/49, est probablement du 2\/3\/49 ou du 3\/3\/49\u00a0; en effet il existe une autre lettre dat\u00e9e du 3\/2\/49 avec l\u2019ent\u00eate \u00ab\u00a0CM\u00a0\u00bb (Condamn\u00e9 \u00e0 Mort) alors que le manuscrit de celle-ci porte le code \u00ab\u00a0HS\u00a0\u00bb (Haute S\u00e9curit\u00e9) qui n\u2019appara\u00eet qu\u2019\u00e0 partir du 26\/2\/49\u00a0;\u00a0la r\u00e9ponse de Jeanne Roux, en date du 5\/3\/49 semble confirmer cette hypoth\u00e8se<\/li>\n<li style=\"text-align: justify;\"><a href=\"http:\/\/monperejeanmamy.fr\/?page_id=2904\">Vendredi 4 mars\u00a0<\/a> : \u00ab <em>J&rsquo;ai vu Leroy tout \u00e0 l&rsquo;heure [&#8230;] Pour ses honoraires, il demande 30. Si tu peux lui en donner 10 ou 15 fais le. J&rsquo;\u00e9cris \u00e0 ma m\u00e8re pour le reste [&#8230;]\u00a0\u00a0Je crois en effet que c&rsquo;est utile. Il d\u00e9pense son temps. Il mettra aussi plus d&rsquo;ardeur \u00e0 r\u00e9ussir (quoiqu&rsquo;il soit parfait, d\u00e9sint\u00e9ress\u00e9, amical. Je ne pouvais trouver meilleur d\u00e9fenseur). \u00bb<\/em><\/li>\n<li style=\"text-align: justify;\"><a href=\"http:\/\/monperejeanmamy.fr\/?page_id=2908\">Mercredi 9 mars\u00a0<\/a> : \u00ab <em>nous allons maintenant penser s\u00e9rieusement \u00e0 \u00e9difier une \u0153uvre constructive. Je n&rsquo;aurai peut-\u00eatre que le temps d&rsquo;en faire le plan. Mais qui sait ? [&#8230;]\u00a0C&rsquo;est curieux comme la confiance me p\u00e9n\u00e8tre peu \u00e0 peu. Je crois que je vais passer intact \u00e0 travers l&rsquo;\u00e9preuve. C&rsquo;est encore peu visible. Mais l&rsquo;intuition&#8230;<\/em> \u00bb<\/li>\n<li style=\"text-align: justify;\"><a href=\"http:\/\/monperejeanmamy.fr\/?page_id=2913\">Jeudi 10 mars\u00a0<\/a> : \u00ab <em>Les proc\u00e8s politiques semblent t\u00e9n\u00e9breux, sanguinaires, violents. Les magistrats n&rsquo;y comprennent gu\u00e8re que des luttes \u00e9pouvantables. Pour qu&rsquo;ils puissent juger avec s\u00e9r\u00e9nit\u00e9, on doit leur pr\u00e9senter les motifs puis leur d\u00e9montrer la bonne foi, la sinc\u00e9rit\u00e9, la loyaut\u00e9 qui animaient certains combattants du parti le plus d\u00e9cri\u00e9. Pour moi, il ne s&rsquo;agit pas <u>d&rsquo;amnistie<\/u>, mais de <u>justice<\/u>. L&rsquo;amnistie suppose la culpabilit\u00e9. \u00bb<\/em><\/li>\n<li style=\"text-align: justify;\"><a href=\"http:\/\/monperejeanmamy.fr\/?page_id=2918\">Vendredi 18 mars\u00a0<\/a> : \u00ab <em>J&rsquo;ai \u00e9t\u00e9 un peu secou\u00e9 ce matin au r\u00e9veil. On est venu chercher un de mes camarades [&#8230;] dont la condamnation pr\u00e9c\u00e9dait la mienne de huit jours. Et [&#8230;] je me demandai si&#8230; ce n&rsquo;\u00e9tait pas aussi pour moi [&#8230;]\u00a0J&rsquo;avoue que si on me graciait, cela me semblerait un de ces \u00e9v\u00e9nements heureux extraordinaires dont j&rsquo;ai perdu l&rsquo;habitude dans ma vie depuis presque toujours.<\/em> \u00bb<\/li>\n<li style=\"text-align: justify;\"><a href=\"http:\/\/monperejeanmamy.fr\/?page_id=2923\">Dimanche 20 mars\u00a0<\/a> : \u00ab <em>j&rsquo;ai vu Leroy hier matin. Il est convoqu\u00e9 mardi<\/em>\u00a0 [&#8230;] <em>Pourra-t-il me renseigner mieux mercredi apr\u00e8s sa visite au Pr\u00e9sident. Je crois que les huit jours qui suivent seront difficiles \u00e0 attendre\u00bb<\/em><\/li>\n<li style=\"text-align: justify;\"><a href=\"http:\/\/monperejeanmamy.fr\/?page_id=2927\">Mardi 22 mars\u00a0<\/a> : \u00ab <em> la vie n\u2019a d\u2019importance que sur un certain plan. Gr\u00e2ce ou ex\u00e9cution, c\u2019est tout un si on reste sur le plan d\u2019en bas. [&#8230;]\u00a0 Quelle que soit la solution que les hommes pr\u00e9tendent ordonner [&#8230;]\u00a0 nous sommes toujours, si nous le comprenons, dans la <u>gr\u00e2ce<\/u> la plus haute, qui ne saurait jamais \u00eatre interrompue. <\/em> \u00bb<\/li>\n<li style=\"text-align: justify;\"><a href=\"http:\/\/monperejeanmamy.fr\/?page_id=2934\">Vendredi 25 mars<\/a>\u00a0 : \u00ab <em>J&rsquo;ai vu Leroy. J&rsquo;ai tr\u00e8s bonne impression. Au point que cet apr\u00e8s-midi, tout d\u00e9tendu, j&rsquo;ai baguenaud\u00e9 dans mon pr\u00e9au au soleil pendant trois heures. On ne marche pas tr\u00e8s vite avec les cha\u00eenes, mais il faisait bon \u2014et j&rsquo;\u00e9tais si calme. Il y a m\u00eame longtemps que je n&rsquo;avais pas \u00e9prouv\u00e9 tant de paix<\/em>. \u00bb<\/li>\n<li style=\"text-align: justify;\"><a href=\"http:\/\/monperejeanmamy.fr\/?page_id=2938\">Lundi 28 mars, <span style=\"font-family: Century Gothic;\"><span style=\"color: #000000;\"><span style=\"font-size: medium;\">1<\/span><sup><span style=\"font-size: small;\">\u00e8re<\/span><\/sup><\/span> <\/span>lettre\u00a0<\/a> : \u00ab <em>Mon Dieu ! Quelle lettre nerveuse, angoiss\u00e9e. parce qu&rsquo;il nous faut attendre quelques heures. Voil\u00e0 o\u00f9 une compr\u00e9hension plus haute que la terre fait du bien [&#8230;] Je n&rsquo;attends pas la gr\u00e2ce. J&rsquo;ai la gr\u00e2ce. la r\u00e9elle, celle que l&rsquo;Amour donne \u00e0 ceux qui en sont dignes.<\/em>\u00a0\u00bb<\/li>\n<li style=\"text-align: justify;\"><a href=\"http:\/\/monperejeanmamy.fr\/?page_id=2946\">Lundi 28 mars, 2<sup>\u00e8me<\/sup> lettre\u00a0<\/a> : \u00ab <em>Au cas o\u00f9&#8230; je te donne les derni\u00e8res recommandations :<\/em>\n<ol>\n<li style=\"text-align: justify;\"><em>Je te r\u00e9p\u00e8te [&#8230;]\u00a0tu es ma femme, ma compagne, la seule qui m&rsquo;ait aid\u00e9 et compris, et celle avec qui je serais rest\u00e9 toujours. [&#8230;] Tu \u00e9l\u00e8veras Fr\u00e9d\u00e9ric selon les id\u00e9es les plus hautes [&#8230;] <\/em><em>Aime cet enfant, conduis le, dirige le. Qu&rsquo;il devienne un homme pur, int\u00e8gre, fort. Qu&rsquo;il soit habile dans un m\u00e9tier s\u00fbr. [&#8230;] Refais ta vie s&rsquo;il le faut. Tu ne dois rien n\u00e9gliger pour trouver le calme, l&rsquo;aisance, la paix. Je suis toujours avec toi.<\/em><\/li>\n<li style=\"text-align: justify;\"><em>Publiez tout. [&#8230;] tu expurgeras toutes les phrases qui peuvent \u00eatre blessantes pour quelques gens de Fresnes [&#8230;] <\/em><em>Pour les pi\u00e8ces, elles sont toutes jouables. <\/em><\/li>\n<li style=\"text-align: justify;\"><em>Tu t&rsquo;occuperas de ma m\u00e8re le plus possible, pour qu&rsquo;elle puisse aller jusqu&rsquo;au bout de son exp\u00e9rience dignement et simplement. \u00bb<\/em><\/li>\n<\/ol>\n<\/li>\n<\/ul>\n","protected":false},"excerpt":{"rendered":"<p>Dimanche 2 janvier\u00a0 : \u00ab J&rsquo;ai vu Leroy cet apr\u00e8s-midi. Tr\u00e8s calm\u00e9, objectif, ayant d\u00e9j\u00e0 r\u00e9fl\u00e9chi un peu \u00e0 tout, voyant les choses prudemment (il a raison) sans enthousiasme (c&rsquo;est plus s\u00fbr), mais calculant les chances [&#8230;] Je ne suis &hellip; <a href=\"https:\/\/monperejeanmamy.fr\/?page_id=1330\">Continuer la lecture <span class=\"meta-nav\">&rarr;<\/span><\/a><\/p>\n","protected":false},"author":2,"featured_media":11,"parent":0,"menu_order":0,"comment_status":"closed","ping_status":"closed","template":"","meta":[],"folder":[],"_links":{"self":[{"href":"https:\/\/monperejeanmamy.fr\/index.php?rest_route=\/wp\/v2\/pages\/1330"}],"collection":[{"href":"https:\/\/monperejeanmamy.fr\/index.php?rest_route=\/wp\/v2\/pages"}],"about":[{"href":"https:\/\/monperejeanmamy.fr\/index.php?rest_route=\/wp\/v2\/types\/page"}],"author":[{"embeddable":true,"href":"https:\/\/monperejeanmamy.fr\/index.php?rest_route=\/wp\/v2\/users\/2"}],"replies":[{"embeddable":true,"href":"https:\/\/monperejeanmamy.fr\/index.php?rest_route=%2Fwp%2Fv2%2Fcomments&post=1330"}],"version-history":[{"count":12,"href":"https:\/\/monperejeanmamy.fr\/index.php?rest_route=\/wp\/v2\/pages\/1330\/revisions"}],"predecessor-version":[{"id":2952,"href":"https:\/\/monperejeanmamy.fr\/index.php?rest_route=\/wp\/v2\/pages\/1330\/revisions\/2952"}],"wp:featuredmedia":[{"embeddable":true,"href":"https:\/\/monperejeanmamy.fr\/index.php?rest_route=\/wp\/v2\/media\/11"}],"wp:attachment":[{"href":"https:\/\/monperejeanmamy.fr\/index.php?rest_route=%2Fwp%2Fv2%2Fmedia&parent=1330"}],"wp:term":[{"taxonomy":"folder","embeddable":true,"href":"https:\/\/monperejeanmamy.fr\/index.php?rest_route=%2Fwp%2Fv2%2Ffolder&post=1330"}],"curies":[{"name":"wp","href":"https:\/\/api.w.org\/{rel}","templated":true}]}}