{"id":1334,"date":"2021-03-11T14:10:54","date_gmt":"2021-03-11T13:10:54","guid":{"rendered":"http:\/\/monperejeanmamy.fr\/?page_id=1334"},"modified":"2021-06-02T19:32:57","modified_gmt":"2021-06-02T17:32:57","slug":"lettres-de-ma-mere-a-mon-pere","status":"publish","type":"page","link":"https:\/\/monperejeanmamy.fr\/?page_id=1334","title":{"rendered":"Lettres de ma m\u00e8re \u00e0 mon p\u00e8re"},"content":{"rendered":"<p style=\"text-align: justify;\">Je poss\u00e8de seulement les lettres que ma m\u00e8re lui a \u00e9crit au cours des trois derniers mois entre sa condamnation (25 d\u00e9cembre 1948) et son ex\u00e9cution (29 mars 1949). Elles ont \u00e9t\u00e9 restitu\u00e9es \u00e0 ma m\u00e8re qui, de son c\u00f4t\u00e9, avait conserv\u00e9 toutes celles que Jean lui avait \u00e9crites depuis janvier 1945.<\/p>\n<p style=\"text-align: justify;\">Extrait de la lettre de Jean Mamy \u00e0 ma m\u00e8re en date du dimanche 20 mars 1949 : \u00ab <em>J&rsquo;ai relu toutes tes lettres depuis trois mois. Elles sont affirmatives. Que de peine tu prends pour me persuader que tout va bien. Je veux bien te croire\u00a0<\/em> \u00bb<\/p>\n<ul>\n<li style=\"text-align: justify;\"><a href=\"http:\/\/monperejeanmamy.fr\/?page_id=3007\">Vendredi 10 d\u00e9cembre 1948 <\/a>: \u00ab <em>je ne redoute pas la nuit de No\u00ebl. Je n&rsquo;ai pas peur du tout. Je crois au P\u00e8re No\u00ebl ! Et puis j&rsquo;ai confiance en toi.<\/em> \u00bb<\/li>\n<li style=\"text-align: justify;\"><a href=\"http:\/\/monperejeanmamy.fr\/?page_id=3010\">Mardi 14 d\u00e9cembre 1948<\/a> : \u00ab <em>Plus cette affaire approche, plus elle me tourmente [&#8230;]\u00a0j&rsquo;ai confiance. Et puis, Me Leroy me parait aussi tr\u00e8s bien et tr\u00e8s acharn\u00e9 \u00e0 te tirer de l\u00e0.<\/em> \u00bb<\/li>\n<li style=\"text-align: justify;\"><a href=\"http:\/\/monperejeanmamy.fr\/?page_id=3016\">Lundi 20 d\u00e9cembre 1948<\/a> : \u00ab <em>Tu as \u00e9t\u00e9 tr\u00e8s digne, tr\u00e8s bien. J&rsquo;en suis s\u00fbre, moi, que tu n&rsquo;as rien fait de mal. <em>Et j&rsquo;attends avec confiance la nuit de No\u00ebl<\/em>.<\/em> \u00bb<\/li>\n<li style=\"text-align: justify;\"><a href=\"http:\/\/monperejeanmamy.fr\/?page_id=3022\">Jeudi 23 d\u00e9cembre 1948<\/a> : \u00ab\u00a0<em>Je ne sais pas quel sera le verdict ? Mais quel qu&rsquo;il soit [&#8230;]\u00a0je ferai tout pour obtenir ta gr\u00e2ce.<\/em> \u00bb<\/li>\n<li style=\"text-align: justify;\"><a href=\"http:\/\/monperejeanmamy.fr\/?page_id=3025\">Samedi 25 d\u00e9cembre 1948<\/a> : \u00ab <em>Tu m&rsquo;avais promis un beau No\u00ebl ! &#8230; ? Et sans doute, avais-tu raison [&#8230;] <em>C&rsquo;est la premi\u00e8re fois, depuis des ann\u00e9es, que je re\u00e7ois un baiser si tendre et que je sens, \u00e0 nouveau, autour de mes \u00e9paules, tes deux bras me serrer contre toi. <em>Oui, c&rsquo;est un beau No\u00ebl !<\/em><\/em><\/em> \u00bb<\/li>\n<li style=\"text-align: justify;\"><a href=\"http:\/\/monperejeanmamy.fr\/?page_id=3030\">Mardi 28 d\u00e9cembre 1948<\/a> : \u00ab <em>Nous organisons ton sauvetage. La mer \u00e9tait d\u00e9cha\u00een\u00e9e. Nous n&rsquo;avons pas pu \u00e9viter le naufrage. Mais les vents ont tourn\u00e9. Nos canots sont solides, nos marins habiles et prudents. Et d\u00e9j\u00e0 on aper\u00e7oit la rive.<\/em> \u00bb<\/li>\n<li style=\"text-align: justify;\"><a href=\"http:\/\/monperejeanmamy.fr\/?page_id=3035\">Lundi 3 janvier 1949<\/a> : \u00ab <em> Sais-tu que tu n&rsquo;es gu\u00e8re diff\u00e9rent des autres ? Ni meilleur, ni pire : un homme avec des d\u00e9fauts et des qualit\u00e9s. Regarde-toi, Mon ch\u00e9ri : conviens que tu n&rsquo;as rien d&rsquo;un ange&#8230; <\/em> \u00bb<\/li>\n<li style=\"text-align: justify;\"><a href=\"http:\/\/monperejeanmamy.fr\/?page_id=3042\">Dimanche 9 janvier 1949<\/a> : \u00ab <em>Tu ne me parles pas de Fr\u00e9d\u00e9ric ? As-tu oubli\u00e9 ce bout d\u2019chou ? Veux-tu bien vite, m\u2019envoyer des baisers pour lui. C\u2019est un ange.<\/em> \u00bb<\/li>\n<li style=\"text-align: justify;\"><a href=\"http:\/\/monperejeanmamy.fr\/?page_id=3047\">Jeudi 13 janvier 1949<\/a> : \u00ab <em>Je suis affreusement gripp\u00e9e [&#8230;]\u00a0je n\u2019ai plus de voix (ce qui me g\u00e8ne beaucoup pour crier apr\u00e8s Fr\u00e9d\u00e9ric).\u00a0<\/em>\u00bb<\/li>\n<li style=\"text-align: justify;\"><a href=\"http:\/\/monperejeanmamy.fr\/?page_id=3052\">Samedi 15 janvier 1949<\/a> : \u00ab <em>Je voudrais \u00eatre la premi\u00e8re \u00e0 t&rsquo;annoncer que tu es graci\u00e9, puis que ta peine est r\u00e9duite \u00e0 20 ans, puis \u00e0 10, puis que tu es en libert\u00e9 conditionnelle, et puis que tu es tout \u00e0 fait libre et que cette histoire est compl\u00e8tement oubli\u00e9e<\/em> \u00bb<\/li>\n<li style=\"text-align: justify;\"><a href=\"http:\/\/monperejeanmamy.fr\/?page_id=3057\">Lundi 17 janvier 1949<\/a> : \u00ab <em>J&rsquo;ai appris, cet apr\u00e8s-midi, au Palais, le rejet de ton pourvoi. Ce n&rsquo;est pas une surprise. Nous nous y attendions. On ne m&rsquo;avait pas laiss\u00e9 esp\u00e9rer long d\u00e9lai.<\/em> \u00bb<\/li>\n<li style=\"text-align: justify;\"><a href=\"http:\/\/monperejeanmamy.fr\/?page_id=3061\">Jeudi 20 janvier 1949<\/a> : \u00ab <em>Ce soir, je vais vite me coucher. Je tombe de sommeil. Je vais tout de suite m&rsquo;endormir. Je voudrais ne me r\u00e9veiller que le jour o\u00f9 je te trouverai \u00e0 c\u00f4t\u00e9 de moi<\/em>.\u00bb<\/li>\n<li style=\"text-align: justify;\"><a href=\"http:\/\/monperejeanmamy.fr\/?page_id=3067\">Dimanche 23 janvier 1949<\/a> : \u00ab\u00a0<em>pouvoir embarquer tous les deux (tous les trois)&#8230; (tous les quatre, car, entre les quelques heures qui s\u00e9pareront la lib\u00e9ration du d\u00e9part, Catherine se sera peut-\u00eatre d\u00e9j\u00e0 manifest\u00e9e)<\/em> \u00bb<\/li>\n<li style=\"text-align: justify;\"><a href=\"http:\/\/monperejeanmamy.fr\/?page_id=3071\">Mercredi 26 janvier 1949<\/a> : \u00ab <em>Douterais-tu de ma puissance, par hasard ? Je t&rsquo;ai toujours dit que je r\u00e9servais mes gros atouts pour la fin. On y arrive. Je les jette sur le tapis. Et on gagne la partie. Aujourd&rsquo;hui, par exemple, aujourd&rsquo;hui m\u00eame, c&rsquo;est un as, un as des as, que j&rsquo;abats sur le tapis. Un as, c&rsquo;est tr\u00e8s fort, n&rsquo;est-ce pas ?<\/em> \u00bb<\/li>\n<li style=\"text-align: justify;\"><a href=\"http:\/\/monperejeanmamy.fr\/?page_id=3077\">Jeudi 27 janvier 1949<\/a> : \u00ab <em>Je ne crains qu&rsquo;une chose, moi. C&rsquo;est qu&rsquo;un de ces jours \u2014o\u00f9 tu trouveras encore \u00ab\u00a0<\/em>que la vie humaine ne t&rsquo;offre pas de c\u00f4t\u00e9s riants, ne t&rsquo;en a jamais beaucoup offert<em>\u00a0\u00bb\u2014 tu me reproches de ne pas t&rsquo;avoir laiss\u00e9 fusiller.<\/em> \u00bb<\/li>\n<li style=\"text-align: justify;\"><a href=\"http:\/\/monperejeanmamy.fr\/?page_id=3082\">Mardi 1<sup>er<\/sup> f\u00e9vrier 1949<\/a> : \u00ab .<em>tu as tort de penser que certains cherchent \u00e0 te \u00ab\u00a0noircir\u00a0\u00bb davantage (tu t&rsquo;en es suffisamment charg\u00e9 ; on ne pourrait gu\u00e8re faire mieux dans ce sens).<\/em>\u00bb<\/li>\n<li style=\"text-align: justify;\"><a href=\"http:\/\/monperejeanmamy.fr\/?page_id=3087\">Mercredi 2 f\u00e9vrier 1949<\/a> : \u00ab Je <em>suis s\u00fbre que le printemps nous sera favorable.<\/em> \u00bb<\/li>\n<li style=\"text-align: justify;\"><a href=\"http:\/\/monperejeanmamy.fr\/?page_id=3091\">Dimanche 6 f\u00e9vrier 1949<\/a> : \u00ab <em>Je voudrais que Fr\u00e9d\u00e9ric, quand il sera grand, n&rsquo;aille jamais voir un film (ou pi\u00e8ce) politique ou d&rsquo;espionnage.<\/em> \u00bb<\/li>\n<li style=\"text-align: justify;\"><a href=\"http:\/\/monperejeanmamy.fr\/?page_id=3094\">Lundi 7 f\u00e9vrier 1949<\/a> : \u00ab <em>Je pr\u00e9f\u00e8re te d\u00e9fendre moi-m\u00eame. C&rsquo;est que je m&rsquo;y entends, sais-tu \u00e0 te d\u00e9fendre. (Pour un peu, j&rsquo;arriverais \u00e0 me persuader moi-m\u00eame, que tout ce que tu fais est bien fait,&#8230; tant je veux en persuader les autres).<\/em> \u00bb<\/li>\n<li style=\"text-align: justify;\"><a href=\"http:\/\/monperejeanmamy.fr\/?page_id=3097\">Mardi 8 f\u00e9vrier 1949<\/a> : \u00ab <em>ce soir sur le journal que \u00ab\u00a0<\/em>deux espions, d\u00e9j\u00e0 condamn\u00e9s \u00e0 mort en France, \u00e9taient jug\u00e9s en Suisse&#8230; etc&#8230; etc&#8230;\u00a0<em>\u00bb\u00a0\u00bb. Ce n&rsquo;est pas que je craigne le verdict des juges helv\u00e9tiques. Je sais bien qu&rsquo;on ne te fusillera pas deux fois.<\/em> \u00bb<\/li>\n<li style=\"text-align: justify;\"><a href=\"http:\/\/monperejeanmamy.fr\/?page_id=3101\">Vendredi 11 f\u00e9vrier 1949<\/a> : \u00ab <em>J&rsquo;aurais d\u00fb attendre de voir Me Leroy avant de t&rsquo;alarmer avec l&rsquo;histoire suisse. Elle n&rsquo;a pas du tout l&rsquo;air de l&rsquo;inqui\u00e9ter.<\/em> \u00bb<\/li>\n<li style=\"text-align: justify;\"><a href=\"http:\/\/monperejeanmamy.fr\/?page_id=3104\">Lundi 14 f\u00e9vrier 1949 <\/a>: \u00ab <em>Je ne sais pas encore ce que donnera le nouveau Ministre. A premi\u00e8re vue, \u00e7a me parait de bonne augure<\/em>. \u00bb<\/li>\n<li style=\"text-align: justify;\"><a href=\"http:\/\/monperejeanmamy.fr\/?page_id=3108\">Vendredi 18 f\u00e9vrier 1949<\/a> : \u00ab <em>Tout ce que tu m&rsquo;as racont\u00e9 concernant Catherine m&rsquo;a \u00e9t\u00e9 tr\u00e8s agr\u00e9able.<\/em> \u00bb<\/li>\n<li style=\"text-align: justify;\"><a href=\"http:\/\/monperejeanmamy.fr\/?page_id=3112\">Lundi 21 f\u00e9vrier 1949<\/a> : \u00ab <em>Certains journaux de ce matin parlaient d&rsquo;une r\u00e9volte chez vous. Mais je crois que \u00e7a n&rsquo;est pas tout \u00e0 fait vrai<\/em>. \u00bb<\/li>\n<li style=\"text-align: justify;\"><a href=\"http:\/\/monperejeanmamy.fr\/?page_id=3115\">Vendredi 25 f\u00e9vrier 1949<\/a> : \u00ab <em>J&rsquo;ai su que tu \u00e9tais actuellement chez le Garde des Sceaux. J&rsquo;en ai aussit\u00f4t inform\u00e9 Leroy, afin qu&rsquo;il fasse les d\u00e9marches n\u00e9cessaires.<\/em> \u00bb<\/li>\n<li style=\"text-align: justify;\"><a href=\"http:\/\/monperejeanmamy.fr\/?page_id=3118\">Mardi 1<sup>er<\/sup> mars 1949<\/a> : \u00ab <em>Fr\u00e9d\u00e9ric a pass\u00e9 la journ\u00e9e\u00a0 [&#8230;]\u00a0sur les Grands Boulevards, \u00e0 la recherche de quelques d\u00e9guis\u00e9s. Et maintenant il dort, en r\u00eavant sans doute \u00e0 quelque colombine ou \u00e0 quelque marquise..<\/em> \u00bb<\/li>\n<li style=\"text-align: justify;\"><a href=\"http:\/\/monperejeanmamy.fr\/?page_id=3124\">Samedi 5 mars 1949<\/a> : \u00ab <em>J&rsquo;ai re\u00e7u, ce matin, ta lettre du 3. [&#8230;]\u00a0\u2014sur la derni\u00e8re ligne\u2014 tu \u00ab<\/em>\u00a0m&#8217;embrasses comme il n&rsquo;est pas possible<em>\u00a0\u00bb. J&rsquo;aimerais, moi, qu&rsquo;il soit possible que tu m&#8217;embrasses. <\/em> \u00bb<\/li>\n<li style=\"text-align: justify;\"><a href=\"http:\/\/monperejeanmamy.fr\/?page_id=3128\">Lundi 7 mars 1949\u00a0<\/a> : \u00ab<em> On me rapporte du Palais une nouvelle qui [&#8230;]\u00a0me parait une bonne nouvelle : un condamn\u00e9 \u00e0 mort de juillet 48 (responsable de 3 morts, dit-on) vient d&rsquo;\u00eatre graci\u00e9<\/em> \u00bb<\/li>\n<li style=\"text-align: justify;\"><a href=\"http:\/\/monperejeanmamy.fr\/?page_id=3131\">Mercredi 9 mars 1949<\/a> : \u00ab <em>Je n&rsquo;aime pas toutes vos histoires guerri\u00e8res o\u00f9 \u2014comme quand Fr\u00e9d\u00e9ric joue \u00e0 la bataille avec ses camarades\u2014 vous voulez tous avoir raison.<\/em> \u00bb<\/li>\n<li style=\"text-align: justify;\"><a href=\"http:\/\/monperejeanmamy.fr\/?page_id=3135\">Vendredi 11 mars 1949<\/a> : \u00ab <em>Je suis de plus en plus s\u00fbre que la d\u00e9cision sera favorable. Et le jour n&rsquo;est peut-\u00eatre pas si \u00e9loign\u00e9 o\u00f9 tu pourras, toi-m\u00eame, mettre en sc\u00e8ne mon sc\u00e9nario Second Empire<\/em> \u00bb<\/li>\n<li style=\"text-align: justify;\"><a href=\"http:\/\/monperejeanmamy.fr\/?page_id=3138\">Mardi 15 mars 19<\/a>49 : \u00ab <em>Rien de nouveau.\u00a0 [&#8230;] <\/em><em>Je n&rsquo;\u00e9cris pas, mais je pense \u00e0 toi.<\/em> \u00bb<\/li>\n<li style=\"text-align: justify;\"><a href=\"http:\/\/monperejeanmamy.fr\/?page_id=3138\">Vendredi 18 mars 1949<\/a> : \u00ab Je <em>lis dans les journaux du soir l&rsquo;ex\u00e9cution de ce matin, et \u2014bien que j&rsquo;aie, en ce qui te concerne, les meilleures nouvelles\u2014 j&rsquo;en suis toute \u00e9mue<\/em>. \u00bb<\/li>\n<li style=\"text-align: justify;\"><a href=\"http:\/\/monperejeanmamy.fr\/?page_id=3145\">Samedi 19 mars 1949<\/a> : \u00ab <em>J&rsquo;ai vu Leroy \u00e0 deux heures, \u00e0 son retour de Fresnes. Il m&rsquo;a fait part de la convocation qu&rsquo;il a re\u00e7ue pour mardi<\/em>. \u00bb<\/li>\n<li style=\"text-align: justify;\"><a href=\"http:\/\/monperejeanmamy.fr\/?page_id=3148\">Dimanche 20 mars 1949<\/a> : \u00ab <em>Autant je sentais, du 1<sup><span style=\"font-size: small;\">er<\/span><\/sup> au dernier jour, la condamnation. Autant, je suis s\u00fbre de la gr\u00e2ce.<\/em> \u00bb<\/li>\n<li style=\"text-align: justify;\"><a href=\"http:\/\/monperejeanmamy.fr\/?page_id=3151\">Dimanche 20 mars 1949 (lettre de Fr\u00e9d\u00e9ric)<\/a> : \u00ab <em>Papa ch\u00e9ri,\u00a0<em>Je t\u2019envoie un gros baiser et puis quand ce s\u2019ra tes \u00e9trennes on t\u2019enverra une belle rose avec une petite s\u0153ur [&#8230;] <\/em><em>Je t\u2019attends bient\u00f4t pour jouer avec toi,<\/em><\/em> \u00bb<\/li>\n<li style=\"text-align: justify;\"><a href=\"http:\/\/monperejeanmamy.fr\/?page_id=3154\">Lundi 21 mars 1949 (17 heures) <\/a>: \u00ab <em>La Radio de midi et les journaux de ce soir annoncent : \u00ab\u00a0<\/em>Le Pr\u00e9sident devra garder la chambre pendant quelques jours, \u00e0 la suite d&rsquo;un refroidissement. <u>Ses audiences et ses visites sont remises \u00e0 une date ult\u00e9rieure<\/u>\u00a0<em>\u00bb. Je t&rsquo;en avise aussit\u00f4t, avant m\u00eame d&rsquo;avoir eu par Me Leroy la confirmation qu&rsquo;il n&rsquo;irait pas, demain \u00e0 l&rsquo;\u00c9lys\u00e9e. Je m&rsquo;en r\u00e9jouis.<\/em> \u00bb<\/li>\n<li style=\"text-align: justify;\"><a href=\"http:\/\/monperejeanmamy.fr\/?page_id=3161\">Lundi 21 mars 1949 (soir) :<\/a> \u00ab <em>Me Leroy, que j&rsquo;ai eu tout \u00e0 l&rsquo;heure au t\u00e9l\u00e9phone, m&rsquo;a dit qu&rsquo;il serait convoqu\u00e9 pour jeudi [&#8230;] Il ne faut donc pas compter qu&rsquo;une d\u00e9cision soit prise avant la semaine prochaine. Tant-pis ! Nous attendrons le dimanche suivant pour crier victoire<\/em>. \u00bb<\/li>\n<li style=\"text-align: justify;\"><a href=\"http:\/\/monperejeanmamy.fr\/?page_id=3163\">Mardi 22 mars 1949<\/a> : \u00ab<em>\u00c0 tout prendre, je pr\u00e9f\u00e8re encore que tu fasses de la politique. Mais \u00e0 l&rsquo;avenir, j&rsquo;en ferai avec toi. Pour veiller \u00e0 tes actes et freiner tes exc\u00e8s. .<\/em> \u00bb<\/li>\n<li style=\"text-align: justify;\"><a href=\"http:\/\/monperejeanmamy.fr\/?page_id=3168\">Mercredi 23 mars 1949<\/a> : \u00ab <em>Tu ne m&rsquo;en voudras pas de ne pas t&rsquo;\u00e9crire ce soir. J&rsquo;ai eu une journ\u00e9e abrutissante de travail. Il est minuit. Je n&rsquo;ai pas cess\u00e9 de taper \u00e0 la machine de toute la soir\u00e9e<\/em>. \u00bb<\/li>\n<li style=\"text-align: justify;\"><a href=\"http:\/\/monperejeanmamy.fr\/?page_id=3172\">Jeudi 24 mars 1949<\/a> : \u00ab<em>\u00a0il me semble que la r\u00e9ception d&rsquo;aujourd&rsquo;hui permet beaucoup d&rsquo;espoir. G\u00e9ranton me disait ce soir que nombreux avocats de ses amis avaient tout de suite devin\u00e9, d&rsquo;apr\u00e8s l&rsquo;accueil du Pr\u00e9sident, que leur client ne s&rsquo;en tirerait pas. L&rsquo;impression que Leroy a retir\u00e9e de la visite, me parait toute diff\u00e9rente. Et je suis s\u00fbre qu&rsquo;il ne me raconte pas d&rsquo;histoires. Si tu es un grand gar\u00e7on \u00e0 qui on peut tout dire, moi, je suis une grande fille qui peut, aussi, tout entendre.<\/em> \u00bb<\/li>\n<li style=\"text-align: justify;\"><a href=\"http:\/\/monperejeanmamy.fr\/?page_id=3175\">Vendredi 25 mars 1949<\/a> : \u00ab <em>Je crois qu&rsquo;il ne faut pas attendre de d\u00e9cision avant mardi prochain.<\/em> \u00bb<\/li>\n<li style=\"text-align: justify;\"><a href=\"http:\/\/monperejeanmamy.fr\/?page_id=3181\">Dimanche 27 mars 1949<\/a> : \u00ab <em>Et je trouve bien cruel de nous laisser si longtemps dans cette affreuse incertitude. Car sais-tu bien que je serais inconsolable si je devais te perdre ? Te rends-tu compte de la place que, depuis quinze ans, tu as pris dans mes pens\u00e9es ? <\/em>\u00bb<\/li>\n<\/ul>\n","protected":false},"excerpt":{"rendered":"<p>Je poss\u00e8de seulement les lettres que ma m\u00e8re lui a \u00e9crit au cours des trois derniers mois entre sa condamnation (25 d\u00e9cembre 1948) et son ex\u00e9cution (29 mars 1949). Elles ont \u00e9t\u00e9 restitu\u00e9es \u00e0 ma m\u00e8re qui, de son c\u00f4t\u00e9, &hellip; <a href=\"https:\/\/monperejeanmamy.fr\/?page_id=1334\">Continuer la lecture <span class=\"meta-nav\">&rarr;<\/span><\/a><\/p>\n","protected":false},"author":2,"featured_media":11,"parent":0,"menu_order":0,"comment_status":"closed","ping_status":"closed","template":"","meta":[],"folder":[],"_links":{"self":[{"href":"https:\/\/monperejeanmamy.fr\/index.php?rest_route=\/wp\/v2\/pages\/1334"}],"collection":[{"href":"https:\/\/monperejeanmamy.fr\/index.php?rest_route=\/wp\/v2\/pages"}],"about":[{"href":"https:\/\/monperejeanmamy.fr\/index.php?rest_route=\/wp\/v2\/types\/page"}],"author":[{"embeddable":true,"href":"https:\/\/monperejeanmamy.fr\/index.php?rest_route=\/wp\/v2\/users\/2"}],"replies":[{"embeddable":true,"href":"https:\/\/monperejeanmamy.fr\/index.php?rest_route=%2Fwp%2Fv2%2Fcomments&post=1334"}],"version-history":[{"count":26,"href":"https:\/\/monperejeanmamy.fr\/index.php?rest_route=\/wp\/v2\/pages\/1334\/revisions"}],"predecessor-version":[{"id":3183,"href":"https:\/\/monperejeanmamy.fr\/index.php?rest_route=\/wp\/v2\/pages\/1334\/revisions\/3183"}],"wp:featuredmedia":[{"embeddable":true,"href":"https:\/\/monperejeanmamy.fr\/index.php?rest_route=\/wp\/v2\/media\/11"}],"wp:attachment":[{"href":"https:\/\/monperejeanmamy.fr\/index.php?rest_route=%2Fwp%2Fv2%2Fmedia&parent=1334"}],"wp:term":[{"taxonomy":"folder","embeddable":true,"href":"https:\/\/monperejeanmamy.fr\/index.php?rest_route=%2Fwp%2Fv2%2Ffolder&post=1334"}],"curies":[{"name":"wp","href":"https:\/\/api.w.org\/{rel}","templated":true}]}}