{"id":1338,"date":"2021-03-11T14:25:39","date_gmt":"2021-03-11T13:25:39","guid":{"rendered":"http:\/\/monperejeanmamy.fr\/?page_id=1338"},"modified":"2024-01-18T17:21:48","modified_gmt":"2024-01-18T16:21:48","slug":"fresnes-lettre-n001-8-janvier-1945","status":"publish","type":"page","link":"https:\/\/monperejeanmamy.fr\/?page_id=1338","title":{"rendered":"JM \u00e0 JR (Fresnes 45\/01\/07)"},"content":{"rendered":"<p><strong>\u00a0<\/strong><a href=\"http:\/\/monperejeanmamy.fr\/?page_id=1322\"><img loading=\"lazy\" class=\"wp-image-1352 alignleft\" src=\"http:\/\/monperejeanmamy.fr\/wp-content\/uploads\/2021\/03\/Lettre-precedente.jpg\" alt=\"\" width=\"143\" height=\"78\" \/><\/a><a href=\"http:\/\/monperejeanmamy.fr\/?page_id=1344\"><img loading=\"lazy\" class=\"alignright wp-image-1353\" src=\"http:\/\/monperejeanmamy.fr\/wp-content\/uploads\/2021\/03\/Lettre-suivante.jpg\" alt=\"\" width=\"139\" height=\"76\" \/><\/a><\/p>\n<p style=\"text-align: center;\"><strong>Lundi 7 janvier 1945<\/strong><\/p>\n<p style=\"text-align: center;\">Jeannette ch\u00e9rie,<\/p>\n<p style=\"text-align: justify;\">Tu \u00e9tais bien jolie derri\u00e8re le grillage l&rsquo;autre jour, et surtout de bonne et \u00e9gale humeur. Et tu ne savais trop si tu allais \u00eatre d\u00e9\u00e7ue ou contente. Et tu \u00e9tais timide quand tu as demand\u00e9 \u00ab\u00a0<em>Alors, tu as quelque chose \u00e0 me dire <\/em>?\u00a0\u00bb. Des fois que ce ne soit pas pour toi seule qu&rsquo;on t&rsquo;ait fait venir, mais dans un but \u00e9go\u00efstement int\u00e9ress\u00e9. Et bien voil\u00e0, tu es partie avec le plus gros reproche du monde: \u00ab\u00a0<em>tu ne m&rsquo;\u00e9cris pas assez<\/em>\u00a0\u00bb. Parce que figure-toi, j&rsquo;ai besoin de savoir ce qui se passe tout au fond de l&rsquo;esprit et du c\u0153ur des petites filles qui pr\u00e9tendent s&rsquo;int\u00e9resser \u00e0 notre humble personne, et ce <img loading=\"lazy\" class=\"alignright size-medium wp-image-1432\" src=\"http:\/\/monperejeanmamy.fr\/wp-content\/uploads\/2021\/03\/Parloir-Fresnes-199x300.jpg\" alt=\"\" width=\"199\" height=\"300\" srcset=\"https:\/\/monperejeanmamy.fr\/wp-content\/uploads\/2021\/03\/Parloir-Fresnes-199x300.jpg 199w, https:\/\/monperejeanmamy.fr\/wp-content\/uploads\/2021\/03\/Parloir-Fresnes.jpg 372w\" sizes=\"(max-width: 199px) 100vw, 199px\" \/>n&rsquo;est qu&rsquo;\u00e0 travers les mille et un \u00e9crits qu&rsquo;on peut commencer \u00e0 voir clair&#8230; ou s&rsquo;y perdre. Toutefois, j&rsquo;aime autant te dire pour ch\u00e2tier ton \u00e9pouvantable orgueil (oh! que je suis m\u00e9chant), ta tyrannie amoureuse (mais que je suis donc mauvais) que n&rsquo;attendant plus rien de personne dans cette sacr\u00e9e vie animale, mais au contraire me r\u00e9servant des sensations augustes, r\u00e9prouv\u00e9es par les mortels, ni les amours humaines, ni les tristesses, ni les plaisirs, ni les douleurs n&rsquo;ont plus le pouvoir de m&rsquo;\u00e9prouver. Ce n&rsquo;est pas de l&rsquo;insensibilit\u00e9 comme tu peux le croire, mais au contraire de la super-sensibilit\u00e9 sur un plan inaccessible aux \u00e9motions (comme tu dois \u00eatre malheureuse apr\u00e8s ces phrases. Aussi je t&#8217;embrasse avec toute la tendresse d\u00e9sirable, exactement comme la maman dorlote son b\u00e9b\u00e9 apr\u00e8s la teinture d&rsquo;iode ou la purge). Note bien que ma prose ne tend pas au r\u00e9vulsif et je te prie de ne pas consid\u00e9rer cette lettre comme un m\u00e9dicament. Tr\u00eave de plaisanterie.<\/p>\n<p style=\"text-align: justify;\">Toute la semaine j&rsquo;ai pens\u00e9 \u00e0 toi et au Canada \u2014puis au Canada et \u00e0 toi\u2014 On verra bien. Est-ce qu&rsquo;il te plairait de coudre ensemble des peaux de b\u00eate, et de diriger une ferme-laiterie? C&rsquo;est tr\u00e8s fatiguant, mais on est toujours s\u00fbr d&rsquo;avoir au moins \u00bd cochon et un sac de pommes de terre devant soi. Quant \u00e0 la vie citadine, r\u00e9servons cette joie aux amateurs de bombe atomique ou de cr\u00e9mation au phosphore. La \u00ab\u00a0terre promise\u00a0\u00bb, c&rsquo;est le coin o\u00f9 l&rsquo;on pourra p\u00eacher \u00e0 la ligne sans risquer un ordre de mobilisation qui conduit infailliblement \u00e0 la gloire d&rsquo;\u00eatre inscrit sur un marbre communal pour le bon plaisir des chiens du quartier. Tr\u00eave d&rsquo;aigreurs, on risquerait de devenir misanthrope et je ne le peux, ni ne le veux, ayant lu Rabelais et la Bible toute la semaine, l&rsquo;une faisant dig\u00e9rer l&rsquo;autre.<\/p>\n<p style=\"text-align: justify;\">Tu as bien de la chance de vivre dans cette belle France d&rsquo;aujourd&rsquo;hui. Apr\u00e8s les d\u00e9fil\u00e9s d&rsquo;hier, tu peux voir les queues \u00e0 la porte des boulangeries et tu auras les \u00e9motions palpitantes de la gr\u00e8ve g\u00e9n\u00e9rale. Nous allons vers le grand soir, supr\u00eame beaut\u00e9 du d\u00e9sordre. Un N\u00e9ron se r\u00e9jouirait de voir tant de flammes dans les esprits, jusqu&rsquo;au jour o\u00f9 la ville br\u00fblera pour de bon, car on commence par les cerveaux et l&rsquo;on finit par les maisons. Ce monde est indigne de vivre. Il est au dessous de la civilisation des castors. Une fourmili\u00e8re, une ruche, t\u00e9moignent plus d&rsquo;harmonie. Au moins les abeilles ne bouffent pas leurs reines. Elles savent qu&rsquo;aussit\u00f4t elles en cr\u00e8vent.<\/p>\n<p style=\"text-align: justify;\">Je suppose que tu n&rsquo;attends pas de ma lettre des digressions politiques, mais qu&rsquo;il conviendrait que je satisfasse, ou plut\u00f4t que j&rsquo;apaise, tes inqui\u00e9tudes sentimentales. Car il me semble, de loin, que Jeannette est encore un peu tremblante sur ce point et qu&rsquo;elle garde en elle-m\u00eame, trop volontiers, la douce illusion que tout le bonheur de la vie, que tout l&rsquo;amour qu&rsquo;elle nous donne, d\u00e9pend d&rsquo;une personne bien fragile, d&rsquo;un homme p\u00e9rissable. Voil\u00e0 alimenter la verve de centaine de philosophes et Panurge a ouvert le d\u00e9bat fameux en de multiples chapitres pour savoir si l&rsquo;on devait ou non b\u00e2tir sa vie sur le sable de l&rsquo;amour charnel. Qu&rsquo;en a-t-il conclu ? Je ne te le dirai point, car il faut lire Rabelais pour le savoir et voil\u00e0 une occupation utile qui peut d\u00e9lasser une m\u00e8re de famille. J&rsquo;ai vu \u00e0 quel point tu \u00e9tais absorb\u00e9e par le travail surhumain que te donne un seul de ces bambins qui doivent \u00eatre la gloire de la g\u00e9n\u00e9ration future. Que sera-ce quand tu en aura douze, et le treizi\u00e8me par dessus le march\u00e9? C&rsquo;est vrai qu&rsquo;\u00e0 partir du troisi\u00e8me on ne s&rsquo;occupe plus du premier. Peut-\u00eatre, si je commence \u00e0 faire de l&rsquo;\u00e9levage, ferai-je aussi celui des enfants? Il me semble utile autant que celui du vison, du renard argent\u00e9, de l&rsquo;hermine, de la taupe martr\u00e9e, et que la culture du champignon et du soja. Je pense que la mentalit\u00e9 du cultivateur doit \u00e9galer pour le moins celle de Jehovah. On se croit vraiment le propri\u00e9taire et le cr\u00e9ateur de quelque chose. Tout cela est bien ridicule, et du grain de bl\u00e9 \u00e0 la goutte de sperme le monde tourne en rond dans les conventions. Est-ce parce que nous sommes (ou nous semblons) promis aux brutalit\u00e9s des tribunaux d&rsquo;exception, mais les hommes commencent \u00e0 ne plus m&rsquo;int\u00e9resser du tout, du tout, du tout. Je ne tiens plus \u00e0 la terre que par le fil de la po\u00e9sie. Et encore, est-ce la terre ? N&rsquo;est-ce pas d\u00e9j\u00e0 le ciel? La plus belle aventure est d&rsquo;exercer un m\u00e9tier, une profession, une mission, \u00e0 quoi les hommes ne comprennent rien. J&rsquo;h\u00e9site encore entre: peintre sur porcelaine, sculpteur de manche de parapluies, photographe pour cartes postales sentimentales, cin\u00e9aste sous-marin ou ornithologue, ou naturellement, mais cela c&rsquo;est le plus grand de tous les m\u00e9tiers, le sommet du plus pur id\u00e9al: chasseur de papillons. Si j&rsquo;\u00e9tais cela, je dessinerai moi-m\u00eame les papillons que je devrais chasser et je courrai toute la vie apr\u00e8s, sans les trouver, mais quelle chasse! Quelles aventures! On dirait presque la recherche de l&rsquo;amour fou lui-m\u00eame.<\/p>\n<p style=\"text-align: justify;\">Tes pantoufles font ma joie, mon bonheur et ma chaleur quotidienne. Gr\u00e2ce \u00e0 elles, je passe des jours quiets, attendant que se d\u00e9clenche en moi l&rsquo;\u00e9tincelle divine qui me permettant de m&rsquo;immat\u00e9rialiser \u2014c&rsquo;est \u00e0 dire de trouver mon identit\u00e9 r\u00e9elle- me rendra capable de passer \u00e0 travers les murs. En attendant, je lime patiemment les vieilles convictions animales que Lucifer, ses anges et les pr\u00e9jug\u00e9s de ce bas monde nous attribu\u00e8rent d\u00e8s cette naissance saugrenue, imb\u00e9cile et inexistante.<\/p>\n<p style=\"text-align: justify;\">Puis-je t&#8217;embrasser encore apr\u00e8s toutes ces folies, sans que tu aies peur d&rsquo;\u00eatre secou\u00e9e par toutes les temp\u00eates de l&rsquo;esprit malin. Rassure-toi. Il n&rsquo;y a pas plus doux, plus secourable, plus gentil, plus pr\u00e9venant que les po\u00e8tes. Ils comprennent si bien le c\u0153ur des femmes et des hommes. Au fond, pourquoi se bat-on? Parce ce qu&rsquo;on a perdu l&rsquo;habitude de penser en beaut\u00e9. Et si l&rsquo;on obligeait tous les citoyens du monde \u00e0 penser et parler en alexandrin, nous irions plus vite sur le chemin de la politesse et de l&rsquo;harmonie. La musique adoucit les m\u0153urs. D\u00e9sormais nous n&rsquo;invectiverons plus nos adversaires qu&rsquo;en chantant.<\/p>\n<p style=\"text-align: justify;\">J&rsquo;attends le colis tout \u00e0 l&rsquo;heure et suis persuad\u00e9 de sa perfection. Veux-tu bien\u00a0:<\/p>\n<ul style=\"text-align: justify;\">\n<li>dire \u00e0 ma m\u00e8re de ne pas mettre de Kub pendant 1 semaine, j&rsquo;ai de la r\u00e9serve pour ce temps.<\/li>\n<li>me procurer un morceau de savon,<\/li>\n<li>lui confier les exemplaires de Gabrielle. Je voudrais que tu gardes chez toi 1 <em>Gabriella<\/em>, 1 <em>Lancelot<\/em>. Fais-le.<\/li>\n<li>embrasser Fr\u00e9d\u00e9ric,<\/li>\n<li>id dans le cou,<\/li>\n<li>lui dire que le P\u00e8re No\u00ebl a pens\u00e9 \u00e0 lui ici, et qu&rsquo;il lui a apport\u00e9 toutes les qualit\u00e9s les plus merveilleuses pour un enfant, dont la tranquillit\u00e9,<\/li>\n<li>embrasser sa m\u00e8re autant qu&rsquo;il faut.<\/li>\n<\/ul>\n<p style=\"text-align: justify;\">Fais-le.<\/p>\n<p>&nbsp;<\/p>\n","protected":false},"excerpt":{"rendered":"<p>\u00a0 Lundi 7 janvier 1945 Jeannette ch\u00e9rie, Tu \u00e9tais bien jolie derri\u00e8re le grillage l&rsquo;autre jour, et surtout de bonne et \u00e9gale humeur. Et tu ne savais trop si tu allais \u00eatre d\u00e9\u00e7ue ou contente. Et tu \u00e9tais timide quand &hellip; <a href=\"https:\/\/monperejeanmamy.fr\/?page_id=1338\">Continuer la lecture <span class=\"meta-nav\">&rarr;<\/span><\/a><\/p>\n","protected":false},"author":2,"featured_media":11,"parent":0,"menu_order":0,"comment_status":"closed","ping_status":"closed","template":"","meta":[],"folder":[],"_links":{"self":[{"href":"https:\/\/monperejeanmamy.fr\/index.php?rest_route=\/wp\/v2\/pages\/1338"}],"collection":[{"href":"https:\/\/monperejeanmamy.fr\/index.php?rest_route=\/wp\/v2\/pages"}],"about":[{"href":"https:\/\/monperejeanmamy.fr\/index.php?rest_route=\/wp\/v2\/types\/page"}],"author":[{"embeddable":true,"href":"https:\/\/monperejeanmamy.fr\/index.php?rest_route=\/wp\/v2\/users\/2"}],"replies":[{"embeddable":true,"href":"https:\/\/monperejeanmamy.fr\/index.php?rest_route=%2Fwp%2Fv2%2Fcomments&post=1338"}],"version-history":[{"count":9,"href":"https:\/\/monperejeanmamy.fr\/index.php?rest_route=\/wp\/v2\/pages\/1338\/revisions"}],"predecessor-version":[{"id":3203,"href":"https:\/\/monperejeanmamy.fr\/index.php?rest_route=\/wp\/v2\/pages\/1338\/revisions\/3203"}],"wp:featuredmedia":[{"embeddable":true,"href":"https:\/\/monperejeanmamy.fr\/index.php?rest_route=\/wp\/v2\/media\/11"}],"wp:attachment":[{"href":"https:\/\/monperejeanmamy.fr\/index.php?rest_route=%2Fwp%2Fv2%2Fmedia&parent=1338"}],"wp:term":[{"taxonomy":"folder","embeddable":true,"href":"https:\/\/monperejeanmamy.fr\/index.php?rest_route=%2Fwp%2Fv2%2Ffolder&post=1338"}],"curies":[{"name":"wp","href":"https:\/\/api.w.org\/{rel}","templated":true}]}}