{"id":1344,"date":"2021-03-11T14:56:24","date_gmt":"2021-03-11T13:56:24","guid":{"rendered":"http:\/\/monperejeanmamy.fr\/?page_id=1344"},"modified":"2021-03-12T19:15:20","modified_gmt":"2021-03-12T18:15:20","slug":"fresnes-lettre-n002-mercredi-14-fevrier-1945","status":"publish","type":"page","link":"https:\/\/monperejeanmamy.fr\/?page_id=1344","title":{"rendered":"JM \u00e0 JR (Fresnes 45\/02\/14)"},"content":{"rendered":"<p style=\"text-align: center;\"><strong>\u00a0<\/strong><a href=\"http:\/\/monperejeanmamy.fr\/?page_id=1338\"><img loading=\"lazy\" class=\"wp-image-1352 alignleft\" src=\"http:\/\/monperejeanmamy.fr\/wp-content\/uploads\/2021\/03\/Lettre-precedente.jpg\" alt=\"\" width=\"143\" height=\"78\" \/><\/a><a href=\"http:\/\/monperejeanmamy.fr\/?page_id=1420\"><img loading=\"lazy\" class=\"alignright wp-image-1353\" src=\"http:\/\/monperejeanmamy.fr\/wp-content\/uploads\/2021\/03\/Lettre-suivante.jpg\" alt=\"\" width=\"139\" height=\"76\" \/><\/a><\/p>\n<p style=\"text-align: center;\"><strong>Mercredi 14 f\u00e9vrier 1945<\/strong><\/p>\n<p style=\"text-align: center;\">Ma ch\u00e8re Jeannette,<\/p>\n<p style=\"text-align: justify;\">Merci pour votre bonne lettre de dimanche que j&rsquo;ai re\u00e7ue aujourd&rsquo;hui.<\/p>\n<p style=\"text-align: justify;\">D&rsquo;apr\u00e8s des nouvelles <u>impr\u00e9cises<\/u> que j&rsquo;ai sues ce soir, je repartirai probablement \u00e0 Charenton d&rsquo;ici peu de temps. Je pense pouvoir vous le faire savoir. Pour l&rsquo;instant, pas besoin d&rsquo;avocat, car je n&rsquo;ai re\u00e7u aucune notification d&rsquo;inculpation.<\/p>\n<p style=\"text-align: justify;\">Mais il faudrait que ma m\u00e8re pr\u00e9vienne ma belle s\u0153ur Nicolle d&rsquo;une d\u00e9marche \u00e0 faire : <u>Il faudrait que le Lieutenant Gousot pr\u00e9vienne le Commandant Vasseur (du B.S.M. boulevard Malesherbes) que je pourrai lui apporter des renseignements utiles et qu&rsquo;il veuille bien me faire appeler d\u00e8s que je serai rentr\u00e9 \u00e0 Charenton<\/u>. (Je suis d\u00e9tenu \u00e0 Charenton \u00e0 la disposition du B.S.M. La chose est donc facile.)<\/p>\n<p style=\"text-align: justify;\">Je voudrais \u00e9galement des nouvelles concernant l&rsquo;appartement de ma femme. Que se passe-t-il pour les meubles?<\/p>\n<p style=\"text-align: justify;\">Merci pour tous vos colis et vos attentions. J&rsquo;esp\u00e8re que tous ces tracas finiront bient\u00f4t.<\/p>\n<p style=\"text-align: justify;\">Bien affectueusement \u00e0 vous et au b\u00e9b\u00e9.<\/p>\n<p style=\"text-align: justify;\">J.<\/p>\n<p style=\"text-align: justify;\">PS. La d\u00e9marche que je demande \u00e0 Gousot est tr\u00e8s importante. Je voudrais \u00e9galement entrer en contact avec lui. Qu&rsquo;il demande \u00e0 me voir \u00e0 Charenton.<\/p>\n<p>&nbsp;<\/p>\n<p>&nbsp;<\/p>\n","protected":false},"excerpt":{"rendered":"<p>\u00a0 Mercredi 14 f\u00e9vrier 1945 Ma ch\u00e8re Jeannette, Merci pour votre bonne lettre de dimanche que j&rsquo;ai re\u00e7ue aujourd&rsquo;hui. D&rsquo;apr\u00e8s des nouvelles impr\u00e9cises que j&rsquo;ai sues ce soir, je repartirai probablement \u00e0 Charenton d&rsquo;ici peu de temps. Je pense pouvoir &hellip; <a href=\"https:\/\/monperejeanmamy.fr\/?page_id=1344\">Continuer la lecture <span class=\"meta-nav\">&rarr;<\/span><\/a><\/p>\n","protected":false},"author":2,"featured_media":11,"parent":0,"menu_order":0,"comment_status":"closed","ping_status":"closed","template":"","meta":[],"folder":[],"_links":{"self":[{"href":"https:\/\/monperejeanmamy.fr\/index.php?rest_route=\/wp\/v2\/pages\/1344"}],"collection":[{"href":"https:\/\/monperejeanmamy.fr\/index.php?rest_route=\/wp\/v2\/pages"}],"about":[{"href":"https:\/\/monperejeanmamy.fr\/index.php?rest_route=\/wp\/v2\/types\/page"}],"author":[{"embeddable":true,"href":"https:\/\/monperejeanmamy.fr\/index.php?rest_route=\/wp\/v2\/users\/2"}],"replies":[{"embeddable":true,"href":"https:\/\/monperejeanmamy.fr\/index.php?rest_route=%2Fwp%2Fv2%2Fcomments&post=1344"}],"version-history":[{"count":7,"href":"https:\/\/monperejeanmamy.fr\/index.php?rest_route=\/wp\/v2\/pages\/1344\/revisions"}],"predecessor-version":[{"id":1429,"href":"https:\/\/monperejeanmamy.fr\/index.php?rest_route=\/wp\/v2\/pages\/1344\/revisions\/1429"}],"wp:featuredmedia":[{"embeddable":true,"href":"https:\/\/monperejeanmamy.fr\/index.php?rest_route=\/wp\/v2\/media\/11"}],"wp:attachment":[{"href":"https:\/\/monperejeanmamy.fr\/index.php?rest_route=%2Fwp%2Fv2%2Fmedia&parent=1344"}],"wp:term":[{"taxonomy":"folder","embeddable":true,"href":"https:\/\/monperejeanmamy.fr\/index.php?rest_route=%2Fwp%2Fv2%2Ffolder&post=1344"}],"curies":[{"name":"wp","href":"https:\/\/api.w.org\/{rel}","templated":true}]}}