{"id":1364,"date":"2021-03-12T16:47:20","date_gmt":"2021-03-12T15:47:20","guid":{"rendered":"http:\/\/monperejeanmamy.fr\/?page_id=1364"},"modified":"2021-04-08T11:40:20","modified_gmt":"2021-04-08T09:40:20","slug":"jm-a-jr-fresnes-45-12-15","status":"publish","type":"page","link":"https:\/\/monperejeanmamy.fr\/?page_id=1364","title":{"rendered":"JM \u00e0 JR (Fresnes 45\/12\/15)"},"content":{"rendered":"<p><strong>\u00a0<\/strong><a href=\"http:\/\/monperejeanmamy.fr\/?page_id=1366\"><img loading=\"lazy\" class=\"wp-image-1352 alignleft\" src=\"http:\/\/monperejeanmamy.fr\/wp-content\/uploads\/2021\/03\/Lettre-precedente.jpg\" alt=\"\" width=\"143\" height=\"78\" \/><\/a><a href=\"http:\/\/monperejeanmamy.fr\/?page_id=1362\"><img loading=\"lazy\" class=\"alignright wp-image-1353\" src=\"http:\/\/monperejeanmamy.fr\/wp-content\/uploads\/2021\/03\/Lettre-suivante.jpg\" alt=\"\" width=\"139\" height=\"76\" \/><\/a><\/p>\n<p style=\"text-align: center;\"><strong>Samedi 15 d\u00e9cembre 1945<\/strong><\/p>\n<p style=\"text-align: center;\">Petite Jeannette si blonde et si ch\u00e9rie (parce que blonde et parce que Jeannette),<\/p>\n<p style=\"text-align: justify;\">Je commence ma lettre un samedi. Veuille noter cette attention particuli\u00e8re. Est-il d\u00e9j\u00e0 permis de penser \u00e0 Jeannette un samedi ? Les Juifs discutaient beaucoup avec J\u00e9sus pour savoir s&rsquo;il \u00e9tait permis de gu\u00e9rir le jour du sabbat. Et cela fut r\u00e9solu par l&rsquo;affirmative, ce qui valut au fondateur du christianisme la joie d&rsquo;\u00eatre pers\u00e9cut\u00e9 par ces coupeurs de cheveux en quatre. Me pers\u00e9cutera-t-on parce que j&rsquo;ose \u00e9crire \u00e0 Jeannette d\u00e8s le samedi et le r\u00e8glement interdit-il de penser \u00e0 ceux dont le souvenir quotidien, la pr\u00e9sence quotidienne, s&rsquo;impose \u00e0 vous sans r\u00e9mission, autrement qu&rsquo;au moment pr\u00e9cis de leur \u00e9crire le jour dit ? Voici que nous sommes en plein domaine m\u00e9taphysique \u00e0 trancher superbement tel un n\u0153ud gordien dont on n&rsquo;a cure. Les murs d&rsquo;une prison n&rsquo;ont jamais emp\u00each\u00e9 les po\u00e8tes de chanter, ni les hommes de crier leur amour de la vie, leur joie d&rsquo;\u00eatres libres, leur contentement de rouler des id\u00e9es heureuses. Toute la m\u00e9chancet\u00e9 du monde n&rsquo;alt\u00e8rera pas la perfection, le bonheur du r\u00e9el. C&rsquo;est pourquoi nous pi\u00e9tinons d&rsquo;un pied l\u00e9ger les scrupules, et les limites, et que nous osons penser \u00e0 Jeannette un samedi. D&rsquo;abord pour lui dire que sa derni\u00e8re lettre \u00e9tait fort gentille et tendre et qu&rsquo;il nous sembla lire \u00e0 travers les lignes si espac\u00e9es de multiples choses qui nous r\u00e9jouirent. En particulier (\u00d4 \u00e9go\u00efsme) surtout ce qui concernait sa visite \u00e0 Floriot. Est-ce illusion, mais il nous parut qu&rsquo;elle remporta de sa visite une impression heureuse. Peut-\u00eatre aussi les \u00e9v\u00e9nements tournent-ils au gr\u00e9 de Jeannette puisqu&rsquo;elle ne parle plus d\u00e9j\u00e0 que de quelques mois encore d&rsquo;attente. Est-ce une indication pr\u00e9cise ou un d\u00e9sir vague ? Je prends volontiers cela pour une indication. Qu&rsquo;a donn\u00e9 la visite aux amis ? Y-a-t-il de ce c\u00f4t\u00e9 de nouveaux ennuis ? Cela n&rsquo;est gu\u00e8re possible \u2014ou alors ce sont des nuages qui seront t\u00f4t dissip\u00e9s.<\/p>\n<p style=\"text-align: justify;\">Je pensais \u00e0 toi ch\u00e8re \u2014non seulement de toutes les fa\u00e7ons que tu peux supposer\u2014 et qui ne sont pas pour te d\u00e9plaire \u2014car il n&rsquo;appara\u00eet pas que tu n\u00e9gliges les douceurs et les tendresses et le respect \u2014et m\u00eame l&rsquo;irrespect\u2014 (entendons-nous bien, sans d\u00e9passer les limites de la biens\u00e9ance). Disons que ce sont des attentions accord\u00e9es \u00e0 la vertu pour en \u00e9prouver la solidit\u00e9 et la transformer au plus haut point en tendresse g\u00e9n\u00e9reuse, en abondance de b\u00e9n\u00e9dictions de toutes sortes, y compris celle de trouver un matin dans son potager un formidable gar\u00e7on qui, pour \u00eatre n\u00e9 dans un chou, m&rsquo;a l&rsquo;air d\u00e9j\u00e0 d&rsquo;un fameux lapin. Surtout sache bien qu&rsquo;il ne peut te donner un surcro\u00eet de travail, mais qu&rsquo;il te force \u00e0 \u00e9pancher dans la vie un surcro\u00eet d&rsquo;amour. C&rsquo;est un bienfait des dieux ce bonhomme-l\u00e0. Il fait vivre \u00e0 ses trousses toute une maisonn\u00e9e qui attendait le h\u00e9ros sur qui reporter son affection.<\/p>\n<p style=\"text-align: justify;\">Pour aujourd&rsquo;hui, je n&rsquo;en dirai pas plus. Mais je vais n\u00e9anmoins te demander un petit cadeau de nouvel an si possible. Il me faudrait pour moi, soit un \u00e9norme et volumineux carnet, soit le plus gros cahier (quadrill\u00e9 fin) que tu puisses trouver, et si possible avec une pagination r\u00e9pertori\u00e9e (tu sais les lettres sur les c\u00f4t\u00e9s). C&rsquo;est pour commencer une anthologie po\u00e9tique personnelle qui durera ma vie enti\u00e8re, et bien au-del\u00e0. Donc, il me faut quelque chose d&rsquo;\u00e9norme. Cela peut \u00eatre du format des feuilles perfor\u00e9es que tu m&rsquo;envoies, mais pas plus grand. Si tu pouvais trouver 200, 300, 500 pages&#8230; n&rsquo;h\u00e9site pas. Il doit durer, et j&rsquo;en fourrerai dedans. Je suis trop emb\u00eat\u00e9 \u00e0 ne pas me rappeler des textes que je voudrais savoir par c\u0153ur pour ne pas commencer, d\u00e8s maintenant, en mon tendre jeune \u00e2ge, un document de cette valeur. Donc, veux-tu bien prendre ton b\u00e2ton le plus noueux pour t&rsquo;aider dans ta marche \u00e0 travers les papeteries et me d\u00e9gotter ce mouton \u00e0 5 pattes : le plus gros cahier en format quasi r\u00e9duit que tu puisses trouver : 1000 pages si tu veux \u2014le plus gros, gros, gros cahier\u2014 et tu auras droit au plus gros, gros, gros baiser. S&rsquo;il n&rsquo;y a pas de pagination, pas d&rsquo;importance, nous en ferons une. L&rsquo;important est que sous volume r\u00e9duit, j&rsquo;ai le plus de notes possible. Voil\u00e0. Sur ce, je te bise et te souhaite bonne nuit, bon dimanche, bonne chance, bon sourire et bonne patience, et te remercie d&rsquo;avance de tout ce que tu me dis aujourd&rsquo;hui et de tout ce que je sais que tu m&rsquo;\u00e9criras demain.<\/p>\n<h1 style=\"text-align: justify;\"><u>Dimanche<\/u>.<\/h1>\n<p style=\"text-align: justify;\">Je prendrai le ton fort s\u00e9v\u00e8re: Je n&rsquo;ai pas re\u00e7u de nouvelles de Jeannette, ni hier, ni aujourd&rsquo;hui. Voila pourquoi il pleut, et pourquoi le culte que nous devions avoir cet apr\u00e8s-midi est report\u00e9. De sorte que j&rsquo;en suis r\u00e9duit \u00e0 noircir du vierge papier avec des pens\u00e9es aimables, de l&rsquo;arc en ciel sous un voile d&rsquo;encre noire. Sur mon mur, des tas de photos d&rsquo;actrices et d&rsquo;acteurs qu&rsquo;un pr\u00e9d\u00e9cesseur a laiss\u00e9es l\u00e0. Quels vieux souvenirs, mais combien j&rsquo;ai peu envie de revoir le \u00ab milieu \u00bb. Le cin\u00e9ma et le th\u00e9\u00e2tre me font horreur. Tout y est si vide, laid, vaniteux, d\u00e9plaisant. Je ne peux plus. Misanthropie ? Il faudra me gu\u00e9rir de cela \u00e0 coups de concertos de violons. Dire que je n&rsquo;ai jamais entendu Jeannette faire de la musique. Ce doit \u00eatre tr\u00e8s s\u00e9rieux. Elle doit froncer le sourcil et pincer les l\u00e8vres, et puis la mesure ! Et puis le respect des classiques. Les grands dieux de chez Pleyel, les titans de chez Gaveau. Voil\u00e0 bien que les concerts commencent \u00e0 me manquer. Tout le m\u00e9pris que j&rsquo;ai pour le th\u00e9\u00e2tre de pacotille de l&rsquo;\u00e9poque est compens\u00e9 largement par le seul souvenir de Wagner ou de Berlioz. En sortant d&rsquo;ici je travaillerai peut-\u00eatre pour \u00eatre chef d&rsquo;orchestre. Pourquoi pas ! On arrive \u00e0 tout \u00e2ge. Tr\u00eave de plaisanteries et parlons de choses s\u00e9rieuses: j&rsquo;ai besoin d&rsquo;un peu de buvard. Voil\u00e0 le gros souci de la journ\u00e9e. Le mien est us\u00e9. Il y est d\u00e9j\u00e0 pass\u00e9 dessus un monde de pattes de mouches. Je m&rsquo;excuse de te demander tant de choses, mais je suis s\u00fbr que cela ne t&rsquo;est point trop d\u00e9sagr\u00e9able de donner, ne fut-ce que par charit\u00e9 chr\u00e9tienne, \u00e0 plus forte raison par tendresse particuli\u00e8re \u2014qui, entre-nous soit dit, ch\u00e9rie, ne saurait d\u00e9passer ni m\u00eame atteindre l&rsquo;amour de Dieu. Mais qu&rsquo;y faire ? Nous sommes aim\u00e9s que nous croyons pouvoir ajouter par nos efforts personnels \u00e0 l&rsquo;\u0153uvre admirable qui existe d\u00e9j\u00e0. Quelle audace ! Mieux vaut \u00eatre humbles et savoir que nos amours ne sont que le modeste reflet de l&rsquo;Universel Amour dont nous tentons de suivre les ordres. C&rsquo;est pourquoi, confiant dans la supr\u00eame Bont\u00e9 Divine, j&rsquo;ose lui demander un buvard pour \u00e9tancher mes vers, et la muse du po\u00e8te saura bien trouver cet indispensable calmant \u00e0 ce fougueux lyrisme. Sur ce, \u00e0 demain. Il faut r\u00e9server la place pour tout ce que j&rsquo;ai d&rsquo;immense \u00e0 dire dans cette superbe et prodigieuse journ\u00e9e de lundi (\u00e0 propos, as-tu quelques punaises dans ton tiroir ? Mets-les dans une petite bo\u00eete en te disant qu&rsquo;il est toujours utile de pouvoir \u00e9pingler des photos sur un mur).<\/p>\n<h1 style=\"text-align: justify;\"><u>Lundi<\/u>.<\/h1>\n<p style=\"text-align: justify;\">Je suis pench\u00e9 sur ma table depuis ce matin, \u00e0 copier des textes m\u00e9taphysiques, \u00e0 m\u00e9diter sur d&rsquo;autres passages plus ou moins bibliques et, de temps \u00e0 autre, je regarde le sourire d&rsquo;une photo qui troue le mur avec ses yeux vifs et son \u00e9tonnement amus\u00e9. Le temps est beau. Ma nouvelle cellule donne un peu plus sur la campagne. On voit des arbres \u00e0 les toucher, des champs \u00e0 croire qu&rsquo;on s&rsquo;y prom\u00e8ne et des paysages lointains qui viennent affirmer qu&rsquo;il existe encore une nature libre, des oiseaux, des bois, des ruisseaux, des coins de vie qui soient \u00e0 l&rsquo;abri de la m\u00e9chancet\u00e9 des hommes. Il en existe en tous cas un, c&rsquo;est une certaine mentalit\u00e9 de po\u00e8te que les crachats, les injures de la foule ne sauraient atteindre ni meurtrir. Le plus\u00a0 pr\u00e9cieux de nous m\u00eame est toujours sauf, de par Dieu, et plus on essayera de nous ravaler au dessous de la boue, plus il \u00e9clatera la vertu des transcendances.<\/p>\n<p style=\"text-align: justify;\">Aucune nouvelle encore aujourd&rsquo;hui. J&rsquo;esp\u00e8re avoir du courrier ce soir ou demain, et tout \u00e0 l&rsquo;heure descendre pour le colis hebdomadaire dans quoi trouver les habituelles douceurs qui font tant \u00e9prouver la gentillesse dont une certaine dame du boulevard Diderot est abondamment pourvue. J&rsquo;ai une nouvelle pi\u00e8ce en t\u00eate et, apr\u00e8s des travaux divers et urgents qui vont encore m&rsquo;occuper pendant quelques jours, je compte bien commencer \u00e0 ouvrir un nouveau chantier. As-tu fini Gabriella ? Les derni\u00e8res po\u00e9sies te plaisent-elles ? Je crois qu&rsquo;il y en a qui ont vraiment de la valeur. Mon sens critique n&rsquo;est point si abruti que je ne sache plus distinguer entre un ours et un navet, et je sais que tout ce qui est issu r\u00e9cemment est rempli d&rsquo;une certaine substance que je revendique comme \u00e9tant peu vulgaire. De l\u00e0 \u00e0 crier au chef d&rsquo;\u0153uvre, non ! Mais patiemment nous nous approchons d&rsquo;une certaine moyenne honorable, et peut-\u00eatre mieux si possible. Je te serais reconnaissant d&rsquo;y travailler d\u00e8s que tu pourras. Je pense encore avoir le temps d&rsquo;\u00e9crire la pi\u00e8ce projet\u00e9e, avant les solutions pr\u00e9vues par les circonstances (solutions que j&rsquo;esp\u00e8re bonnes, il semble bien que ce soit la d\u00e9tente). Comment cela va-t-il dehors ? Les gens commencent-ils \u00e0 comprendre qu&rsquo;ils ont \u00e9t\u00e9 jou\u00e9s par des bandits et des politiciens tar\u00e9s ? Y-a-t-il un rel\u00e8vement de la mentalit\u00e9 ? Est-on plus courageux pour travailler, se reformer, reprendre go\u00fbt au travail collectif, aux \u0153uvres communes, ou continue-t-on \u00e0 se d\u00e9chirer ? Pour nous qui vivons depuis des ann\u00e9es (depuis 40 exactement) sous les injures et les coups, il y a beau temps que nous avons \u00e9volu\u00e9. L&rsquo;exp\u00e9rience fasciste nous a ouvert les yeux sur ce qu&rsquo;il fallait faire et \u00e9viter et on sera surpris, le jour o\u00f9 on ouvrira les prisons, de trouver tant de bonne volont\u00e9 \u00e0 bien faire, \u00e0 moins qu&rsquo;on nous force \u00e0 \u00e9migrer, toujours sous les m\u00eames hurlements. Ceux qui crient ne sont-ils pas enrou\u00e9s ?<\/p>\n<p style=\"text-align: justify;\">J<\/p>\n<p style=\"text-align: justify;\">PS. Je suis \u00e0 la cellule <u>326<\/u>. Pour le reste, rien de chang\u00e9. Dis le \u00e0 ma m\u00e8re. Je viens de remonter des colis. C&rsquo;est trop, trop gentil. Je crains que vous vous priviez toutes. Il ne faut pas que je sois pour vous une charge. Veuille ne me mettre que l&rsquo;indispensable et pas de friandises co\u00fbteuses. Merci pour le m\u00e9ta. Ne l&rsquo;oublie pas chaque fois. Demande de l&rsquo;argent \u00e0 ma m\u00e8re.<\/p>\n<p>&nbsp;<\/p>\n","protected":false},"excerpt":{"rendered":"<p>\u00a0 Samedi 15 d\u00e9cembre 1945 Petite Jeannette si blonde et si ch\u00e9rie (parce que blonde et parce que Jeannette), Je commence ma lettre un samedi. Veuille noter cette attention particuli\u00e8re. Est-il d\u00e9j\u00e0 permis de penser \u00e0 Jeannette un samedi ? &hellip; <a href=\"https:\/\/monperejeanmamy.fr\/?page_id=1364\">Continuer la lecture <span class=\"meta-nav\">&rarr;<\/span><\/a><\/p>\n","protected":false},"author":2,"featured_media":11,"parent":0,"menu_order":0,"comment_status":"closed","ping_status":"closed","template":"","meta":[],"folder":[],"_links":{"self":[{"href":"https:\/\/monperejeanmamy.fr\/index.php?rest_route=\/wp\/v2\/pages\/1364"}],"collection":[{"href":"https:\/\/monperejeanmamy.fr\/index.php?rest_route=\/wp\/v2\/pages"}],"about":[{"href":"https:\/\/monperejeanmamy.fr\/index.php?rest_route=\/wp\/v2\/types\/page"}],"author":[{"embeddable":true,"href":"https:\/\/monperejeanmamy.fr\/index.php?rest_route=\/wp\/v2\/users\/2"}],"replies":[{"embeddable":true,"href":"https:\/\/monperejeanmamy.fr\/index.php?rest_route=%2Fwp%2Fv2%2Fcomments&post=1364"}],"version-history":[{"count":3,"href":"https:\/\/monperejeanmamy.fr\/index.php?rest_route=\/wp\/v2\/pages\/1364\/revisions"}],"predecessor-version":[{"id":1951,"href":"https:\/\/monperejeanmamy.fr\/index.php?rest_route=\/wp\/v2\/pages\/1364\/revisions\/1951"}],"wp:featuredmedia":[{"embeddable":true,"href":"https:\/\/monperejeanmamy.fr\/index.php?rest_route=\/wp\/v2\/media\/11"}],"wp:attachment":[{"href":"https:\/\/monperejeanmamy.fr\/index.php?rest_route=%2Fwp%2Fv2%2Fmedia&parent=1364"}],"wp:term":[{"taxonomy":"folder","embeddable":true,"href":"https:\/\/monperejeanmamy.fr\/index.php?rest_route=%2Fwp%2Fv2%2Ffolder&post=1364"}],"curies":[{"name":"wp","href":"https:\/\/api.w.org\/{rel}","templated":true}]}}