{"id":1366,"date":"2021-03-12T16:48:17","date_gmt":"2021-03-12T15:48:17","guid":{"rendered":"http:\/\/monperejeanmamy.fr\/?page_id=1366"},"modified":"2024-01-20T15:57:46","modified_gmt":"2024-01-20T14:57:46","slug":"jm-a-jr-fresnes-45-12-10","status":"publish","type":"page","link":"https:\/\/monperejeanmamy.fr\/?page_id=1366","title":{"rendered":"JM \u00e0 JR (Fresnes 45\/12\/10)"},"content":{"rendered":"<p><strong>\u00a0<\/strong><a href=\"http:\/\/monperejeanmamy.fr\/?page_id=1444\"><img loading=\"lazy\" class=\"wp-image-1352 alignleft\" src=\"http:\/\/monperejeanmamy.fr\/wp-content\/uploads\/2021\/03\/Lettre-precedente.jpg\" alt=\"\" width=\"143\" height=\"78\" \/><\/a><a href=\"http:\/\/monperejeanmamy.fr\/?page_id=1364\"><img loading=\"lazy\" class=\"alignright wp-image-1353\" src=\"http:\/\/monperejeanmamy.fr\/wp-content\/uploads\/2021\/03\/Lettre-suivante.jpg\" alt=\"\" width=\"139\" height=\"76\" \/><\/a><\/p>\n<p style=\"text-align: center;\"><strong>Lundi 10 d\u00e9cembre 1945<\/strong><\/p>\n<p style=\"text-align: center;\">Petite Jeannette ch\u00e9rie,<\/p>\n<p style=\"text-align: justify;\">Excuse la mauvaise \u00e9criture, les mains sont gourdes de froid et ne peuvent \u00e9crire \u00e0 leur aise. Et comme il fait probablement -5 ou -10, la cellule n&rsquo;\u00e9tant pas chauff\u00e9e, on sent passer un peu l&rsquo;hiver. Je suis enroul\u00e9 dans une couverture qui me ligote les genoux. J&rsquo;attends patiemment de descendre aux colis pour pouvoir r\u00e9-enfiler mes pantoufles chaudes car mes chaussures sont glac\u00e9s. Mais \u00e0 part cela la vie est fort belle puisqu&rsquo;il nous est encore loisible d&rsquo;\u00e9crire \u00e0 notre blonde et que nous avons devant nous sur notre table de quoi nous alimenter spirituellement et du papier blanc et de l&rsquo;encre (pas beaucoup. Y en aura-t-il tout \u00e0 l&rsquo;heure ?).<\/p>\n<p style=\"text-align: justify;\">A propos, puisque nous sommes au chapitre des besoins personnels, veux-tu bien<\/p>\n<ol>\n<li style=\"text-align: justify;\">mettre dans le prochain colis du fil solide (autant que possible du fil de lin),<\/li>\n<li style=\"text-align: justify;\">une bo\u00eete en m\u00e9tal ou en \u00e9bonite pour petit savon dentifrice. J&rsquo;ai cass\u00e9 la mienne, horrible trag\u00e9die<\/li>\n<li style=\"text-align: justify;\">glisser quelques pastilles de <u>m\u00e9ta<\/u> ou de l&rsquo;alcool solidifi\u00e9 (en poudre) avec \u00e9tiquette bien apparente (c&rsquo;est tol\u00e9r\u00e9) dans le colis de linge. On trouve, parait-il, de l&rsquo;alcool solidifi\u00e9 en poudre \u00e0 15c la bo\u00eete aux Magasins R\u00e9unis (le tuyau vaut ce qu&rsquo;il vaut). Nous n&rsquo;avons pas droit aux r\u00e9chauds mais on se d\u00e9brouillera toujours. N&rsquo;y manque pas chaque semaine et sache qu&rsquo;il faut 7 tablettes de m\u00e9ta pour faire un caf\u00e9. Toutefois, ne te ruine pas. Pas de blagues. Je m&rsquo;en voudrais \u00e0 imposer ainsi une m\u00e8re de famille nombreuse.<\/li>\n<\/ol>\n<p style=\"text-align: justify;\">Comment va le superbe, le triomphant, l&rsquo;inou\u00ef, le prodigieux, l&rsquo;insatiable, le superlificoquentieux Fredo, Fredi, Freda, Frederico, \u00ab Fred \u00bb pour les copains et les petites amies, celui \u00e0 qui vont tous nos amours et qui porte en lui la destin\u00e9e du monde futur ? Naturellement fort bien. Nous en sommes s\u00fbrs et nous nous en r\u00e9jouissons. Quant \u00e0 sa m\u00e8re, elle a l&rsquo;air, d&rsquo;apr\u00e8s les missives qu&rsquo;elle nous envoie de se porter comme la d\u00e9esse immortelle de la sant\u00e9 publique, et nous la prions d&rsquo;agr\u00e9er nos gentillesses et nos remerciements pour toutes les bont\u00e9s qu&rsquo;elle a pour nous. Nous lui savons gr\u00e9 de ses douceurs \u00e9pistolaires et gastronomiques et nous savons reconna\u00eetre parmi tant de mots tendres et de tranches de lard aussi savoureuses le feu distingu\u00e9 qui l&rsquo;anime \u00e0 notre endroit. Nous voyons cependant poindre une inqui\u00e9tude dans les pages passionn\u00e9es qu&rsquo;elle nous adresse quand elle nous voit si entich\u00e9e de l&rsquo;\u00e9tranger, pointant nos regards vers des contr\u00e9es bor\u00e9ales ou sinon canadiennes. Son esprit farouchement d\u00e9cid\u00e9 \u00e0 maintenir ici sur le sol parisien ses amours si fructueux s&rsquo;\u00e9meut quand le vent souffle \u00e0 l&rsquo;\u00e9migration. Que craint-elle, cette belle, qui puisse l&rsquo;atteindre au plein de son intimit\u00e9 ? Qu&rsquo;elle sache bien qu&rsquo;il n&rsquo;est point d&rsquo;abandon et que chacun doit suivre la destin\u00e9e qui lui est impartie avec courage, mais que tout concourt, m\u02c6me les apparents ennuis, \u00e0 notre bonheur d\u00e9finitif. Donc, pas d&rsquo;inqui\u00e9tude, veux-tu bien. Va tranquillement te recoucher,. Je ne suis pas encore parti, pas plus que les petits incidents de 45 n&rsquo;ont pu arr\u00eater notre activit\u00e9 d\u00e9bordante.<\/p>\n<p style=\"text-align: justify;\">As tu vu Mlle Demeury ? T&rsquo;as-t-elle pass\u00e9 les trucs ? As-tu vu Floriot ? Je voudrais bien saisir cet invisible personnage par le pan du veston et le mettre en demeure d&rsquo;ex\u00e9cuter ses promesses, ou tout au moins de tenter de le faire. Dis-lui qu&rsquo;\u00e0 d\u00e9faut de sa visite, je compte sur un prochain bulletin d&rsquo;h\u00f4pital. \u00c7a ne va pas du tout. Le rapport des m\u00e9decins a r\u00e9veill\u00e9 en moi des tas de choses impr\u00e9vues et je crois qu&rsquo;il faut qu&rsquo;on m&rsquo;examine vraiment <u>ailleurs qu&rsquo;ici<\/u> sans perdre de temps. Quant \u00e0 tes amis, ils peuvent attendre. Je n&rsquo;ai nulle envie de les voir. Finies ces vieilles histoires. Qu&rsquo;on ne m&rsquo;en parle plus. Dis leur qu&rsquo;ils veuillent bien cesser leurs assiduit\u00e9s \u00e0 mon endroit. J&rsquo;ai mieux \u00e0 faire qu&rsquo;\u00e0 m&rsquo;occuper de ces v\u00e9tilles. Parlons de choses s\u00e9rieuses. Sans blague. Dis leur cela. La plaisanterie a assez dur\u00e9.<\/p>\n<p style=\"text-align: justify;\">Alors, quand relevons-nous ce pays tomb\u00e9 au plus bas de l&rsquo;ab\u00eeme ? Plus d&rsquo;\u00e9lectricit\u00e9, plus de charbon, plus de ravitaillement et plus d&rsquo;argent. L&rsquo;inflation est proche. En caisse, rien. Des emprunts, ou plut\u00f4t des ouvertures de cr\u00e9dit sur des marchandises gag\u00e9es probablement sur les seuls biens r\u00e9els qui nous restent. Nous avons devant nous un mois de vivres. Crise de moralit\u00e9 effroyable. Banditisme. Gangst\u00e9risme. Arrivisme. Nous savons d&rsquo;o\u00f9 viennent les pillards et les assassins. Ce sera un jour une r\u00e9f\u00e9rence d&rsquo;avoir \u00e9t\u00e9 \u00e0 Fresnes en 45, la Sant\u00e9 \u00e9tant r\u00e9serv\u00e9e aux fripouilles tandis qu&rsquo;ici, l&rsquo;honn\u00eatet\u00e9 la plus absolue est de rigueur. Tous des militants d\u00e9pouill\u00e9s, d\u00e9vou\u00e9s et pr\u00eats \u00e0 remarcher pour leur id\u00e9al qui n&rsquo;a pas sombr\u00e9, mais est la seule planche de salut qui surnage au milieu du d\u00e9sastre.<\/p>\n<p style=\"text-align: justify;\">Je n&rsquo;aime pas du tout, mais pas du tout, ton sc\u00e9nario arabe, avec Virginie&#8230; Machin qui devient sultane. Voil\u00e0 bien l&rsquo;imagination des petites filles qui veulent toutes devenir princesse. Le beau mariage. Le conte de f\u00e9es. Celui qui finit dans un palais. Elle f\u00fbt heureuse parce qu&rsquo;elle eut de beaux bijoux, et beaucoup de domestiques et des chameaux pour la servir, et des femmes de chambre pour lui vernir les ongles de pieds. Voil\u00e0 la mauvaise propagande \u00e0 faire. Je ne veux plus faire de films \u00e0 moins qu&rsquo;on y montre aux femmes comment faire la cuisine, balayer le plancher, rincer la lessive, laver les gosses, diriger une maison, surveiller les comptes de la cuisini\u00e8re, faire du camping, diriger une exploitation fermi\u00e8re, accoucher, \u00e9lever des enfants et avoir bon caract\u00e8re. Finies les mille et une nuits. Le cin\u00e9ma doit \u00eatre pratique et non bourgeois. D\u00e9fense de s&rsquo;extasier. Les devoirs avant les plaisirs. Tout cela naturellement sur le ton le plus grincheux du monde, pour para\u00eetre un personnage insupportable, mais faire respecter son autorit\u00e9. On n&rsquo;aime que les tyrans. D\u00e8s qu&rsquo;on c\u00e8de aux volont\u00e9s personnelles, on devient aussit\u00f4t le jouet et la victime du partenaire.<\/p>\n<h1 style=\"text-align: justify;\"><u>17h<\/u>.<\/h1>\n<p style=\"text-align: justify;\">Je pensais t&rsquo;\u00e9crire apr\u00e8s avoir re\u00e7u mon colis, mais aujourd&rsquo;hui les distributions sont en retard, de sorte que je ne le toucherai que demain matin. J&rsquo;esp\u00e8re qu&rsquo;il est bien arriv\u00e9 et que ma m\u00e8re l&rsquo;a port\u00e9 comme d&rsquo;habitude.<\/p>\n<p style=\"text-align: justify;\">Me voici donc press\u00e9 par l&rsquo;heure, car le courrier va passer et nous venons d&rsquo;avoir une interruption de courant assez longue. Elles sont fr\u00e9quentes depuis quelques jours. Trois, hier dimanche, cela n&rsquo;\u00e9tait jamais arriv\u00e9. Voila les joies de la lib\u00e9ration.<\/p>\n<p style=\"text-align: justify;\">J&rsquo;entends qu&rsquo;on appelle le courrier. Excuse donc mes baisers rapides. Ils n&rsquo;en sont pas moins tendres et j&rsquo;esp\u00e8re que tu ne me feras pas la violente sc\u00e8ne de reproches de t&rsquo;avoir escamot\u00e9 trois lignes. A la semaine prochaine avec toute l&rsquo;affection tendre et les bonnes effluves de la pr\u00e9sence de celui qui t&#8217;embrasse comme tu l&rsquo;esp\u00e8res, l&rsquo;attends, le souhaites. Dors tranquille. Tout va bien.<\/p>\n<p style=\"text-align: justify;\">Aux derni\u00e8res nouvelles, on nous apprend la suppression des cours et surtout on envisage (sera-ce vot\u00e9 ?) celle plus importante des commissaires de gouvernement. Baisers.<\/p>\n<p style=\"text-align: justify;\">J<\/p>\n<p style=\"text-align: justify;\">P.S. Renseigne toi sur tout ce qui se passe quant \u00e0 nous et ce qu&rsquo;on en dit au Palais. Est-ce vraiment la d\u00e9tente ? la fin de l&rsquo;\u00e9puration ? Y-a-t-il des projets d&rsquo;amnistie ?<\/p>\n<p>&nbsp;<\/p>\n<p>&nbsp;<\/p>\n<p>&nbsp;<\/p>\n","protected":false},"excerpt":{"rendered":"<p>\u00a0 Lundi 10 d\u00e9cembre 1945 Petite Jeannette ch\u00e9rie, Excuse la mauvaise \u00e9criture, les mains sont gourdes de froid et ne peuvent \u00e9crire \u00e0 leur aise. Et comme il fait probablement -5 ou -10, la cellule n&rsquo;\u00e9tant pas chauff\u00e9e, on sent &hellip; <a href=\"https:\/\/monperejeanmamy.fr\/?page_id=1366\">Continuer la lecture <span class=\"meta-nav\">&rarr;<\/span><\/a><\/p>\n","protected":false},"author":2,"featured_media":11,"parent":0,"menu_order":0,"comment_status":"closed","ping_status":"closed","template":"","meta":[],"folder":[],"_links":{"self":[{"href":"https:\/\/monperejeanmamy.fr\/index.php?rest_route=\/wp\/v2\/pages\/1366"}],"collection":[{"href":"https:\/\/monperejeanmamy.fr\/index.php?rest_route=\/wp\/v2\/pages"}],"about":[{"href":"https:\/\/monperejeanmamy.fr\/index.php?rest_route=\/wp\/v2\/types\/page"}],"author":[{"embeddable":true,"href":"https:\/\/monperejeanmamy.fr\/index.php?rest_route=\/wp\/v2\/users\/2"}],"replies":[{"embeddable":true,"href":"https:\/\/monperejeanmamy.fr\/index.php?rest_route=%2Fwp%2Fv2%2Fcomments&post=1366"}],"version-history":[{"count":4,"href":"https:\/\/monperejeanmamy.fr\/index.php?rest_route=\/wp\/v2\/pages\/1366\/revisions"}],"predecessor-version":[{"id":3216,"href":"https:\/\/monperejeanmamy.fr\/index.php?rest_route=\/wp\/v2\/pages\/1366\/revisions\/3216"}],"wp:featuredmedia":[{"embeddable":true,"href":"https:\/\/monperejeanmamy.fr\/index.php?rest_route=\/wp\/v2\/media\/11"}],"wp:attachment":[{"href":"https:\/\/monperejeanmamy.fr\/index.php?rest_route=%2Fwp%2Fv2%2Fmedia&parent=1366"}],"wp:term":[{"taxonomy":"folder","embeddable":true,"href":"https:\/\/monperejeanmamy.fr\/index.php?rest_route=%2Fwp%2Fv2%2Ffolder&post=1366"}],"curies":[{"name":"wp","href":"https:\/\/api.w.org\/{rel}","templated":true}]}}