{"id":1368,"date":"2021-03-12T16:49:19","date_gmt":"2021-03-12T15:49:19","guid":{"rendered":"http:\/\/monperejeanmamy.fr\/?page_id=1368"},"modified":"2024-01-20T15:49:34","modified_gmt":"2024-01-20T14:49:34","slug":"jm-a-jr-fresnes-45-11-25","status":"publish","type":"page","link":"https:\/\/monperejeanmamy.fr\/?page_id=1368","title":{"rendered":"JM \u00e0 JR (Fresnes 45\/11\/25)"},"content":{"rendered":"<p><strong>\u00a0<\/strong><a href=\"http:\/\/monperejeanmamy.fr\/?page_id=1370\"><img loading=\"lazy\" class=\"wp-image-1352 alignleft\" src=\"http:\/\/monperejeanmamy.fr\/wp-content\/uploads\/2021\/03\/Lettre-precedente.jpg\" alt=\"\" width=\"143\" height=\"78\" \/><\/a><a href=\"http:\/\/monperejeanmamy.fr\/?page_id=1444\"><img loading=\"lazy\" class=\"alignright wp-image-1353\" src=\"http:\/\/monperejeanmamy.fr\/wp-content\/uploads\/2021\/03\/Lettre-suivante.jpg\" alt=\"\" width=\"139\" height=\"76\" \/><\/a><\/p>\n<p style=\"text-align: center;\"><strong>Dimanche 25 novembre 1945<\/strong><\/p>\n<p style=\"text-align: center;\">Petite Jeannette ch\u00e9rie,<\/p>\n<p style=\"text-align: justify;\">Je n&rsquo;ai pas souvenir d&rsquo;avoir re\u00e7u beaucoup de lettres de vous cette semaine. Serait-ce que par hasard vous commencez \u00e0 vous fatiguer de m&rsquo;\u00e9crire, \u00e0 moins que le superbe Fr\u00e9d\u00e9ric absorbe \u00e0 tel point votre activit\u00e9 que vous n\u00e9gligez tous vos devoirs et vos affections et vos amours. Comment vas-tu ? Permets qu&rsquo;on t&#8217;embrasse, et laisse moi dire \u00e0 tes cheveux blonds des choses qu&rsquo;on ne peut exprimer g\u00e9n\u00e9ralement qu&rsquo;en vers ou en musique. Est-ce folie, est-ce sagesse ? Je suis fort gai depuis quelques jours avec des tas de pressentiments aimables. Qui sait ? Il y a peut-\u00eatre des moments o\u00f9 le monde rel\u00e2che son \u00e9treinte sur les prisonniers, \u00e0 moins que ce ne soit ceux-ci qui arrivent \u00e0 franchir les murs par les voies de la plus droite justice. Il me semble que nos cauchemars sont finis et que nous sommes sur la voie du r\u00e9veil.<\/p>\n<p style=\"text-align: justify;\">On vient de me remettre \u00e0 l&rsquo;instant le mot tr\u00e8s court que tu m&rsquo;\u00e9crivais mercredi soir apr\u00e8s avoir tap\u00e9 du <em>Gabrielle<\/em>. Comment trouves-tu la pi\u00e8ce ? Ton avis franc ! Tr\u00e8s important. Je travaille comme un n\u00e8gre, mais n&rsquo;ai pas encore entrepris de nouvelle pi\u00e8ce. Seulement des po\u00e8mes. Je crois que cela ne va pas trop mal. En se relisant on \u00e9prouve presque du contentement. Et je ne crois pas que ce soit un r\u00e9flexe personnel. Ils ont l&rsquo;air d&rsquo;\u00eatre appr\u00e9ci\u00e9s.<\/p>\n<p style=\"text-align: justify;\">Oui, j&rsquo;ai vu Mme Demecry samedi. Elle m&rsquo;a apport\u00e9 un dossier qui ne change rien \u00e0 l&rsquo;affaire. Il y a beau temps que j&rsquo;ai eu la deuxi\u00e8me visite annonc\u00e9e. Toujours rien de d\u00e9pos\u00e9. J&rsquo;\u00e9cris aujourd&rsquo;hui \u00e0 Floriot pour lui rappeler tout cela. Peut-\u00eatre faut-il attendre encore un peu., mais de deux choses l&rsquo;une: ou ce ne sera plus tr\u00e8s long, ou ce sera tr\u00e8s tr\u00e8s long. C&rsquo;est une lapalissade de parler ainsi, mais je m&rsquo;entends. Un proc\u00e8s peut encore aboutir \u00e0 des cons\u00e9quences f\u00e2cheuses, et les jur\u00e9s ne sont pas tendres, ni chr\u00e9tiens. Mais y a-t-il lieu \u00e0 proc\u00e8s ? Tout est l\u00e0. On voit les cas les plus surprenants. C&rsquo;est vraiment la loterie. Tel est condamn\u00e9 \u00e0 mort et pour le m\u00eame cas le copain d&rsquo;\u00e0 c\u00f4t\u00e9 est lib\u00e9r\u00e9. On aura tout vu. Depuis trois semaines j&rsquo;assiste \u00e0 des \u00e9v\u00e9nements curieux sur ce point. Ne dirait-on pas qu&rsquo;en secret on pr\u00e9voit le jour o\u00f9, du fait des \u00e9v\u00e9nements ext\u00e9rieurs, la situation sera retourn\u00e9e et les gens aujourd&rsquo;hui incarc\u00e9r\u00e9s seront \u00e0 nouveau en fonction. Tout est possible. On peut pr\u00e9voir d&rsquo;invraisemblables retournements. Sont-ils vraiment si invraisemblables ?<\/p>\n<p style=\"text-align: justify;\">Tu me demandes mon avis sur le nouveau minist\u00e8re. 5 par-ci, 5 par-l\u00e0, et tout le monde est content. C&rsquo;est une formule facile. On pense \u00e0 un pays qui pour recouvrer la sant\u00e9 aurait mis au pouvoir 5 tuberculeux, 5 syphilitiques, 5 bossus et le reste l\u00e9preux et rachitiques. Tout cela ne fait pas un gouvernement solide b\u00e2ti sur une doctrine coh\u00e9rente. C&rsquo;est un repl\u00e2trage de faibles et d&rsquo;ambitieux qui, dans l&rsquo;impossibilit\u00e9 de reconstruire, de trouver du cr\u00e9dit, de vivoter, en sont r\u00e9duits \u00e0 donner comme seul aliment au peuple affam\u00e9 la chronique de l&rsquo;\u00e9puration et l&rsquo;\u00e9ternelle promesse d\u00e9magogique : demain ! Demain ! Toujours demain. Pour moi, c&rsquo;est fini, l&rsquo;exp\u00e9rience est termin\u00e9e. Qu&rsquo;on ne me parle plus de politique. Organisez le monde comme vous l&rsquo;entendez, en rouge, en vert ou en brun.<\/p>\n<p style=\"text-align: justify;\">Je veux vivre dans un village avec les r\u00e9alit\u00e9s : le paysan qui fait pousser ses salades, le menuisier qui construit les meubles et le charron qui sait tourner une roue. Les boniments des avocats, des politiciens, des philosophes de tous ordres ne m&rsquo;int\u00e9ressent plus. Ils tournent en rond dans leurs r\u00eaves en exploitant la cr\u00e9dulit\u00e9 publique. Je ne veux plus d&rsquo;un monde compliqu\u00e9 o\u00f9 l&rsquo;on se met sur le dos l&rsquo;\u00e9chafaudage stupide d&rsquo;une soci\u00e9t\u00e9 moderne dont chaque rouage est un mensonge: assurances, pompes fun\u00e8bres, bureaux de tabac, ap\u00e9ritifs, marchands de drogues, marchands de livres, je suis revenu de tout et pr\u00e9tends ne plus \u00eatre exploit\u00e9.<\/p>\n<p style=\"text-align: justify;\">Accorder \u00e0 la lutte pour la vie le minimum de temps et vivre. Je ne sais pas si ce sera sur un bateau au large ou bien pr\u00e8s d&rsquo;une rivi\u00e8re, mais je sais que la p\u00eache \u00e0 la ligne occupera une partie de mon temps, avec la chasse aux escargots et comme de juste la po\u00e9sie. Quant \u00e0 faire un pas pour alimenter les caisses des gangsters du monde entier. Fini. Ils n&rsquo;auront demain ni un p\u00e9lot, ni un iota.<\/p>\n<p style=\"text-align: justify;\">Je rappelais ce matin quelques souvenirs d&rsquo;avant 1914. Le journal \u00e0 1 sou, le kg de tomates \u00e0 3 sous, le pain \u00e0 7 sous et l&rsquo;autobus \u00e0 2 sous. La paire de poulets co\u00fbtait chez moi 2f50 et on vivait comme un roi pour 500f par mois, ce qui correspond \u00e0 peu pr\u00e8s \u00e0 100.000 francs d&rsquo;aujourd&rsquo;hui. Et encore ! Le complet 1<sup>\u00e8re<\/sup> qualit\u00e9 co\u00fbtait 80 ou 100 francs. C&rsquo;\u00e9taient des tissus inusables. Temps heureux de la qualit\u00e9, de l&rsquo;honn\u00eatet\u00e9, de la patience, des hommes libres. Temps du repos de l&rsquo;esprit. Temps o\u00f9 l&rsquo;on prenait la peine de vivre bien, et o\u00f9 l&rsquo;on n&rsquo;avait pas \u2014en ce qui concerne les hommes au pouvoir\u2014 \u00e0 \u00e9ponger le sang de ses mains pour mettre ses gants et aller d\u00eener en ville. Nous commen\u00e7ons \u00e0 faire le point \u00e0 travers tous les \u00e9v\u00e9nements que nous avons connus depuis quarante ans. Que sera-ce donc dans quarante ans, car j&rsquo;esp\u00e8re bien vivre encore, sur quelque coin de cette plan\u00e8te o\u00f9 j&rsquo;aurai plant\u00e9 une tente de plus en plus fragile et rapide \u00e0 rouler. Dans quel monde inconnu vivrons nous ? Sous quel tas de pierre ? Dans quelle taupini\u00e8re ? Muni de quel masque \u00e0 gaz ? En lutte contre quel barbare ?<\/p>\n<p style=\"text-align: justify;\">A moins que \u2014et c&rsquo;est ce qui se passe aujourd&rsquo;hui\u2014 nous ne soyons parvenus \u00e0 la parfaite s\u00e9r\u00e9nit\u00e9. Que m&rsquo;importe donc si la terre tourne rond ou non, du moment qu&rsquo;on trouve dans l&rsquo;esprit le point fixe et immuable de la vie \u00e9ternelle. Les gens peuvent bien s&rsquo;agiter comme des fourmis qui s&rsquo;entred\u00e9vorent. Nous resterons impassibles, attendant patiemment que le merveilleux surgisse en nous et balaie ces cauchemars. Car tout cela n&rsquo;est pas vrai, ne repose sur rien, c&rsquo;est du r\u00eave fumeux, ce sont des p\u00e9tards de dormeur drogu\u00e9. Nous ne vivons pas un conflit. Nous le r\u00eavons ; nous l&rsquo;imaginons et il suffit de presser du doigt le bouton qui commande la lumi\u00e8re pour que les monstres s&rsquo;enfuient.<\/p>\n<p style=\"text-align: justify;\">Que voil\u00e0 une grande conversation m\u00e9taphysique pour un dimanche ! Mais, dimanche ou jour de semaine, nous sommes ainsi nous autres. Nous ne pouvons nous emp\u00eacher de penser \u00e0 chaque instant que nonobstant les apparences, le bonheur et la tranquillit\u00e9 et l&rsquo;activit\u00e9 et la s\u00e9curit\u00e9 sont r\u00e9alis\u00e9es aussi bien \u00e0 l&rsquo;int\u00e9rieur des murs d&rsquo;une prison, que dans le tourbillon effr\u00e9n\u00e9 des villes et si le spectacle reposant de la nature nous semble pr\u00e9f\u00e9rable comme symbole. Si nous r\u00eavons de taquiner la truite ou la sardine, c&rsquo;est uniquement par paroxysme spirituel.<\/p>\n<p style=\"text-align: justify;\">Pour l&rsquo;instant tout va tr\u00e8s bien. Nous sommes en mesure de dompter les \u00e9v\u00e9nements, quels qu&rsquo;ils soient, gr\u00e2ce \u00e0 Dieu ! Les bombes atomiques ne sauraient en rien \u00e9mouvoir notre modeste individu. N&rsquo;\u00e9tant pas de cette p\u00e2te-l\u00e0, c&rsquo;est \u00e0 dire nous \u00e9tant d\u00e9couvert extra-atomique, nous n&rsquo;avons que faire de ces engins qui ne sauraient en aucun cas nous intimider.<\/p>\n<p style=\"text-align: justify;\">Sur ce, comme il est 1 heure de l&rsquo;apr\u00e8s-midi, je vais commencer ma toilette (c&rsquo;est l&rsquo;heure o\u00f9 je la fais g\u00e9n\u00e9ralement pour aller au culte) et je reprendrai ma lettre demain afin de prolonger le plaisir que j&rsquo;ai de t&rsquo;\u00e9crire, ne sachant trop s&rsquo;il sera partag\u00e9 \u00e0 l&rsquo;arriv\u00e9e (que je suis donc m\u00e9chant !!). Laisse moi encore t&#8217;embrasser, caresser le cheveu blond, faire sauter Fr\u00e9d\u00e9ric au plafond ; et bonne nuit tranquille avec des anges dans tous les coins de la chambre.<\/p>\n<h1 style=\"text-align: justify;\"><u>Lundi matin<\/u>.<\/h1>\n<p style=\"text-align: justify;\">Ce jour nous sommes de bonne humeur comme tous les autres jours. Nous attendons patiemment, comme tous les autres jours, que la puissance de l&rsquo;esprit d\u00e9truise tout mal dans l&rsquo;esprit des hommes et que la pers\u00e9cution qui semble vouloir nous accabler tombe d&rsquo;elle-m\u00eame. Nous attendons la fin de la b\u00eatise humaine, le r\u00e9veil des \u00e9nergies les plus hautes, la domination de la perfection sur la terre. Nous sommes s\u00fbr de nous, souriant, tout \u00e0 fait vainqueur et nous n&rsquo;avons aucun ennui. Rien ne saurait atteindre ni notre foi, ni notre s\u00e9r\u00e9nit\u00e9. Nous sommes s\u00fbr d&rsquo;\u00eatre bien conduit, inspir\u00e9, prot\u00e9g\u00e9. Tout ce qui nous environne est parfait et nous avons d\u00e9cid\u00e9ment reconnu que vaincre le monde c&rsquo;\u00e9tait chasser de son esprit qu&rsquo;il existait quelque part un monde inharmonieux, un monde de souffrances et de mort, mais que d\u00e8s \u00e0 pr\u00e9sent tout le pouvoir nous \u00e9tait donn\u00e9 de reconna\u00eetre l&rsquo;harmonie \u00e9ternelle qui \u00ab\u00a0<em>surpasse toute connaissance humaine<\/em>\u00a0\u00bb. Voici de quoi nos ma\u00eetres sont faits et il ne faut pas attribuer ces pens\u00e9es heureuses \u00e0 l&rsquo;influence l\u00e9nifiante de la peau de mouton dans laquelle on dort si bien (elle est excellente), mais au fait que nous avons acquis par la patience une certaine connaissance qui nous permet de surmonter les apparences d\u00e9favorables et nous encourage \u00e0 manifester de notre mieux la puissance de notre sant\u00e9 morale.<\/p>\n<p style=\"text-align: justify;\">Je suis s\u00fbr que de ton c\u00f4t\u00e9 tu as dormi du sommeil le plus pur \u2014comme l&rsquo;enfant sur le sein de sa m\u00e8re\u2014 et que ton oreiller ne contenait pas de mauvais r\u00eaves. Il n&rsquo;est nullement question pour toi d&rsquo;assassiner quelqu&rsquo;un pour venir me rejoindre. Il vaut mieux patienter en attendant le jour o\u00f9 nous sortirons et pr\u00e9parer l&rsquo;avenir. A propos, veux-tu te renseigner sur le Canada, et particuli\u00e8rement sur l&rsquo;ouest canadien : pour les cultures, industries, etc&#8230; Une chose m&rsquo;int\u00e9resse : le th\u00e9\u00e2tre \u00e0 Montr\u00e9al et Qu\u00e9bec. Y-a-t-il des troupes fran\u00e7aises ? Les pi\u00e8ces fran\u00e7aises y sont-elles bien accueillies ? Y-a-t-il des tourn\u00e9es ? Accepte-t-on des \u00e9crivains et des litt\u00e9rateurs fran\u00e7ais ? Y-a-t-il des studios ? Y fait-on, y veut-on faire des films ? Y-a-t-il place pour de nouvelles revues, de nouveaux journaux ? Autre chose, par Brassart <a href=\"#_ftn1\" name=\"_ftnref1\">[1]<\/a> et ses relations, par Fonck <a href=\"#_ftn2\" name=\"_ftnref2\">[2]<\/a>, etc&#8230; Y-a-t-il des capitaux fran\u00e7ais qui veulent s&#8217;employer l\u00e0-bas ? Car nous partons \u00e0 beaucoup, et pour qui veut partir tous les moyens sont utiles. Des agriculteurs, des techniciens, des ing\u00e9nieurs, etc&#8230; M\u00eame chose pour l&rsquo;Argentine. Les renseignements que tu m&rsquo;as donn\u00e9s sur l&rsquo;Australie sont des meilleurs, mais ceux-l\u00e0 sont beaucoup plus importants. Si tu trouves des brochures, confie les \u00e0 ma m\u00e8re qui me les enverra. Tr\u00e8s tr\u00e8s important. D\u00e8s lors, le probl\u00e8me du logement ne se posera plus de la m\u00eame fa\u00e7on. Nous commencerons par la tente, puis par la hutte pour finir par la maison de bois. Ce qui est le plus int\u00e9ressant, c&rsquo;est le climat. Il ne faut pas partir dans un trou o\u00f9 il est impossible de vivre. Donc, voici un gros travail de recherches, utile et de toute urgence.<\/p>\n<p style=\"text-align: justify;\">Sur ce, je vais proc\u00e9der \u00e0 un joyeux raclage de ma personne physique dans le but de la d\u00e9tacher des contingences poussi\u00e9reuses. Le raclage mental a \u00e9t\u00e9 fait d\u00e9j\u00e0 avec soin, et j&rsquo;ai vu clairement que la poche int\u00e9rieure gauche de mon veston \u00e9tait particuli\u00e8rement enduite de rouge \u00e0 l\u00e8vres. J&rsquo;en attribue cela \u00e0 une certaine fougue que je ne r\u00e9primerai pas s\u00e9v\u00e8rement, mais dont nous t\u00e2cherons de canaliser les \u00e9lans pour qu&rsquo;elle devienne une force utile et quotidiennement productive. Je n&rsquo;ai pas l&rsquo;impression que tes amis m&rsquo;appelleront avant au moins un mois. Je crois au plus t\u00f4t apr\u00e8s les f\u00eates. Apr\u00e8s quoi, nous ne savons pas de quel d\u00e9lai nous b\u00e9n\u00e9ficierons. A moins que F. ait, comme il l&rsquo;a pr\u00e9tendu, trouv\u00e9 le moyen excellent de terminer cette affaire. Je crois que c&rsquo;est de ce c\u00f4t\u00e9 l\u00e0 qu&rsquo;il faut pencher. A bient\u00f4t te lire petite f\u00e9e, petite fille, petite fille-f\u00e9e. J&rsquo;attendrai encore cet apr\u00e8s-midi pour fermer ma lettre et te donner mon avis sur le colis qui est toujours parfait, plus que parfait, excellentissime. Dis \u00e0 ma m\u00e8re qu&rsquo;il me ferait plaisir d&rsquo;avoir le livre du professeur Drumond intitul\u00e9 <em>La\u00a0 plus grande chose du monde<\/em>. Elle sait ce que c&rsquo;est.<\/p>\n<p style=\"text-align: justify;\">Je re\u00e7ois \u00e0 l&rsquo;instant un mot de Floriot. Tout a l&rsquo;air d&rsquo;aller bien. Les toubibs ont d\u00e9pos\u00e9 leur rapport. Floriot doit venir me voir. Je crois que ce qu&rsquo;il avait pr\u00e9vu arrive. Toutefois attendons.<\/p>\n<p style=\"text-align: justify;\">D&rsquo;autre part, re\u00e7u le colis. Merveilleux. Top bien. Trop trop bien. Je le dirai \u00e0 ma m\u00e8re jeudi, mais r\u00e9p\u00e8te le lui. Je lui rends le pantalon qu&rsquo;elle me donne. Il faut:<\/p>\n<ol>\n<li style=\"text-align: justify;\">sortir tout ce qu&rsquo;on peut dans le fond et sur la taille.<\/li>\n<li style=\"text-align: justify;\">sortir tout ce qu&rsquo;on peut tout le long de la jambe.<\/li>\n<li style=\"text-align: justify;\">le rallonger d&rsquo;au moins 1cm. Alors il ira tr\u00e8s bien. Quant au veston, je n&rsquo;en n&rsquo;ai pas besoin pour l&rsquo;instant. Un peu trop \u00e9troit. Il servira au Canada en \u00e9t\u00e9.<\/li>\n<\/ol>\n<p style=\"text-align: justify;\">L&rsquo;impression g\u00e9n\u00e9rale est favorable ici. Gros vent optimiste. Bons baisers ma petite fille et tr\u00e8s bient\u00f4t te lire. On t&#8217;embrasse autant de fois que tu veux.<\/p>\n<p style=\"text-align: justify;\">J<\/p>\n<p style=\"text-align: justify;\"><a href=\"#_ftnref1\" name=\"_ftn1\">[1]<\/a> Georges Brassart \u00e9tait mon \u00ab\u00a0parrain\u00a0\u00bb (note de FGR)<br \/>\n<a href=\"#_ftnref2\" name=\"_ftn2\">[2]<\/a> Ren\u00e9 Fonck est \u00ab\u00a0l&rsquo;As des as\u00a0\u00bb fran\u00e7ais et Alli\u00e9s de la Premi\u00e8re guerre mondiale, avec 75 victoires homologu\u00e9es et 52 autres probables. Colonel d&rsquo;aviation et ancien combattant, l&rsquo;As des as, fid\u00e8le \u00e0 la figure historique du \u00ab\u00a0Vainqueur de Verdun\u00a0\u00bb, et aussi parce que le Mar\u00e9chal P\u00e9tain \u00e9tait le seul officier sup\u00e9rieur qui voyait un avenir dans l&rsquo;aviation, entre <u>sans fonction officielle<\/u> au service du gouvernement. Sur les instructions de P\u00e9tain, il fait la tourn\u00e9e des escadrilles et recrute pr\u00e8s de 200 pilotes fran\u00e7ais, volontaires, d\u00e9s juillet 1940, pour faire la guerre aux Anglais, alli\u00e9s \u00e0 l&rsquo;Allemagne. Tr\u00e8s oppos\u00e9 \u00e0 Pierre Laval, il reste \u00ab\u00a0les yeux et les oreilles\u00a0\u00bb de P\u00e9tain chez les Allemands, aupr\u00e8s desquels il a gard\u00e9 ses entr\u00e9es. Finalement d\u00e9savou\u00e9 par le Mar\u00e9chal, il prend peu \u00e0 peu ses distances avec Vichy. Toutefois, au mois d&rsquo;ao\u00fbt 1942, le magazine am\u00e9ricain <em>Life <\/em>publie une liste de \u00ab\u00a0tra\u00eetres\u00a0\u00bb fran\u00e7ais \u00e0 \u00e9liminer apr\u00e8s la victoire des Alli\u00e9s. Ren\u00e9 Fonck y figure en compagnie de Sacha Guitry et de Maurice Chevalier. Devenu \u00e9galement suspect aux yeux des Allemands par ses interventions au profit de r\u00e9sistants et son opposition \u00e0 Laval, Fonck n&rsquo;en sera pas moins arr\u00eat\u00e9 en septembre 1944, intern\u00e9 \u00e0 la Sant\u00e9 et \u2014sur l&rsquo;intervention d\u2019Edgar Pisani\u2014 lib\u00e9r\u00e9 seulement \u00e0 la fin de l&rsquo;ann\u00e9e, sans charge \u00e0 son encontre. Il a \u00e9galement b\u00e9n\u00e9fici\u00e9 d&rsquo;un \u00ab\u00a0certificat de participation\u00a0\u00bb \u00e0 la R\u00e9sistance, sign\u00e9 le 28 septembre 1948 avec la mention\u00a0: \u00ab\u00a0<em>Monsieur Fonck, Ren\u00e9, membre sans uniforme des forces fran\u00e7aises combattantes, a particip\u00e9 en territoire occup\u00e9 par l&rsquo;ennemi, aux glorieux combats pour la lib\u00e9ration de la patrie<\/em>\u00a0\u00bb. Ses actions pr\u00e9cises, ses relations avec l&rsquo;Allemagne et ses projets sont encore le sujet de recherches historiques. Jeanne Roux a \u00e9galement apport\u00e9 sa collaboration (secr\u00e9tariat) \u00e0 Ren\u00e9 Fonck \u2014qui lui avait donn\u00e9 le bapt\u00eame de l\u2019air, ainsi qu\u2019\u00e0 moi\u2014 apr\u00e8s la Lib\u00e9ration (Note de FGR)<\/p>\n<p>&nbsp;<\/p>\n","protected":false},"excerpt":{"rendered":"<p>\u00a0 Dimanche 25 novembre 1945 Petite Jeannette ch\u00e9rie, Je n&rsquo;ai pas souvenir d&rsquo;avoir re\u00e7u beaucoup de lettres de vous cette semaine. Serait-ce que par hasard vous commencez \u00e0 vous fatiguer de m&rsquo;\u00e9crire, \u00e0 moins que le superbe Fr\u00e9d\u00e9ric absorbe \u00e0 &hellip; <a href=\"https:\/\/monperejeanmamy.fr\/?page_id=1368\">Continuer la lecture <span class=\"meta-nav\">&rarr;<\/span><\/a><\/p>\n","protected":false},"author":2,"featured_media":11,"parent":0,"menu_order":0,"comment_status":"closed","ping_status":"closed","template":"","meta":[],"folder":[],"_links":{"self":[{"href":"https:\/\/monperejeanmamy.fr\/index.php?rest_route=\/wp\/v2\/pages\/1368"}],"collection":[{"href":"https:\/\/monperejeanmamy.fr\/index.php?rest_route=\/wp\/v2\/pages"}],"about":[{"href":"https:\/\/monperejeanmamy.fr\/index.php?rest_route=\/wp\/v2\/types\/page"}],"author":[{"embeddable":true,"href":"https:\/\/monperejeanmamy.fr\/index.php?rest_route=\/wp\/v2\/users\/2"}],"replies":[{"embeddable":true,"href":"https:\/\/monperejeanmamy.fr\/index.php?rest_route=%2Fwp%2Fv2%2Fcomments&post=1368"}],"version-history":[{"count":7,"href":"https:\/\/monperejeanmamy.fr\/index.php?rest_route=\/wp\/v2\/pages\/1368\/revisions"}],"predecessor-version":[{"id":3214,"href":"https:\/\/monperejeanmamy.fr\/index.php?rest_route=\/wp\/v2\/pages\/1368\/revisions\/3214"}],"wp:featuredmedia":[{"embeddable":true,"href":"https:\/\/monperejeanmamy.fr\/index.php?rest_route=\/wp\/v2\/media\/11"}],"wp:attachment":[{"href":"https:\/\/monperejeanmamy.fr\/index.php?rest_route=%2Fwp%2Fv2%2Fmedia&parent=1368"}],"wp:term":[{"taxonomy":"folder","embeddable":true,"href":"https:\/\/monperejeanmamy.fr\/index.php?rest_route=%2Fwp%2Fv2%2Ffolder&post=1368"}],"curies":[{"name":"wp","href":"https:\/\/api.w.org\/{rel}","templated":true}]}}