{"id":1370,"date":"2021-03-12T16:50:13","date_gmt":"2021-03-12T15:50:13","guid":{"rendered":"http:\/\/monperejeanmamy.fr\/?page_id=1370"},"modified":"2024-01-20T15:39:24","modified_gmt":"2024-01-20T14:39:24","slug":"jm-a-jr-fresnes-45-11-18","status":"publish","type":"page","link":"https:\/\/monperejeanmamy.fr\/?page_id=1370","title":{"rendered":"JM \u00e0 JR (Fresnes 45\/11\/18)"},"content":{"rendered":"<p><strong>\u00a0<\/strong><a href=\"http:\/\/monperejeanmamy.fr\/?page_id=1372\"><img loading=\"lazy\" class=\"wp-image-1352 alignleft\" src=\"http:\/\/monperejeanmamy.fr\/wp-content\/uploads\/2021\/03\/Lettre-precedente.jpg\" alt=\"\" width=\"143\" height=\"78\" \/><\/a><a href=\"http:\/\/monperejeanmamy.fr\/?page_id=1368\"><img loading=\"lazy\" class=\"alignright wp-image-1353\" src=\"http:\/\/monperejeanmamy.fr\/wp-content\/uploads\/2021\/03\/Lettre-suivante.jpg\" alt=\"\" width=\"139\" height=\"76\" \/><\/a><\/p>\n<p style=\"text-align: center;\"><strong>Dimanche 18 novembre 1945<\/strong><\/p>\n<p style=\"text-align: center;\">Ma petite Jeannette ch\u00e9rie,<\/p>\n<p style=\"text-align: justify;\">J\u2019avais envie de commencer un journal r\u00e9gulier pour te prouver que chaque matin, chaque apr\u00e8s-midi et chaque soir je pensais un peu (oh\u00a0! un petit peu, un tout petit peu) \u00e0 toi. Ta photo n\u2019est-elle pas l\u00e0 pour me rappeler qu\u2019un jour une certaine fille se mit un ruban dans les cheveux pour sourire devant l\u2019appareil et diffuser parmi ses connaissances (parmi lesquelles un certain m\u00e2le) les traits pr\u00e9cieux de sa finesse. Donc il m\u2019\u00e9tait venu \u00e0 l\u2019id\u00e9e cette pens\u00e9e que cela pouvait peut-\u00eatre te toucher que j\u2019eusse \u00e9prouv\u00e9 l\u2019attrait quotidien de ton souvenir. Patatras\u00a0! Comme le doute casse vite les belles choses. J\u2019ai eu peur que tu en con\u00e7oive de l\u2019orgueil\u00a0!! Et j\u2019ai repos\u00e9 ma plume\u00a0!!! Je me suis dit\u00a0:\u00a0 Peut-\u00eatre en serait-elle trop \u00e9mue\u00a0?\u00a0Ne vaut-il pas mieux que je refroidisses volontairement \u00ab\u00a0<em>l\u2019amiti\u00e9 affectueuse\u00a0<\/em>\u00bb (Hum\u00a0! Enfin\u00a0! Mettons un peu plus)\u2026 \u00ab\u00a0<em>l\u2019affectueuse affection<\/em>\u00a0\u00bb\u2026 (c\u2019est peut-\u00eatre trop)\u2026 \u00ab\u00a0<em>la tendre amiti\u00e9\u00a0<\/em>\u00bb\u2026 (ce n\u2019est pas assez)\u2026 \u00ab<em>\u00a0le flot br\u00fblant du sentiment spontan\u00e9<\/em>\u00a0\u00bb\u2026 (c\u2019est bien romantique)\u2026 \u00ab\u00a0<em>le feu passionn\u00e9<\/em>\u00a0\u00bb\u2026 (de plus en plus Chateaubriand)\u2026 \u00ab\u00a0<em>la calme et tendre et patiente affection\u00a0<\/em>\u00bb\u2026 (tr\u00e8s bourgeois, on dirait du Taisne ou Renan drap\u00e9 dans sa redingote)\u2026 Je ne saurai d\u00e9cemment aller plus loin. Il ne convient pas de confier \u00e0 la censure de telles nuances de sentiments et \u00e0 nous \u00e9garer ainsi dans les sentiers t\u00e9n\u00e9breux de l\u2019imagination sentimentale, nous risquerions de perdre la boussole. Or, c\u2019est justement en amour qu\u2019il ne faut pas perdre la t\u00eate, encore plus qu\u2019en politique, car les r\u00e9cifs sont aussi dangereux, pointus, pervers, sournois, etc\u2026 etc\u2026 Voil\u00e0 bien des mots pour ne rien dire ou peu de choses, sinon qu\u2019on t\u2019aime bien. Na\u00a0! Et qu\u2019on t\u2019embrasse tous les matins que Dieu fait. Or tu sauras, si cela peut contenter ton c\u0153ur d\u2019ange affam\u00e9, que Dieu lui-m\u00eame est un \u00e9ternel matin.<\/p>\n<p style=\"text-align: justify;\">J\u2019ai bien re\u00e7u lettres, colis, toutes choses mat\u00e9rielles, sentimentales, spirituelles r\u00e9confortantes, \u00e0 manger, \u00e0 penser et \u00e0 vivre\u2026 et le corps animal te remercie de son c\u00f4t\u00e9 des vivres onctueux, app\u00e9tissants, graisseux, de m\u00eame que l\u2019esprit, le c\u0153ur, la t\u00eate et la bonne humeur te savent gr\u00e9 de la parfaite expansion enamour\u00e9e que tu daignes leur distribuer avec tant de gr\u00e2ce, d\u2019abondance, de gentillesse. Voici que tous les compliments sont faits, \u00e9chang\u00e9s, noircis, re\u00e7us, per\u00e7us et qu\u2019il ne me reste plus qu\u2019\u00e0 te regarder dans les yeux et \u00e0 rire comme on rit quand on voit le soleil. Ferme les yeux. Tu me br\u00fbles. Et tais-toi\u00a0! Que je t\u2019entende parler\u00a0! Voil\u00e0, j\u2019ai compris. Mais oui\u00a0! Tout \u00e0 fait cela. Pas de doute. Nous sommes d\u2019accord.<\/p>\n<p style=\"text-align: justify;\">Alors, le Fr\u00e9d\u00e9ric te joue des niches\u00a0! C\u2019est tr\u00e8s bien\u00a0! Monsieur tape \u00e0 la machine, cache les d\u00e9s \u00e0 coudre, et quoi encore\u00a0? J\u2019esp\u00e8re, j\u2019en suis s\u00fbr, qu\u2019il casse tout. Ah\u00a0! Ah\u00a0! J\u2019ai trouv\u00e9 un bon m\u00e9tier\u00a0: marchand de porcelaines. J\u2019irai m\u2019\u00e9tablir pr\u00e8s des familles nombreuses. Et surtout leur vendre des choses fragiles, avec des dessins enfantins dessus, que tous les poupons viennent coller leur museau dessus\u00a0: \u00ab\u00a0<em>Maman, fais voir la belle cafeti\u00e8re\u00a0!<\/em>\u00a0\u00bb Patatras\u00a0! Elle est par terre\u00a0! On flanque une fess\u00e9e et on recommence\u00a0! Voil\u00e0\u00a0! On commence par la vaisselle, avec ses poings, et on finit en plus grand avec les bombes atomiques. Ah\u00a0! Elle est bien \u00e9lev\u00e9e l\u2019humanit\u00e9\u00a0!<\/p>\n<p style=\"text-align: justify;\">D\u2019abord un gar\u00e7on doit commencer d\u00e8s son jeune \u00e2ge \u00e0 faire la guerre\u2026 \u00e0 tout\u00a0! Aux fourmis, aux mouches, au chien, \u00e0 la machine \u00e0 coudre, \u00e0 la jupe de sa m\u00e8re, \u00e0 la concierge\u2026 Dis moi tout de suite s\u2019il s\u2019est bien battu cette semaine, que je sois rassur\u00e9, et s\u2019il a d\u00e9j\u00e0 commenc\u00e9 \u00e0 hurler comme un orateur de meeting. Car il faudra un coffre dans quelque temps pour vivre. La meilleure situation sera celle de d\u00e9put\u00e9. Toutes les combines, toutes les crapuleries, leur mitraillette sur l\u2019\u00e9paule, un micro porte-voix, un tank, quelques grenades \u00e0 grande puissance \u00e0 la ceinture, un avion pour les d\u00e9placement voisins, une fus\u00e9e pour les grands voyages et voil\u00e0 notre nouveau chef du peuple. Tout le monde chef. Personne ne travaille. On vit de l\u2019air du temps et du discours. C\u2019est l\u2019\u00e2ge d\u2019or et des pommes crues.<\/p>\n<p style=\"text-align: justify;\">Je trouve quant \u00e0 moi que les enfants d\u2019aujourd\u2019hui sont promis \u00e0 un merveilleux avenir. Quand j\u2019\u00e9tais gosse, on ne connaissait presque pas l\u2019avion, tout juste l\u2019artillerie de pr\u00e9cision, pas encore la lourde, et on se canardait \u00e0 15\u00a0kms maximum. Aujourd\u2019hui nous voyons les progr\u00e8s. Mais demain\u00a0? Formidable\u00a0! Une vraie rigolade. On aura \u00e0 peine le temps de tirer l\u2019obus qu\u2019il vous arrivera dans le dos ayant accompli trois fois le tour du globe. Si tu veux faisons un r\u00eave. Foutons le camp dans une autre plan\u00e8te, avec de faux passeports naturellement. Les vrais sont introuvables \u00ab\u00a0<em>becaus<\/em>e\u00a0\u00bb la volont\u00e9 des puissants du jour de nous flanquer au garde-\u00e0-vous. Libert\u00e9\u00a0! Libert\u00e9\u00a0!<\/p>\n<p style=\"text-align: justify;\">Je jubile depuis quelques jours. La vie est trop dr\u00f4le, ou trop b\u00eate. Et encore non. Pas si b\u00eate. Elle devient tellement odieuse et b\u00eate qu\u2019elle en cr\u00e8vera bien toute seul, et que nous en sortirons tout neufs, tout ressuscit\u00e9s. Il arrive, le moment o\u00f9 les flammes de l\u2019Enfer s\u2019\u00e9teignent parce qu\u2019elles ont br\u00fbl\u00e9 tout leur carburant et que la haine n\u2019est pas infinie. Il faut qu\u2019elle meure quand elle arrive \u00e0 expiration. Ce qu\u2019on aura de plus curieux, c\u2019est l\u2019imb\u00e9cillit\u00e9 totale de la temp\u00eate et aussi sa disparition. L\u2019une et l\u2019autre sont sans raison. Il n\u2019y a pas plus idiot que la Terre. Si j\u2019\u00e9tais possesseur du secret atomique, je sais bien ce que je ferai\u00a0!!! N.d.D.\u00a0!!! J\u2019irai demander la permission \u00e0 l\u2019\u00c9ternel (et il me l\u2019accorderait s\u00fbrement car il est bougrement emb\u00eat\u00e9 avec les hommes\u00a0! Quelle responsabilit\u00e9\u00a0! C\u2019est un poids mort cette plan\u00e8te qui marche toujours de travers) et je ferai p\u00e9ter le truc\u00a0; avec quelle joie\u00a0! Qu\u2019on en finisse\u00a0! Et qu\u2019on recommence\u00a0! C\u2019est \u00e0 dire qu\u2019on retrouve l\u2019\u00e9ternel paradis o\u00f9 tous les hommes et les femmes chantent des cantiques toute la journ\u00e9e avec des ailes dans le dos. Blague \u00e0 part, je me sens une fringale de sanctification qui n&rsquo;est pas dans une musette et le soir, douillettement saucissonn\u00e9 dans ton sac de couchage, je pense \u00e0 des ch\u00e9rubins et \u00e0 des s\u00e9raphins que c\u2019en est un vrai paradis pour grands magasins\u00a0!<\/p>\n<p style=\"text-align: justify;\">Je te jure, ma petite Jeannette\u00a0: \u00e0 partir du supr\u00eame d\u00e9go\u00fbt, des plus grandes illusions bris\u00e9es, de l\u2019extr\u00eame lassitude, on trouve la patience totale, la s\u00e9r\u00e9nit\u00e9 absolue, la confiance, la sagesse, le bonheur \u00e9tonnant, et l\u2019on rigole de tout\u00a0: du salp\u00eatre de la cellule, des menaces si risibles de condamnation \u00e0 mort, des dossiers qui nous tombent sur le cr\u00e2ne (de Chamb. ou d\u2019ailleurs \u2014\u00e0 propos, je l\u2019ai re\u00e7u\u00a0: c\u2019est une imb\u00e9cillit\u00e9 savoyarde noire\u00a0! Un ramassis de ragots fumeux\u00a0! Une p\u00e2le poubelle de rapports policiers\u00a0: le n\u00e9ant en b\u00e2tons) et l\u2019on chante \u00e0 voix d\u00e9lirante des chansons de plein ciel (voir le ciel d\u2019aujourd\u2019hui).<\/p>\n<p style=\"text-align: justify;\">Je travaille beaucoup, passionn\u00e9ment, ardemment, m\u00e9thodiquement\u2026 et de la sorte, je ne dis pas que le temps passe, mais qu\u2019il n\u2019a pas \u00e9t\u00e9 perdu, car, \u00e0 force de s\u2019exploser, on se d\u00e9couvre soi-m\u00eame tout diff\u00e9rent de ce qu\u2019on croyait \u00eatre. Aujourd\u2019hui, les bobards ont circul\u00e9 sur des troubles dans Paris. Nous voyons d\u2019un \u0153il amus\u00e9 le diff\u00e9rend qui oppose maintenant les droites et les communistes. Quand on conna\u00eet un peu le dessous des cartes, on se dit qu\u2019il doit faire bon vivre sous certains bananiers loin des app\u00e9tits mondains. Ce n\u2019est pas pour cela que nous deviendrons misanthropes. Non, pas si b\u00eates. Pourquoi s\u2019exalter, se fatiguer, se f\u00e2cher contre ce qui n\u2019aurait jamais d\u00fb nous \u00e9mouvoir, ni m\u00eame atteindre nos yeux d\u00e9tach\u00e9s de tout. Dor\u00e9navant : \u00ab <em>la guerre, la politique, les discussions philosophico-m\u00e9taphysiques, les conflits ? Connais pas<\/em> \u00bb. Parlez-moi du kg de dattes que j\u2019ai ramass\u00e9es dans l\u2019oasis ou de l\u2019antilope que j\u2019ai attrap\u00e9e au lasso. Et sachez que je suis devenu chasseur de papillons et charmeur de serpents. S\u2019il y a des gens qui veulent s\u2019int\u00e9resser aux p\u00e9troles ou aux Suez, libre \u00e0 eux. Nous, nous ne sommes pas dans ces prisons-l\u00e0, les prisons pour dettes de guerre, les prisons bourgeoises, les prisons de la vie commode, les prisons de pr\u00e9jug\u00e9s. Nous autres, hommes libres, nous allons nous amuser si cela nous plait \u00e0 compter les grains de sable su Sahara ou les \u00e9toiles du ciel (c\u2019est tout comme) et, ce faisant, nous songerons au bonheur de vivre, loin des ascenseurs, des buildings, de la Tour Eiffel, du clocher de village, de Dieu, c\u2019est-\u00e0-dire partout, sauf dans la b\u00eatise humaine \u2014qui, par d\u00e9finition, est inexistante bien qu\u2019elle apparaisse universelle aux imb\u00e9ciles seulement (c\u2019est-\u00e0-dire \u00e0 ceux qu\u2019elle s\u00e9duit et \u00e0 ceux qu\u2019elle d\u00e9go\u00fbte ; c\u2019est pourquoi nous sommes si joyeux de n\u2019\u00eatre m\u00eame plus d\u00e9go\u00fbt\u00e9s).<\/p>\n<p style=\"text-align: justify;\">Voici qu\u2019il me reste bien peu de place pour te dire tout ce que je voulais, car j\u2019avais l\u2019intention, en commen\u00e7ant le ci-devant papier, de t\u2019\u00e9crire une lettre d\u2019amour. Mais comme il fait tard je vais me coucher dans la peau de mouton et demain je pense avoir des id\u00e9es neuves pour exprimer en cinquante mots pr\u00e9cis ce qu\u2019il te faut pour te faire vivre heureuse au moins toute une semaine. Bonsoir. A demain. Si tu savais comme le ton est gentil quand je te dis ces deux mots, tu en serai touch\u00e9e. Lundi matin. Je relis ma lettre et la trouve extravagante. Mais quoi, il nous est bien permis de batifoler un peu. Nous n\u2019(avons nous autres pour nous \u00e9battre que le gazon de notre fantaisie et tout l\u2019infini qui entre par la fen\u00eatre. Ce matin je me sens \u00e0 la fois l\u00e9ger et lourd. L\u00e9ger de pens\u00e9es heureuses et lourd de vieilles tristesses dont j\u2019arriverai bien \u00e0 couper la cha\u00eene. Ce qui nous g\u00e8ne le plus dans la vie c\u2019est la mauvaise humeur qui s\u2019attache \u00e0 nous et nous fait quelquefois d\u00e9vier. L\u2019homme le plus courageux est celui qui serait toujours de bonne humeur, patient, doux, qui ne se f\u00e2cherait jamais et qui gu\u00e9rirait tout le monde. Quelle situation magnifique\u00a0! Il serait imm\u00e9diatement crucifi\u00e9, lapid\u00e9 pour r\u00e9compense de ses bienfaits. Mais quelle joie de partir ainsi le sourire aux l\u00e8vres\u00a0!<\/p>\n<p style=\"text-align: justify;\">Je t\u2019embrasse autant de fois que tu le veux. Assez, je n\u2019ai plus de place<\/p>\n<p style=\"text-align: justify;\">J<\/p>\n<ol>\n<li style=\"text-align: justify;\">Bien re\u00e7u colis. Parfait<br \/>\n1\u00b0\/ du cirage marron SVP 2\u00b0\/ du savon (2 savonnettes) 3\u00b0\/ Assez de sel 4\u00b0\/ Pr\u00e9venir ma m\u00e8re. Il me faut absolument un pantalon pour lundi 5\u00b0\/ Ce dernier colis est parfait. Alterner comme la derni\u00e8re fois. Une fois beaucoup de viande, une fois moins.<\/li>\n<\/ol>\n","protected":false},"excerpt":{"rendered":"<p>\u00a0 Dimanche 18 novembre 1945 Ma petite Jeannette ch\u00e9rie, J\u2019avais envie de commencer un journal r\u00e9gulier pour te prouver que chaque matin, chaque apr\u00e8s-midi et chaque soir je pensais un peu (oh\u00a0! un petit peu, un tout petit peu) \u00e0 &hellip; <a href=\"https:\/\/monperejeanmamy.fr\/?page_id=1370\">Continuer la lecture <span class=\"meta-nav\">&rarr;<\/span><\/a><\/p>\n","protected":false},"author":2,"featured_media":11,"parent":0,"menu_order":0,"comment_status":"closed","ping_status":"closed","template":"","meta":[],"folder":[],"_links":{"self":[{"href":"https:\/\/monperejeanmamy.fr\/index.php?rest_route=\/wp\/v2\/pages\/1370"}],"collection":[{"href":"https:\/\/monperejeanmamy.fr\/index.php?rest_route=\/wp\/v2\/pages"}],"about":[{"href":"https:\/\/monperejeanmamy.fr\/index.php?rest_route=\/wp\/v2\/types\/page"}],"author":[{"embeddable":true,"href":"https:\/\/monperejeanmamy.fr\/index.php?rest_route=\/wp\/v2\/users\/2"}],"replies":[{"embeddable":true,"href":"https:\/\/monperejeanmamy.fr\/index.php?rest_route=%2Fwp%2Fv2%2Fcomments&post=1370"}],"version-history":[{"count":6,"href":"https:\/\/monperejeanmamy.fr\/index.php?rest_route=\/wp\/v2\/pages\/1370\/revisions"}],"predecessor-version":[{"id":3213,"href":"https:\/\/monperejeanmamy.fr\/index.php?rest_route=\/wp\/v2\/pages\/1370\/revisions\/3213"}],"wp:featuredmedia":[{"embeddable":true,"href":"https:\/\/monperejeanmamy.fr\/index.php?rest_route=\/wp\/v2\/media\/11"}],"wp:attachment":[{"href":"https:\/\/monperejeanmamy.fr\/index.php?rest_route=%2Fwp%2Fv2%2Fmedia&parent=1370"}],"wp:term":[{"taxonomy":"folder","embeddable":true,"href":"https:\/\/monperejeanmamy.fr\/index.php?rest_route=%2Fwp%2Fv2%2Ffolder&post=1370"}],"curies":[{"name":"wp","href":"https:\/\/api.w.org\/{rel}","templated":true}]}}