{"id":1374,"date":"2021-03-12T16:52:19","date_gmt":"2021-03-12T15:52:19","guid":{"rendered":"http:\/\/monperejeanmamy.fr\/?page_id=1374"},"modified":"2024-01-20T15:30:00","modified_gmt":"2024-01-20T14:30:00","slug":"jm-a-jr-fresnes-45-10-28","status":"publish","type":"page","link":"https:\/\/monperejeanmamy.fr\/?page_id=1374","title":{"rendered":"JM \u00e0 JR (Fresnes 45\/10\/28)"},"content":{"rendered":"<p><strong>\u00a0<\/strong><a href=\"http:\/\/monperejeanmamy.fr\/?page_id=1376\"><img loading=\"lazy\" class=\"wp-image-1352 alignleft\" src=\"http:\/\/monperejeanmamy.fr\/wp-content\/uploads\/2021\/03\/Lettre-precedente.jpg\" alt=\"\" width=\"143\" height=\"78\" \/><\/a><a href=\"http:\/\/monperejeanmamy.fr\/?page_id=1372\"><img loading=\"lazy\" class=\"alignright wp-image-1353\" src=\"http:\/\/monperejeanmamy.fr\/wp-content\/uploads\/2021\/03\/Lettre-suivante.jpg\" alt=\"\" width=\"139\" height=\"76\" \/><\/a><\/p>\n<p style=\"text-align: center;\"><strong>Dimanche 28 octobre 1945<\/strong><\/p>\n<p style=\"text-align: center;\">Petite Jeannette ch\u00e9rie,<\/p>\n<p style=\"text-align: justify;\">Puisque tu me l\u2019as recommand\u00e9 sur le ton le plus imp\u00e9rieux, je commence ma lettre le dimanche matin et peut-\u00eatre me d\u00e9ciderai-je \u00e0 faire une sorte de journal quotidien pour te prouver que je pense \u00e0 toi tous les jours, puisque cette nourriture sentimentale t\u2019est indispensable. J\u2019en suis flatt\u00e9 et m\u2019en voudrais de ne pas donner des becqu\u00e9es d\u2019amour \u00e0 une aussi charmante fille qui m\u2019envoie en retour tant de pens\u00e9es affectueuses et de colis pr\u00e9cieux (d\u2019autant plus qu\u2019il me fait plaisir \u00e0 moi aussi de donner de ma tendresse (mais il ne faut pas le dire, de crainte que la charmante fille n\u2019en n\u2019\u00e9prouve de l\u2019orgueil). A propos de colis, il va falloir se soumettre au nouveau r\u00e8glement\u00a0: un colis de 3 kgs tous les quinze jours seulement \u00e0 partir du 15 novembre. Nous aurons par contre une boule de pain enti\u00e8re au lieu d\u2019une \u00bd boule et je pense que ceci compensera cela. Toutefois, il faudra modifier la composition des colis et ne plus penser qu\u2019a mettre des produits qui s\u2019\u00e9talent sur le pain ou qui l\u2019accompagnent\u00a0: saucisson, p\u00e2t\u00e9, cr\u00e8me sucr\u00e9e, beurre, confiture, lard (qui est le plus pr\u00e9cieux), poudre d\u2019\u0153ufs, chocolat. Supprimer les \u0153ufs durs qui p\u00e8sent lourd. Prendre des fromages l\u00e9gers qui durent un peu. Bref, faire durer le plaisir quinze jours au lieu de huit. Dans un certain sens cette nouvelle me r\u00e9jouit car cela vous fera moins de frais \u00e0 me nourrir et je crains toujours d\u2019\u00eatre un poids pour les \u00e2mes de bonne charit\u00e9 qui m\u2019envoient ma pitance. Si les boules de pain sont suffisantes, nous ne serons pas trop malheureux, \u00e0 condition d\u2019avoir beaucoup de bonne humeur. Et peut-\u00eatre y aura-t-il des arrangements avec le ciel. Si l\u2019on pouvait augmenter un peu le poids des colis, il faudrait pour cela en parler aux avocats. On verra.<\/p>\n<p style=\"text-align: justify;\">De plus, ne nous plaignons pas. L\u2019hiver s\u2019annonce dur au dehors. Je viens de lire la lettre d\u2019un camarade o\u00f9 il para\u00eet que B. <a href=\"#_ftn1\" name=\"_ftnref1\">[1]<\/a> aurait fait une d\u00e9claration sur le ravitaillement de l\u2019Europe cet hiver. On craint des \u00e9pid\u00e9mies. Elles suivent g\u00e9n\u00e9ralement toutes les guerres. Le monde est dans un tel \u00e9tat de trouble qu\u2019il ne peut encore \u00eatre question pour lui d\u2019appara\u00eetre en pleine sant\u00e9. Que les hommes sont fous de se d\u00e9chirer ainsi entre eux. Les esprits sont si enflamm\u00e9s qu\u2019ils sont pr\u00eats \u00e0 tout\u00a0: au meurtre, au vol, au d\u00e9sespoir. Combien ne faut-il pas de patience pour les gu\u00e9rir et qu\u2019ils reviennent au calme et \u00e0 l\u2019ordre\u00a0!<\/p>\n<p style=\"text-align: justify;\">Les derni\u00e8res \u00e9lections ne sont ni mauvaises ni bonnes. C\u2019est un diagnostic. Elles montrent l\u2019\u00e9ternelle d\u00e9chirure de la France coup\u00e9e en deux\u00a0: la\u00efques contre d\u00e9sistes, fonctionnaires autoritaires et d\u00e9magogues contre individualistes \u00e9touff\u00e9s peu \u00e0 peu sous la vague. Selon la parole du proph\u00e8te\u00a0: un royaume divis\u00e9 contre lui-m\u00eame ne saurait subsister. Et voici longtemps que cette agonie dure.<\/p>\n<p style=\"text-align: justify;\">Pour nous, prisonniers, notre plus grand souci est l\u2019injustice ambiante du dehors. Que j\u2019aimerais avoir vraiment tort et pouvoir \u00eatre accus\u00e9 par des saints, par des gens dont la probit\u00e9 et la justice soient si \u00e9lev\u00e9es que je sois forc\u00e9 de m\u2019incliner devant leur autorit\u00e9. Quel exemple ne me donnerait-il pas\u00a0? Que je voudrais que tous mes \u00e9crits ou mes paroles ne se fussent pas v\u00e9rifi\u00e9s et que la France en aurait remont\u00e9 \u2014ne fut-ce que de quelques m\u00e8tres\u2014 la pente fatale. Je voudrais tant avoir \u00e9t\u00e9 un insulteur gratuit, un menteur, un \u00ab\u00a0vendu\u00a0\u00bb qui prof\u00e9rait par int\u00e9r\u00eat des calomnies abominables. Aujourd\u2019hui mon pays serait dans la voie du redressement et il serait juste qu\u2019on me montre du doigt comme un bas d\u00e9magogue, comme un vaurien qui avait m\u00e9dit de la puissance r\u00e9g\u00e9n\u00e9ratrice de la nation. Je suis navr\u00e9 que nos adversaires nous donnent raison. Ils auraient pu nous donner une le\u00e7on. Ils ne nous donnent que des coups. Ces coups-l\u00e0, nous sommes forc\u00e9s maintenant de les inscrire \u00e0 un palmar\u00e8s qui sera un jour un martyrologe <a href=\"#_ftn2\" name=\"_ftnref2\">[2]<\/a>. Quel dommage d\u2019avoir d\u00e9nonc\u00e9 le mal \u00e0 bon escient et que ceux que nous avons pr\u00e9venus contre lui s\u2019y pr\u00e9cipitent sans pouvoir le dominer.<\/p>\n<p style=\"text-align: justify;\">Ici nous attendons, nous patientons, nous esp\u00e9rons malgr\u00e9 tout. Les meilleurs bruits circulent, comme les moins bons.<\/p>\n<h1 style=\"text-align: justify;\"><u>Lundi soir<\/u>.<\/h1>\n<p style=\"text-align: justify;\">Heure de recevoir le colis. Magnifique. Merci mille fois. Le veston est tr\u00e8s bien. Tu remercieras ma m\u00e8re. Le sac de couchage est \u00e9patant et je regrette de ne pouvoir l\u2019essayer imm\u00e9diatement pour te dire mes impressions, mais tu peux \u00eatre s\u00fbre que la semaine prochaine nous aurons pondu en quinze versets tous nos r\u00eaves nouveaux que va nous inspirer la peau de mouton r\u00eav\u00e9e. Je pense dormir cette nuit comme un loir et d\u00e9j\u00e0 mes camarades louchent perversement sur ledit engin. Je suis combl\u00e9 et puisque me voici maintenant si heureux et tranquille, je vais demander \u00e0 rester en prison le plus longtemps possible.<\/p>\n<p style=\"text-align: justify;\">Les meilleurs bruits courent ce soir \u00e0 travers la prison. Le vent d\u2019optimisme souffle alors qu\u2019hier le plus noir pessimisme r\u00e9gnait. \u00c9videmment les prisonniers sont nerveux. Il faut les excuser. Nous avons re\u00e7u d\u2019avocats des nouvelles qui tendraient \u00e0 dire que la juridiction d\u2019exception s\u2019arr\u00eaterait le 10 novembre. D\u2019autre part on parle d\u2019amnistie pour certains cas. Quoique non compris dans ces cat\u00e9gories, j\u2019esp\u00e8re que la d\u00e9tente commence. On dit que Depreux <a href=\"#_ftn3\" name=\"_ftnref3\">[3]<\/a>, socialiste serait ministre de la Justice. Cela nous para\u00eet de bon augure, parce que c\u2019est un homme impr\u00e9gn\u00e9 du Droit romain et que la l\u00e9galit\u00e9 sera respect\u00e9e. Je pense que maintenant, si la fin arrive (c\u00e0d un proc\u00e8s d\u2019assises), je pourrais faire valoir des arguments justes devant un jury impartial. On nous signale aussi l\u2019\u00e9tat effarant de l\u2019Europe, les 15 millions d\u2019hommes sur les routes refoul\u00e9s par les Russes. Bref, tout le g\u00e2chis que les Anglo-Am\u00e9ricains doivent prendre en mains.<\/p>\n<p style=\"text-align: justify;\">Il semble bien maintenant que l\u2019\u00e9pisode Fresnes ne soit qu\u2019un minime incident dans ce formidable bouleversement mondial qui r\u00e9sulte de l\u2019introduction d\u2019id\u00e9es nouvelles\u00a0; car ce qui est bizarre, c\u2019est qu\u2019un an apr\u00e8s la \u00ab\u00a0Lib\u00e9ration\u00a0\u00bb les seules solutions qui apparaissent pratiques sont les n\u00f4tres \u2014c\u00e0d le socialisme national que nous avons pr\u00f4n\u00e9 contre tous, contre les Allemands surtout car la politique d\u2019Abetz tendait \u00e0 la conception r\u00e9publicaine. Voil\u00e0 bien de la haute politique pour une aussi petite fille.<\/p>\n<p style=\"text-align: justify;\">Je n\u2019ai pas ri \u00e0 l\u2019histoire du d\u00e9 \u00e0 coudre aval\u00e9 par le Jupiter fils <a href=\"#_ftn4\" name=\"_ftnref4\">[4]<\/a>. J\u2019ai pens\u00e9 \u00e0 cette trag\u00e9die de trois femmes affol\u00e9es parce que Dieu lui-m\u00eame \u00e9tait menac\u00e9 de suffocation. Et je trouve que c\u2019est certainement un sujet pour un grand drame lyrique. On voit d\u2019ici le duo du m\u00e9decin et de la maman \u2014<em>Regardez donc, Monsieur, si vous voyez quelque chose. Je ne vois belle madame qu\u2019un peu de soupe au lait. Je vous assure pourtant que Satan lui-m\u00eame a gliss\u00e9 ce d\u00e9 mal\u00e9fique dans le c\u0153ur de celui qui doit \u00eatre le prince de la Terre. Rassurez-vous marquise, Satan dit oui, les rayons X disent non. Allez chercher vos cauchemars sous le buffet et de toutes fa\u00e7ons<\/em> (ici le t\u00e9nor place son ut de poitrine) <em>vous l\u2019auriez retrouv\u00e9<\/em> (si b\u00e9mol) <em>le lendemain matin<\/em>.<\/p>\n<p style=\"text-align: justify;\">La vie est splendide et je suis de si bonne humeur que je t\u2019embrasse \u00e0 tout de bras. Sur ce, je te quitte et vais manger un \u0153uf dur, finir le chocolat que b\u00e9b\u00e9 m\u2019a envoy\u00e9 et que j\u2019ai d\u00e9j\u00e0 grignot\u00e9 dans l\u2019escalier, et regarder d\u2019un \u0153il concupiscent ma peau de mouton.<\/p>\n<p style=\"text-align: justify;\">Bons, gros, grands et menus et fins, et d\u00e9licats baisers. Tu es gentille comme un c\u0153ur d\u2019or. Et ce n\u2019est pas commun.<\/p>\n<p style=\"text-align: justify;\">J<\/p>\n<p style=\"text-align: justify;\">Caresse le fils comme pour toi. Dis lui qu\u2019il est superbe et recommande-lui la patience en politique. Si tu vois tes amis, dis leur que je ne suis pas press\u00e9, que j\u2019ai du travail jusqu\u2019\u00e0 No\u00ebl.<\/p>\n<p style=\"text-align: justify;\"><a href=\"#_ftnref1\" name=\"_ftn1\">[1]<\/a> B. ind\u00e9chiffrable (note de FGR)\u00a0; semble \u00eatre \u00ab\u00a0Beeru (\u00a0???)\u00a0\u00bb<br \/>\n<a href=\"#_ftnref2\" name=\"_ftn2\">[2]<\/a> Martyrologe\u00a0: liste de ceux qui ont souffert, sont morts pour une cause ; liste des victimes de quelque chose (note de FGR)<br \/>\n<a href=\"#_ftnref3\" name=\"_ftn3\">[3]<\/a> \u00c9douard Depreux est un homme politique fran\u00e7ais, n\u00e9 le 31 octobre 1898 \u00e0 Viesly (Nord) et d\u00e9c\u00e9d\u00e9 le 16 octobre 1981 \u00e0 Paris. A la Lib\u00e9ration il est maire de Sceaux, mandat qu&rsquo;il occupe jusqu&rsquo;en 1959, et membre de l&rsquo;Assembl\u00e9e consultative provisoire. Il est \u00e9lu d\u00e9put\u00e9 en 1946 et si\u00e8ge au Parlement jusqu&rsquo;en 1958. Il est ministre de l\u2019Int\u00e9rieur de juin 1946 \u00e0 novembre 1947, il rend public le complot d\u2019extr\u00eame-droite dit du Plan Bleu visant \u00e0 renverser la R\u00e9publique, le 30 juin 1947. (note de FGR)<br \/>\n<a href=\"#_ftnref4\" name=\"_ftn4\">[4]<\/a> Un jour ma m\u00e8re et ma tante se sont affol\u00e9es car, \u00e2g\u00e9 de quatorze mois, j\u2019avais aval\u00e9 un d\u00e9 \u00e0 coudre qu\u2019elles avaient laiss\u00e9 tra\u00eener sur la table de couture. On m\u2019emmena d\u2019urgence \u00e0 l\u2019h\u00f4pital Trousseau (celui des enfants, rue du Docteur Arnold Netter dans le XII<sup>\u00e8me<\/sup> arrondissement). En vain. On me mit sur le pot et on inspecta mes selles pendant plusieurs jours. En vain. Jusqu\u2019\u00e0 ce que mes \u00ab\u00a0deux femmes\u00a0\u00bb retrouvent le fameux d\u00e9, tomb\u00e9 dans l\u2019ourlet du manteau qu\u2019elles \u00e9taient en train de coudre. J\u2019\u00e9tais sauv\u00e9 (note de FGR, anecdote qu\u2019on lui a souvent rapport\u00e9e).<\/p>\n<p>&nbsp;<\/p>\n<p>&nbsp;<\/p>\n","protected":false},"excerpt":{"rendered":"<p>\u00a0 Dimanche 28 octobre 1945 Petite Jeannette ch\u00e9rie, Puisque tu me l\u2019as recommand\u00e9 sur le ton le plus imp\u00e9rieux, je commence ma lettre le dimanche matin et peut-\u00eatre me d\u00e9ciderai-je \u00e0 faire une sorte de journal quotidien pour te prouver &hellip; <a href=\"https:\/\/monperejeanmamy.fr\/?page_id=1374\">Continuer la lecture <span class=\"meta-nav\">&rarr;<\/span><\/a><\/p>\n","protected":false},"author":2,"featured_media":11,"parent":0,"menu_order":0,"comment_status":"closed","ping_status":"closed","template":"","meta":[],"folder":[],"_links":{"self":[{"href":"https:\/\/monperejeanmamy.fr\/index.php?rest_route=\/wp\/v2\/pages\/1374"}],"collection":[{"href":"https:\/\/monperejeanmamy.fr\/index.php?rest_route=\/wp\/v2\/pages"}],"about":[{"href":"https:\/\/monperejeanmamy.fr\/index.php?rest_route=\/wp\/v2\/types\/page"}],"author":[{"embeddable":true,"href":"https:\/\/monperejeanmamy.fr\/index.php?rest_route=\/wp\/v2\/users\/2"}],"replies":[{"embeddable":true,"href":"https:\/\/monperejeanmamy.fr\/index.php?rest_route=%2Fwp%2Fv2%2Fcomments&post=1374"}],"version-history":[{"count":4,"href":"https:\/\/monperejeanmamy.fr\/index.php?rest_route=\/wp\/v2\/pages\/1374\/revisions"}],"predecessor-version":[{"id":3212,"href":"https:\/\/monperejeanmamy.fr\/index.php?rest_route=\/wp\/v2\/pages\/1374\/revisions\/3212"}],"wp:featuredmedia":[{"embeddable":true,"href":"https:\/\/monperejeanmamy.fr\/index.php?rest_route=\/wp\/v2\/media\/11"}],"wp:attachment":[{"href":"https:\/\/monperejeanmamy.fr\/index.php?rest_route=%2Fwp%2Fv2%2Fmedia&parent=1374"}],"wp:term":[{"taxonomy":"folder","embeddable":true,"href":"https:\/\/monperejeanmamy.fr\/index.php?rest_route=%2Fwp%2Fv2%2Ffolder&post=1374"}],"curies":[{"name":"wp","href":"https:\/\/api.w.org\/{rel}","templated":true}]}}