{"id":1376,"date":"2021-03-12T16:53:01","date_gmt":"2021-03-12T15:53:01","guid":{"rendered":"http:\/\/monperejeanmamy.fr\/?page_id=1376"},"modified":"2021-04-07T11:39:48","modified_gmt":"2021-04-07T09:39:48","slug":"jm-a-jr-fresnes-45-10-22","status":"publish","type":"page","link":"https:\/\/monperejeanmamy.fr\/?page_id=1376","title":{"rendered":"JM \u00e0 JR (Fresnes 45\/10\/22)"},"content":{"rendered":"<p><strong>\u00a0<\/strong><a href=\"http:\/\/monperejeanmamy.fr\/?page_id=1378\"><img loading=\"lazy\" class=\"wp-image-1352 alignleft\" src=\"http:\/\/monperejeanmamy.fr\/wp-content\/uploads\/2021\/03\/Lettre-precedente.jpg\" alt=\"\" width=\"143\" height=\"78\" \/><\/a><a href=\"http:\/\/monperejeanmamy.fr\/?page_id=1374\"><img loading=\"lazy\" class=\"alignright wp-image-1353\" src=\"http:\/\/monperejeanmamy.fr\/wp-content\/uploads\/2021\/03\/Lettre-suivante.jpg\" alt=\"\" width=\"139\" height=\"76\" \/><\/a><\/p>\n<p style=\"text-align: center;\"><strong>Lundi 22 octobre 1945<\/strong><\/p>\n<p style=\"text-align: center;\">Ma petite Jeannette ch\u00e9rie,<\/p>\n<p style=\"text-align: justify;\">Bien re\u00e7u tes deux lettres et j&rsquo;esp\u00e8re \u2014et j&rsquo;en suis s\u00fbr\u2014 que de nombreuses autres sont en route. Je suis content de ce que tu me dis sur l&rsquo;atmosph\u00e8re du dehors. Elle co\u00efncide exactement avec ce que nous en pensons. Aujourd&rsquo;hui, tout Fresnes est suspendu aux chiffres de \u00e9lections et les bobards courent comme toujours.<\/p>\n<p style=\"text-align: justify;\">Il semble que si les socialistes gagnent, ils seront enclins \u00e0 r\u00e9tablir ce qu&rsquo;on appelle \u00ab\u00a0la l\u00e9galit\u00e9 r\u00e9publicaine\u00a0\u00bb. Par contre, un succ\u00e8s communiste aurait peut-\u00eatre pour nous des cons\u00e9quences douloureuses. En tous cas, je pr\u00e9f\u00e8re m&rsquo;en r\u00e9f\u00e9rer \u00e0 l&rsquo;affirmation de Floriot que tu me rapportes : \u00ab\u00a0<em>on en sortira<\/em>\u00a0\u00bb. Il n&rsquo;est pas venu me voir. Dis lui que si c&rsquo;est pour me remonter le moral, je n&rsquo;en n&rsquo;ai pas besoin, c&rsquo;est moi qui lui en remontrerais sur ce point. Si c&rsquo;est pour me dire bonjour, bravo. Si au contraire, c&rsquo;est pour m&rsquo;avertir de choses d\u00e9sagr\u00e9ables, qu&rsquo;il veuille bien attendre \u2014et faire attendre. Je ne suis pas press\u00e9 et je crois que personne n&rsquo;est press\u00e9 non plus.<\/p>\n<p style=\"text-align: justify;\">Je ne peux te dire tout ce que je pense sur les \u00e9v\u00e9nements. Cela d\u00e9borderait le cadre de cette lettre et les restrictions de la censure. Aussi tu ne sauras rien de tout ce que mes yeux et mes oreilles ont vu et entendu. Et pourtant, c&rsquo;est bougrement int\u00e9ressant. Mais voil\u00e0. Il n&rsquo;y a que les secrets qui soient passionnants. Ce qui est livr\u00e9 au public perd de son charme.<\/p>\n<p style=\"text-align: justify;\">Si pas de r\u00e9ponse de Montmartre, ne bouge pas. Il y a peut-\u00eatre quelque chose l\u00e0-dessous. Essaie de t\u00e9l\u00e9phoner. Tu auras le n\u00b0 par les renseignements.<\/p>\n<p style=\"text-align: justify;\">Bravo pour <em>Gabrielle<\/em>. Et pour le reste, je me tais, sachant que la patience fait aller les choses plus vite que la brusquerie. D&rsquo;ailleurs, tout viendra \u00e0 point. Il y a une loi d&rsquo;ajustement harmonieuse qui se d\u00e9roule inexorablement sous nos yeux et qui fait que les choses ne sont ni en retard, ni en avance. La vie est toujours beaucoup plus parfaite qu&rsquo;on ne la voit, qu&rsquo;on la d\u00e9sire, qu&rsquo;on l&rsquo;imagine, qu&rsquo;on la ressent. Ainsi, je suis s\u00fbr que si tu savais \u00e0 quel point je suis compl\u00e8tement heureux en ce moment sur ma table, devant un mur plein de salp\u00eatre, mais dont je fais un palais, contemplant les livres empil\u00e9s devant moi dont le <em>Tout en un<\/em> vaut toutes les Encyclop\u00e9dies du monde et le dictionnaire des rimes qui m&rsquo;est le plus utile, tu serais d\u00e9livr\u00e9e d&rsquo;un grand souci, car je n&rsquo;ai pas du tout l&rsquo;impression que tu d\u00e9sires \u00e9go\u00efstement ma pr\u00e9sence pour ton plaisir personnel. Il te suffit de savoir que je suis content pour que ton bonheur soit parfait et moi de m\u00eame, de sorte que l&rsquo;instant pr\u00e9sent ne comporte pas d&rsquo;amertume, ni d&rsquo;\u00e9loignement, ni d&rsquo;absence. J&rsquo;ai l&rsquo;air de blaguer, mais c&rsquo;est tr\u00e8s vrai. Ce n&rsquo;est pas une raison pour que l&rsquo;\u00e9tat actuel des choses dure, mais puisque nous sommes dans cette exp\u00e9rience, il vaut mieux en profiter pour savoir que nous savons surmonter les circonstances. Pas vrai ? Dis oui. Je suis bien s\u00fbr que tu as dit oui. Il serait \u00e9tonnant que tu dise non. Qui ici ose ne pas \u00eatre de mon avis ?<\/p>\n<p style=\"text-align: justify;\">J&rsquo;attendrai tout \u00e0 l&rsquo;heure d&rsquo;avoir re\u00e7u mon colis pour te mettre ici les compliments d&rsquo;usage et m&rsquo;extasier sur les bonbons, le morceau de lard et la cr\u00e8me sucr\u00e9e. Ce qui m&rsquo;a fait le plus plaisir la semaine derni\u00e8re, c&rsquo;est le lard. de m\u00eame les sardines <u>sal\u00e9es<\/u> ont fait le meilleur profit. Aussi la poudre d\u2019\u0153ufs. Le caf\u00e9 am\u00e9ricain est toujours le bienvenu.<\/p>\n<p style=\"text-align: justify;\">Tu me proposes gentiment ton sac de couchage. J&rsquo;h\u00e9site \u00e0 l&rsquo;accepter. Car je puis tr\u00e8s bien passer l&rsquo;hiver enroul\u00e9 dans mes couvertures, quoique Fresnes soit beaucoup plus froid que le Fort de Charenton o\u00f9 j&rsquo;\u00e9tais l&rsquo;ann\u00e9e derni\u00e8re. Si cela ne te prive pas trop, envoie le moi. Sinon, n&rsquo;h\u00e9site pas. Fais ton manteau et toi aussi tu as droit d&rsquo;avoir chaud. Je ne serais pas terriblement malheureux enroul\u00e9es dans mes \u00ab\u00a0berlues\u00a0\u00bb comme on dit ici. Enfin, fais ce que tu veux.<\/p>\n<p style=\"text-align: justify;\">J&rsquo;esp\u00e8re bien, du reste, ne pas passer tout l&rsquo;hiver ici et pourrais te rendre ton sac tr\u00e8s bient\u00f4t, peut-\u00eatre avant l&rsquo;hiver (n&rsquo;esp\u00e9rons pas trop vite. N&rsquo;allons pas trop loin).<\/p>\n<p style=\"text-align: justify;\">Nous aussi nous avons nos coupures de courant (je relis ta lettre) et tous les soirs, nous t\u00e2tonnons \u00e0 trois dans la cellule pour retrouver un quart ou un cure-dent. Mais la lumi\u00e8re que nous portons en nous est telle qu&rsquo;elle \u00e9claire toutes les cellules beaucoup mieux qu&rsquo;un lumignon. Blague \u00e0 part, je n&rsquo;ai jamais vu gens plus courageux et plus gonfl\u00e9s qu&rsquo;ici. En-a-t-on vu un qui, jusqu&rsquo;\u00e0 pr\u00e9sent, ne soit pas mort courageusement ou ait essay\u00e9 de se d\u00e9rober \u00e0 une condamnation ? Nous encaissons les coups avec constance, lucidit\u00e9, patience. On se forge des \u00e2mes d&rsquo;acier. Cela sert toujours dans la vie. A tout \u00e0 l&rsquo;heure !<\/p>\n<p style=\"text-align: justify;\">Pas le temps d&rsquo;explorer tout mon colis. Le coiffeur ! Les r\u00e9sultats des \u00e9lections, la soupe. Je me d\u00e9p\u00eache. Il fait nuit. Tout a l&rsquo;air d&rsquo;aller bien. Les communistes ont beaucoup gagn\u00e9. Ils ont l&rsquo;air de nous promettre encore de nouvelles sanctions. Bravo ! Au moins, ils se d\u00e9voileront sous leur vrai jour. Passons, on en dirait trop.<\/p>\n<p style=\"text-align: justify;\">Je t&#8217;embrasse trop h\u00e2tivement pour mon go\u00fbt, mais il faut que cette lettre parte ce soir, sinon je vois la t\u00eate contrite de Jeannette qui n&rsquo;aurait pas sa ration de tendresse du vendredi matin.<\/p>\n<p style=\"text-align: justify;\">Qu&rsquo;elle soit donc compl\u00e8te, pleine, heureuse, cette ration. Que les b\u00e9n\u00e9dictions tombent du ciel sur Fr\u00e9d\u00e9ric et sur sa m\u00e8re. Elles sont l&rsquo;aliment n\u00e9cessaire de tous les hommes et personne n&rsquo;en n&rsquo;est priv\u00e9, ni les prisonniers, ni les gens pr\u00e9tendus libres.<\/p>\n<p style=\"text-align: justify;\">Donc, si tu veux bien, tends moi tout ce qu&rsquo;il te faut, les petits bras de Fr\u00e9d\u00e9ric et tes grands yeux confiants pour qu&rsquo;on les embrasse jusqu&rsquo;\u00e0 ce qu&rsquo;ils aient sommeil. A bient\u00f4t.<\/p>\n<p>J<\/p>\n","protected":false},"excerpt":{"rendered":"<p>\u00a0 Lundi 22 octobre 1945 Ma petite Jeannette ch\u00e9rie, Bien re\u00e7u tes deux lettres et j&rsquo;esp\u00e8re \u2014et j&rsquo;en suis s\u00fbr\u2014 que de nombreuses autres sont en route. Je suis content de ce que tu me dis sur l&rsquo;atmosph\u00e8re du dehors. &hellip; <a href=\"https:\/\/monperejeanmamy.fr\/?page_id=1376\">Continuer la lecture <span class=\"meta-nav\">&rarr;<\/span><\/a><\/p>\n","protected":false},"author":2,"featured_media":11,"parent":0,"menu_order":0,"comment_status":"closed","ping_status":"closed","template":"","meta":[],"folder":[],"_links":{"self":[{"href":"https:\/\/monperejeanmamy.fr\/index.php?rest_route=\/wp\/v2\/pages\/1376"}],"collection":[{"href":"https:\/\/monperejeanmamy.fr\/index.php?rest_route=\/wp\/v2\/pages"}],"about":[{"href":"https:\/\/monperejeanmamy.fr\/index.php?rest_route=\/wp\/v2\/types\/page"}],"author":[{"embeddable":true,"href":"https:\/\/monperejeanmamy.fr\/index.php?rest_route=\/wp\/v2\/users\/2"}],"replies":[{"embeddable":true,"href":"https:\/\/monperejeanmamy.fr\/index.php?rest_route=%2Fwp%2Fv2%2Fcomments&post=1376"}],"version-history":[{"count":4,"href":"https:\/\/monperejeanmamy.fr\/index.php?rest_route=\/wp\/v2\/pages\/1376\/revisions"}],"predecessor-version":[{"id":1926,"href":"https:\/\/monperejeanmamy.fr\/index.php?rest_route=\/wp\/v2\/pages\/1376\/revisions\/1926"}],"wp:featuredmedia":[{"embeddable":true,"href":"https:\/\/monperejeanmamy.fr\/index.php?rest_route=\/wp\/v2\/media\/11"}],"wp:attachment":[{"href":"https:\/\/monperejeanmamy.fr\/index.php?rest_route=%2Fwp%2Fv2%2Fmedia&parent=1376"}],"wp:term":[{"taxonomy":"folder","embeddable":true,"href":"https:\/\/monperejeanmamy.fr\/index.php?rest_route=%2Fwp%2Fv2%2Ffolder&post=1376"}],"curies":[{"name":"wp","href":"https:\/\/api.w.org\/{rel}","templated":true}]}}