{"id":1378,"date":"2021-03-12T16:54:01","date_gmt":"2021-03-12T15:54:01","guid":{"rendered":"http:\/\/monperejeanmamy.fr\/?page_id=1378"},"modified":"2021-04-07T11:28:18","modified_gmt":"2021-04-07T09:28:18","slug":"jm-a-jr-fresnes-45-10-15","status":"publish","type":"page","link":"https:\/\/monperejeanmamy.fr\/?page_id=1378","title":{"rendered":"JM \u00e0 JR (Fresnes 45\/10\/15)"},"content":{"rendered":"<p><strong>\u00a0<\/strong><a href=\"http:\/\/monperejeanmamy.fr\/?page_id=1380\"><img loading=\"lazy\" class=\"wp-image-1352 alignleft\" src=\"http:\/\/monperejeanmamy.fr\/wp-content\/uploads\/2021\/03\/Lettre-precedente.jpg\" alt=\"\" width=\"143\" height=\"78\" \/><\/a><a href=\"http:\/\/monperejeanmamy.fr\/?page_id=1376\"><img loading=\"lazy\" class=\"alignright wp-image-1353\" src=\"http:\/\/monperejeanmamy.fr\/wp-content\/uploads\/2021\/03\/Lettre-suivante.jpg\" alt=\"\" width=\"139\" height=\"76\" \/><\/a><\/p>\n<p style=\"text-align: center;\"><strong>Lundi 15 octobre 1945<\/strong><\/p>\n<p style=\"text-align: center;\">Ma petite fille ch\u00e9rie,<\/p>\n<p style=\"text-align: justify;\">Je me d\u00e9p\u00eache de griffonner trois mots \u2014c.\u00e0.d.\u2014 le plus possible avant le ramassage des lettres. Beaucoup d\u2019incidents aujourd\u2019hui\u00a0: promenade, r\u00e9ception des colis, m\u2019ont emp\u00each\u00e9 d\u2019\u00e9crire. Tant d\u2019autres choses aussi\u2026 que tu peux d\u00e9crier, car nous avons eu des \u00e9motions ce matin.<\/p>\n<p style=\"text-align: justify;\">Bien re\u00e7u le colis. Il est <u>admirable<\/u>, <u>\u00e9tonnant<\/u>, <u>stup\u00e9fiant<\/u>. Enfin les termes laudatifs nous manquent pour exprimer ce que nous ressentons. Nous avons go\u00fbt\u00e9 tout avec une joie superlative. Et le saindoux ! Et l\u2019ail ! Et les bouillons Kub ! Et tout, et tout ! \u00c9galement les superbes bas de soie qui ont fait l\u2019\u00e9tonnement du gardien charg\u00e9 de les fouiller. \u00ab <em>Qu\u2019est-ce que vous voulez-faire de \u00e7a\u00a0?<\/em>\u00a0\u00bb. Quand je lui ai expliqu\u00e9 qu\u2019ils \u00e9taient destin\u00e9s \u00e0 la protection nocturne de mon cr\u00e2ne peu touffu, il a rigol\u00e9. \u00ab\u00a0<em>Je croyais autre chose<\/em>\u00a0\u00bb. Voil\u00e0 maintenant qu\u2019on m\u2019accuse d\u2019avoir des m\u0153urs sp\u00e9ciales tout comme un Oscar Dufrenne <a href=\"#_ftn1\" name=\"_ftnref1\">[1]<\/a>\u00a0!!!<\/p>\n<p style=\"text-align: justify;\"><img loading=\"lazy\" class=\"alignright size-medium wp-image-1921\" src=\"http:\/\/monperejeanmamy.fr\/wp-content\/uploads\/2021\/04\/FGR19450929a-198x300.jpg\" alt=\"\" width=\"198\" height=\"300\" srcset=\"https:\/\/monperejeanmamy.fr\/wp-content\/uploads\/2021\/04\/FGR19450929a-198x300.jpg 198w, https:\/\/monperejeanmamy.fr\/wp-content\/uploads\/2021\/04\/FGR19450929a.jpg 616w\" sizes=\"(max-width: 198px) 100vw, 198px\" \/>Bien re\u00e7u aussi les photos de l\u2019amour. Les photos\u00a0! Toutes bien arriv\u00e9es. Qu\u2019en dirai-je\u00a0? C\u2019est Cupidon lui-m\u00eame. C\u2019est un dieu. C\u2019est Jupiter enfant. C\u2019est le plus fantastique, le plus formidable b\u00e9b\u00e9 qu\u2019on ait jamais vu au monde. La merveille des merveilles. Vraiment, les termes ne peuvent me venir \u00e0 l\u2019esprit pour exprimer mon admiration. Il lutte d\u00e9j\u00e0 contre les \u00e9l\u00e9phants. Il a des talents de jardinier et il joue d\u00e9j\u00e0 les faunes derri\u00e8re les balustres. Pour ma part, je trouve qu\u2019il est trop beau, et j\u2019en suis jaloux\u00a0! Nous esp\u00e9rons que la vie lui \u00f4tera cette sup\u00e9riorit\u00e9 qu\u2019il a sur les hommes \u00e0 barbe car il nous vole peut-\u00eatre de l\u2019affection ce d\u00e9mon de quelques mois. Embrasse-le de ma part quand m\u00eame et dis lui qu\u2019on l\u2019aime bien pour tout le bonheur qu\u2019il donne \u00e0 sa m\u00e8re et parce que son p\u00e8re commence \u00e0 trouver qu\u2019il lui ressemble un peu.<\/p>\n<p style=\"text-align: justify;\">Bravo pour la conversation Floriot. Je ne l\u2019ai pas vu samedi mais sa secr\u00e9taire. Je l\u2019ai mise au courant d\u2019une petite chose dont ma m\u00e8re t\u2019a peut-\u00eatre parl\u00e9. Mais l\u2019affaire est arrang\u00e9e. En tous cas, tout a l\u2019air d\u2019aller, sinon le mieux du monde, du moins fort bien si l\u2019on regarde la temp\u00eate pass\u00e9e. De tous c\u00f4t\u00e9s nous viennent certains renseignements qui prouvent la d\u00e9tente. Est-ce que ce ne sont pas des bobards\u00a0? Nous verrons bien. Je commence \u00e0 p\u00e9n\u00e9trer les intentions des dirigeants, mais je crois\u00a0que les \u00e9v\u00e8nements vont plus vite que les intentions des hommes.<\/p>\n<p style=\"text-align: justify;\">Je ne suis pas d\u2019accord avec toi pour les manuscrits, mais je me garderai bien de te reprocher ton manque de courage. Et les raisons que tu me donnes ne sont pas pertinentes. Je suis ici \u00e0 une excellente place pour travailler, la t\u00eate repos\u00e9e, sans soucis, avec une objectivit\u00e9 totale. Et je n\u2019y manque pas. Donc il faut que l\u2019ex\u00e9cution suive la production, sinon, si tu ne liquides pas tout le pass\u00e9, comment feras-tu quand je sortirai. Car je sortirai un jour, sais-tu ? Mais oui ! Et je pourrai m\u2019am\u00e9nager quelque part dans le monde une petite chambre bien \u00e0 moi que je ferai peindre en blanc, avec des barreaux aux fen\u00eatres et un lit pliant contre le mur. Une chambre o\u00f9 je m\u2019obligerai \u00e0 travailler sans jamais sortir. Tu n\u2019imagines pas comme on est libre dans un rectangle de quatre m\u00e8tres sur trois. On domine l\u2019univers\u2026 et soi-m\u00eame.<\/p>\n<p style=\"text-align: justify;\">Vois le monsieur de Montmartre. Vois tout ce qu\u2019il faut pour nous donner des nouvelles, mais veille bien d\u00e9sormais \u00e0 ne pas laisser de blanc \u00e0 la fin de tes lettres, sinon je prendrai cela pour une injure personnelle. Quand on ne sait pas quoi dire on remplit les lignes avec des baisers, mais des baisers exprim\u00e9s, des phrases sentimentales, bien tourn\u00e9es et profondes, des passions romantiques ou modernes, des f\u00e9minit\u00e9s raisonnables ou excessives. Je ne voudrai pas que tu joues avec moi les \u00ab marraines \u00bb. Il me semble que quatre lignes au bout d\u2019une page peuvent contenir tant d\u2019infini substantiel qu\u2019on peut se donner la peine de chercher dans le \u00ab cabas \u00bb in\u00e9puisable de son c\u0153ur de quoi alimenter la ration sentimentale du prisonnier.<\/p>\n<p style=\"text-align: justify;\">Et pour rompre avec les reproches, je vais t\u2019en dire, moi, des choses gentilles, c\u00e2lines \u00e0 souhait. A savoir que je regarde ta photo tous les jours, une, deux, trois fois par jour, avec des \u00e9clairages et des expressions diff\u00e9rentes selon l\u2019heure. Et je me pose des questions, me disant \u00ab\u00a0<em>pourquoi sourit-elle\u00a0? \u2014 Parce qu\u2019elle est gaie, ou parce que le photographe lui avait dit que c\u2019\u00e9tait mieux \u2014 ou pour me faire plaisir \u2014voil\u00e0, c\u2019est cela. C\u2019est pour me faire plaisir. Et pourquoi a-t-elle un ruban dans les cheveux\u00a0? Coquetterie\u00a0? Ou bien pour me faire plaisir\u00a0? C\u2019est encore cela. Et pourquoi a-t-elle les yeux brillants\u00a0? C\u2019est qu\u2019elle pensait en arri\u00e8re \u2014ou en avant\u2014 de la vie\u00a0? Des souvenirs\u00a0? Des espoirs\u00a0? A qui pensait-elle\u00a0? L\u00e0, je ne doute pas. Voir comme les hommes sont fats. Elle pensait \u00e0 moi. Et \u00e0 son fils\u00a0? Oui, peut-\u00eatre. A moi d\u2019abord ou \u00e0 son fils\u00a0? A tous les deux. Voil\u00e0, tout le monde est content<\/em>\u00a0\u00bb.<\/p>\n<p style=\"text-align: justify;\">Ainsi, j\u2019occupe un peu de ma journ\u00e9e, mais ma r\u00e9flexion devient beaucoup plus profonde si je pense au sentiment qui peut t\u2019animer quand tu te d\u00e9voues \u00e0 des souvenirs et \u00e0 l\u2019homme que tu aimes. Et j\u2019y vois des raisons de p\u00e9n\u00e9trer cet amour, de le gu\u00e9rir de ses soucis et de ses inqui\u00e9tudes, de l\u2019apaiser, de le raisonner pour qu\u2019il ne soit pas trop br\u00fblant, de le maintenir en \u00e9veil pour qu\u2019il ne s\u2019\u00e9teigne point, qu\u2019il ne s\u2019aigrisse point et de te dire que la patience, le calme, le courage, la pers\u00e9v\u00e9rance fera bien qu\u2019un jour nous sortirons de toutes ces \u00e9preuves et qu\u2019on apprendra comment il faut vivre pour \u00eatre heureuse de tout le bonheur du monde. Voil\u00e0. Que j\u2019aime \u00e0 ne plus avoir de place, <u>moi<\/u>. C\u2019est que j\u2019avais quelque chose \u00e0 dire, moi, et comme je n\u2019ai plus le temps ni le papier je comble le reste avec tous les baisers qu\u2019il te faut. Et il t\u2019en faut car tu les acceptes, j\u2019esp\u00e8re. Il y en aura de reste pour la prochaine fois.<\/p>\n<p style=\"text-align: justify;\">J<\/p>\n<p style=\"text-align: justify;\"><a href=\"#_ftnref1\" name=\"_ftn1\">[1]<\/a> Le \u00ab\u00a0<em>crime du Palace<\/em> \u00bb : Homosexuel notoire, Oscar Dufrenne, entrepreneur de spectacles, mais aussi conseiller municipal de Paris fut retrouv\u00e9 assassin\u00e9 le 25 septembre 1933 dans son bureau du cin\u00e9ma \u00ab Le Palace \u00bb, rue du Faubourg Montmartre. Les soup\u00e7ons de la police se port\u00e8rent sur un amant de passage, d\u00e9guis\u00e9 en marin, mais le crime ne fut jamais \u00e9lucid\u00e9. L\u2019affaire Oscar Dufrenne offre, par son ampleur et son retentissement m\u00e9diatique, la possibilit\u00e9 d\u2019analyser en d\u00e9tail les enjeux sociaux et politiques de \u00ab l\u2019homosexualit\u00e9 \u00bb dans la France de l\u2019entre-deux-guerres. Elle d\u00e9voile une subculture homosexuelle en pleine mutation, caract\u00e9ris\u00e9e par des mani\u00e8res tr\u00e8s diff\u00e9rentes de vivre et de d\u00e9finir son \u00ab homosexualit\u00e9 \u00bb. Les pratiques sexuelles, l\u2019inversion de genre, le respect de la norme bourgeoise sont autant de variables qui interviennent et \u00e9clairent la fa\u00e7on dont la question homosexuelle est alors per\u00e7ue par l\u2019opinion et g\u00e9r\u00e9e par les pouvoirs publics. (note de FGR)<\/p>\n<p>&nbsp;<\/p>\n<p>&nbsp;<\/p>\n<p>&nbsp;<\/p>\n","protected":false},"excerpt":{"rendered":"<p>\u00a0 Lundi 15 octobre 1945 Ma petite fille ch\u00e9rie, Je me d\u00e9p\u00eache de griffonner trois mots \u2014c.\u00e0.d.\u2014 le plus possible avant le ramassage des lettres. Beaucoup d\u2019incidents aujourd\u2019hui\u00a0: promenade, r\u00e9ception des colis, m\u2019ont emp\u00each\u00e9 d\u2019\u00e9crire. Tant d\u2019autres choses aussi\u2026 que &hellip; <a href=\"https:\/\/monperejeanmamy.fr\/?page_id=1378\">Continuer la lecture <span class=\"meta-nav\">&rarr;<\/span><\/a><\/p>\n","protected":false},"author":2,"featured_media":11,"parent":0,"menu_order":0,"comment_status":"closed","ping_status":"closed","template":"","meta":[],"folder":[],"_links":{"self":[{"href":"https:\/\/monperejeanmamy.fr\/index.php?rest_route=\/wp\/v2\/pages\/1378"}],"collection":[{"href":"https:\/\/monperejeanmamy.fr\/index.php?rest_route=\/wp\/v2\/pages"}],"about":[{"href":"https:\/\/monperejeanmamy.fr\/index.php?rest_route=\/wp\/v2\/types\/page"}],"author":[{"embeddable":true,"href":"https:\/\/monperejeanmamy.fr\/index.php?rest_route=\/wp\/v2\/users\/2"}],"replies":[{"embeddable":true,"href":"https:\/\/monperejeanmamy.fr\/index.php?rest_route=%2Fwp%2Fv2%2Fcomments&post=1378"}],"version-history":[{"count":3,"href":"https:\/\/monperejeanmamy.fr\/index.php?rest_route=\/wp\/v2\/pages\/1378\/revisions"}],"predecessor-version":[{"id":1922,"href":"https:\/\/monperejeanmamy.fr\/index.php?rest_route=\/wp\/v2\/pages\/1378\/revisions\/1922"}],"wp:featuredmedia":[{"embeddable":true,"href":"https:\/\/monperejeanmamy.fr\/index.php?rest_route=\/wp\/v2\/media\/11"}],"wp:attachment":[{"href":"https:\/\/monperejeanmamy.fr\/index.php?rest_route=%2Fwp%2Fv2%2Fmedia&parent=1378"}],"wp:term":[{"taxonomy":"folder","embeddable":true,"href":"https:\/\/monperejeanmamy.fr\/index.php?rest_route=%2Fwp%2Fv2%2Ffolder&post=1378"}],"curies":[{"name":"wp","href":"https:\/\/api.w.org\/{rel}","templated":true}]}}