{"id":1380,"date":"2021-03-12T16:55:03","date_gmt":"2021-03-12T15:55:03","guid":{"rendered":"http:\/\/monperejeanmamy.fr\/?page_id=1380"},"modified":"2021-04-07T11:11:40","modified_gmt":"2021-04-07T09:11:40","slug":"jm-a-jr-fresnes-45-10-08","status":"publish","type":"page","link":"https:\/\/monperejeanmamy.fr\/?page_id=1380","title":{"rendered":"JM \u00e0 JR (Fresnes 45\/10\/08)"},"content":{"rendered":"<p><strong>\u00a0<\/strong><a href=\"http:\/\/monperejeanmamy.fr\/?page_id=1382\"><img loading=\"lazy\" class=\"wp-image-1352 alignleft\" src=\"http:\/\/monperejeanmamy.fr\/wp-content\/uploads\/2021\/03\/Lettre-precedente.jpg\" alt=\"\" width=\"143\" height=\"78\" \/><\/a><a href=\"http:\/\/monperejeanmamy.fr\/?page_id=1378\"><img loading=\"lazy\" class=\"alignright wp-image-1353\" src=\"http:\/\/monperejeanmamy.fr\/wp-content\/uploads\/2021\/03\/Lettre-suivante.jpg\" alt=\"\" width=\"139\" height=\"76\" \/><\/a><\/p>\n<p style=\"text-align: center;\"><strong>Lundi 8 octobre 1945<\/strong><\/p>\n<p style=\"text-align: center;\">Petite Jeannette ch\u00e9rie,<\/p>\n<p style=\"text-align: justify;\">Pas de nouvelles de toi depuis quelques jours. Que se passe-t-il ? Je remarque que tes lettres se font rares (\u00e0 moins qu&rsquo;elles mettent plus longtemps pour me parvenir \u00e0 cause de l&rsquo;encombrement de la poste). Je dirai \u00e0 ce sujet au parloir \u00e0 ma m\u00e8re quelque chose que tu voudras bien lui demander, tr\u00e8s pr\u00e9cis\u00e9ment. J&rsquo;esp\u00e8re toutefois que mon attente sera r\u00e9compens\u00e9e demain ou m\u00eame ce soir et que nous aurons le plaisir de lire la prose du Bd Diderot.<\/p>\n<p style=\"text-align: justify;\">Pour le colis pendant que j&rsquo;y pense, veux-tu bien demander \u00e0 ma m\u00e8re\u00a0:<\/p>\n<ol>\n<li style=\"text-align: justify;\">de me mettre mes <u>chaussons de peau<\/u> sans faute<\/li>\n<li style=\"text-align: justify;\">une bo\u00eete de cure-dents<\/li>\n<li style=\"text-align: justify;\">un vieux bas de soie dont je d\u00e9sire me faire un bonnet de nuit, car il fait froid \u00e0 la t\u00eate.<\/li>\n<\/ol>\n<p style=\"text-align: justify;\">Le dernier colis \u00e9tait excellent. Si tu envoies encore du p\u00e2t\u00e9 am\u00e9ricain prends soin de bien le tasser au fond de la bo\u00eete pour qu&rsquo;il ne moisisse pas. Si tu peux trouver du saindoux (du vrai) cela est excellent en tartines. J&rsquo;ai appr\u00e9ci\u00e9 ces temps-ci la d\u00e9licieuse mixture am\u00e9ricaine de c\u00e9r\u00e9ales que tu m&rsquo;avais donn\u00e9e il y a 2 mois. Les bonbons am\u00e9ricains sont toujours les bienvenus. Enfin, bref, je suis devenu tr\u00e8s gourmand. Et comme d&rsquo;ici vingt minutes on va m&rsquo;appeler pour mon colis, je me r\u00e9jouis d&rsquo;avance. Dis \u00e0 ma m\u00e8re que ses colis sont mal ficel\u00e9s. Il faut des ficelles plus fortes et que l&rsquo;arrangement en soit mieux fait. Deux ficelles en long pour boucler le colis. Sinon, il s&rsquo;ouvre (pas de ficelles en travers, inutile). Si tu peux trouver de la <u>cr\u00e8me \u00e0 raser<\/u> (am\u00e9ricaine) bravo. C&rsquo;est meilleur que le savon \u00e0 barbe dont il me reste suffisamment. Voil\u00e0. Je suis bien exigeant. Mais j&rsquo;ai presque id\u00e9e que tu y prends plaisir.<\/p>\n<p style=\"text-align: justify;\">Je travaille toujours beaucoup. Voila qui est moins dr\u00f4le pour toi. Mais qu&rsquo;y faire ? Comme dit mon avocate, c&rsquo;est de l&rsquo;incontinence. Elle est devenue tr\u00e8s aimable. De ce c\u00f4t\u00e9-l\u00e0 pas de nouvelles. On attend la rentr\u00e9e des commissions rogatoires et aussi de la 2<sup>\u00e8me<\/sup> visite annonc\u00e9e.<\/p>\n<p style=\"text-align: justify;\">Au dehors, les nouvelles ont l&rsquo;air \u00e0 peu pr\u00e8s bonnes. On parle de plus en plus de d\u00e9tente, d&rsquo;amnistie, de lib\u00e9ration. C&rsquo;est bien le moins que ce mot si usag\u00e9 depuis un an serve \u00e0 quelque chose pour nous. On ne voit pas encore que la France se soit v\u00e9ritablement lib\u00e9r\u00e9e de ses\u00a0 maux, au contraire. La vie ch\u00e8re, la d\u00e9magogie, etc&#8230; tout cela aggrave la situation de jour en jour. Cela fera-t-il r\u00e9fl\u00e9chir les Fran\u00e7ais ? On en doute. Ils n&rsquo;ont pas en main les donn\u00e9es du probl\u00e8me pour pouvoir trouver les solutions. Je pense de plus en plus \u00e0 la n\u00e9cessit\u00e9 de partir pour l&rsquo;\u00e9tranger. On emm\u00e8nera Jeannette dans quelque fourgon \u00e0 bagages (confortable et d\u00e9cent. Tu n&rsquo;auras pas la plus mauvaise place). Mais tout cela est du projet. Avant il faut tenir compte des r\u00e9alit\u00e9s. Or pour l&rsquo;instant, bien qu&rsquo;il soit apparent que le contraire est encore en place, tout va tr\u00e8s bien. La Terre tourne tr\u00e8s rond. Les hommes ne sont pas m\u00e9chants du tout, au contraire. Ils sont polis, aimables, d\u00e9vou\u00e9s et fraternels. Ils s&rsquo;aiment entre eux que c&rsquo;en est un po\u00e8me. Les Juifs ne sont pas int\u00e9ress\u00e9s. Ils n&rsquo;ont pas d&rsquo;id\u00e9es cupides. Les Russes sont doux comme des agneaux. Ils ne violent pas les femmes et donnent des montres aux prisonniers. Les Allemands n&rsquo;ont pas commis de brutalit\u00e9s et les Fran\u00e7ais s&rsquo;entendent entre eux. Voila ce que j&rsquo;ai d\u00e9cid\u00e9 une fois pour toutes et ce sera comme \u00e7a, ou sinon je me f\u00e2cherai. Remettre de l&rsquo;ordre dans le monde suppose qu&rsquo;on doit d&rsquo;abord remettre de l&rsquo;ordre dans ses id\u00e9es, et il ne faut pas prendre des vessies pour des lanternes. Blague \u00e0 part, il vaut mieux nier les petits travers des hommes que les accuser toujours. Il y a bien, mon Dieu !, quelques petites fautes par-ci par-l\u00e0, mais puisqu&rsquo;on condamne \u00e0 un an de prison avec sursis des pillards et assassins FFI et qu&rsquo;on fusille des collaborationnistes, justice est faite. Dieu Jehovah est content. Blague \u00e0 part, il faut excuser les invraisemblances des nouveaux magistrats. Ils n&rsquo;ont pas encore l&rsquo;habitude. Dans vingt ans, ils apprendront le droit romain et dans cinquante la mansu\u00e9tude. Pour nous, nous saurons faire quelque chose de nos dix doigts, ne fut-ce que compter les jours dessus. Blague \u00e0 part, tout va tr\u00e8s bien. On se sent heureux, soutenu, en forme. On est content de vivre dans un monde harmonieux avec devant soi de si nobles perspectives de paix. La triomphale victoire des Nations Unies (les trois grands) \u2014ce sera bient\u00f4t un proverbe \u00ab\u00a0<em><u>Unis comme les trois grands<\/u><\/em>\u00a0\u00bb\u2014 a apport\u00e9 la d\u00e9tente souhait\u00e9e. Maintenant tout va bien. Chaque conf\u00e9rence nouvelle est une r\u00e9ussite de plus. Apr\u00e8s Yalta, Postdam, San Francisco, voici Londres d&rsquo;o\u00f9 tout le monde est parti content, sans claquer les portes. Blague \u00e0 part, tout va tr\u00e8s bien. Heureusement que les \u00e9lections sont \u00e0 gauche. Cela va nous remonter tr\u00e8s haut sur la pente dangereuse. On se sent rassur\u00e9 par la pr\u00e9sence des hommes \u00e0 poigne. Et De Gaulle a fait un beau discours sur le Rhin, pr\u00eachant la r\u00e9conciliation de l&rsquo;Europe nouvelle. Deviendrait-il collabo ? Blague \u00e0 part, tout va tr\u00e8s bien.<\/p>\n<p style=\"text-align: justify;\">Tu vois que je suis de l&rsquo;humeur qu&rsquo;il faut pour supporter dignement les \u00e9preuves qui ne sauraient nous attendre tant notre foi est grande dans la justice (non celle des hommes) et dans la v\u00e9rit\u00e9 (transcendante en dehors de laquelle tout est erreur). Cessant de consid\u00e9rer les soubresauts de ce monde comme des r\u00e9alit\u00e9s. Je m&rsquo;attache \u00e0 d&rsquo;autres travaux beaucoup plus int\u00e9ressants que de t\u00e2ter tous les matins le pouls d&rsquo;une opinion enfi\u00e9vr\u00e9e par les bobards. Les hommes qui s&rsquo;occupent de politique me semblent de courte vue. T\u00e9moins ceux qui sont enferm\u00e9s ici. T\u00e9moins ceux qui s&rsquo;agitent dehors. Mais nous ne sommes peut-\u00eatre l\u00e0 que pour t\u00e9moigner nous aussi que nous avions raison au moment o\u00f9 il \u00e9tait dangereux d&rsquo;avoir raison et que le monde souffre aujourd&rsquo;hui de n&rsquo;avoir pas \u00e9cout\u00e9 nos avertissements. Il n&rsquo;\u00e9couterait pas davantage nos plaintes. C&rsquo;est pourquoi il vaut mieux se taire et versifier. Versifions.<\/p>\n<p style=\"text-align: justify;\">Comment va le mouchtatiot. Marche-t-il, sacr\u00e9 nom d&rsquo;un petit bonhomme ? J&rsquo;esp\u00e8re qu&rsquo;il galope et qu&rsquo;il pousse les chaises dans tous les coins de l&rsquo;appartement. Bat-il sa m\u00e8re quand elle est m\u00e9chante au point de me reprocher de ne pas \u00e9crire ? Lui dit-il qu&rsquo;il faut qu&rsquo;elle m&rsquo;\u00e9crive pour le moins trois fois la semaine ? A-t-il suffisamment d&rsquo;autorit\u00e9 pour se faire ob\u00e9ir par toutes ses femmes ? Si oui, c&rsquo;est un m\u00e2le digne du p\u00e8re qui le con\u00e7ut et nous l&rsquo;en f\u00e9licitons publiquement.<\/p>\n<p style=\"text-align: justify;\">Je remonte du colis. Il est parfait, merci mille fois. D\u00e9j\u00e0 mang\u00e9 la brioche et le chocolat. \u00ab\u00a0\u2020\u00a0\u00bb C&rsquo;est \u00e0 dire que je n&rsquo;en avais mang\u00e9 que les deux-tiers avant la croix qui pr\u00e9c\u00e8de cette phrase et que maintenant tout est consomm\u00e9. C&rsquo;est bougrement bon. Il me semble meilleur chaque fois. Lundi prochain je te donnerai \u00e0 nouveau mes impressions. On nous annonce que Darnand et Paquini attendent d&rsquo;\u00eatre fusill\u00e9s mercredi. Mais il y a tant de bobards qui courent. Darnand a pr\u00e8s de lui son aum\u00f4nier. Il parait que la plaidoirie de l&rsquo;avocate a \u00e9t\u00e9 \u00e9mouvante. Je ne veux pas dire tout ce que je pense. J&rsquo;en dirais trop et on pourrait croire que je suis de mauvaise humeur et que je me plains que la vie ne soit pas juste. Que de prodiges d&rsquo;habilet\u00e9 et de tendres pr\u00e9venances faudra-t-il pour panser les plaies fran\u00e7aises. On doute d&rsquo;y pouvoir parvenir jamais dans cette g\u00e9n\u00e9ration. A deux cents ans de distance, la r\u00e9vocation de l&rsquo;Edit de Nantes, la r\u00e9volution de 89 marquent encore le peuple d&rsquo;un sillon sanglant. Les cicatrices d&rsquo;une nation durent plusieurs si\u00e8cles. Celles-ci se fermeront-elles un jour ?<\/p>\n<p style=\"text-align: justify;\">Je viens de transvaser mon encrier. Tu vois que chaque petit geste de la journ\u00e9e correspond \u00e0 quelque chose qui te touche, car je te vois d&rsquo;ici remplir cet encrier avec pr\u00e9caution, le glisser avec prudence dans le paquet de linge, et penser avec d\u00e9sespoir qu&rsquo;il servira \u00e0 \u00e9taler sur du papier blanc d&rsquo;innombrables pattes de mouche.<\/p>\n<p style=\"text-align: justify;\">Veux-tu rappeler \u00e0 ma m\u00e8re qu&rsquo;elle n&rsquo;oublie pas le sel chaque fois. Je r\u00e9p\u00e9terai, pour que tu le saches aussi les choses indispensables dans un colis: a) sel b) cr\u00e9mosive c) ail, 1 ou 2 gousses d) lard ou mati\u00e8re grasse e) bouillon Kub et pour le reste \u00e0 votre choix dans les denr\u00e9es qui se conservent le mieux \u2014\u00e9galement le sucre et le caf\u00e9 en plus grande quantit\u00e9 <u>si possible<\/u> (sinon, tout va bien).<\/p>\n<p style=\"text-align: justify;\">En voil\u00e0 fini avec mes exigences. Voici maintenant la page des tendresses. Elles sont tr\u00e8s r\u00e9serv\u00e9es en attendant ta prochaine lettre. Moi, si on ne m&rsquo;\u00e9crit pas, pas de gentillesses. Donnant, donnant. Cela ne m&#8217;emp\u00eache pas, tr\u00e8s g\u00e9n\u00e9reusement, d&rsquo;accorder toute l&rsquo;affection qu&rsquo;il faut pour compenser \u2014une fois n&rsquo;est pas coutume\u2014 un luxe de pr\u00e9venances d\u00e9tailles dont j&rsquo;ai l&rsquo;habitude de te combler prolifiquement. Tout au plus consentirais-je, madame la paresseuse, \u00e0 vous embrasser sur le front avec pr\u00e9caution pour ne pas troubler une personne aussi r\u00e9serv\u00e9e qui n&rsquo;a pas eu le courage de mettre la main \u00e0 la plume pendant trois jours. Il est vrai qu&rsquo;elle a un si important chevalier servant dont il faut qu&rsquo;elle comble les d\u00e9sirs qu&rsquo;on ne saurait trop lui en vouloir. Passons pour cette fois et comme je suis le meilleur des hommes, je veux bien encore donner toute l&rsquo;affectueuse cascade d&rsquo;affection qui est n\u00e9cessaire pour apaiser le c\u0153ur\u00a0 fougueux de Jeannette dont on ne sait pas si elle retrouverait son sourire si p\u00e9riodiquement on ne l&rsquo;inondait de baisers. Ca ne se fait plus, ma ch\u00e8re, tr\u00e8s 1900. Aujourd&rsquo;hui c&rsquo;est une poign\u00e9e de main en camarades. Allez, ne fais pas la moue. Ferme les yeux, tu l&rsquo;as ta bise et quelques autres et je te permets de me tirer la barbe.<\/p>\n<p style=\"text-align: justify;\">A bient\u00f4t te lire, mais surtout ne pas te voir \u00e0 moins que ce ne soit dans la cage \u00e0 poules. Arrange toi avec ma m\u00e8re, dans les conditions que je t&rsquo;ai dites. Patience. Courage. Bonne humeur et tout et tout. Mes bonnes tendresses.<\/p>\n<p>J<\/p>\n<p>Quant \u00e0 Fr\u00e9d\u00e9ric, je le b\u00e9nis des deux mains.<\/p>\n<p>&nbsp;<\/p>\n<p>&nbsp;<\/p>\n<p>&nbsp;<\/p>\n","protected":false},"excerpt":{"rendered":"<p>\u00a0 Lundi 8 octobre 1945 Petite Jeannette ch\u00e9rie, Pas de nouvelles de toi depuis quelques jours. Que se passe-t-il ? Je remarque que tes lettres se font rares (\u00e0 moins qu&rsquo;elles mettent plus longtemps pour me parvenir \u00e0 cause de &hellip; <a href=\"https:\/\/monperejeanmamy.fr\/?page_id=1380\">Continuer la lecture <span class=\"meta-nav\">&rarr;<\/span><\/a><\/p>\n","protected":false},"author":2,"featured_media":11,"parent":0,"menu_order":0,"comment_status":"closed","ping_status":"closed","template":"","meta":[],"folder":[],"_links":{"self":[{"href":"https:\/\/monperejeanmamy.fr\/index.php?rest_route=\/wp\/v2\/pages\/1380"}],"collection":[{"href":"https:\/\/monperejeanmamy.fr\/index.php?rest_route=\/wp\/v2\/pages"}],"about":[{"href":"https:\/\/monperejeanmamy.fr\/index.php?rest_route=\/wp\/v2\/types\/page"}],"author":[{"embeddable":true,"href":"https:\/\/monperejeanmamy.fr\/index.php?rest_route=\/wp\/v2\/users\/2"}],"replies":[{"embeddable":true,"href":"https:\/\/monperejeanmamy.fr\/index.php?rest_route=%2Fwp%2Fv2%2Fcomments&post=1380"}],"version-history":[{"count":3,"href":"https:\/\/monperejeanmamy.fr\/index.php?rest_route=\/wp\/v2\/pages\/1380\/revisions"}],"predecessor-version":[{"id":1918,"href":"https:\/\/monperejeanmamy.fr\/index.php?rest_route=\/wp\/v2\/pages\/1380\/revisions\/1918"}],"wp:featuredmedia":[{"embeddable":true,"href":"https:\/\/monperejeanmamy.fr\/index.php?rest_route=\/wp\/v2\/media\/11"}],"wp:attachment":[{"href":"https:\/\/monperejeanmamy.fr\/index.php?rest_route=%2Fwp%2Fv2%2Fmedia&parent=1380"}],"wp:term":[{"taxonomy":"folder","embeddable":true,"href":"https:\/\/monperejeanmamy.fr\/index.php?rest_route=%2Fwp%2Fv2%2Ffolder&post=1380"}],"curies":[{"name":"wp","href":"https:\/\/api.w.org\/{rel}","templated":true}]}}