{"id":1382,"date":"2021-03-12T16:56:17","date_gmt":"2021-03-12T15:56:17","guid":{"rendered":"http:\/\/monperejeanmamy.fr\/?page_id=1382"},"modified":"2021-04-07T11:12:46","modified_gmt":"2021-04-07T09:12:46","slug":"jm-a-jr-fresnes-45-09-30","status":"publish","type":"page","link":"https:\/\/monperejeanmamy.fr\/?page_id=1382","title":{"rendered":"JM \u00e0 JR (Fresnes 45\/09\/30)"},"content":{"rendered":"<p><strong>\u00a0<\/strong><a href=\"http:\/\/monperejeanmamy.fr\/?page_id=1384\"><img loading=\"lazy\" class=\"wp-image-1352 alignleft\" src=\"http:\/\/monperejeanmamy.fr\/wp-content\/uploads\/2021\/03\/Lettre-precedente.jpg\" alt=\"\" width=\"143\" height=\"78\" \/><\/a><a href=\"http:\/\/monperejeanmamy.fr\/?page_id=1380\"><img loading=\"lazy\" class=\"alignright wp-image-1353\" src=\"http:\/\/monperejeanmamy.fr\/wp-content\/uploads\/2021\/03\/Lettre-suivante.jpg\" alt=\"\" width=\"139\" height=\"76\" \/><\/a><\/p>\n<p style=\"text-align: center;\"><strong>Dimanche 30 septembre 1945<\/strong><\/p>\n<p style=\"text-align: center;\">Petite Jeannette ch\u00e9rie,<\/p>\n<p style=\"text-align: justify;\">J\u2019ai re\u00e7u ton court mot hier, m\u2019apprenant que tu te d\u00e9sesp\u00e9rais d\u2019avoir de mes nouvelles, et je compte bien demain, quand je continuerai cette lettre avoir sur ma table une missive rectificative m\u2019annon\u00e7ant que ma grande lettre de lundi dernier t\u2019est parvenue, car j\u2019avais pris la peine d\u2019\u00e9crire \u00e0 Jeannette une lettre touffue, pleine de souvenirs d\u2019affection, de projets pour l\u2019avenir et de recommandations pour le pr\u00e9sent. L\u2019a-t-elle re\u00e7ue\u00a0? J\u2019en suis s\u00fbr. Si quelquefois la Poste (ou la censure\u00a0! Mais pourtant ma lettre ne contenait rien de condamnable) l\u2019a repouss\u00e9e dans quelque coin je sur s\u00fbr que le bon sens de petite Jeannette avait d\u00e9j\u00e0 re\u00e7u le message t\u00e9l\u00e9pathique qui fait que jamais son gros c\u0153ur gonfl\u00e9 d\u2019espoir et de tendresse ne d\u00e9sesp\u00e8re ni ne doute, et qu\u2019elle n\u2019est pas influenc\u00e9e par les \u00e9v\u00e8nements ext\u00e9rieurs, mais bien en garde contre toute surprise. M\u00e9chant facteur\u00a0! Qui a apport\u00e9 la lettre en retard ou l\u2019a oubli\u00e9e. Mais le monsieur barbu qui a pris la peine de d\u00e9vider tout un roman \u00e0 l\u2019usage des petites filles m\u00e8res de famille n\u2019est pas coupable, ni responsable de tous qui jouent les interm\u00e9diaires.<\/p>\n<p style=\"text-align: justify;\">Dans un certain sens, j\u2019aime beaucoup mieux que tu m\u2019eng\u2026 pour n\u2019avoir pas \u00e9crit. Cela prouve que tu tiens un peu \u00e0 celui qui, prisonnier, n\u2019a d\u2019autre recours que poser sa pens\u00e9e affectueuse sur des photos. Il ne faut point pour cela s\u2019\u00e9nerver et m\u00e2chonner du cafard. Tr\u00e8s mauvais les id\u00e9es tristes. Ici nous n\u2019en n\u2019avons pas. Nous sommes heureux le plus possible. Notre bonheur est complet. Nos journ\u00e9es sont remplies de travaux importants. Nous nous plaisons beaucoup l\u00e0 o\u00f9 nous sommes. Rien ne nous manque. Ni les souvenirs, ni les pr\u00e9sences. Il nous suffit maintenant d\u2019avoir des camarades politiques pour remplacer nos affections sentimentales et f\u00e9minines. Nous sommes devenus moines et nous r\u00eavons d\u2019un couvent tib\u00e9tain, o\u00f9 la cloche sonne deux fois par jour l\u2019heure du maigre repas et o\u00f9 le temps est consacr\u00e9 \u00e0 la pri\u00e8re. \u00d4 Himalaya, nous irons peut-\u00eatre un jour nous abriter sous tes cimes neigeuses, le plus loin possible des hommes et des bombes super-atomiques. Donnes nous un coin de la plan\u00e8te o\u00f9 ne soit pas la guerre\u00a0! J\u2019en connais un. C\u2019est le c\u0153ur d\u2019un certain prisonnier \u00e0 Fresnes qui a enfin trouv\u00e9 la paix\u00a0!<\/p>\n<p style=\"text-align: justify;\">Que je suis donc m\u00e9chant ce soir de taquiner ainsi Jeannette, personne br\u00fblante, avide de pr\u00e9sence corporelle qui demande, comme St Thomas, \u00e0 tirer les poils de la barbe et \u00e0 t\u00e2ter les plaies de ses doigts fins. Et bien, il faudra exercer encore ce jeune esprit \u00e0 la patience. Nous serons forc\u00e9s de lui pr\u00eacher encore quelque temps les conseils amis qui sont urgents pour apaiser les inqui\u00e9tudes, les tourments, les \u00e9nervements. Est-ce que je m\u2019\u00e9nerve, moi\u00a0? J\u2019ai un dictionnaire de rimes et je fabrique des vers. Voil\u00e0\u00a0! Et le monde y trouvera son profit, dans 50 ans. Car il faut songer \u00e0 l\u2019avenir des autres\u00a0; Andr\u00e9 Ch\u00e9nier, en \u00e9crivant <em>La jeune captive<\/em>, pensait inconsciemment \u00e0 la post\u00e9rit\u00e9.<\/p>\n<p style=\"text-align: justify;\">Voil\u00e0 que la nuit tombe. Les hurlements cessent un peu dans la cour. Entre le cingl\u00e9 qui crie toutes les cinq minutes \u00ab\u00a0<em>Pr\u00e9parez les valises<\/em>\u00a0\u00bb, croyant \u00e0 l\u2019amnistie, et les fous du rez-de-chauss\u00e9e qui piquent des crises effroyables en appelant \u00ab\u00a0<em>au secours<\/em>\u00a0\u00bb et en proclamant leur innocence, on ne s\u2019entend plus. Je pr\u00e9f\u00e8re encore les voyous arabes qui s\u2019abordent d\u2019une division \u00e0 l\u2019autre avec les pires obsc\u00e9nit\u00e9s. Mais n\u2019exag\u00e9rons rien\u00a0; dans l\u2019ensemble Fresnes est tr\u00e8s digne, et il y a peu de braillards, d\u2019autant plus que la fi\u00e8vre du cr\u00e9puscule et toujours compens\u00e9e par l\u2019annonce des condamnations de la journ\u00e9e, ce qui jette un froid.<\/p>\n<p style=\"text-align: justify;\">J\u2019ai re\u00e7u de Floriot un mot me disant qu\u2019on fait venir de Chamb\u00e9ry mon dossier jusqu\u2019\u00e0 Paris. Donc toute l\u2019affaire sera condens\u00e9e ici et je n\u2019irai pas me balader dans cette ch\u00e8re Savoie o\u00f9 la mitraillette joue encore sa musique sur le quai de la gare. Je crois que peu \u00e0 peu nous abordons la vraie d\u00e9tente. Il faut bien y arriver. Les choses ne peuvent plus gu\u00e8re durer comme elles \u00e9taient.<\/p>\n<p style=\"text-align: justify;\">A demain. Il fait presque nuit. Nous reprendrons avec la digne personne que tu es, et qui m\u2019\u00e9coute avec une attention soutenue, notre entretien des plus importants. Laisse moi t\u2019embrasser avant de dormir et accorder au mouchtatiot la b\u00e9n\u00e9diction d\u2019une caresse paternelle. Que ses r\u00eaves soient purs et ses \u00e9mois pr\u00e9-politiciens\u00a0; et qu\u2019il commence sur les barreaux de la fen\u00eatre \u00e0 \u00e9prouver le plaisir qu\u2019on \u00e9prouve d\u2019empoigner la vie civique \u00e0 deux mains.<\/p>\n<h1 style=\"text-align: justify;\">Lundi 8h du matin.<\/h1>\n<p style=\"text-align: justify;\">En me r\u00e9veillant ma premi\u00e8re pens\u00e9e a \u00e9t\u00e9 pour toi et j\u2019h\u00e9site \u00e0 t\u2019\u00e9crire ces mots de peur qu\u2019ils te fassent trop de plaisir \u00e0 moins que je m\u2019illusionne et que ru sois aussi \u00ab\u00a0comme les autres\u00a0\u00bb. Mais on sait que tu n\u2019est pas \u00ab\u00a0comme les autres\u00a0\u00bb et que l\u2019\u0153il vif de Jeannette ne s\u2019arr\u00eate qu\u2019\u00e0 un seul amour, coup\u00e9 en deux pour l\u2019instant, celui du double m\u00e2le Jean-Fr\u00e9d\u00e9ric. Je t\u2019ai laiss\u00e9 le souvenir qu\u2019il fallait pour que tu prennes patience.<\/p>\n<p style=\"text-align: justify;\">Et puis je suis en train de lire <em>Back Street<\/em>. Connais-tu <em>Back Street<\/em>, roman de Madame Fanny Hurst. C\u2019est la vie d\u2019une femme, ma\u00eetresse d\u2019un homme mari\u00e9 ; (un juif riche). Elle vit dans son ombre et a la meilleure et la pire part de sa vie. Elle lui est indispensable, mais n\u2019a rien des avantages de la femme l\u00e9gitime. Elle a par contre toutes les confidences et les meilleures intimit\u00e9s de monsieur. Plut au ciel que je ne voulus pas maintenant ressembler \u00e0 un personnage de roman et embo\u00eeter ma vie dans l\u2019imagination d\u2019une romanci\u00e8re am\u00e9ricaine. Mais je ne pouvais m\u2019emp\u00eacher de songer \u00e0 Jeannette avec toutes ses r\u00e9voltes, ses inqui\u00e9tudes et ses bonheurs, s\u2019impatientant parce qu\u2019elle ne peut venir dans la cage aux fauves et me boudant parce qu\u2019on ne lui \u00e9crit pas de 8 jours ou que la seconde semaine la lettre s\u2019\u00e9gare. A propos, il faut que je te fasse confidence. Veux-tu bien dire \u00e0 ma m\u00e8re qu\u2019elle ne prononce jamais ton nom devant mon fils Bernard. Voici pourquoi : ma femme, avec des ruses de Sioux, pousse l\u2019enfant avec sa grand-m\u00e8re tous les jeudis o\u00f9 elle ne vient pas elle-m\u00eame, dans le but tr\u00e8s f\u00e9minin et \u00e9go\u00efste de te priver (et de me priver) de tes visites. Je ne peux r\u00e9agir en rien contre cela. Ce n\u2019est pas le moment et mon fils ne doit pas \u00eatre au courant de ma vie priv\u00e9e. L\u2019imagination des enfants travaille beaucoup \u00e0 cet \u00e2ge. Je me souviens de moi-m\u00eame. Un enfant ne doit pas \u00eatre m\u00fbri trop t\u00f4t. Il y a des probl\u00e8mes qui le d\u00e9passent. Donc, ma m\u00e8re \u2014qui n\u2019a aucun sens de ces choses\u2014 ne manque pas chaque semaine de parler devant l\u2019enfant de toutes sortes de choses qu\u2019il doit ignorer et qu\u2019il rapporte na\u00efvement \u00e0 sa m\u00e8re qui s\u2019en fait un alli\u00e9. Il faut donc laisser ignorer totalement ta pr\u00e9sence. Plus ma m\u00e8re sera discr\u00e8te, plus tu seras dans l\u2019ombre (mais pr\u00e9sente) plus nous aurons de chances d\u2019avoir le minimum d\u2019obstacles. Tu seras donc habile pour mettre ma m\u00e8re au courant d\u00e9licatement de ceci. Qu\u2019elle \u00e9vite surtout de dire \u00e0 l\u2019enfant que tu participes aux colis. Ma femme doit \u00e0 l\u2019avenir perdre le sentiment de ta pr\u00e9sence. De telle fa\u00e7on qu\u2019elle ne s\u2019inqui\u00e8te plus de ses propres int\u00e9r\u00eats. Sinon cela provoquera des conflits (dont je ne me soucie gu\u00e8re mais qu\u2019il vaut mieux \u00e9viter) et cela aidera aussi beaucoup \u00e0 r\u00e9aliser l\u2019avenir tel qu\u2019il doit \u00eatre.<\/p>\n<p style=\"text-align: justify;\">Voil\u00e0 bien des recommandations graves de bon matin pour une aussi petite fille au caract\u00e8re si imp\u00e9tueux. \u00c9cris-moi souvent quand tu es en col\u00e8re. Et r\u00e9p\u00e8tes surtout que tu t\u2019ennuies. Cela me fait tellement plaisir. Je t\u2019en supplie, fais-moi des sc\u00e8nes, tr\u00e8s violentes ! Enfin ! Si tu te f\u00e2ches contre moi, c\u2019est que je ne te suis pas tout \u00e0 fait indiff\u00e9rent. Mais f\u00e2ches-toi tout rouge. Que ce soit s\u00e9rieux.<\/p>\n<p style=\"text-align: justify;\">Apr\u00e8s quoi, je veux bien consentir \u00e0 te donner une becqu\u00e9e de baisers, sans que pour cela nous d\u00e9passions les limites des convenances. Je consulte ma petite feuille pour savoir de quoi j\u2019ai besoin cette semaine. Dans ma lettre de la semaine derni\u00e8re je te demandais du savon. Ajoutons de l\u2019encre, dont nous n\u2019avons plus gu\u00e8re et demande \u00e0 ma m\u00e8re de me faire parvenir de la vitamine C. Elle conna\u00eet le toubib qui lui en fournit. A propos, dis-lui que le docteur Boutet a demand\u00e9 \u00e0 un de ses confr\u00e8res, le Dr Abely, de m\u2019examiner. Est-ce que mon toubib conna\u00eet ce confr\u00e8re-l\u00e0\u00a0? Peux-tu aussi aller voir la personne qui t\u2019a donn\u00e9 de ma part le n\u00b0 De <em>la France se rel\u00e8ve<\/em>. Tu sais, le type qui habite Montmartre. Demandes-lui de ma part des renseignements sur la situation g\u00e9n\u00e9rale, ce qu\u2019il pense de mon cas, et surtout ce qu\u2019on pense de moi dans les milieux ma\u00e7\u00a0:. Savoir s\u2019ils sont tr\u00e8s agit\u00e9s ou non. Lui demander o\u00f9 en est la synarchie. Que je sente un peu le vent. Je crois qu\u2019il y a grosse d\u00e9tente partout et de plus en plus j\u2019ai confiance ne l\u2019avenir. Les affaires marchent-elles ou non\u00a0? Litt\u00e9rature, cin\u00e9ma\u00a0? Enfin, donnes moi des tuyaux. Vois aussi tes patrons et tes amis. Qu\u2019on sache un peu o\u00f9 on met le pied. Pour l\u2019instant nous attendons encore patiemment, mais un de ces jours, nous ne confondrons plus la patience et l\u2019inaction. Les bruits les plus extravagants courent sur les rapports entre les Anglo-Saxons et la Russie. Il y en a qui donnent la guerre comme imminente. Je persiste \u00e0 n\u2019y pas croire avant quelques ann\u00e9es. Mais on peut bougrement se tromper.<\/p>\n<p style=\"text-align: justify;\">Voici tout pour ce matin. Je vais attendre midi pour voir si dans mon courrier tu m\u2019as envoy\u00e9 une lettre plus gentille.<\/p>\n<h1 style=\"text-align: justify;\">18h.<\/h1>\n<p style=\"text-align: justify;\">Le courrier n\u2019est pas encore distribu\u00e9, mais j\u2019ai trouv\u00e9 dans mon colis (qui est des meilleurs\u2014merci mille fois) un morceau de savon\u00a0? Comme je l\u2019avais demand\u00e9 la derni\u00e8re fois, je suppose donc, j\u2019en conclu m\u00eame, que tu as d\u00fb recevoir ma lettre et que le sourire est revenu sur les l\u00e8vres de l\u2019amoureuse Jeannette. La journ\u00e9e a \u00e9t\u00e9 fructueuse (2 po\u00e8mes) dont un dont je ne suis pas m\u00e9content. Tu auras beaucoup de travail \u00e0 la sortie. On me demande encore la M.S. Vois ce que tu peux faire. D\u00e8s qu\u2019elle sera pr\u00eate tu l\u2019as confies selon les ordres du juge \u00e0 mon avocat pour que tout se passe tr\u00e8s r\u00e9guli\u00e8rement. Te rappelles-tu la toute petite bible sur papier indien qui \u00e9tait chez toi\u00a0? Si cela n\u2019est pas trop cher demandes \u00e0 ma m\u00e8re de racheter un exemplaire dans ce format (le plus r\u00e9duit possible, et le plus fin possible \u2014bible de poche). Mais attention\u00a0!!! Il me faut la <u>version Synodale <a href=\"#_ftn1\" name=\"_ftnref1\">[1]<\/a><\/u> et non pas celle de L\u00e9on Segond <a href=\"#_ftn2\" name=\"_ftnref2\">[2]<\/a> (ou une autre) que j\u2019ai ici. Tr\u00e8s important. Sinon ne pas acheter. On en trouve dans la rue perpendiculaire au Val de Gr\u00e2ce (Si on en trouve\u00a0!).<\/p>\n<p style=\"text-align: justify;\">Je termine donc cette missive par les baisers habituels mais renouvel\u00e9s, comme le colis, et comme l\u2019amour. Rass\u00e9r\u00e9n\u00e9 sur le sort de ma missive \u2014puisque le savon me semble \u00eatre le t\u00e9moin de la r\u00e9ception\u2014 je me borne \u00e0 t\u2019adresser mes affectueux baisers en y joignant quelques caresses suppl\u00e9mentaires et un boisseau d\u2019affections m\u00e9rit\u00e9 et mes remerciements renouvel\u00e9s et aussi quelque grosse bise \u00e9chapp\u00e9e du panier, ainsi que quelques autres qui jouent au franc-tireur. Voil\u00e0 Jeannette combl\u00e9e pour une grande semaine o\u00f9 elle sera en extase continuelle devant le dieu son fils.<\/p>\n<p style=\"text-align: justify;\">A bient\u00f4t te lire.<\/p>\n<p style=\"text-align: justify;\"><a href=\"#_ftnref1\" name=\"_ftn1\">[1]<\/a> <em>Version synodale<\/em>\u00a0: traduction de 1910 de la Soci\u00e9t\u00e9 Biblique Fran\u00e7aise (fond\u00e9e en 1818) (note de FGR)<br \/>\n<a href=\"#_ftnref2\" name=\"_ftn2\">[2]<\/a> <em>Le Nouveau Testament<\/em> et <em>La Bible<\/em> de Louis Second (1880)\u00a0: cette version \u2013 dans sa r\u00e9vision de 1910 \u2013 a \u00e9t\u00e9 (et continue d&rsquo;\u00eatre) la plus largement utilis\u00e9e par les protestants francophones. Elle fait partie des Bibles en fran\u00e7ais dont le texte est actuellement dans le domaine public (notre de FGR).<\/p>\n<p>&nbsp;<\/p>\n","protected":false},"excerpt":{"rendered":"<p>\u00a0 Dimanche 30 septembre 1945 Petite Jeannette ch\u00e9rie, J\u2019ai re\u00e7u ton court mot hier, m\u2019apprenant que tu te d\u00e9sesp\u00e9rais d\u2019avoir de mes nouvelles, et je compte bien demain, quand je continuerai cette lettre avoir sur ma table une missive rectificative &hellip; <a href=\"https:\/\/monperejeanmamy.fr\/?page_id=1382\">Continuer la lecture <span class=\"meta-nav\">&rarr;<\/span><\/a><\/p>\n","protected":false},"author":2,"featured_media":11,"parent":0,"menu_order":0,"comment_status":"closed","ping_status":"closed","template":"","meta":[],"folder":[],"_links":{"self":[{"href":"https:\/\/monperejeanmamy.fr\/index.php?rest_route=\/wp\/v2\/pages\/1382"}],"collection":[{"href":"https:\/\/monperejeanmamy.fr\/index.php?rest_route=\/wp\/v2\/pages"}],"about":[{"href":"https:\/\/monperejeanmamy.fr\/index.php?rest_route=\/wp\/v2\/types\/page"}],"author":[{"embeddable":true,"href":"https:\/\/monperejeanmamy.fr\/index.php?rest_route=\/wp\/v2\/users\/2"}],"replies":[{"embeddable":true,"href":"https:\/\/monperejeanmamy.fr\/index.php?rest_route=%2Fwp%2Fv2%2Fcomments&post=1382"}],"version-history":[{"count":4,"href":"https:\/\/monperejeanmamy.fr\/index.php?rest_route=\/wp\/v2\/pages\/1382\/revisions"}],"predecessor-version":[{"id":1919,"href":"https:\/\/monperejeanmamy.fr\/index.php?rest_route=\/wp\/v2\/pages\/1382\/revisions\/1919"}],"wp:featuredmedia":[{"embeddable":true,"href":"https:\/\/monperejeanmamy.fr\/index.php?rest_route=\/wp\/v2\/media\/11"}],"wp:attachment":[{"href":"https:\/\/monperejeanmamy.fr\/index.php?rest_route=%2Fwp%2Fv2%2Fmedia&parent=1382"}],"wp:term":[{"taxonomy":"folder","embeddable":true,"href":"https:\/\/monperejeanmamy.fr\/index.php?rest_route=%2Fwp%2Fv2%2Ffolder&post=1382"}],"curies":[{"name":"wp","href":"https:\/\/api.w.org\/{rel}","templated":true}]}}