{"id":1384,"date":"2021-03-12T16:57:18","date_gmt":"2021-03-12T15:57:18","guid":{"rendered":"http:\/\/monperejeanmamy.fr\/?page_id=1384"},"modified":"2021-04-06T11:43:14","modified_gmt":"2021-04-06T09:43:14","slug":"jm-a-jr-fresnes-45-09-24","status":"publish","type":"page","link":"https:\/\/monperejeanmamy.fr\/?page_id=1384","title":{"rendered":"JM \u00e0 JR (Fresnes 45\/09\/24)"},"content":{"rendered":"<p><strong>\u00a0<\/strong><a href=\"http:\/\/monperejeanmamy.fr\/?page_id=1386\"><img loading=\"lazy\" class=\"wp-image-1352 alignleft\" src=\"http:\/\/monperejeanmamy.fr\/wp-content\/uploads\/2021\/03\/Lettre-precedente.jpg\" alt=\"\" width=\"143\" height=\"78\" \/><\/a><a href=\"http:\/\/monperejeanmamy.fr\/?page_id=1382\"><img loading=\"lazy\" class=\"alignright wp-image-1353\" src=\"http:\/\/monperejeanmamy.fr\/wp-content\/uploads\/2021\/03\/Lettre-suivante.jpg\" alt=\"\" width=\"139\" height=\"76\" \/><\/a><\/p>\n<p style=\"text-align: center;\"><strong>Lundi 24 septembre 1945<\/strong><\/p>\n<p style=\"text-align: center;\">Petite Jeannette ch\u00e9rie,<\/p>\n<p style=\"text-align: justify;\"><img loading=\"lazy\" class=\"alignright  wp-image-1892\" src=\"http:\/\/monperejeanmamy.fr\/wp-content\/uploads\/2021\/04\/FGR19450816c-300x240.jpg\" alt=\"\" width=\"210\" height=\"170\" \/>Je ne t&rsquo;ai point \u00e9crit la semaine derni\u00e8re, car il fallait que je puisse expliquer \u00e0 ma m\u00e8re beaucoup de choses importantes et, mon Dieu !, le r\u00e8glement veut que nous ne disposions que de deux lettres par semaine. Donc il m&rsquo;\u00e9tait impossible de penser \u00e0 contenter la malheureuse petite fille qui attend maintenant avec r\u00e9gularit\u00e9 son jeudi pour piocher dans mes pattes de mouche de quoi satisfaire ses \u00e9lans sentimentaux. Cela ne veut pas dire que je n&rsquo;ai point pens\u00e9 \u00e0 celle dont la photo est \u00e9pingl\u00e9e sur mon mur, \u00e0 c\u00f4t\u00e9 d&rsquo;un b\u00e9b\u00e9 qui empoigne les barreaux d&rsquo;une fen\u00eatre avec une m\u00e2le \u00e9nergie, preuve qu&rsquo;\u00e0 l&rsquo;avenir il saura, d&rsquo;un geste vigoureux, secouer toutes les entraves humaines, y compris les dominations maternelles.<\/p>\n<p style=\"text-align: justify;\">Je viens de recevoir le tr\u00e8s succulent et tr\u00e8s amoureux colis auquel tu as particip\u00e9 avec tout ton c\u0153ur et tes produits de Bretagne, les uns \u00e9tant l&rsquo;expression de l&rsquo;autre, et combien te suis-je reconnaissant, d\u00e8s le lundi, de grignoter du chocolat jusqu&rsquo;au lundi suivant et de mordre encore dans la saucisse ou d&rsquo;ingurgiter la poudre d\u2019\u0153ufs. Je suis combl\u00e9, et si ce n&rsquo;est encore le d\u00e9saccord qui subsiste (oh bien l\u00e9ger) entre l&rsquo;obligation de rester enferm\u00e9 dans ma cellule inhospitali\u00e8re et mon app\u00e9tit de courir la terre, je me sentirai le plus heureux des hommes. Cette envie de courir la terre, nous l&rsquo;avons transform\u00e9e, sublim\u00e9e, en besoin imp\u00e9tueux de courir la r\u00e9alit\u00e9 d&rsquo;un \u0153il m\u00e9taphysique, si bien que nous ne souffrons point du tout de nos contraintes pr\u00e9sentes. Au contraire, nous voyons peu \u00e0 peu l&rsquo;aiguille du barom\u00e8tre politique, apr\u00e8s avoir \u00e9t\u00e9 \u00e0 l&rsquo;orage, passer au variable et tendre au beau temps. Nous n&rsquo;y sommes pas encore, mais les indices les plus favorables sont l\u00e0 qui nous poussent \u00e0 supposer que la d\u00e9tente annonc\u00e9e se produira enfin, non pas par la volont\u00e9 g\u00e9n\u00e9reuse de nos adversaires, mais par l&rsquo;obligation o\u00f9 ils sont de se pr\u00eater \u00e0 la volont\u00e9 internationale d&rsquo;organiser ici l&rsquo;ordre et la stabilit\u00e9. Des avocats le disent, et d&rsquo;autres bruits courent, que tu ne me confirmes pas, mais qui persistent n\u00e9anmoins par ailleurs avec autorit\u00e9. Nous sommes donc confiants et plus rassur\u00e9.<\/p>\n<p style=\"text-align: justify;\">Il ne me plait pas du tout de te voir le mois prochain. Je trouve cela parfaitement inutile. Ces conversations n&rsquo;ont rien de folichon. J&rsquo;aimerai mieux te voir dans trois mois \u00e0 mon aise, et librement. Mais je me demande si F. ne pourrait pas retarder cette rencontre sans int\u00e9r\u00eat. Tout cela est tellement vain. C&rsquo;est vraiment d\u00e9ranger les gens pour rien, puisqu&rsquo;on sait qu&rsquo;en fin de compte&#8230; hein ? La nouvelle que tu m&rsquo;annonces de la visite d&rsquo;un deuxi\u00e8me Esculape <a href=\"#_ftn1\" name=\"_ftnref1\">[1]<\/a> me r\u00e9jouit. Mais je me pose encore quelque point d&rsquo;interrogation.<\/p>\n<p style=\"text-align: justify;\">Reprise de la lettre apr\u00e8s d\u00eener. Le g\u00e2teau de riz est d\u00e9licieux. A propos, puisque nous sommes au chapitre du colis, peux-tu t\u00e9l\u00e9phoner \u00e0 ma m\u00e8re de m&rsquo;envoyer la prochaine fois<\/p>\n<ol>\n<li style=\"text-align: justify;\">du savon,<\/li>\n<li style=\"text-align: justify;\">de me trouver si cela existe encore chez les chapeliers un b\u00e9ret basque (bords larges) taille 57 je crois ; si c&rsquo;est trop petit je d\u00e9coudrai le cuir; le mien qui a d\u00e9j\u00e0 deux ans a pris une teinte pisseuse si lamentable que mon \u00ab chef \u00bb s&rsquo;en trouve d\u00e9pr\u00e9ci\u00e9 ; si c&rsquo;est trop cher, attendons, mais de toutes fa\u00e7ons j&rsquo;en aurai besoin en sortant<\/li>\n<li style=\"text-align: justify;\">qu&rsquo;elle n&rsquo;oublie pas que j&rsquo;ai besoin d&rsquo;un pantalon chaud pour l&rsquo;hiver ; je sais combien c&rsquo;est difficile, mais non impossible. Rappelle le lui.<\/li>\n<\/ol>\n<p style=\"text-align: justify;\">Voil\u00e0, l&rsquo;essentiel est le savon.<\/p>\n<p style=\"text-align: justify;\">As-tu les tuyaux sur l&rsquo;Argentine ? C&rsquo;est le principal. J&rsquo;ai de tr\u00e8s bonnes id\u00e9es: entre autres celle d&rsquo;abandonner la politique (ou \u00e0 peu pr\u00e8s). Je crois qu&rsquo;il est plus profitable de faire du commerce ou de la litt\u00e9rature, vendre du corned-beef, des cuirs et peaux, de la farine de moutarde ou des tonnes de guano. Voil\u00e0 des m\u00e9tiers utiles, agr\u00e9ables, qui servent la cause de l&rsquo;humanit\u00e9. Tandis que ces journalistes, ces po\u00e8tes, ces r\u00eaveurs, ces r\u00e9formateurs !!!<\/p>\n<p style=\"text-align: justify;\">Le cin\u00e9ma me parait maintenant fort bien dirig\u00e9 par des gens comp\u00e9tents. Ils vont faire de grandes choses. Le film sur la \u00ab\u00a0R\u00e9sistance\u00a0\u00bb a d\u00e9j\u00e0 co\u00fbt\u00e9 60 millions&#8230; g\u00e2ch\u00e9s, car on s&rsquo;est aper\u00e7u que les trois acteurs principaux \u00e9taient miliciens\u00a0!!! Horreur ! Mais cela ne fait rien. On recommencera. Au besoin, on fusillera, pour de vrai, quelques collabos pour que les images soient mieux r\u00e9ussies. J&rsquo;ai d&rsquo;autres nouvelles aussi abracadabrantes. On a interdit quelques metteurs en sc\u00e8ne&#8230; \u00e0 vie&#8230; Motif : cherche ! Je te le dirai un jour \u2014ou plut\u00f4t non\u2014 pas de temps \u00e0 perdre \u00e0 raconter des b\u00eatises.<\/p>\n<p style=\"text-align: justify;\">J&rsquo;esp\u00e8re que tu tapes beaucoup&#8230; et vite.<\/p>\n<p style=\"text-align: justify;\">Il y a chez Mme Demecry un nouvel ouvrage intitul\u00e9: <em>Gabriella<\/em>, pi\u00e8ce de th\u00e9\u00e2tre en 3 actes. J&rsquo;aimerais que cela soit tr\u00e8s vite fait. Si tu ne peux le faire, dis le moi, car je m&rsquo;arrangerai ailleurs, quoique tu sois seule capable de t&rsquo;y retrouver dans ce galimatias. C&rsquo;est deux fois moins long que <em>Lancelot<\/em>. On demande dehors la <em>Mon. Soc.<\/em> mais je ne veux pas le donner tout de suite. Nous avons 3 mois au moins devant nous. Pour <em>Gabriella<\/em> ce serait plus urgent que tout. Cela passerait m\u00eame avant le journal. A propos, n&rsquo;en parle pas. Inutile de faire bavarder les amis. Ils sont toujours craintifs ou malintentionn\u00e9s.<\/p>\n<p style=\"text-align: justify;\">Autre chose : peux-tu redonner \u00e0 ma m\u00e8re les bibelots chinois que tu as. Je veux faire une vente en bloc de tout ce que j&rsquo;ai de chinois ou japonais. Cela n&rsquo;est pas tr\u00e8s urgent.<\/p>\n<p style=\"text-align: justify;\">Voila tout pour la semaine, en ce qui concerne les choses utilitaires. Pour le moral, ou l&rsquo;intellectuel, ou le sentimental, ou le m\u00e9taphysique, ou le philosophique, nous aurions de quoi \u00e9crire un livre, une s\u00e9rie de volumes, une encyclop\u00e9die, peut-\u00eatre consacr\u00e9e au seul personnage de Jeannette qui, \u00e0 elle seule, est tout un monde. Et pourquoi pas ? Suppose que je commence un roman : une jeune fille. A-t-elle dix-sept ans ? ou vingt-trois ? en tout cas elle ne les\u00a0 parait pas, travaillant dans un bureau du septi\u00e8me \u00e9tage de la rue des Mathur&#8230; non&#8230; d&rsquo;une rue quelconque. Un jour (description du bureau, description de la rue, du caf\u00e9 d&rsquo;en face, de la concierge, de la boule d&rsquo;escalier, du juif d&rsquo;en bas, du contentieux d&rsquo;en haut). Retour \u00e0 la maison du boulevard Did&#8230; ou de la rue Untel. Famille. Suspension. Salle \u00e0 manger. Chambre jeune fille. Cosy Corner. Photo du capitaine Fonck (pourquoi Fonck h\u00e9 ! h\u00e9 !). Vie sentimentale. Point d&rsquo;interrogation. Elle fait du violon le mardi. De la machine \u00e0 \u00e9crire. De la st\u00e9no.<\/p>\n<p style=\"text-align: justify;\">Elle fr\u00e9quente les chanteurs. Pr\u00e9f\u00e9r\u00e9e d&rsquo;un gros artiste de l&rsquo;op\u00e9ra. Nom italien. Bel canto. Prestige. Beaucoup d&rsquo;\u00e9l\u00e8ves. Quelle c\u00e9l\u00e9brit\u00e9\u00a0! <a href=\"#_ftn2\" name=\"_ftnref2\">[2]<\/a><\/p>\n<p style=\"text-align: justify;\">Petite fleur bleue dans mondanit\u00e9s (description h\u00f4tel particulier. grand piano, grand escalier, femme de chambre, vieille demoiselle). Jeune homme d\u00e9j\u00e0 mari\u00e9, un peu boh\u00e8me, m\u00eame trop. Une femme en passant. Comme les fleurs des champs. Celle-l\u00e0 est-elle plus jolie que les autres ? Les yeux plus bruns, le nez plus petit, l&rsquo;air plus vif ? S&rsquo;attache-t-elle\u00a0? Que pense-t-elle ? Aventure ? Une fleur en passant.<\/p>\n<p style=\"text-align: justify;\">Au septi\u00e8me \u00e9tage de la rue des M&#8230;., les instants sont grands, quand les c\u0153urs battent de plaisir. Un point c&rsquo;est tout. Un point \u00e0 la ligne. Et on recommence.<\/p>\n<p style=\"text-align: justify;\">De fil en aiguille, de mois en ann\u00e9es, de fleur en passant \u00e0 d&rsquo;autres champs, \u00e0 d&rsquo;autres instants, voici le moment o\u00f9 l&rsquo;on prend des habitudes, o\u00f9 l&rsquo;on s&rsquo;attache \u00e0 la source qui, fra\u00eeche ou br\u00fblante, secr\u00e8te de l&rsquo;eau vive, de l&rsquo;alcool br\u00fblant ou du sang pr\u00e9cieux. H\u00e9 h\u00e9 ! Voila-t-il pas que l&rsquo;hirondelle est prise au nid, apprivois\u00e9e, qu&rsquo;elle revient fid\u00e8le, acharn\u00e9e, passionn\u00e9e. Coup de becs, coups d&rsquo;ongles, coups de cr\u00e2nes (grande description du petit appartement en face d&rsquo;un grand jardin). Longues soir\u00e9es. Courtes vis\u00e9es. encore une fois, un c\u0153ur qui bat sans savoir pourquoi.<\/p>\n<p style=\"text-align: justify;\">Sait-elle pourquoi ? N&rsquo;en sachons rien. Mais d\u00e8s cet instant o\u00f9 il bat, il ne faut plus lui faire de peine. Juste assez pour l&rsquo;\u00e9prouver, pour savoir qu&rsquo;il bat pour de bon, car sinon, ce serait com\u00e9die, or l&rsquo;amour est toujours tragique, lyrique, grandiloquent, mirifique. Et puis, elle est si s\u00e9rieuse, quand elle joue du violon.<\/p>\n<p style=\"text-align: justify;\">Un jour (la vie est comme \u00e7a) pouss\u00e9e de vie. Voila t&rsquo;il pas qu&rsquo;il passe dans l&rsquo;air des anges qui veulent un jour devenir violonistes. Pourquoi pas ? Nous avons tous le devoir de fournir les orchestres musicaux. Plus il y a de musiciens, plus les ch\u0153urs de l&rsquo;infini seront complets (grande description de la conversation, avec une barbe importante, rentr\u00e9e mais pr\u00e9sente). La vie est s\u00e9rieuse quand il s&rsquo;agit des tout-petits. Et des grands aussi, qui sont si petits.<\/p>\n<p style=\"text-align: justify;\">Et voila le roman presque termin\u00e9 dans sa premi\u00e8re partie. Le deuxi\u00e8me livre sera pour demain. Dans dix ans nous \u00e9crirons la suite. Que sera-t-elle ? Nul ne le sait. Mais ce qu&rsquo;on sait c&rsquo;est qu&rsquo;elle aura des ailes, que les larmes seront compens\u00e9es par des baisers. En faudra-t-il pour effacer tout le pass\u00e9.<\/p>\n<p style=\"text-align: justify;\">N&rsquo;imaginons rien. Vivons la vie au jour le jour. Le g\u00e2teau de riz \u00e9tait d\u00e9licieux et lundi prochain la saucisse sera bonne. Mais je ne suis pas du tout content de vous voir au mois d&rsquo;octobre. C&rsquo;est pourquoi je vous embrasse tant et tant que vous saurez bien vous d\u00e9brouiller pour qu&rsquo;on en recule l\u2019\u00e9ch\u00e9ance. Maintenant, ce n&rsquo;est pas nous qui disposons, ni eux non plus, et la volont\u00e9 de Dieu est infinie. Mes baisers tendres et pour le Fr\u00e9d\u00e9ric les souhaits les plus ardents pour que son avenir politique transparaisse d\u00e9j\u00e0 dans ses gestes autoritaires&#8230; et socialistes.<\/p>\n<p style=\"text-align: justify;\">Tendrement<\/p>\n<p style=\"text-align: justify;\">J<\/p>\n<p style=\"text-align: justify;\"><a href=\"#_ftnref1\" name=\"_ftn1\">[1]<\/a> Esculape: Dieu romain de la m\u00e9decine (Note de FGR)<br \/>\n<a href=\"#_ftnref2\" name=\"_ftn2\">[2]<\/a> Il s&rsquo;agit de Lucien Muratore, t\u00e9nor \u00e0 l&rsquo;op\u00e9ra de Paris, dont Jeanne Roux a \u00e9t\u00e9 l&rsquo;assistante dans son \u00e9cole de chant (Note de FGR)<\/p>\n<p>&nbsp;<\/p>\n","protected":false},"excerpt":{"rendered":"<p>\u00a0 Lundi 24 septembre 1945 Petite Jeannette ch\u00e9rie, Je ne t&rsquo;ai point \u00e9crit la semaine derni\u00e8re, car il fallait que je puisse expliquer \u00e0 ma m\u00e8re beaucoup de choses importantes et, mon Dieu !, le r\u00e8glement veut que nous ne &hellip; <a href=\"https:\/\/monperejeanmamy.fr\/?page_id=1384\">Continuer la lecture <span class=\"meta-nav\">&rarr;<\/span><\/a><\/p>\n","protected":false},"author":2,"featured_media":11,"parent":0,"menu_order":0,"comment_status":"closed","ping_status":"closed","template":"","meta":[],"folder":[],"_links":{"self":[{"href":"https:\/\/monperejeanmamy.fr\/index.php?rest_route=\/wp\/v2\/pages\/1384"}],"collection":[{"href":"https:\/\/monperejeanmamy.fr\/index.php?rest_route=\/wp\/v2\/pages"}],"about":[{"href":"https:\/\/monperejeanmamy.fr\/index.php?rest_route=\/wp\/v2\/types\/page"}],"author":[{"embeddable":true,"href":"https:\/\/monperejeanmamy.fr\/index.php?rest_route=\/wp\/v2\/users\/2"}],"replies":[{"embeddable":true,"href":"https:\/\/monperejeanmamy.fr\/index.php?rest_route=%2Fwp%2Fv2%2Fcomments&post=1384"}],"version-history":[{"count":3,"href":"https:\/\/monperejeanmamy.fr\/index.php?rest_route=\/wp\/v2\/pages\/1384\/revisions"}],"predecessor-version":[{"id":1894,"href":"https:\/\/monperejeanmamy.fr\/index.php?rest_route=\/wp\/v2\/pages\/1384\/revisions\/1894"}],"wp:featuredmedia":[{"embeddable":true,"href":"https:\/\/monperejeanmamy.fr\/index.php?rest_route=\/wp\/v2\/media\/11"}],"wp:attachment":[{"href":"https:\/\/monperejeanmamy.fr\/index.php?rest_route=%2Fwp%2Fv2%2Fmedia&parent=1384"}],"wp:term":[{"taxonomy":"folder","embeddable":true,"href":"https:\/\/monperejeanmamy.fr\/index.php?rest_route=%2Fwp%2Fv2%2Ffolder&post=1384"}],"curies":[{"name":"wp","href":"https:\/\/api.w.org\/{rel}","templated":true}]}}