{"id":1390,"date":"2021-03-12T17:00:11","date_gmt":"2021-03-12T16:00:11","guid":{"rendered":"http:\/\/monperejeanmamy.fr\/?page_id=1390"},"modified":"2024-01-20T11:15:08","modified_gmt":"2024-01-20T10:15:08","slug":"jm-a-jt-fresnes-45-08-27","status":"publish","type":"page","link":"https:\/\/monperejeanmamy.fr\/?page_id=1390","title":{"rendered":"JM \u00e0 JR (Fresnes 45\/08\/27)"},"content":{"rendered":"<p><strong>\u00a0<\/strong><a href=\"http:\/\/monperejeanmamy.fr\/?page_id=1392\"><img loading=\"lazy\" class=\"wp-image-1352 alignleft\" src=\"http:\/\/monperejeanmamy.fr\/wp-content\/uploads\/2021\/03\/Lettre-precedente.jpg\" alt=\"\" width=\"143\" height=\"78\" \/><\/a><a href=\"http:\/\/monperejeanmamy.fr\/?page_id=1388\"><img loading=\"lazy\" class=\"alignright wp-image-1353\" src=\"http:\/\/monperejeanmamy.fr\/wp-content\/uploads\/2021\/03\/Lettre-suivante.jpg\" alt=\"\" width=\"139\" height=\"76\" \/><\/a><\/p>\n<p style=\"text-align: center;\"><strong>Lundi 27 ao\u00fbt 1945<\/strong><\/p>\n<p style=\"text-align: center;\">Petite Jeannette ch\u00e9rie,<\/p>\n<p style=\"text-align: justify;\">Les jours passent. Je regarde le haut de ma feuille \u00e0 droite et je vois que l\u00e0 o\u00f9 j&rsquo;inscrivais mars il y a quelque temps, on \u00e9crit aujourd&rsquo;hui ao\u00fbt, sans que les \u00e9v\u00e9nements aient beaucoup chang\u00e9 \u00e0 l&rsquo;int\u00e9rieur. Par contre, il faut dire qu&rsquo;\u00e0 l&rsquo;ext\u00e9rieur les choses se sont am\u00e9lior\u00e9es. On parle officiellement d&rsquo;amnistie. Je sais bien qu&rsquo;elle n&rsquo;est que partielle et n&rsquo;atteint gu\u00e8re de cas. Mais c&rsquo;est d\u00e9j\u00e0 le signe d&rsquo;une d\u00e9tente. La politique a l&rsquo;air d&rsquo;\u00e9voluer. Le rapprochement avec l&rsquo;Am\u00e9rique oblige la France \u00e0 ne plus consid\u00e9rer le probl\u00e8me communiste avec les m\u00eames yeux. Du m\u00eame coup, ceux qui, par leurs actions inlassables ont toujours \u00e9t\u00e9 au premier rang contre ceux qui ont toujours trahi et pill\u00e9 et tu\u00e9 en se pr\u00e9tendant les sauveurs du monde, retrouveront-ils avec la libert\u00e9 possible la permission de servir \u00e0 nouveau leur pays ?<\/p>\n<p style=\"text-align: justify;\">Voici que bient\u00f4t on ne nous regardera plus avec m\u00e9pris, mais comme des militants courageux qui ont support\u00e9 des \u00e9preuves p\u00e9nibles pour avoir d\u00e9fendu des id\u00e9es reconnues saines. Peut-\u00eatre avons-nous \u00e9t\u00e9 tromp\u00e9s de bonne foi par un gouvernement qui nous a engag\u00e9s dans la mauvaise voie. Il n&#8217;emp\u00eache que nous \u00e9tions sinc\u00e8res et avons cru lutter pour le bien du monde et de la France. Voil\u00e0 ce qu&rsquo;ao\u00fbt nous permet de dire avec un peu plus d&rsquo;assurance qu&rsquo;il y a quelques mois.<\/p>\n<p style=\"text-align: justify;\">Je ne sais si tu as des nouvelles concernant tes amis. Sans doute sont-ils en vacances. J&rsquo;aimerais pour eux que celles-ci se prolongent le plus possible. Mais peut-\u00eatre n&rsquo;en n&rsquo;ont-ils pas le loisir ? D\u00e8s leur rentr\u00e9e, pr\u00e9viens-moi. J&rsquo;esp\u00e8re te voir \u00e0 une date que je n&rsquo;ose souhaiter rapproch\u00e9e malgr\u00e9 le grand d\u00e9sir que j&rsquo;en aie. T\u00e2ches de fixer toi-m\u00eame dans ton esprit la date que tu veux. J&rsquo;aimerais beaucoup que tu prennes le vent chez Floriot. Il y a un jeune homme qui est venu trouver ma m\u00e8re. Je voudrais savoir si ce qu&rsquo;il lui a dit est s\u00e9rieux. Car je ne vois gu\u00e8re de solution heureuse dans ce qu&rsquo;il apporte. En tous cas, veux-tu bien redire \u00e0 ma m\u00e8re ma recommandation principale : qu&rsquo;on ne fasse rien sans Floriot. Lui seul est responsable de l&rsquo;affaire et je n&rsquo;irai pas contre son avis. Si quelque chose doit \u00eatre tent\u00e9, qu&rsquo;il dirige les op\u00e9rations. Ceci est urgent \u00e0 t\u00e9l\u00e9phoner. Du reste, il n&rsquo;y a que lui qui ait les d\u00e9tails concernant l&rsquo;affaire.<\/p>\n<p style=\"text-align: justify;\">Voil\u00e0 pour nous autres de Fresnes. Tu vois que je suis patient et confiant. J&rsquo;esp\u00e8re que tout cela aura prochainement une solution heureuse. Et je m&rsquo;y emploie constamment.<\/p>\n<p style=\"text-align: justify;\">Quant \u00e0 notre humeur, elle est excellente pour le moins. Que nous manque-t-il ? La libert\u00e9 ? Nous l&rsquo;avons dans la po\u00e9sie. Le Bonheur ? Nous le trouvons dans la contemplation. L&rsquo;action ? Elle est pour l&rsquo;instant litt\u00e9raire et m\u00e9taphysique. Mais elle remplit compl\u00e8tement notre esprit. Le plaisir de la vie moderne ? Nous sommes continuellement occup\u00e9s \u00e0 voir d\u00e9filer les avions, les d\u00e9tenus, les t\u00e9moins de faits grandioses, les c\u00e9l\u00e9brit\u00e9s internationales. Les douceurs du foyer ? Elles sont encloses dans nos souvenirs et nos promesses. La pr\u00e9sence des \u00eatres chers ? Nous les savons libres de leurs mouvements, occup\u00e9s \u00e0 bien faire, contents de leur patiente \u00e9preuve. Tout est pour le mieux dans le meilleur des mondes et quand nous sortirons ce sera seulement l&rsquo;affirmation spectaculaire ext\u00e9rioris\u00e9e du paradis que nous portons en nous. Voil\u00e0 \u00e0 quoi la sagesse m\u00e8ne les hommes. A se trouver heureux en face d&rsquo;un mur boursoufl\u00e9 de crat\u00e8res d&rsquo;humidit\u00e9, et joyeux parce qu&rsquo;il poss\u00e8de quatre feuilles blanches \u00e0 noircir tous les matins. Je continue \u00e0 travailler comme tu le penses, et te pr\u00e9pares un de ces boulot !<\/p>\n<p style=\"text-align: justify;\">A propos, les travaux qui te restent \u00e0 faire doivent \u00eatre ex\u00e9cut\u00e9s en 4 \u00e9preuves. Je compte bien t&rsquo;en parler prochainement si tu viens me voir au parloir jeudi comme je l&rsquo;esp\u00e8re avec le sieur Fr\u00e9d\u00e9ric, qui ne se trouvera pas trop d\u00e9pays\u00e9 dans la cage. Je voudrais pouvoir te parler de lui longuement car je sens bien que c&rsquo;est la seule chose qui t&rsquo;int\u00e9resse dans la vie, sauf un certain barbu qui ne l&rsquo;\u00e9tait pas l&rsquo;ann\u00e9e derni\u00e8re. Qu&rsquo;en pourrai-je dire de ce Fr\u00e9d\u00e9ric au vu d&rsquo;une seule photo, d\u00e9licieuse d&rsquo;ailleurs, sinon qu&rsquo;il a l&rsquo;air d&rsquo;avoir le cheveu un peu rebelle, l\u2019\u0153il \u00e9tonn\u00e9 mais grand, et de la couleur de ceux de sa m\u00e8re, le nez un peu \u00e9pat\u00e9, mais le teint jovial, et la mine bonne. Il a le cr\u00e2ne intelligent du montagnard solide ; la main a l&rsquo;air ferme et d\u00e9cid\u00e9e ; les doigts seront-ils pianistes ou violonistes ? On ne sait encore. Il faudrait regarder dans les lignes de sa main pour y voir les talents cach\u00e9s. La bouche est appr\u00e9hensive et le front compr\u00e9hensif. Il a l&rsquo;air de consid\u00e9rer la vie avec un peu de recul objectif qui le pousse \u00e0 une attitude digne et quasi offens\u00e9e, mais ce n&rsquo;est que prudence chez lui et il a trop d&rsquo;objectivit\u00e9 pour ne pas rester sereinement indiff\u00e9rent en face de l&rsquo;objectif d&rsquo;un photographe. Peut-\u00eatre regarde-t-il avec attention une poup\u00e9e qu&rsquo;on lui montre. Dommage ! Il est bien trop t\u00f4t pour lui pour pr\u00eater attention aux femmes et ces distractions dangereuses ne doivent pas lui faire oublier l&rsquo;objet de sa mission terrestre, qui sera d&rsquo;\u00e9duquer politiquement les hommes et les femmes et leur faire comprendre les beaut\u00e9s de la collaboration&#8230; avec qui ? On collabore toujours avec quelqu&rsquo;un. Je connais une fille qui a collabor\u00e9 avec un bougre de po\u00e8te pour mettre au jour un bonhomme sans rival au monde. Et je peux pr\u00e9senter une blonde quelque part d&rsquo;une fa\u00e7on tr\u00e8s nette : ma collaboratrice. Voil\u00e0 \u0153uvre utile que de doter l&rsquo;humanit\u00e9 de pareils g\u00e9nies. Surtout, surveilles ses lectures. Qu&rsquo;il ne lise pas du Georges Sand, ou des journaux d&rsquo;un parti oppos\u00e9, ou des livres trop l\u00e9gers. Pour l&rsquo;instant, il vaut mieux qu&rsquo;il regarde sa m\u00e8re dans les yeux. C&rsquo;est l\u00e0 son livre de vie. Il a du reste une chemisette et des manches bouffantes que j&rsquo;envie. O\u00f9 est l&rsquo;heureux temps o\u00f9 nous n&rsquo;avions rien d&rsquo;autre \u00e0 penser qu&rsquo;\u00e0 regarder jouer les rayons du soleil\u00a0? Reviendra-t-elle la s\u00e9r\u00e9nit\u00e9 totale qui vient de la merveilleuse insouciance de l&rsquo;enfant, ne connaissant rien des probl\u00e8mes humains ? Il est vrai qu&rsquo;au fur et \u00e0 mesure qu&rsquo;on se d\u00e9veloppe, on perd de son inconscience et que l&rsquo;approche de la r\u00e9alit\u00e9 exige le d\u00e9pouillement de soi.<\/p>\n<p style=\"text-align: justify;\">Merci pour la longue lettre sur l&rsquo;Australie. Je vois que tu ex\u00e9cutes les d\u00e9sirs avec une promptitude louable. On ne saurait t&rsquo;\u00eatre trop reconnaissant et nous t&rsquo;en promettons pour l&rsquo;avenir de douces r\u00e9compenses si quelquefois elles sont en notre pouvoir. Seulement, il faudra passer par des \u00e9preuves de patience. Tout finit toujours par s&rsquo;arranger, non comme on le veut, mais comme il le faut pour le mieux \u00eatre de la personne.<\/p>\n<p style=\"text-align: justify;\">J&rsquo;ai vu que tu as combl\u00e9 encore ma m\u00e8re de pr\u00e9venance. Merci pour elle. Elle y est tr\u00e8s sensible et je crois qu&rsquo;elle s&rsquo;int\u00e9resse beaucoup au poupon. Voil\u00e0 bien des femmes autour d&rsquo;un m\u00e2le. Saura-t-il r\u00e9sister \u00e0 tant d&rsquo;assauts de gentillesse et ne sera-t-il pas \u00e9lev\u00e9 trop f\u00e9mininement ? De la douceur d&rsquo;accord. Mais un tel bain d&rsquo;affections pour un enfant qui a besoin de temps en temps d&rsquo;entendre la voix rude d&rsquo;un homme et de tirer sur une moustache. Il faudra changer un peu cela.<\/p>\n<p style=\"text-align: justify;\">Tr\u00eave de plaisanteries. Passons aux choses s\u00e9rieuse. Je te r\u00e9p\u00e8te le d\u00e9lai qui t&rsquo;est imparti pour la r\u00e9alisation de ce que tu as, trois mois au plus, car il nous faut aller vite en besogne. De plus, il se peut que des \u00e9v\u00e9nements nouveaux r\u00e9duisent ce d\u00e9lai. Je sais que des entrepreneurs attendent d\u00e9j\u00e0 ce travail. Il faut donc se h\u00e2ter.<\/p>\n<p style=\"text-align: justify;\">D&rsquo;autre part, je voudrais bien que Floriot puisse r\u00e9aliser ses promesses. La solution pr\u00e9conis\u00e9e \u00e9tait souhaitable et je l&rsquo;attends avec bonheur et patience. Mais viendra-t-elle ? C&rsquo;est l\u00e0 o\u00f9 je voudrais que tu te renseignes. De toutes fa\u00e7ons je sais bien qu&rsquo;il y aura un d\u00e9nouement satisfaisant, mais nous allons entrer dans la p\u00e9riode o\u00f9 nous pouvons agir et ne plus attendre ind\u00e9finiment. Toutefois, je suis pr\u00eat encore \u00e0 envisager s\u00e9rieusement toute la fin de l&rsquo;aventure.<\/p>\n<p style=\"text-align: justify;\">\u00c9cris-moi souvent. Tu me fais toujours tr\u00e8s plaisir. Le moindre rien que tu me dis prouve quelque fois tant de choses. Un prisonnier ne vit que de son int\u00e9rieur tr\u00e8s intime et de ses maigres antennes avec l&rsquo;ext\u00e9rieur qui prend pour lui l&rsquo;apparence d&rsquo;un r\u00eave infini, tandis que les r\u00e9alit\u00e9s spirituelles s&rsquo;approchent avec une intensit\u00e9 quotidienne.<\/p>\n<p style=\"text-align: justify;\">A bient\u00f4t te lire. Mes bonnes caresses \u00e0 Fr\u00e9d\u00e9ric. Si tu rencontres ma m\u00e8re dis lui \u00e0 l&rsquo;oreille qu&rsquo;elle ne se tourmente pas, et que mes bons baisers la rassurent.<\/p>\n<p style=\"text-align: justify;\">J<\/p>\n<p style=\"text-align: justify;\">PS. Pour les colis tout est parfait. Dis \u00e0 ma m\u00e8re<\/p>\n<ol>\n<li style=\"text-align: justify;\">de glisser chaque fois <u>un peu d&rsquo;ail<\/u>.<\/li>\n<li style=\"text-align: justify;\">la paire de pantoufles est d\u00e9j\u00e0 termin\u00e9e, le tissu e \u00e9tait br\u00fbl\u00e9. Il m&rsquo;en faut une autre d&rsquo;urgence.<\/li>\n<li style=\"text-align: justify;\">Je voudrais que tu fasses chercher la collection compl\u00e8te de \u00ab <em>questions actuelles\u00a0\u00bb<\/em>. C&rsquo;est une revue qui para\u00eet depuis 1 an. Procures-toi tous les exemplaires parus et suis le. Je les lirai \u00e0 la sortie. <u>Indispensable<\/u>.<\/li>\n<li style=\"text-align: justify;\">un peu de sel SVP.<\/li>\n<li style=\"text-align: justify;\">un peu de poudre de citron ou d&rsquo;orange pour boissons (5 ou 6 paquets, j&rsquo;en utilise g\u00e9n\u00e9ralement 2 ou 3 par semaine).<\/li>\n<\/ol>\n<p>&nbsp;<\/p>\n<p>&nbsp;<\/p>\n<p>&nbsp;<\/p>\n","protected":false},"excerpt":{"rendered":"<p>\u00a0 Lundi 27 ao\u00fbt 1945 Petite Jeannette ch\u00e9rie, Les jours passent. Je regarde le haut de ma feuille \u00e0 droite et je vois que l\u00e0 o\u00f9 j&rsquo;inscrivais mars il y a quelque temps, on \u00e9crit aujourd&rsquo;hui ao\u00fbt, sans que les &hellip; <a href=\"https:\/\/monperejeanmamy.fr\/?page_id=1390\">Continuer la lecture <span class=\"meta-nav\">&rarr;<\/span><\/a><\/p>\n","protected":false},"author":2,"featured_media":11,"parent":0,"menu_order":0,"comment_status":"closed","ping_status":"closed","template":"","meta":[],"folder":[],"_links":{"self":[{"href":"https:\/\/monperejeanmamy.fr\/index.php?rest_route=\/wp\/v2\/pages\/1390"}],"collection":[{"href":"https:\/\/monperejeanmamy.fr\/index.php?rest_route=\/wp\/v2\/pages"}],"about":[{"href":"https:\/\/monperejeanmamy.fr\/index.php?rest_route=\/wp\/v2\/types\/page"}],"author":[{"embeddable":true,"href":"https:\/\/monperejeanmamy.fr\/index.php?rest_route=\/wp\/v2\/users\/2"}],"replies":[{"embeddable":true,"href":"https:\/\/monperejeanmamy.fr\/index.php?rest_route=%2Fwp%2Fv2%2Fcomments&post=1390"}],"version-history":[{"count":6,"href":"https:\/\/monperejeanmamy.fr\/index.php?rest_route=\/wp\/v2\/pages\/1390\/revisions"}],"predecessor-version":[{"id":3210,"href":"https:\/\/monperejeanmamy.fr\/index.php?rest_route=\/wp\/v2\/pages\/1390\/revisions\/3210"}],"wp:featuredmedia":[{"embeddable":true,"href":"https:\/\/monperejeanmamy.fr\/index.php?rest_route=\/wp\/v2\/media\/11"}],"wp:attachment":[{"href":"https:\/\/monperejeanmamy.fr\/index.php?rest_route=%2Fwp%2Fv2%2Fmedia&parent=1390"}],"wp:term":[{"taxonomy":"folder","embeddable":true,"href":"https:\/\/monperejeanmamy.fr\/index.php?rest_route=%2Fwp%2Fv2%2Ffolder&post=1390"}],"curies":[{"name":"wp","href":"https:\/\/api.w.org\/{rel}","templated":true}]}}