{"id":1392,"date":"2021-03-12T17:01:17","date_gmt":"2021-03-12T16:01:17","guid":{"rendered":"http:\/\/monperejeanmamy.fr\/?page_id=1392"},"modified":"2021-04-05T16:47:39","modified_gmt":"2021-04-05T14:47:39","slug":"jm-a-jr-fresnes-45-08-19","status":"publish","type":"page","link":"https:\/\/monperejeanmamy.fr\/?page_id=1392","title":{"rendered":"JM \u00e0 JR (Fresnes 45\/08\/19)"},"content":{"rendered":"<p><strong>\u00a0<\/strong><a href=\"http:\/\/monperejeanmamy.fr\/?page_id=1394\"><img loading=\"lazy\" class=\"wp-image-1352 alignleft\" src=\"http:\/\/monperejeanmamy.fr\/wp-content\/uploads\/2021\/03\/Lettre-precedente.jpg\" alt=\"\" width=\"143\" height=\"78\" \/><\/a><a href=\"http:\/\/monperejeanmamy.fr\/?page_id=1390\"><img loading=\"lazy\" class=\"alignright wp-image-1353\" src=\"http:\/\/monperejeanmamy.fr\/wp-content\/uploads\/2021\/03\/Lettre-suivante.jpg\" alt=\"\" width=\"139\" height=\"76\" \/><\/a><\/p>\n<p style=\"text-align: center;\"><strong>Dimanche 19 ao\u00fbt 1945<\/strong><\/p>\n<p style=\"text-align: center;\">Ma petite fille ch\u00e9rie,<\/p>\n<p style=\"text-align: justify;\">Tout Fresnes est en \u00e9moi d&rsquo;avoir lu un projet d&rsquo;amnistie d\u00e9battu au Conseil des Ministres. Tous se croient d\u00e9j\u00e0 dehors. On sent en tous cas la d\u00e9tente. Il me semble que c&rsquo;est aussi cela. Mais je suis un peu plus prudent, car il ne faut pas r\u00eaver, et nous avons beaucoup plus, nous autres gens de bonne foi qui disons la v\u00e9rit\u00e9 aux hommes, l&rsquo;habitude des coups que des cadeaux. Enfin! Esp\u00e9rons que le bon vent nous permettra de semer le bon grain dans la terre nourrici\u00e8re. Peu \u00e0 peu, les mentalit\u00e9s terroristes voudront elles desserrer leur \u00e9treinte et cesser de terroriser. Moi je veux bien et continuer en toute s\u00e9r\u00e9nit\u00e9 mes petits travaux et mes m\u00e9ditations quotidiennes sur la petitesse des hommes et la grandeur de l&rsquo;Univers. Quand ceux-ci seront-ils \u00e0 la taille de celui-l\u00e0 ?<\/p>\n<p style=\"text-align: justify;\">J&rsquo;ai re\u00e7u avec beaucoup de plaisir ta lettre d\u00e9crivant les succulentes journ\u00e9es que tu offres \u00e0 ma douce m\u00e8re, que je vois d&rsquo;ici s&rsquo;extasier sur beaucoup de choses, car elle est superbement et d\u00e9licieusement na\u00efve. J&rsquo;ai id\u00e9e que ses yeux s&rsquo;ouvrent tout rond sur un certain bambin en qui elle voit devenir le plus grand homme du monde. Laissons les grand-m\u00e8res \u00e0 leurs extases. C&rsquo;est tr\u00e8s gentil \u00e0 toi de la d\u00e9tendre ainsi. Je crois que cette sainte femme y est tr\u00e8s sensible et qu&rsquo;elle \u00e9prouve beaucoup de joie \u00e0 recevoir des caresses d&rsquo;amis sinc\u00e8res. C&rsquo;est que sa vie n&rsquo;a pas toujours \u00e9t\u00e9 des meilleures et elle a un diable de fils qui se charge de la mouvementer. Mais quoi! Les fils ne sont-ils pas fait pour troubler la tranquillit\u00e9 des m\u00e8res? Tu verras dans quelque temps comme ils deviennent de plus en plus exigeants. Ils sont terriblement accapareurs. Il est vrai que les m\u00e8res s&rsquo;y pr\u00eatent bien.<\/p>\n<p style=\"text-align: justify;\">Quand me l&rsquo;am\u00e8nes-tu dans la cage \u00e0 poules ce ph\u00e9nom\u00e8ne ? Je ne le veux pas chez le juge car ce n&rsquo;est pas l\u00e0-bas une nursery ; mais j&rsquo;aimerais bien voir si ce poulet furieux \u00e0 les yeux en face des trous, et de quelle fa\u00e7on il est dent\u00e9. L&rsquo;esp\u00e8ce en-est-elle bonne ? Que nous voyons au moins ce dont nous avons \u00e9t\u00e9 capable ! J&rsquo;esp\u00e8re qu&rsquo;il n&rsquo;aura pas peur d&rsquo;entrer en prison. Qui sait. C&rsquo;est peut-\u00eatre un d\u00e9but de carri\u00e8re politique.<\/p>\n<p style=\"text-align: justify;\">18h. A propos, ayant interrompu ma lettre pendant une heure pour d\u00eener et converser, et travailler, je voudrais que tu me rendes le service \u00e9minent de me procurer un dictionnaire de rimes, sous le plus petit format possible. On en vend une \u00e9dition tr\u00e8s courante. Mais si dans ce dictionnaire \u00e9tait adjoint \u00e0 l&rsquo;int\u00e9rieur, un trait\u00e9 tr\u00e8s court de versification o\u00f9 soient condens\u00e9es les formules de divers po\u00e8mes que je n&rsquo;ai plus en t\u00eate : tel que le rondel <a href=\"#_ftn1\" name=\"_ftnref1\">[1]<\/a>, le pantoum <a href=\"#_ftn2\" name=\"_ftnref2\">[2]<\/a> et la ballade royale <a href=\"#_ftn3\" name=\"_ftnref3\">[3]<\/a>, je t&rsquo;en serai oblig\u00e9. Sinon, eh bien tant pis. Nous inventerons des rythmes et des modes.<\/p>\n<p style=\"text-align: justify;\">Voil\u00e0 o\u00f9 on en est au bout de onze mois de d\u00e9tention quand le juge est en vacances. Les vers s&rsquo;y mettent de plus en plus. Esp\u00e9rons qu&rsquo;\u00e0 l&rsquo;amnistie le bouquin sera termin\u00e9, sinon je demanderai \u00e0 rempiler. J&rsquo;ai vu que la prison \u00e9tait tr\u00e8s commode pour travailler. Pas de g\u00eaneurs. Obligation de rester \u00e0 sa table. Pas de distraction. Maintenant j&rsquo;ai compris. A chaque nouvelle pi\u00e8ce \u00e0 composer, je t\u00e2cherai de me faire condamner pour trois mois. A condition d&rsquo;avoir le r\u00e9gime politique et de pouvoir recevoir des visites.<\/p>\n<p style=\"text-align: justify;\">Enfin, dans quelque temps nous allons revenir dans cette bonne vieille d\u00e9mocratie qui a fait ses preuves pour insuffler \u00e0 la nation force et vigueur. Tout le monde va \u00eatre libre d&rsquo;aller \u00e0 son gr\u00e9, dans un pays soumis aux volont\u00e9s des d\u00e9tenteurs de la bombe atomique. Grande, belle et heureuse \u00e9poque que celle o\u00f9 les hommes ont tant d\u00e9velopp\u00e9 leur science de domination naturelle. Ce n&rsquo;est plus le plus sage qui gouverne, mais celui qui poss\u00e8de l&rsquo;explosif le plus puissant sous le plus petit volume. Pour moi, je chercherai, d\u00e8s ma sortie, \u00e0 fonder une agence interplan\u00e9taire et offrir aux pacifistes un abri dans un astre lointain o\u00f9 ils seront \u00e0 l&rsquo;abri des exp\u00e9riences destructives. Il y sera convenu que jamais la guerre n&rsquo;entrera l\u00e0, ce qui obligera les gens \u00e0 r\u00e9gler leurs conflits \u00e0 coup de poings. Et encore, il faudra instituer un r\u00e8glement qui ordonnera de ne pas d\u00e9passer les tournois d&rsquo;\u00e9checs sous peine de se voir imm\u00e9diatement ramener sur terre. Je pense qu&rsquo;un <u>Sirien<\/u>, c&rsquo;est \u00e0 dire un habitant de Sirius, ou un lunatique, pour prendre un \u00eatre plus proche de nous, devrait \u00e9crire le roman objectif de notre plan\u00e8te. Il faudrait y trouver une d\u00e9finition pertinente de la civilisation qu&rsquo;on pourrait d\u00e9finir comme \u00ab\u00a0l&rsquo;art de tuer son semblable, le plus rapidement possible, en englobant le plus grand nombre de victimes dans le minimum d&rsquo;espace\u00a0\u00bb. Je propose que pour la prochaine, on nous pr\u00e9pare \u00e9galement des bombes \u00e0 \u00ab\u00a0chocs mentaux\u00a0\u00bb qui pourraient tuer les gens par la simple lecture d&rsquo;un journal, ou par \u00e9mission d&rsquo;ondes, voire par suggestions dirig\u00e9es. Nous sommes devant de prodigieuses d\u00e9couvertes. On se sent fier d&rsquo;appartenir \u00e0 une humanit\u00e9 si coh\u00e9rente dans la volont\u00e9 de se surpasser elle-m\u00eame. A quand le fin du fin dans le progr\u00e8s\u00a0? Dire qu&rsquo;il y a des gens qui regrettent Platon. Et quelle pauvre figure de r\u00e9actionnaire ne fais-je pas avec cette Bible sur ma table, et mes vers de douze pieds, patiemment astiqu\u00e9s. Pour un peu, le d\u00e9go\u00fbt nous prendrait, si nous n&rsquo;\u00e9tions sages, et nous dirions, comme Rimbaud :<\/p>\n<blockquote><p>\u00a0\u00a0\u00a0\u00a0\u00a0\u00a0\u00a0\u00a0\u00a0\u00a0\u00a0\u00a0\u00a0 Je ne puis plus, baign\u00e9 de vos langueurs et larmes,<br \/>\ndisputer leurs sillage aux porteurs de coton,<br \/>\nni traverser l&rsquo;orgueil des drapeaux et des flammes&#8230;<\/p><\/blockquote>\n<p style=\"text-align: justify;\">Mais ce serait du romantisme de mauvais aloi. Il nous faut vivre pratique. Justement, un jeune milicien d&rsquo;\u00e0 c\u00f4t\u00e9 nous raconte comment sa m\u00e8re et sa s\u0153ur ont \u00e9t\u00e9 fusill\u00e9es. Le monde est beau et bon, et nous avons le droit de porter la t\u00eate haute.<\/p>\n<p style=\"text-align: justify;\">Voici ma ch\u00e9rie, bien des sarcasmes. Il faudrait r\u00e9server son esprit caustique \u00e0 de moins blondes personnes. Mais puisque tu es l\u00e0 pour me lire, je d\u00e9vide mes pens\u00e9es telles qu&rsquo;elles viennent toutes brutes. Elles ne sont pas toutes de la m\u00eame violence et je m&rsquo;applique le plus souvent \u00e0 \u00eatre patient et doux, \u00e0 nier le mal qu&rsquo;on voit de nos yeux trop humains et \u00e0 savoir reconna\u00eetre dans les \u00eatres d&rsquo;immenses r\u00e9serves de douce tendresse, ce qui me permet de t&#8217;embrasse affectueusement, puisque tu n&rsquo;es ni de la race des guerriers, ni des militants passionn\u00e9s, mais des petites filles aimantes et maternelles. A ta prochaine lettre o\u00f9 j&rsquo;esp\u00e8re lire entre les lignes tout ce qu&rsquo;elles contiennent d\u00e9j\u00e0 au multiple et \u00e0 bient\u00f4t nous voir au parloir. Pense \u00e0 ce que je t&rsquo;ai demand\u00e9. Si dans les colis tu peux mettre un peu de caf\u00e9, il sera le bienvenu. Saches aussi que dans deux mois tout le travail que tu as doit \u00eatre termin\u00e9 pour en entreprendre d&rsquo;autres, des plus importants. J&rsquo;ai mes raisons, tr\u00e8s s\u00e9rieuses pour te le dire. Maintenant, si tu permets, je t&#8217;embrasse et je d\u00e9pose sur le front de Fr\u00e9d\u00e9ric tous les souhaits qui peuvent sortir de la baguette d&rsquo;une f\u00e9e bienfaisante. Il est trop gentil encore pour ne pas \u00eatre toujours l&rsquo;amour lui-m\u00eame.<\/p>\n<p style=\"text-align: justify;\">A te lire bient\u00f4t. Vale.<\/p>\n<p style=\"text-align: justify;\">J<\/p>\n<p style=\"text-align: justify;\"><a href=\"#_ftnref1\" name=\"_ftn1\">[1]<\/a> Rondel (ou rondeau) : genre lyrique \u00e0 forme fixe de la po\u00e9sie fran\u00e7aise. Au moyen-\u00e2ge on disait aussi rondelet, rondet ou rondin. Au XVI<sup>\u00e8me <\/sup>s. on donna au <em>rondeau simple<\/em> le nom de \u00ab\u00a0triolet\u00a0\u00bb. Il a sept ou huit vers sur deux rimes. Quant au <em>rondeau double<\/em>, illustr\u00e9 par Ch. d&rsquo;Orl\u00e9ans, il a treize vers, \u00e9galement sur deux rimes. (note de FGR issue du <em>Larousse Encyclop\u00e9dique<\/em>)<br \/>\n<a href=\"#_ftnref2\" name=\"_ftn2\">[2]<\/a> Pantoum (ou pantoun) : (mot malais) po\u00e8me \u00e0 forme fixe emprunt\u00e9 par les romantiques \u00e0 la po\u00e9sie malaise (introduit en France par V. Hugo, <em>les Orientales<\/em>, il fut utilis\u00e9 aussi par Th. Gautier, Baudelaire, Banville, Leconte-de-Lisle). C&rsquo;est une suite de quatrains \u00e0 rimes crois\u00e9es, dont le deuxi\u00e8me et le quatri\u00e8me vers deviennent les premiers et troisi\u00e8me du quatrain suivant. De plus, les deux premiers vers de tous les quatrains correspondent \u00e0 un th\u00e8me, et les deux derniers \u00e0 un autre th\u00e8me parall\u00e8le. (note de FGR issue du <em>Larousse Encyclop\u00e9dique<\/em>)<br \/>\n<a href=\"#_ftnref3\" name=\"_ftn3\">[3]<\/a> Ballade : Au moyen-\u00e2ge, po\u00e8me lyrique d&rsquo;origine chor\u00e9graphique, d&rsquo;abord chant\u00e9 puis destin\u00e9 seulement \u00e0 la r\u00e9citation. Au XVI<sup>\u00e8me<\/sup> s. la ballade se constitue avec Guillaume de Machaut: trois couplets suivis chacun d&rsquo;un refrain. Les strophes sont au nombre de trois, suivies d&rsquo;un envoi d&rsquo;une demi-strophe; les m\u00eames rimes sont reprises dans toutes les strophes et dans le m\u00eame ordre; le dernier vers de la premi\u00e8re strophe repara\u00eet comme dernier vers de chaque strophe (et de l&rsquo;envoi) et forme refrain. Plus tard, sous la forme de trois huitains octosyllabiques suivis d&rsquo;un envoi de quatre vers, elle connut un regain de faveur au temps de l&rsquo;\u00e9cole parnassienne. (note de FGR issue du <em>Larousse Encyclop\u00e9dique<\/em>)<\/p>\n<p>,<\/p>\n","protected":false},"excerpt":{"rendered":"<p>\u00a0 Dimanche 19 ao\u00fbt 1945 Ma petite fille ch\u00e9rie, Tout Fresnes est en \u00e9moi d&rsquo;avoir lu un projet d&rsquo;amnistie d\u00e9battu au Conseil des Ministres. Tous se croient d\u00e9j\u00e0 dehors. On sent en tous cas la d\u00e9tente. Il me semble que &hellip; <a href=\"https:\/\/monperejeanmamy.fr\/?page_id=1392\">Continuer la lecture <span class=\"meta-nav\">&rarr;<\/span><\/a><\/p>\n","protected":false},"author":2,"featured_media":11,"parent":0,"menu_order":0,"comment_status":"closed","ping_status":"closed","template":"","meta":[],"folder":[],"_links":{"self":[{"href":"https:\/\/monperejeanmamy.fr\/index.php?rest_route=\/wp\/v2\/pages\/1392"}],"collection":[{"href":"https:\/\/monperejeanmamy.fr\/index.php?rest_route=\/wp\/v2\/pages"}],"about":[{"href":"https:\/\/monperejeanmamy.fr\/index.php?rest_route=\/wp\/v2\/types\/page"}],"author":[{"embeddable":true,"href":"https:\/\/monperejeanmamy.fr\/index.php?rest_route=\/wp\/v2\/users\/2"}],"replies":[{"embeddable":true,"href":"https:\/\/monperejeanmamy.fr\/index.php?rest_route=%2Fwp%2Fv2%2Fcomments&post=1392"}],"version-history":[{"count":4,"href":"https:\/\/monperejeanmamy.fr\/index.php?rest_route=\/wp\/v2\/pages\/1392\/revisions"}],"predecessor-version":[{"id":1882,"href":"https:\/\/monperejeanmamy.fr\/index.php?rest_route=\/wp\/v2\/pages\/1392\/revisions\/1882"}],"wp:featuredmedia":[{"embeddable":true,"href":"https:\/\/monperejeanmamy.fr\/index.php?rest_route=\/wp\/v2\/media\/11"}],"wp:attachment":[{"href":"https:\/\/monperejeanmamy.fr\/index.php?rest_route=%2Fwp%2Fv2%2Fmedia&parent=1392"}],"wp:term":[{"taxonomy":"folder","embeddable":true,"href":"https:\/\/monperejeanmamy.fr\/index.php?rest_route=%2Fwp%2Fv2%2Ffolder&post=1392"}],"curies":[{"name":"wp","href":"https:\/\/api.w.org\/{rel}","templated":true}]}}