{"id":1394,"date":"2021-03-12T17:02:09","date_gmt":"2021-03-12T16:02:09","guid":{"rendered":"http:\/\/monperejeanmamy.fr\/?page_id=1394"},"modified":"2024-01-20T11:02:15","modified_gmt":"2024-01-20T10:02:15","slug":"lm-a-jr-fresnes-45-08-12","status":"publish","type":"page","link":"https:\/\/monperejeanmamy.fr\/?page_id=1394","title":{"rendered":"JM \u00e0 JR (Fresnes 45\/08\/12)"},"content":{"rendered":"<p><strong>\u00a0<\/strong><a href=\"http:\/\/monperejeanmamy.fr\/?page_id=1398\"><img loading=\"lazy\" class=\"wp-image-1352 alignleft\" src=\"http:\/\/monperejeanmamy.fr\/wp-content\/uploads\/2021\/03\/Lettre-precedente.jpg\" alt=\"\" width=\"143\" height=\"78\" \/><\/a><a href=\"http:\/\/monperejeanmamy.fr\/?page_id=1392\"><img loading=\"lazy\" class=\"alignright wp-image-1353\" src=\"http:\/\/monperejeanmamy.fr\/wp-content\/uploads\/2021\/03\/Lettre-suivante.jpg\" alt=\"\" width=\"139\" height=\"76\" \/><\/a><\/p>\n<p style=\"text-align: center;\"><strong>Dimanche 12 ao\u00fbt 1945<\/strong><\/p>\n<p style=\"text-align: center;\">Ma petite fille ch\u00e9rie,<\/p>\n<p style=\"text-align: justify;\">Il fait meilleur pour \u00e9crire le dimanche que le lundi. Car, le lundi, je passe g\u00e9n\u00e9ralement deux heures \u00e0 attendre mon colis. Je remonte \u00e0 cinq heures. Le temps de la soupe. Et on n&rsquo;a plus gu\u00e8re le loisir de laisser courir \u00e0 son gr\u00e9 la plume sur le papier jusqu&rsquo;au ramassage des lettres. Tandis qu&rsquo;aujourd&rsquo;hui, jour de temps si bleu, si beau, si plein de chaleur tendre, apr\u00e8s ce qu&rsquo;on appelle joyeusement la \u00ab\u00a0promenade\u00a0\u00bb qui est un aller et retour de la cellule dans une cage en plein air, o\u00f9 nous sommes dix \u00e0 bavarder interminablement sur les m\u00eames sujets (l&rsquo;amnistie, l&rsquo;avenir, le proc\u00e8s P\u00e9tain, et patati patata), il fait plus calme, la d\u00e9tente est meilleure. Les mots ne sont pas si press\u00e9s de sortir.<\/p>\n<p style=\"text-align: justify;\">On sent tes lettres toutes pleines de d\u00e9sirs enfantins, qu&rsquo;on s&rsquo;\u00e9tonne de voir encore dans l&rsquo;esprit d&rsquo;une aussi grande personne. D&rsquo;abord le merveilleux \u00e9tonnement de la maman pour qui son fils est le plus beau du monde. Mais oui, Madame, non seulement ce poupon a toutes les qualit\u00e9s les plus g\u00e9niales, imbattable en tout, on ne saurait \u00e9num\u00e9rer ses vertus, mais encore, le monde entier l&rsquo;attendait lui tout seul pour arriver enfin \u00e0 son ultime perfection. Oh, joies humaines, trop humaines. Je m&rsquo;en voudrais de g\u00e2cher ta belle joie. Bien au contraire. Tu as raison de d\u00e9verser autour de cet enfant, qui le m\u00e9rite bien, des torrents d&rsquo;affection, et de d\u00e9fendre que quiconque y touche, car c&rsquo;est une propri\u00e9t\u00e9 sacr\u00e9e, celle de Jeannette, dans laquelle nul ne doit entrer, sauf s&rsquo;il a la permission de la m\u00e8re, accord\u00e9e presque \u00e0 regret. Je vois \u00e7a d&rsquo;ici. Enfin l&rsquo;enthousiasme de d\u00e9couvrir la cr\u00e9ation dans ce qu&rsquo;elle offre de plus secret et myst\u00e9rieux, m\u00eame pour une jeune maman. Un enfant ! Don du ciel ! Fichtre. Il ne faudrait pas aller tr\u00e8s loin. Je crois que Jeannette l\u00e0-dessus apprendra encore beaucoup de choses, et qu&rsquo;elle a bu tout le lait sucr\u00e9, mais pas encore la coupe d&rsquo;amertume. On en parlera plus tard. Pour l&rsquo;instant, continue. Soigne le. G\u00e2te le. Pouponne. Frise lui les cheveux. Entortille le de rubans. Il n&rsquo;a pas encore protest\u00e9. Il n&rsquo;oserait. Et destines le dans tes r\u00eaves \u00e0 de solides \u00e9tudes d&rsquo;ing\u00e9nieur. Qu&rsquo;il nous r\u00e9v\u00e8le les secrets de la nouvelle bombe atomique, ou qu&rsquo;il trouve le moyen de couper le monde en quatre.<\/p>\n<p style=\"text-align: justify;\">Pour ce que tu me demandes, et que tu lui as promis, il n&rsquo;est pas question de le faire par correspondance. Il faudra attendre le bon vouloir du juge d&rsquo;instruction, qui, comme chacun sait, est aux ordres du peuple souverain. de ce c\u00f4t\u00e9 l\u00e0, j&rsquo;ai les m\u00eames nouvelles que toi. Je ne pense donc pas te revoir avant octobre. Et c&rsquo;est tr\u00e8s bien. A moins qu&rsquo;on ouvre les portes \u00e0 tout le monde d&rsquo;ici l\u00e0. Auquel cas, bravo! Moi, je suis de la f\u00eate, apr\u00e8s avoir \u00e9t\u00e9 b\u00e9n\u00e9volement soumis \u00e0 la r\u00e9pression (en quoi je n&rsquo;ai pas eu tort puisque les miens n&rsquo;ont pas \u00e9t\u00e9 emb\u00eat\u00e9s). Si tout se passe bien, nous pourrons peut-\u00eatre encore regarder vers l&rsquo;avenir avec des yeux avertis, mais des yeux vivants, tandis qu&rsquo;il est plus difficile d&rsquo;imaginer qu&rsquo;on sera oblig\u00e9 de regarder le monde par un autre trou. A ce propos, je n&rsquo;ai pas de nouvelles de l&rsquo;examen. J&rsquo;esp\u00e8re que F. fera le n\u00e9cessaire. L\u00e0, je nage compl\u00e8tement. Comprends pas. \u00c9videmment, je vois bien ce qu&rsquo;on cherche. Mais, cela peut-il r\u00e9ussir ? Tu m&rsquo;affirmes que oui. Tant mieux, je le souhaite. Il le faut. Car sinon. Emb\u00eatant. Il est vrai que nous ne sommes pas sur terre pour nous amuser.<\/p>\n<p style=\"text-align: justify;\">Tout Fresnes est suspendu au proc\u00e8s P\u00e9tain. On suppute les chances du Mar\u00e9chal. Les uns parient pour la mansu\u00e9tude, d&rsquo;autres pour la condamnation. Moi, j&rsquo;y crois, car les adversaires ont toujours fait toutes les gaffes et ce sont les pires sectaires du monde. Et la bourgeoisie est d\u00e9sempar\u00e9e. Elle ne sait \u00e0 qui se raccrocher. Je crois que l&rsquo;opinion des extr\u00eames gouverne, que tous ces gens l\u00e0 sont emport\u00e9s par leurs passions et qu&rsquo;ils vont vers leur propre destruction sans le savoir.<\/p>\n<p style=\"text-align: justify;\">La France est un pays inhabitable d\u00e9sormais. Il faut partir. Et c&rsquo;est \u00e0 ce sujet qu&rsquo;en sortant nous avons de longues conversations, car, apr\u00e8s la sortie, qui viendra, quand ? Il s&rsquo;agit de vivre. Or, si on peut, une fois, se tirer du danger de ne pas \u00eatre d\u00e9vor\u00e9 par les loups, il convient de ne pas construire sa maison parmi eux.<\/p>\n<p style=\"text-align: justify;\">Trois pays s&rsquo;offrent \u00e0 l&rsquo;\u00e9migrant: le Canada, l&rsquo;Am\u00e9rique du Sud, l&rsquo;Australie.<\/p>\n<p style=\"text-align: justify;\">Des trois, je pr\u00e9f\u00e8re le Canada, pays de langue fran\u00e7aise et de haute moralit\u00e9. La jeunesse y est admirablement bien \u00e9lev\u00e9e. Les m\u0153urs y sont rigides, un peu hypocrites comme partout chez les Anglo-Saxons, mais peu importe, il n&rsquo;y a pas ce d\u00e9braill\u00e9 voyou, cet avachissement, cette vulgarit\u00e9 obsc\u00e8ne qui r\u00e8gne ici. Deuxi\u00e8me point important: \u00e0 500 kms de Boston, \u00e0 800 kms de New-York, l&rsquo;Am\u00e9rique \u00e0 deux pas. Et ses possibilit\u00e9s pour des Fran\u00e7ais actifs. D&rsquo;autre part, int\u00e9ress\u00e9 par les id\u00e9es que nous pr\u00f4nons. Pays tr\u00e8s p\u00e9n\u00e9tr\u00e9 de la vie de l&rsquo;ancienne France, quasi royaliste, destin\u00e9 \u00e0 faire revivre la race fran\u00e7aise dans trente ans. Gros int\u00e9r\u00eat pour quelqu&rsquo;un qui voudrait bien ne pas se cogner de front tous les deux pas contre un mur infranchissable de pr\u00e9jug\u00e9s r\u00e9publicains. Donc, vie rude mais active et satisfaisante.<\/p>\n<p style=\"text-align: justify;\">L&rsquo;Am\u00e9rique du Sud ? Je suis s\u00fbr d&rsquo;y r\u00e9ussir. J&rsquo;ai l\u00e0 toute une partie de ma famille, tr\u00e8s riche. Mais je me m\u00e9fie. Mentalit\u00e9 de m\u00e9tis. Vie trop facile. Paresseuse. Climat trop doux. \u00c9puisant. Pas de v\u00e9ritable stimulant spirituel. Pays vicieux et sensuel. \u00c9videmment, grosses possibilit\u00e9s d&rsquo;argent. Mais ce n&rsquo;est pas tout dans la vie. Au contraire. Je pr\u00e9f\u00e8re le calme mental \u00e0 la rechute dans le tourbillon des plaisirs, des vanit\u00e9s, des tangos et des tentations trop animales. La vie est une lutte et non un concert argentin. A moins que, vraiment, l&rsquo;avenir ne se d\u00e9cide pas l\u00e0. On ne sait jamais.<\/p>\n<p style=\"text-align: justify;\">L&rsquo;Australie ? Pas de relations. A part cela, je ne vois que le Chili. Veux-tu te renseigner dans toutes les ambassades (Canada, Argentine, Uruguay, Australie, Chili) pour voir quels sont les avantages faits aux \u00e9migrants. Situations ? Transports ? Pays d&rsquo;agriculture ou autres ? Au Canada, j&rsquo;ai d\u00e9j\u00e0 des relations possibles.<\/p>\n<p style=\"text-align: justify;\">Voil\u00e0 \u00e0 quoi nous passons notre temps \u00e0 r\u00eaver, sans oublier la fable de Perrette et de son pot \u00e0 lait, car il faut d&rsquo;abord sortir d&rsquo;ici, et ce n&rsquo;est pas fait. Mais si les faits sont inscrits dans l&rsquo;avenir, ils sont in\u00e9luctables.<\/p>\n<p style=\"text-align: justify;\">A part les quelques soucis que tu connais et que nous combattons par les moyens du bord, la vie est tranquille. Il semble que tout s&rsquo;apaise en nous comme \u00e0 l&rsquo;ext\u00e9rieur, et si quelques forcen\u00e9s ont encore l&rsquo;esprit d\u00e9cha\u00een\u00e9 et furieusement r\u00e9volutionnaire, la grande masse du peuple semble d\u00e9sirer l&rsquo;ordre et la paix, d&rsquo;o\u00f9 qu&rsquo;ils viennent. On voit bien ce que seront les \u00e9lections, socialistes pour le moins. Je crois que les communistes ont perdu quelques chances. Par contre, le parti Blum va donner \u00e0 plein. Les radicaux sont distanc\u00e9s. Cela ne donnera rien de bon pour la France, mais ouvrira les portes des prisons, \u00e0 moins que des d\u00e9cisions soient prises avant les \u00e9lections. On signale un retour obligatoire des juges d&rsquo;instruction pour le 20 courant. Est-ce pour une r\u00e9pression plus active ou pour une amnistie ? La France continuera-t-elle \u00e0 se d\u00e9shonorer aux yeux de l&rsquo;\u00e9tranger ? Ou bien reviendra-t-elle \u00e0 de meilleurs sentiments ? En Belgique, Degrelle, l&rsquo;\u00e9quivalent de Doriot, chef des Waffen SS belges, n&rsquo;a \u00e9t\u00e9 condamn\u00e9 qu&rsquo;\u00e0 trois ans de prison [aux derni\u00e8res nouvelles, c&rsquo;est un bobard], d&rsquo;autres \u00e0 6 mois. En Angleterre, John Aymery [1] et Haw-Haw [2] sont lib\u00e9r\u00e9s. En France, on condamne \u00e0 mort, <u>pour le moins<\/u>. Ce pays est d\u00e9finitivement impossible pour ceux qui ne peuvent pas accepter la dictature des ma\u00e7ons, et autres promoteurs des Droits de l&rsquo;Homme. C&rsquo;est pire qu&rsquo;en 93. Il faut partir, partir, partir. Aller chercher la libert\u00e9 l\u00e0 o\u00f9 elle est. Dans des contr\u00e9es o\u00f9 les mentalit\u00e9s sont mieux \u00e9lev\u00e9es.<\/p>\n<p style=\"text-align: justify;\">Je suis devenu ici terriblement Chr\u00e9tien. Tu ne me reconna\u00eetras pas. Une crise comme celle-l\u00e0 change un homme. La vie n&rsquo;a plus le m\u00eame sens. S&rsquo;il existait un ordre monastique qui me convienne (il n&rsquo;y en a pas, car je ne suis pas chr\u00e9tien ritualiste), j&rsquo;y entrerais. Mais c&rsquo;est tout comme. Le monde ne peut \u00eatre transform\u00e9 et sauv\u00e9 que par une \u00e9l\u00e9vation totale de la pens\u00e9e et des actes, au-dessus des passions, des pr\u00e9jug\u00e9s, et du mat\u00e9rialisme abject. C&rsquo;est pourquoi la politique ne m&rsquo;int\u00e9resse plus que comme un bas instrument, malheureusement laiss\u00e9 \u00e0 des meneurs ignorants et barbares. Il faut reprendre les peuples par le museau, sinon ils vont aller \u00e0 la catastrophe.<\/p>\n<p style=\"text-align: justify;\">Voil\u00e0 de bien grands mots pour une aussi petite femme. Et ma lettre n&rsquo;est pas amusante. Mais je ne t&rsquo;\u00e9cris pas pour te distraire, mais pour te communiquer ce que je penses. Donc, re\u00e7ois-l\u00e0 comme elle est. Et je ne pense pas que tu ne sois si malheureuse. Embrasse le gros gar\u00e7on. Dis-lui que les promesses seront tenues en temps utile. Ne m&rsquo;envoie plus de limes \u00e0 ongles jusqu&rsquo;\u00e0 nouvel ordre. J&rsquo;en ai ma cargaison, et laisse-toi embrasser avec l&rsquo;affection que tu sais. Merci pour les bons et beaux colis. Tout est parfait. J&rsquo;ai fini ma pi\u00e8ce. Elle sera pr\u00eate \u00e0 la fin de ce mois.<\/p>\n<p style=\"text-align: justify;\">J<\/p>\n<p style=\"text-align: justify;\">PS. Pour certaines raisons, <u>tout<\/u> ce que tu as \u00e0 faire est urgent (3 mois), surtout le journal, mais aussi le reste. Note qu&rsquo;apr\u00e8s, il y aura la nouvelle pi\u00e8ce qui urgera plus que tout le reste. Profite un peu de tes vacances pour me rendre ce service. Et merci d&rsquo;avance. As-tu par hasard relev\u00e9 le n\u00b0 de la machine \u00e0 \u00e9crire qu&rsquo;on a r\u00e9quisitionn\u00e9 chez toi ? T\u00e2ches de trouver du \u00ab\u00a0 flocon d&rsquo;avoine Buittoni\u00a0\u00bb. A mettre \u00e0 la place des farines habituelles. Un morceau de savon, SVP.<\/p>\n<p style=\"text-align: justify;\">[1]\u00a0John Amery, ex\u00e9cut\u00e9 le 19 d\u00e9cembre 1945, fut le fondateur du <em>Britisches Freikorps SS<\/em> qui combattit aux c\u00f4t\u00e9s des Allemands sur le front russe.<\/p>\n<p style=\"text-align: justify;\">[2] William Joyce, surnomm\u00e9 Lord Haw-Haw, est un homme politique et journaliste am\u00e9ricain d&rsquo;origine britannique. Militant fasciste, il devient pendant la Seconde Guerre mondiale un propagandiste de l&rsquo;Allemagne nazie, charg\u00e9 des \u00e9missions de radio en langue anglaise. Captur\u00e9 \u00e0 la fin de la guerre, il est ex\u00e9cut\u00e9 \u00a0en 1946 pour haute trahison.<\/p>\n","protected":false},"excerpt":{"rendered":"<p>\u00a0 Dimanche 12 ao\u00fbt 1945 Ma petite fille ch\u00e9rie, Il fait meilleur pour \u00e9crire le dimanche que le lundi. Car, le lundi, je passe g\u00e9n\u00e9ralement deux heures \u00e0 attendre mon colis. Je remonte \u00e0 cinq heures. Le temps de la &hellip; <a href=\"https:\/\/monperejeanmamy.fr\/?page_id=1394\">Continuer la lecture <span class=\"meta-nav\">&rarr;<\/span><\/a><\/p>\n","protected":false},"author":2,"featured_media":11,"parent":0,"menu_order":0,"comment_status":"closed","ping_status":"closed","template":"","meta":[],"folder":[],"_links":{"self":[{"href":"https:\/\/monperejeanmamy.fr\/index.php?rest_route=\/wp\/v2\/pages\/1394"}],"collection":[{"href":"https:\/\/monperejeanmamy.fr\/index.php?rest_route=\/wp\/v2\/pages"}],"about":[{"href":"https:\/\/monperejeanmamy.fr\/index.php?rest_route=\/wp\/v2\/types\/page"}],"author":[{"embeddable":true,"href":"https:\/\/monperejeanmamy.fr\/index.php?rest_route=\/wp\/v2\/users\/2"}],"replies":[{"embeddable":true,"href":"https:\/\/monperejeanmamy.fr\/index.php?rest_route=%2Fwp%2Fv2%2Fcomments&post=1394"}],"version-history":[{"count":6,"href":"https:\/\/monperejeanmamy.fr\/index.php?rest_route=\/wp\/v2\/pages\/1394\/revisions"}],"predecessor-version":[{"id":3209,"href":"https:\/\/monperejeanmamy.fr\/index.php?rest_route=\/wp\/v2\/pages\/1394\/revisions\/3209"}],"wp:featuredmedia":[{"embeddable":true,"href":"https:\/\/monperejeanmamy.fr\/index.php?rest_route=\/wp\/v2\/media\/11"}],"wp:attachment":[{"href":"https:\/\/monperejeanmamy.fr\/index.php?rest_route=%2Fwp%2Fv2%2Fmedia&parent=1394"}],"wp:term":[{"taxonomy":"folder","embeddable":true,"href":"https:\/\/monperejeanmamy.fr\/index.php?rest_route=%2Fwp%2Fv2%2Ffolder&post=1394"}],"curies":[{"name":"wp","href":"https:\/\/api.w.org\/{rel}","templated":true}]}}