{"id":1398,"date":"2021-03-12T17:04:23","date_gmt":"2021-03-12T16:04:23","guid":{"rendered":"http:\/\/monperejeanmamy.fr\/?page_id=1398"},"modified":"2021-04-05T14:57:35","modified_gmt":"2021-04-05T12:57:35","slug":"jm-a-jr-fresnes-45-07-30","status":"publish","type":"page","link":"https:\/\/monperejeanmamy.fr\/?page_id=1398","title":{"rendered":"JM \u00e0 JR (Fresnes 45\/07\/30)"},"content":{"rendered":"<p><strong>\u00a0<\/strong><a href=\"http:\/\/monperejeanmamy.fr\/?page_id=1400\"><img loading=\"lazy\" class=\"wp-image-1352 alignleft\" src=\"http:\/\/monperejeanmamy.fr\/wp-content\/uploads\/2021\/03\/Lettre-precedente.jpg\" alt=\"\" width=\"143\" height=\"78\" \/><\/a><a href=\"http:\/\/monperejeanmamy.fr\/?page_id=1394\"><img loading=\"lazy\" class=\"alignright wp-image-1353\" src=\"http:\/\/monperejeanmamy.fr\/wp-content\/uploads\/2021\/03\/Lettre-suivante.jpg\" alt=\"\" width=\"139\" height=\"76\" \/><\/a><\/p>\n<p style=\"text-align: center;\"><strong>Lundi 30 juillet 1945<\/strong><\/p>\n<p style=\"text-align: center;\">Ma ch\u00e8re petite Jeannette,<\/p>\n<p style=\"text-align: justify;\">Je pr\u00e9f\u00e8re m\u2019y prendre de bonne heure ce matin pour \u00e9crire ce mot plut\u00f4t qu\u2019attendre ta lettre probable qui viendra sans doute vendredi m\u2019annoncer quelles bonnes ou mauvaises nouvelles\u00a0? Aujourd\u2019hui le moral est houleux. Je lutte terriblement depuis deux jours contre les cons\u00e9quences de ce qu\u2019on m\u2019a annonc\u00e9 l\u2019autre jour, quand j\u2019ai t\u00e9moign\u00e9 l\u00e0 o\u00f9 tu sais. On veut me mettre sur le dos des affaires qui ne m\u2019incombent pas. J\u2019en ai d\u00e9j\u00e0 assez comme cela. Et puis les Allemands ont fait des b\u00eatises comme toujours. Et il ne faudrait pas que nous en supportions les cons\u00e9quences. Enfin, j\u2019esp\u00e8re que tout se tassera. J\u2019aimerais bien voir Floriot \u00e0 ce sujet, mais je crois qu\u2019il n\u2019a pas le temps. Si tu as des nouvelles de ce c\u00f4t\u00e9, donne les moi vite. Je voudrais surtout savoir si nos amis ont \u00e9t\u00e9 avertis de la fa\u00e7on dont les choses se sont d\u00e9roul\u00e9es et si l\u2019on s\u2019agite \u00e0 ce sujet. Note bien que je ne pense pas que cela puisse faire d\u00e9vier le r\u00e9sultat final, car de toutes fa\u00e7ons il faudra bien en venir \u00e0 ce qu\u2019on a d\u00e9cid\u00e9 de faire. Les faits sont les faits. Il n\u2019y a pas \u00e0 se bousculer. Quelle existence\u00a0! Quand cette r\u00e9pression odieuse finira-t-elle\u00a0? Ce n\u2019est pas beau du tout.<\/p>\n<p style=\"text-align: justify;\">Je voudrais pouvoir te parler d\u2019autre chose, mais bien des pens\u00e9es me ram\u00e8nent constamment \u00e0 mon souci. Non pas qu\u2019il soit personnel. Ce qui me choquerait le plus, dans un proc\u00e8s, c\u2019est le bruit qu\u2019on en ferait qui pourrait g\u00eaner ma famille. Je ne pense qu\u2019\u00e0 eux et \u00e0 vous tous. Pour moi, mon sort est d\u00e9cid\u00e9. Un militant politique n\u2019appartient qu\u2019\u00e0 ses id\u00e9es. Elles le font sombrer ou bien elles l\u2019\u00e9l\u00e8vent au pouvoir\u2014 sans qu\u2019il tire d\u2019autre profit que des tracas et des coups\u2014 car les hommes sont ingrats, f\u00e9roces et l\u00e2ches. D\u2019ici nous avons l\u2019impression d\u2019habiter un monde ennemi. Jamais la tension n\u2019a \u00e9t\u00e9 si dure. Jamais nous n\u2019avons senti autant d\u2019hostilit\u00e9 pour ce que nous repr\u00e9sentons. Et pourtant\u00a0!! Enfin\u00a0!<\/p>\n<p style=\"text-align: justify;\">Il fait naturellement beau comme dans toutes les p\u00e9riodes tragiques. Le soleil tape sur les cr\u00e2nes et ne doit pas les pr\u00e9disposer \u00e0 l\u2019indulgence. J\u2019ai relu des tas de bouquins d\u2019histoire ces temps derniers. On y voit pas mal de p\u00e9riodes troubl\u00e9es, du m\u00eame genre que la n\u00f4tre, mais il faut remonter \u00e0 Charles VII pour voir la France dans un tel \u00e9tat de d\u00e9sarroi. Et encore\u00a0! Nous esp\u00e9rions, il y a quelque temps, que l\u2019\u00ab\u00a0\u00e9puration\u00a0\u00bb prendrait fin. On voit, d\u2019apr\u00e8s les condamnations d\u2019aujourd\u2019hui qu\u2019elle bat son plein. On arr\u00eate toujours \u00e0 tour de bras. Les gens arr\u00eat\u00e9s en Allemagne ont donn\u00e9 un nouveau pr\u00e9texte \u00e0 nos modernes Fouch\u00e9 et Fouquier-Tinville et tous les concierges de France sont unanimes \u00e0 proclamer que le \u00ab\u00a0collaborateur\u00a0\u00bb est la cause de tous les malheurs actuels. Ce serait rigolo si Poissy n\u2019\u00e9tait pas plein, si Clairvaux ne se remplissait et si la France allait mieux. On n\u2019en voit ni la suite ni la fin. La vague rouge qui monte, aux prochaines \u00e9lections nous apportera-t-elle la d\u00e9livrance par l\u2019amnistie ou par les ex\u00e9cutions sans jugement. On se demande si on veut vraiment tuer ce pays d\u00e9finitivement.<\/p>\n<p style=\"text-align: justify;\">Voil\u00e0 des pens\u00e9es bien noires pour une aussi fra\u00eeche petite fille qui veille sur un b\u00e9b\u00e9 aussi charmant. T\u00e9l\u00e9phone \u00e0 ma m\u00e8re. Dis lui qu\u2019elle m\u2019\u00e9crive. Lis lui toute la premi\u00e8re partie de ma lettre. Elle comprendra beaucoup de choses. J\u2019esp\u00e8re recevoir d\u2019elle de bonnes nouvelles.<\/p>\n<p style=\"text-align: justify;\">Peux-tu me procurer encore un peu de papier. Je n\u2019en n\u2019ai plus gu\u00e8re. Les travaux en cours m\u2019en absorbant beaucoup. J\u2019ai presque fini ma pi\u00e8ce. Encore un effort et les trois actes seront l\u00e0. D\u2019autre part je travaille beaucoup mentalement, mais quel choc, cette semaine\u00a0! Fichtre\u00a0! Il faut \u00eatre blind\u00e9 pour recevoir de tels coups. Enfin, avec l\u2019aide de Floriot, j\u2019esp\u00e8re m\u2019en tirer quand m\u00eame. Et aussi gr\u00e2ce \u00e0 la petite comprenette que j\u2019ai d\u2019une certaine qui\u00e9tude, pour l\u2019instant bien attaqu\u00e9e. Esp\u00e9rons que je saurai comprendre au plus t\u00f4t qu\u2019elle est inattaquable.<\/p>\n<p style=\"text-align: justify;\">Je termine cette lettre apr\u00e8s la soupe. \u00c7a va mieux. Les id\u00e9es sont plus nettes. Il semble qu\u2019\u00e0 raconter les choses on s\u2019en d\u00e9livre\u00a0! S\u2019il suffisait de les raconter pour en \u00eatre d\u00e9livr\u00e9\u00a0! Dire qu\u2019en France il y a aujourd\u2019hui des tas de gens qui ont la possibilit\u00e9 de se vanter d\u2019exploits des plus douteux et sanglants, et que nous n\u2019avons m\u00eame pas le droit d\u2019oser esquisser une d\u00e9fense. La grande sagesse consiste \u00e0 ne pas se r\u00e9volter contre l\u2019injustice, mais \u00e0 la d\u00e9truire peu \u00e0 peu, en ne lui accordant aucune force, non plus qu\u2019\u00e0 la violence. Et sur ces bonnes paroles qui prouvent \u00e0 quel point je suis raisonnable, je termine ma lettre en t\u2019adressant de fort douces choses, ainsi qu\u2019\u00e0 seigneur Fr\u00e9d\u00e9ric qui de son superbe berceau domine la folie du monde de toute sa supr\u00eame ignorance du mal.<\/p>\n<p style=\"text-align: justify;\">A bient\u00f4t te lire. Je t\u2019embrasse affectueusement, tendrement et tout.<\/p>\n<p style=\"text-align: justify;\">J.<\/p>\n<p style=\"text-align: justify;\">PS. Bien re\u00e7u ta lettre. Merci bonnes nouvelles. Tout va beaucoup mieux. Comme quoi on exag\u00e8re toujours toutes les choses. Tiens moi au courant. Profites bien de tes vacances. J\u2019esp\u00e8re que tu as pris le bouquin chez Floriot. D\u00e8s ton retour tu taperas la pi\u00e8ce. Elle n\u2019est pas politique mais doit tr\u00e8s bien marcher. On verra. Bon moral. Ici tout va bien. Je viens de recevoir le colis. Tr\u00e8s bien. Mais celui de la derni\u00e8re fois \u00e9tait beaucoup mieux. Davantage de conserves, lard, saucisson. Voil\u00e0 ce qui compte.<\/p>\n<p>&nbsp;<\/p>\n","protected":false},"excerpt":{"rendered":"<p>\u00a0 Lundi 30 juillet 1945 Ma ch\u00e8re petite Jeannette, Je pr\u00e9f\u00e8re m\u2019y prendre de bonne heure ce matin pour \u00e9crire ce mot plut\u00f4t qu\u2019attendre ta lettre probable qui viendra sans doute vendredi m\u2019annoncer quelles bonnes ou mauvaises nouvelles\u00a0? Aujourd\u2019hui le &hellip; <a href=\"https:\/\/monperejeanmamy.fr\/?page_id=1398\">Continuer la lecture <span class=\"meta-nav\">&rarr;<\/span><\/a><\/p>\n","protected":false},"author":2,"featured_media":11,"parent":0,"menu_order":0,"comment_status":"closed","ping_status":"closed","template":"","meta":[],"folder":[],"_links":{"self":[{"href":"https:\/\/monperejeanmamy.fr\/index.php?rest_route=\/wp\/v2\/pages\/1398"}],"collection":[{"href":"https:\/\/monperejeanmamy.fr\/index.php?rest_route=\/wp\/v2\/pages"}],"about":[{"href":"https:\/\/monperejeanmamy.fr\/index.php?rest_route=\/wp\/v2\/types\/page"}],"author":[{"embeddable":true,"href":"https:\/\/monperejeanmamy.fr\/index.php?rest_route=\/wp\/v2\/users\/2"}],"replies":[{"embeddable":true,"href":"https:\/\/monperejeanmamy.fr\/index.php?rest_route=%2Fwp%2Fv2%2Fcomments&post=1398"}],"version-history":[{"count":8,"href":"https:\/\/monperejeanmamy.fr\/index.php?rest_route=\/wp\/v2\/pages\/1398\/revisions"}],"predecessor-version":[{"id":1870,"href":"https:\/\/monperejeanmamy.fr\/index.php?rest_route=\/wp\/v2\/pages\/1398\/revisions\/1870"}],"wp:featuredmedia":[{"embeddable":true,"href":"https:\/\/monperejeanmamy.fr\/index.php?rest_route=\/wp\/v2\/media\/11"}],"wp:attachment":[{"href":"https:\/\/monperejeanmamy.fr\/index.php?rest_route=%2Fwp%2Fv2%2Fmedia&parent=1398"}],"wp:term":[{"taxonomy":"folder","embeddable":true,"href":"https:\/\/monperejeanmamy.fr\/index.php?rest_route=%2Fwp%2Fv2%2Ffolder&post=1398"}],"curies":[{"name":"wp","href":"https:\/\/api.w.org\/{rel}","templated":true}]}}