{"id":1400,"date":"2021-03-12T17:08:09","date_gmt":"2021-03-12T16:08:09","guid":{"rendered":"http:\/\/monperejeanmamy.fr\/?page_id=1400"},"modified":"2024-01-18T17:55:05","modified_gmt":"2024-01-18T16:55:05","slug":"jm-a-jr-fresnes-45-07-22","status":"publish","type":"page","link":"https:\/\/monperejeanmamy.fr\/?page_id=1400","title":{"rendered":"JM \u00e0 JR (Fresnes 45\/07\/22)"},"content":{"rendered":"<p><strong>\u00a0<\/strong><a href=\"http:\/\/monperejeanmamy.fr\/?page_id=1402\"><img loading=\"lazy\" class=\"wp-image-1352 alignleft\" src=\"http:\/\/monperejeanmamy.fr\/wp-content\/uploads\/2021\/03\/Lettre-precedente.jpg\" alt=\"\" width=\"143\" height=\"78\" \/><\/a><a href=\"http:\/\/monperejeanmamy.fr\/?page_id=1398\"><img loading=\"lazy\" class=\"alignright wp-image-1353\" src=\"http:\/\/monperejeanmamy.fr\/wp-content\/uploads\/2021\/03\/Lettre-suivante.jpg\" alt=\"\" width=\"139\" height=\"76\" \/><\/a><\/p>\n<p style=\"text-align: center;\"><strong>Dimanche 22 juillet 1945<\/strong><\/p>\n<p style=\"text-align: center;\">Ma ch\u00e8re petite fille,<\/p>\n<p style=\"text-align: justify;\">Je t&rsquo;\u00e9cris dimanche car demain je vais, sans nul doute, passer la journ\u00e9e au lieu-dit \u00ab la Sourici\u00e8re \u00bb pour t\u00e9moigner au Palais dans le proc\u00e8s que tu sais. Voil\u00e0 d\u00e9j\u00e0 trois jours qu&rsquo;on me balade pour rien. J&rsquo;esp\u00e8re enfin \u00eatre entendu demain \u00e0 moins qu&rsquo;on m&rsquo;oblige \u00e0 attendre mardi. De toutes fa\u00e7ons, je te verrai cette semaine.<\/p>\n<p style=\"text-align: justify;\">Merci pour tes lettres que je re\u00e7ois r\u00e9guli\u00e8rement et pour les colis qui sont tr\u00e8s bien faits. La sant\u00e9 est bonne et le moral est solide comme un roc. Et il le faut car le combat est rude. Mais pour l&rsquo;instant il me semble que tout va bien. Il faut r\u00e9sister et vaincre. Et je pense que bient\u00f4t les circonstances seront favorables pour faire triompher un point de vue juste. En attendant, nous nous m\u00fbrissons dans la patience.<\/p>\n<p style=\"text-align: justify;\">Si tu as l&rsquo;occasion d&rsquo;avoir des nouvelles, ne manques pas de m&rsquo;en faire profiter vendredi. Pour moi, j&rsquo;ai d\u00e9pass\u00e9 depuis longtemps les petits sursauts des nerfs, les inqui\u00e9tudes, les coups durs et autres choses. Je suis d\u00e9cid\u00e9 \u00e0 d\u00e9fendre absolument et jusqu&rsquo;\u00e0 r\u00e9ussite mon point de vue et je sais maintenant que rien ne peut m&#8217;emp\u00eacher de vaincre. Il faut y mettre le temps pour que toutes choses s&rsquo;\u00e9clairent. Quand on a raison, m\u00eame si les circonstances ou les \u00e9v\u00e9nements vous donnent tort, on arrive finalement \u00e0 prouver sa bonne foi, sa pr\u00e9voyance, sa justesse de raisonnement. Il y a aussi l&rsquo;immense constatation que les adversaires n&rsquo;ont pas r\u00e9ussi \u00e0 prouver leurs dires. Il faut attendre la d\u00e9faite des autres pour enregistrer la victoire de sa t\u00e9nacit\u00e9.<\/p>\n<p style=\"text-align: justify;\">Tu vois que loin d&rsquo;\u00eatre accabl\u00e9 ou soucieux, je travaille ardemment \u00e0 ma lib\u00e9ration. Ce n&rsquo;est pas moi qu&rsquo;il faut remonter.<\/p>\n<p style=\"text-align: justify;\">Comment va tout le monde ? Vois-tu ma m\u00e8re souvent ? Que te dit-elle ? Va-t-elle bien ? A-t-elle assez d&rsquo;argent ? Renseigne-moi secr\u00e8tement l\u00e0-dessus car la brave femme ne se plaint de rien, mais je veux \u00eatre s\u00fbr qu&rsquo;elle n&rsquo;est pas g\u00ean\u00e9e.<\/p>\n<p style=\"text-align: justify;\">Je viens du culte protestant o\u00f9 le pasteur a fait un tr\u00e8s bon pr\u00eache. Il r\u00e8gne ici une atmosph\u00e8re de solidarit\u00e9 cordiale qui de plus en plus donne aux d\u00e9tenus l&rsquo;espoir qu&rsquo;ils seront un jour entendus sans haine et avec compr\u00e9hension.<\/p>\n<p style=\"text-align: justify;\">M\u00eame le soleil se met de la partie et nous offre un temps splendide. Notre joie int\u00e9rieure est donc compl\u00e8te. Il ne nous manque rien aujourd&rsquo;hui, sauf les pr\u00e9sences physiques de nos amis, mais est-ce quelque chose de comparable \u00e0 cette puissante s\u00e9r\u00e9nit\u00e9 morale qui domine de toute sa grandeur ces temps troubl\u00e9s ? Je te dis ces choses qui doivent peut-\u00eatre t&rsquo;impatienter, non pour te taquiner, mais pour te rassurer et te montrer que de ton c\u00f4t\u00e9 tu dois observer des r\u00e8gles de patience et de qui\u00e9tude. Tout vient \u00e0 point pour qui sait attendre.<\/p>\n<p style=\"text-align: justify;\">Je n&rsquo;ai pas eu le temps de beaucoup travailler aujourd&rsquo;hui \u00e0 cause de tous ces d\u00e9rangements, mais je compte bien me rattraper le mois prochain. Il faut veiller avec attention \u00e0 ne pas se \u00ab\u00a0rouiller\u00a0\u00bb. Le \u00ab\u00a0<em>Tout en Un<\/em>\u00a0\u00bb m&rsquo;est des plus utiles. N&rsquo;oublies pas d&rsquo;apporter vendredi un sac \u00e0 papier un peu fort. C&rsquo;est ce qui me manque le plus.<\/p>\n<p style=\"text-align: justify;\">As-tu revu Floriot ? Je ne crois pas que cela soit utile en ce moment, car les enqu\u00eates vont se d\u00e9rouler m\u00e9caniquement et il n&rsquo;a rien \u00e0 faire pour l&rsquo;instant. Ce que j&rsquo;aurais voulu savoir c&rsquo;est ce qu&rsquo;il pense de la solution pr\u00e9conis\u00e9e et avoir la certitude que je ne fais pas un faux pas en prenant telle ou telle attitude. Je ne pense pas qu&rsquo;il nous ait induit en erreur en essayant de faire accroire \u00e0 telle possibilit\u00e9 illusoire. Cro\u00eet-t-il r\u00e9ellement que les choses puissent r\u00e9ussir de la fa\u00e7on qu&rsquo;il entrevoit ? Ou bien est-ce reculer pour mieux sauter ? Si tu le vois, t\u00e2che de percer \u00e0 fond sa pens\u00e9e sur ce point.<\/p>\n<p style=\"text-align: justify;\">Je t&#8217;embrasse dans toute la place qui me reste jusqu&rsquo;au bout de la page, r\u00e9servant une grande partie de l&rsquo;affection ci-dessous pour le jeune, brillant, imp\u00e9tueux, bavard, florissant Fr\u00e9d\u00e9ric qui fait l&rsquo;admiration de sa m\u00e8re, de sa tante, de ses deux grand-m\u00e8res, de tout le quartier et du monde entier. A celui-l\u00e0 soient les honneurs du jour, les promesses de demain, les b\u00e9n\u00e9dictions et les souhaits. il m\u00e9rite un monde \u00e0 sa taille, c&rsquo;est \u00e0 dire beau comme l&rsquo;Amour, un monde o\u00f9 les hommes n&rsquo;auront entre eux aucune discussion. Chacun sait que le probl\u00e8me de la fraternit\u00e9 humaine est le plus simple du monde \u00e0 r\u00e9soudre, dans l&rsquo;\u00e9tat actuel des mentalit\u00e9s. N&rsquo;en disons pas de mal. On pourrait nous prendre pour des misanthropes et cela n\u2019est pas \u2014loin de l\u00e0.<\/p>\n<p style=\"text-align: justify;\">Mes bons baisers petite fille et d\u00e9verse sur le petit des torrents d&rsquo;affection.<\/p>\n<p>J<\/p>\n<p>&nbsp;<\/p>\n","protected":false},"excerpt":{"rendered":"<p>\u00a0 Dimanche 22 juillet 1945 Ma ch\u00e8re petite fille, Je t&rsquo;\u00e9cris dimanche car demain je vais, sans nul doute, passer la journ\u00e9e au lieu-dit \u00ab la Sourici\u00e8re \u00bb pour t\u00e9moigner au Palais dans le proc\u00e8s que tu sais. Voil\u00e0 d\u00e9j\u00e0 &hellip; <a href=\"https:\/\/monperejeanmamy.fr\/?page_id=1400\">Continuer la lecture <span class=\"meta-nav\">&rarr;<\/span><\/a><\/p>\n","protected":false},"author":2,"featured_media":11,"parent":0,"menu_order":0,"comment_status":"closed","ping_status":"closed","template":"","meta":[],"folder":[],"_links":{"self":[{"href":"https:\/\/monperejeanmamy.fr\/index.php?rest_route=\/wp\/v2\/pages\/1400"}],"collection":[{"href":"https:\/\/monperejeanmamy.fr\/index.php?rest_route=\/wp\/v2\/pages"}],"about":[{"href":"https:\/\/monperejeanmamy.fr\/index.php?rest_route=\/wp\/v2\/types\/page"}],"author":[{"embeddable":true,"href":"https:\/\/monperejeanmamy.fr\/index.php?rest_route=\/wp\/v2\/users\/2"}],"replies":[{"embeddable":true,"href":"https:\/\/monperejeanmamy.fr\/index.php?rest_route=%2Fwp%2Fv2%2Fcomments&post=1400"}],"version-history":[{"count":8,"href":"https:\/\/monperejeanmamy.fr\/index.php?rest_route=\/wp\/v2\/pages\/1400\/revisions"}],"predecessor-version":[{"id":3208,"href":"https:\/\/monperejeanmamy.fr\/index.php?rest_route=\/wp\/v2\/pages\/1400\/revisions\/3208"}],"wp:featuredmedia":[{"embeddable":true,"href":"https:\/\/monperejeanmamy.fr\/index.php?rest_route=\/wp\/v2\/media\/11"}],"wp:attachment":[{"href":"https:\/\/monperejeanmamy.fr\/index.php?rest_route=%2Fwp%2Fv2%2Fmedia&parent=1400"}],"wp:term":[{"taxonomy":"folder","embeddable":true,"href":"https:\/\/monperejeanmamy.fr\/index.php?rest_route=%2Fwp%2Fv2%2Ffolder&post=1400"}],"curies":[{"name":"wp","href":"https:\/\/api.w.org\/{rel}","templated":true}]}}