{"id":1402,"date":"2021-03-12T17:09:12","date_gmt":"2021-03-12T16:09:12","guid":{"rendered":"http:\/\/monperejeanmamy.fr\/?page_id=1402"},"modified":"2021-04-05T10:54:22","modified_gmt":"2021-04-05T08:54:22","slug":"jm-a-jr-45-07-08","status":"publish","type":"page","link":"https:\/\/monperejeanmamy.fr\/?page_id=1402","title":{"rendered":"JM \u00e0 JR (Fresnes 45\/07\/08)"},"content":{"rendered":"<p><strong>\u00a0<\/strong><a href=\"http:\/\/monperejeanmamy.fr\/?page_id=1404\"><img loading=\"lazy\" class=\"wp-image-1352 alignleft\" src=\"http:\/\/monperejeanmamy.fr\/wp-content\/uploads\/2021\/03\/Lettre-precedente.jpg\" alt=\"\" width=\"143\" height=\"78\" \/><\/a><a href=\"http:\/\/monperejeanmamy.fr\/?page_id=1400\"><img loading=\"lazy\" class=\"alignright wp-image-1353\" src=\"http:\/\/monperejeanmamy.fr\/wp-content\/uploads\/2021\/03\/Lettre-suivante.jpg\" alt=\"\" width=\"139\" height=\"76\" \/><\/a><\/p>\n<p style=\"text-align: center;\"><strong>Dimanche 8 juillet 1945<\/strong><\/p>\n<p style=\"text-align: center;\">Ma ch\u00e8re petite fille,<\/p>\n<p style=\"text-align: justify;\">Je t&rsquo;\u00e9cris d\u00e9j\u00e0 dimanche, car demain je suis extrait (appel des t\u00e9moins) pour t\u00e9moigner au palais un de ces jours prochains dans le proc\u00e8s de la Gestapo georgienne. J&rsquo;esp\u00e8re ne pas \u00eatre longtemps emb\u00eat\u00e9 dans cette histoire o\u00f9 j&rsquo;ai \u00e0 donner un t\u00e9moignage \u00e0 d\u00e9charge pour un treizi\u00e8me sous-fifre. Mais ce sont n\u00e9anmoins des sorties \u00e0 6 heures du matin, des journ\u00e9es fatigantes ; j&rsquo;aimerais beaucoup mieux qu&rsquo;on me laisse \u00e0 ma table, en face de mon papier blanc, que je noircis \u00e0 plaisir.<\/p>\n<p style=\"text-align: justify;\">Je pense te voir vendredi. Merci pour le <em>Tout en Un<\/em>. Indispensable. Merveilleux. Petite encyclop\u00e9die ambulante. Il faudra un jour, si je suis riche, que je me fasse imprimer pour moi <u>un<\/u> livre sur papier r\u00e9duit, tr\u00e8s fin, en petit corps, contenant tout ce que je dois lire et qui m&rsquo;est utile. Se balader dans la vie avec un seul livre ! J&rsquo;ai d\u00e9j\u00e0 choisi un certain nombre d&rsquo;auteurs \u00e0 grouper. Il est absolument idiot, pour conna\u00eetre et r\u00e9apprendre quelques textes, de promener derri\u00e8re soi des centaines de kgs de documents. La po\u00e9sie fran\u00e7aise en un seul livre !! 1500 pages sur papier bible en corps 5. La <em>Bible<\/em>, les <em>V\u00e9das <a href=\"#_ftn1\" name=\"_ftnref1\"><strong>[1]<\/strong><\/a><\/em>, le <em>Koran<\/em>, la <em>Somme <a href=\"#_ftn2\" name=\"_ftnref2\"><strong>[2]<\/strong><\/a><\/em> de St Thomas, les <em>\u00c9vangiles apocryphes<\/em> en un seul livre !! Anatole France en un seul livre. Balzac en 1 bouquin de 1500 pages ! \u00e0 lire \u00e0 la loupe. Tout est possible. Ainsi on pourra vivre sous la tente, loin des villes avec une cantine, un r\u00e9chaud \u00e0 papier, une assiette d&rsquo;aluminium, l&rsquo;indispensable couteau suisse du trappeur civilis\u00e9, et sa biblioth\u00e8que dans un mouchoir.<\/p>\n<p style=\"text-align: justify;\">Je r\u00eave d&rsquo;une existence nomade. J&rsquo;ai envie de me rouler dans les c\u00f4nes de pin et de p\u00eacher la truite. Vivement la for\u00eat, o\u00f9 qu&rsquo;elle soit, et la plus \u00e9loign\u00e9e, la canadienne ou celle de la Cordill\u00e8re des Andes. Tr\u00e8s int\u00e9ressant. Je viens de relire des documents sur les m\u0153urs des volcans. Ce sont des personnages aux m\u0153urs violentes mais qui ont certains avantages. Eau chaude \u00e0 volont\u00e9, bains de vapeur. Enfin, il y a dans le monde des tas de coins \u00e9patants o\u00f9 le salp\u00eatre ne mange pas les murs.<\/p>\n<p style=\"text-align: justify;\">Pour l&rsquo;instant il s&rsquo;agit encore de comprimer \u00e0 l&rsquo;int\u00e9rieur de notre patience les\u00a0 bouillonnements de notre vitalit\u00e9. Si elle est disciplin\u00e9e, elle peut \u00eatre fructueuse et servir \u00e0 de grandes causes nationales (hum !) \u00e0 condition qu&rsquo;il y ait quelque part dans le monde un gouvernement qui s&rsquo;int\u00e9resse \u00e0 autre chose qu&rsquo;\u00e0 sa propre p\u00e9rennit\u00e9. Sinon, cette vitalit\u00e9 s&rsquo;exprimera autrement. Nous affr\u00e8terons un bateau de cinq m\u00e8tres cinquante et nous irons p\u00eacher la sardine du c\u00f4t\u00e9 de Montevideo.<\/p>\n<p style=\"text-align: justify;\">Je ne vois pas venir le toubib promis. Il est vrai que j&rsquo;ai le temps. mais tout cela me semble \u00e9tonnant, du point de vue de Sirius. Comme disais Verlaine:<\/p>\n<blockquote>\n<p style=\"text-align: justify;\">\u00a0\u00a0\u00a0\u00a0\u00a0\u00a0\u00a0\u00a0\u00a0\u00a0\u00a0\u00a0\u00a0 Dans ce monde o\u00f9 les plus fous<br \/>\nSont les plus sages de tous<br \/>\nLa sagesse la meilleures<br \/>\nEst encore d&rsquo;oublier l&rsquo;heure.<\/p>\n<\/blockquote>\n<p style=\"text-align: justify;\">C&rsquo;\u00e9tait un gars, notre Verlaine, et qui savait m\u00e9priser son bourgeois comme il courrait. A propos, Pour la \u00ab\u00a0<em>Hi\u00e9rarchie socialiste<\/em>\u00a0\u00bb tu peux, si ce n&rsquo;est pas commenc\u00e9, observer le texte exact. garde le mot monarchie dans le titre. J&rsquo;ai r\u00e9fl\u00e9chi l\u00e0-dessus. Mais ne retapes pas les pages commenc\u00e9es. On corrigera \u00e0 la main. C&rsquo;est un truc \u00e0 retravailler et ce que tu me donneras servira de brouillon.<\/p>\n<p style=\"text-align: justify;\">Pour les deux trucs que tu as en plus, tu peux commencer les vers. Pour l&rsquo;autre, lis-le, \u00e7a t&rsquo;amusera. Il verra le jour certainement. Je m&rsquo;y emploierai.<\/p>\n<p style=\"text-align: justify;\">Aujourd&rsquo;hui j&rsquo;ai 43 ans. J&rsquo;ai r\u00e9fl\u00e9chi \u00e0 ceci, c&rsquo;est que l&rsquo;essentiel de ma vie commencera peut-\u00eatre vers 65 ou 68 ans, quand dans vingt ans apr\u00e8s la prochaine guerre, qui sera un d\u00e9cha\u00eenement \u00e9pouvantable de bolch\u00e9visme sur l&rsquo;Europe et le monde, il faudra retrouver ceux qui ont pr\u00e9vu d&rsquo;avance, et qui ont pr\u00e9par\u00e9 les solutions. En attendant, nous vivrons dans un monde qui nous condamnera, haussera les \u00e9paules et nous traitera de fous. On t\u00e2chera d&rsquo;\u00e9viter les coups, mais c&rsquo;est tout. On n&rsquo;\u00e9vitera pas l&rsquo;impopularit\u00e9. Encore 25 ans \u00e0 attendre pour \u00eatre compris.<\/p>\n<p style=\"text-align: justify;\">Gaies perspectives ? La vie est comme elle est. Chacun son destin. Pourvu que le gosse soit beau et que ses dents poussent, tu te fo&#8230;s de tout \u00e7a et tu as bien raison. Il n&rsquo;y a rien de plus beau qu&rsquo;un enfant, sinon sa maman qui le regarde \u00e9merveill\u00e9e et qui l&rsquo;aide \u00e0 marcher. Mais naturellement, tu as fait le plus beau chef d\u2019\u0153uvre du monde et cet enfant est le ph\u00e9nix des ph\u00e9nix. Et c&rsquo;est vrai.<\/p>\n<p style=\"text-align: justify;\">Je t&#8217;embrasse parce que tu es trop gentille, qu&rsquo;il fait beau et que je suis de bonne humeur, que la vie me semble int\u00e9ressante et aussi que j&rsquo;en ai envie. Toutefois, pour ne pas trop me heurter aux murs qui m&rsquo;entourent, je me contente d&rsquo;amortir en douceur le choc de mes passions tendres. R\u00e9fugions nous dans nos spiritualit\u00e9s monacales.<\/p>\n<p style=\"text-align: justify;\">A vendredi donc. apporte moi des victuailles sous le volume le plus r\u00e9duit possible. dis \u00e0 ma m\u00e8re qui est charmante qu&rsquo;elle ne laisse pas pourrir son lard dans ses placards, car cela ne sert \u00e0 rien de conserver des choses immangeables, et dis-lui que je lui \u00e9crirais un de ces prochains lundis, mais pour l&rsquo;instant, je pr\u00e9f\u00e8re r\u00e9server mes missives \u00e0 d&rsquo;autres personnes. Qu&rsquo;elle ne m&rsquo;en veuille donc pas.<\/p>\n<p style=\"text-align: justify;\">Avec mes bonnes tendresses pour toi.<\/p>\n<p style=\"text-align: justify;\">J<\/p>\n<p style=\"text-align: justify;\"><a href=\"#_ftnref1\" name=\"_ftn1\">[1]<\/a> <em>Les Vedas<\/em> (en sanscrit\u00a0: connaissance), sont un ensemble de textes de la religion indo-aryenne, issus de la shruti, \u00e0 l&rsquo;origine du v\u00e9disme, religion m\u00e8re de l\u2019hindouisme (note de FGR)<br \/>\n<a href=\"#_ftnref2\" name=\"_ftn2\">[2]<\/a> <em>Somme Contre les Gentils<\/em> ou <em>Livre sur la v\u00e9rit\u00e9 de la foi catholique contre les erreurs des infid\u00e8les<\/em> est un trait\u00e9 th\u00e9ologique et philosophique de Thomas d\u2019Aquin. (note de FGR)<\/p>\n<p>&nbsp;<\/p>\n","protected":false},"excerpt":{"rendered":"<p>\u00a0 Dimanche 8 juillet 1945 Ma ch\u00e8re petite fille, Je t&rsquo;\u00e9cris d\u00e9j\u00e0 dimanche, car demain je suis extrait (appel des t\u00e9moins) pour t\u00e9moigner au palais un de ces jours prochains dans le proc\u00e8s de la Gestapo georgienne. J&rsquo;esp\u00e8re ne pas &hellip; <a href=\"https:\/\/monperejeanmamy.fr\/?page_id=1402\">Continuer la lecture <span class=\"meta-nav\">&rarr;<\/span><\/a><\/p>\n","protected":false},"author":2,"featured_media":11,"parent":0,"menu_order":0,"comment_status":"closed","ping_status":"closed","template":"","meta":[],"folder":[],"_links":{"self":[{"href":"https:\/\/monperejeanmamy.fr\/index.php?rest_route=\/wp\/v2\/pages\/1402"}],"collection":[{"href":"https:\/\/monperejeanmamy.fr\/index.php?rest_route=\/wp\/v2\/pages"}],"about":[{"href":"https:\/\/monperejeanmamy.fr\/index.php?rest_route=\/wp\/v2\/types\/page"}],"author":[{"embeddable":true,"href":"https:\/\/monperejeanmamy.fr\/index.php?rest_route=\/wp\/v2\/users\/2"}],"replies":[{"embeddable":true,"href":"https:\/\/monperejeanmamy.fr\/index.php?rest_route=%2Fwp%2Fv2%2Fcomments&post=1402"}],"version-history":[{"count":5,"href":"https:\/\/monperejeanmamy.fr\/index.php?rest_route=\/wp\/v2\/pages\/1402\/revisions"}],"predecessor-version":[{"id":1854,"href":"https:\/\/monperejeanmamy.fr\/index.php?rest_route=\/wp\/v2\/pages\/1402\/revisions\/1854"}],"wp:featuredmedia":[{"embeddable":true,"href":"https:\/\/monperejeanmamy.fr\/index.php?rest_route=\/wp\/v2\/media\/11"}],"wp:attachment":[{"href":"https:\/\/monperejeanmamy.fr\/index.php?rest_route=%2Fwp%2Fv2%2Fmedia&parent=1402"}],"wp:term":[{"taxonomy":"folder","embeddable":true,"href":"https:\/\/monperejeanmamy.fr\/index.php?rest_route=%2Fwp%2Fv2%2Ffolder&post=1402"}],"curies":[{"name":"wp","href":"https:\/\/api.w.org\/{rel}","templated":true}]}}