{"id":1404,"date":"2021-03-12T17:10:13","date_gmt":"2021-03-12T16:10:13","guid":{"rendered":"http:\/\/monperejeanmamy.fr\/?page_id=1404"},"modified":"2021-04-05T10:27:57","modified_gmt":"2021-04-05T08:27:57","slug":"jm-a-jr-fresnes-45-07-02","status":"publish","type":"page","link":"https:\/\/monperejeanmamy.fr\/?page_id=1404","title":{"rendered":"JM \u00e0 JR (Fresnes 45\/07\/02)"},"content":{"rendered":"<p><strong>\u00a0<\/strong><a href=\"http:\/\/monperejeanmamy.fr\/?page_id=1406\"><img loading=\"lazy\" class=\"wp-image-1352 alignleft\" src=\"http:\/\/monperejeanmamy.fr\/wp-content\/uploads\/2021\/03\/Lettre-precedente.jpg\" alt=\"\" width=\"143\" height=\"78\" \/><\/a><a href=\"http:\/\/monperejeanmamy.fr\/?page_id=1402\"><img loading=\"lazy\" class=\"alignright wp-image-1353\" src=\"http:\/\/monperejeanmamy.fr\/wp-content\/uploads\/2021\/03\/Lettre-suivante.jpg\" alt=\"\" width=\"139\" height=\"76\" \/><\/a><\/p>\n<p style=\"text-align: center;\"><strong>Lundi 2 juillet 1945<\/strong><\/p>\n<p style=\"text-align: center;\">Ma ch\u00e8re petite fille,<\/p>\n<p style=\"text-align: justify;\">Je re\u00e7ois ta lettre \u00e0 l&rsquo;instant qui m&rsquo;annonce tant de bonnes choses. D&rsquo;abord les amiti\u00e9s, les affections, les tendresses, tout ce qui n&rsquo;est pas n\u00e9gligeable, bien au contraire puisque toute la vie est b\u00e2tie sur ces principes puissants d&rsquo;o\u00f9 d\u00e9coulent tous les autres.<\/p>\n<p style=\"text-align: justify;\">Et il est certain que je dois me f\u00e9liciter tous les jours, en regardant certaine photo o\u00f9 s&rsquo;\u00e9talent deux yeux vifs, un sourire convaincant, sous des boucles blondes piqu\u00e9es d&rsquo;un ruban, de poss\u00e9der gr\u00e2ce \u00e0 je ne sais quel malheureux charme dont je ne suis gu\u00e8re responsable, mais dont je remercie le ciel, les faveurs amicales, affectueuses, amoureuses, d&rsquo;une dame si sp\u00e9cialement d\u00e9vou\u00e9e \u00e0 mon bonheur et \u00e0 mes int\u00e9r\u00eats.<\/p>\n<p style=\"text-align: justify;\">Sur ce, les embrassades \u00e9tant effectu\u00e9es et ne pouvant se prolonger car ce papier blanc en rougirait de honte, bien que l&rsquo;int\u00e9ress\u00e9e en rosisse de plaisir, il convient de prendre le ton grave et voulu et de d\u00e9clamer des choses paternelles, bien que nous n&rsquo;en n&rsquo;ayons point envie. Ce n&rsquo;est pas parce que la gaudriole nous travaille. Non, nous sommes de ces gens raisonnables et raisonneurs qui, dans la n\u00e9cessit\u00e9 o\u00f9 ils sont de vivre dans l&rsquo;abstraction, savent en tirer profit et utilisent le temps pr\u00e9cieux qu&rsquo;on veut bien leur laisser dans leur calme cellule pour m\u00e9diter, \u00e9lever leur esprit au dessus des contingences, ne pas souhaiter d\u00e9raisonnablement l&rsquo;impossible et apprendre humblement cette magnifique et prime vertu : la patience.<\/p>\n<p style=\"text-align: justify;\">Car comme dit le proverbe \u00ab\u00a0<em>plus fait patience que force ni que rage<\/em>\u00a0\u00bb. Nous devons donc acqu\u00e9rir cette superbe impassibilit\u00e9 du p\u00eacheur \u00e0 la ligne, surveillant en nous le bouchon de la libert\u00e9, et d\u00e8s que nous verrons les fr\u00e9tillements politiques qui indiqueront que le poisson de la d\u00e9livrance a mordu, nous ferrerons d&rsquo;un bras ferme et t\u00e2cherons de nous payer une petite friture.<\/p>\n<p style=\"text-align: justify;\">En attendant, on la saute un peu. Les colis de 3 kg ne p\u00e8sent pas davantage, et le dimanche et le lundi matin sont particuli\u00e8rement longs.<\/p>\n<p style=\"text-align: justify;\">Puisque nous en sommes au chapitre comestible, veux-tu bien dire \u00e0 ma m\u00e8re :<\/p>\n<ol>\n<li style=\"text-align: justify;\">que je ne lui \u00e9cris pas cette semaine puisque c&rsquo;est \u00e0 toi que je r\u00e9serve ma lettre ; qu&rsquo;elle ne soit pas jalouse et ne m&rsquo;en veuille pas ; elle en est bien capable la sainte et brave femme ; veux-tu bien \u00e9galement l&#8217;embrasser affectueusement pour moi et la prier de croire que mon moral est excellent et que je pense \u00e0 elle tous les jours que Dieu fait ;<\/li>\n<li style=\"text-align: justify;\">qu&rsquo;elle veille bien ne pas mettre de fruits qui p\u00e8sent lourd, de fromages blancs (id), mais au contraire : farines, biscuits, g\u00e2teaux, viandes <u>fum\u00e9es<\/u> (si possible), bref, tout va tr\u00e8s bien, sauf que vous devez remplacer le poids par l&rsquo;abondance ; et surtout pas de marchandises p\u00e9rissables, dans les limites de ce que vous trouvez, comme de bien entendu&#8230; si possible un peu de caf\u00e9 moulu (125g).<\/li>\n<\/ol>\n<p style=\"text-align: justify;\">Merci d&rsquo;avance pour papier, savon et bataclan que je trouverai sans doute tout \u00e0 l&rsquo;heure. Fais les plus grands efforts pour me procurer le <em>Tout en un<\/em>. Je pense qu&rsquo;en cherchant un peu. Vois mon ami Courtolle, libraire, Place Paul Painlev\u00e9 (Chez Chalozot). Dis-lui que tu es ma secr\u00e9taire et demande lui de te trouver le bouquin. \u00c9galement chez Vrin (place de la Sorbonne), chez Nizet et Bartard (id). (ne pas parler de moi \u00e0 ces gens l\u00e0, sauf \u00e0 Courtolle. Horrible! Nous sommes de grands adversaires politiques, mais pour ce que j&rsquo;en fais!) et Gibert naturellement. C&rsquo;est le principal.<\/p>\n<p style=\"text-align: justify;\">Merci pour les bonnes nouvelles venant de tes amis. Mais il y a une chose que je ne comprends pas encore. Est-ce qu&rsquo;il faut que j&rsquo;y mette beaucoup du mien, ou bien la chose est-elle un peu pr\u00e9par\u00e9e d&rsquo;avance ? Question indiscr\u00e8te, que tu n&rsquo;iras pas poser, mais peut-\u00eatre as-tu une impression l\u00e0-dessus. Je crois \u00e9galement que les choses vont s&rsquo;arranger tr\u00e8s bient\u00f4t et que le plus dur est pass\u00e9 maintenant. Ce qui me pr\u00e9occupe, c&rsquo;est l&rsquo;attitude professionnelle des gens quand nous rentrerons dans la vie. Est-ce qu&rsquo;il faudra foutre le camp \u00e0 l&rsquo;\u00e9tranger ou bien peut-on esp\u00e9rer retrouver sa place et sa libert\u00e9 de travailler ? Pour l&rsquo;instant les choses sont encore trop troubles pour qu&rsquo;on puisse en d\u00e9cider. Mais il faudra voir clair. Tout cela ne m&#8217;emp\u00eache pas de travailler ici d&rsquo;arrache-pied, sans me pr\u00e9occuper de quoi que ce soit.<\/p>\n<p style=\"text-align: justify;\">La <em>hi\u00e9rarchie socialiste<\/em> est un bouquin que je remanierai \u00e0 ma sortie et qui, pr\u00e9sent\u00e9 habilement, pourra plaire. Actuellement il est encore trop brut, mais il faut le taper pour que je puisse corriger sur le manuscrit dactylographi\u00e9.<\/p>\n<p style=\"text-align: justify;\">J&rsquo;aurai encore infiniment de choses \u00e0 te dire, et il se pourrait que nous prenions l&rsquo;habitude de commencer un roman \u00e9pistolaire, une sorte de journal parl\u00e9 o\u00f9 les heures seraient inscrites les unes apr\u00e8s les autres avec toutes leurs nuances et leurs distinctions les plus d\u00e9licates. Je vois fort bien Jeannette me dire:<\/p>\n<ul>\n<li style=\"text-align: justify;\"><u>3 heures<\/u> : la tache du soleil a atteint la 3<sup>\u00e8me<\/sup>\u00a0 branche du platane en face de ma fen\u00eatre ;<\/li>\n<li style=\"text-align: justify;\"><u>5 heures<\/u>\u00a0: le th\u00e9 bout ;<\/li>\n<li style=\"text-align: justify;\"><u>5h10<\/u>\u00a0: le robinet de la cuisine n&rsquo;est pas ferm\u00e9 tout \u00e0 fait; la dent du devant de Fr\u00e9d\u00e9ric a des reflets roses ;<\/li>\n<li style=\"text-align: justify;\"><u>5h30<\/u> : mon fils a dit trois fois maman et il s&rsquo;est tenu debout tout seul ;<\/li>\n<li style=\"text-align: justify;\"><u>6h<\/u> : les poils du tapis sont d\u00e9fris\u00e9s ; l&rsquo;enfant dort.<\/li>\n<\/ul>\n<p style=\"text-align: justify;\">De m\u00eame de mon c\u00f4t\u00e9 je t&rsquo;\u00e9crirai le menu de la journ\u00e9e, avec les impressions quelque peu brutales. Matin : nous avons lav\u00e9 la cellule \u00e0 grande eau, caf\u00e9 sans sucre, morceau de pain avec mon dernier fromage, puis j&rsquo;ai pondu quatre strophe apr\u00e8s avoir termin\u00e9 une ballade (ballade en vers, 3 strophes et un envoi) ; onze heures : soupe avec quelques menus choux et menues carottes dans un peu d&rsquo;eau ti\u00e8de, le tout assaisonn\u00e9 d&rsquo;un d\u00e9licieux quatrain ; apr\u00e8s d\u00e9jeuner je continue le po\u00e8me quand, oh bonheur supr\u00eame, la porte s&rsquo;ouvre pour nous distribuer du saucisson ; imm\u00e9diatement tartine ; puis lettre. En plus, je puis ajouter que depuis hier soir j&rsquo;ai lu deux livres d&rsquo;environ 200 pages chacun. Tout \u00e0 l&rsquo;heure, j&rsquo;irai chercher mon colis qui me calera un peu les joues, je travaillerai \u00e0 ma pi\u00e8ce apr\u00e8s avoir continu\u00e9 le po\u00e8me en question. Voil\u00e0 la vie, avec tout ce qu&rsquo;elle peut comporter de comportements autres qui ne peuvent s&rsquo;expliquer ici et demanderaient un volume pour les d\u00e9crire (qui est \u00e9crit). Affectueusement. Mon baiser respectueux sur les doigts de pied de l&rsquo;amour, et sur son front, et pour la m\u00e8re un bon baisers de moine avec sa b\u00e9n\u00e9diction.<\/p>\n<p style=\"text-align: justify;\">J<\/p>\n<p style=\"text-align: justify;\">PS. Pour Floriot, est-il dans les habitudes qu&rsquo;on r\u00e8gle son avocat avant la fin du proc\u00e8s, ou estime-t-il que sa t\u00e2che est termin\u00e9e ? J&rsquo;ai d\u00e9j\u00e0 donn\u00e9 des ordres dans ce sens, mais c&rsquo;est pour savoir. Veux-tu aviser ma m\u00e8re que je suis cit\u00e9 comme t\u00e9moin \u00e0 d\u00e9charge au proc\u00e8s dit de \u00ab Gestapo georgienne \u00bb \u00e0 partir du 9 juillet. Emb\u00eatant. Publicit\u00e9. Enfin ! On t\u00e2chera de s&rsquo;en tirer. J&rsquo;\u00e9cris \u00e0 Floriot \u00e0 ce sujet, mais pr\u00e9viens ma m\u00e8re. Elle sait ce qu&rsquo;il faut faire.<\/p>\n<p>&nbsp;<\/p>\n","protected":false},"excerpt":{"rendered":"<p>\u00a0 Lundi 2 juillet 1945 Ma ch\u00e8re petite fille, Je re\u00e7ois ta lettre \u00e0 l&rsquo;instant qui m&rsquo;annonce tant de bonnes choses. D&rsquo;abord les amiti\u00e9s, les affections, les tendresses, tout ce qui n&rsquo;est pas n\u00e9gligeable, bien au contraire puisque toute la &hellip; <a href=\"https:\/\/monperejeanmamy.fr\/?page_id=1404\">Continuer la lecture <span class=\"meta-nav\">&rarr;<\/span><\/a><\/p>\n","protected":false},"author":2,"featured_media":11,"parent":0,"menu_order":0,"comment_status":"closed","ping_status":"closed","template":"","meta":[],"folder":[],"_links":{"self":[{"href":"https:\/\/monperejeanmamy.fr\/index.php?rest_route=\/wp\/v2\/pages\/1404"}],"collection":[{"href":"https:\/\/monperejeanmamy.fr\/index.php?rest_route=\/wp\/v2\/pages"}],"about":[{"href":"https:\/\/monperejeanmamy.fr\/index.php?rest_route=\/wp\/v2\/types\/page"}],"author":[{"embeddable":true,"href":"https:\/\/monperejeanmamy.fr\/index.php?rest_route=\/wp\/v2\/users\/2"}],"replies":[{"embeddable":true,"href":"https:\/\/monperejeanmamy.fr\/index.php?rest_route=%2Fwp%2Fv2%2Fcomments&post=1404"}],"version-history":[{"count":3,"href":"https:\/\/monperejeanmamy.fr\/index.php?rest_route=\/wp\/v2\/pages\/1404\/revisions"}],"predecessor-version":[{"id":1848,"href":"https:\/\/monperejeanmamy.fr\/index.php?rest_route=\/wp\/v2\/pages\/1404\/revisions\/1848"}],"wp:featuredmedia":[{"embeddable":true,"href":"https:\/\/monperejeanmamy.fr\/index.php?rest_route=\/wp\/v2\/media\/11"}],"wp:attachment":[{"href":"https:\/\/monperejeanmamy.fr\/index.php?rest_route=%2Fwp%2Fv2%2Fmedia&parent=1404"}],"wp:term":[{"taxonomy":"folder","embeddable":true,"href":"https:\/\/monperejeanmamy.fr\/index.php?rest_route=%2Fwp%2Fv2%2Ffolder&post=1404"}],"curies":[{"name":"wp","href":"https:\/\/api.w.org\/{rel}","templated":true}]}}