{"id":1406,"date":"2021-03-12T17:12:12","date_gmt":"2021-03-12T16:12:12","guid":{"rendered":"http:\/\/monperejeanmamy.fr\/?page_id=1406"},"modified":"2021-04-05T10:14:25","modified_gmt":"2021-04-05T08:14:25","slug":"jm-a-jr-fresnes-45-06-25","status":"publish","type":"page","link":"https:\/\/monperejeanmamy.fr\/?page_id=1406","title":{"rendered":"JM \u00e0 JR (Fresnes 45\/06\/25)"},"content":{"rendered":"<p><strong>\u00a0<\/strong><a href=\"http:\/\/monperejeanmamy.fr\/?page_id=1408\"><img loading=\"lazy\" class=\"wp-image-1352 alignleft\" src=\"http:\/\/monperejeanmamy.fr\/wp-content\/uploads\/2021\/03\/Lettre-precedente.jpg\" alt=\"\" width=\"143\" height=\"78\" \/><\/a><a href=\"http:\/\/monperejeanmamy.fr\/?page_id=1404\"><img loading=\"lazy\" class=\"alignright wp-image-1353\" src=\"http:\/\/monperejeanmamy.fr\/wp-content\/uploads\/2021\/03\/Lettre-suivante.jpg\" alt=\"\" width=\"139\" height=\"76\" \/><\/a><\/p>\n<p style=\"text-align: center;\"><strong>Lundi 25 juin 1945<\/strong><\/p>\n<p style=\"text-align: center;\">Ma petite fille ch\u00e9rie,<\/p>\n<p style=\"text-align: justify;\">Je re\u00e7ois \u00e0 l&rsquo;instant cette lettre un peu tourment\u00e9e de vendredi o\u00f9 le caprice alterne avec la joie, l&rsquo;amour, la passion, la jalousie, le d\u00e9pit, l&rsquo;impatience et toutes sortes de volupt\u00e9s bourgeoises. Comme je reconnais bien l\u00e0 Jeannette avec ses imp\u00e9tuosit\u00e9s enfantines. Mais maintenant que nous autres nous portons la barbe des grands pr\u00eatres et que, du fait de notre condition pr\u00e9sente nous avons acquis autorit\u00e9 et sagesse, nous sommes autoris\u00e9s \u00e0 calmer d&rsquo;une main patiente les effervescences amoureuses qui sont bien oblig\u00e9es d&rsquo;attendre pour se manifester que les portes des prisons s&rsquo;ouvrent pour laisser \u00e9chapper les Adonis et les Don Quichotte, les J\u00e9sus et les Barrabas de ces dames.<\/p>\n<p style=\"text-align: justify;\"><img loading=\"lazy\" class=\"alignright  wp-image-1843\" src=\"http:\/\/monperejeanmamy.fr\/wp-content\/uploads\/2021\/04\/JR-19450511b-215x300.jpg\" alt=\"\" width=\"175\" height=\"241\" \/>Parlons de choses s\u00e9rieuses. Ta photo est ravissante. Je l&rsquo;ai clou\u00e9e \u00e0 mon buffet. C&rsquo;est \u00e0 dire \u00e0 la double planche qui supporte les quelques bo\u00eetes en carton contenant ma fortune alimentaire. Dans le coin j&rsquo;y ai coll\u00e9, \u00e0 l&rsquo;aide d&rsquo;une p\u00e2te de farine artistement d\u00e9lay\u00e9e un portrait de poupon dans son berceau et souventes fois dans la journ\u00e9e j&rsquo;ai le plaisir de savourer le sourire de la m\u00e8re et le regard \u00e9tonn\u00e9 de son fils. Lumi\u00e8re dans les cheveux f\u00e9minins; plis souples de l&rsquo;\u00e9toffe soyeuse du berceau, nous voil\u00e0 loin de la cellule humide o\u00f9 le salp\u00eatre boursoufle les murs couverts de graffitis lointains ou r\u00e9cents.<\/p>\n<p style=\"text-align: justify;\">Tu me reproches de vouloir \u00eatre moine en sortant. C&rsquo;est qu&rsquo;en prison on prend de mauvaises habitudes de c\u00e9nobite. Rien ne servirait de mordre les barreaux ou de se cogner le front contre la por<img loading=\"lazy\" class=\"alignleft  wp-image-1842\" src=\"http:\/\/monperejeanmamy.fr\/wp-content\/uploads\/2021\/04\/FGR19450114e-194x300.jpg\" alt=\"\" width=\"172\" height=\"261\" \/>te. Cela supposerait un caract\u00e8re faible qui n&rsquo;a pas trouv\u00e9 sa libert\u00e9 en lui-m\u00eame, incapable de supporter les \u00e9preuves les plus dures. A la fois souple et ferme comme l&rsquo;acier, nous avons tent\u00e9 de d\u00e9montrer notre invincibilit\u00e9 \u00e0 la souffrance, \u00e0 toutes les souffrances dont l&rsquo;ennui, dont l&rsquo;absence, dont l&rsquo;impatience, dont l&rsquo;\u00e9nervement ou l&rsquo;indignation. Nous nous sommes retremp\u00e9s dans cette bonne vie spirituelle peupl\u00e9es d&rsquo;anges, de saints, d&rsquo;anachor\u00e8tes, de proph\u00e8tes et d&rsquo;ermites m\u00e9ditatifs, et nous refaisons pas \u00e0 pas le chemin de Saint Thomas d&rsquo;Aquin, de Saint Fran\u00e7ois et de Catherine de Sienne. \u00c9videmment, les soucis profanes que les gens du dehors, ceux qui se pr\u00e9tendent libres parce qu&rsquo;ils ont le droit de se promener dans la rue d\u00e9mocratique, sont choqu\u00e9s par un tel refus d&rsquo;accorder d\u00e9sormais attention \u00e0 d&rsquo;autres r\u00e9alit\u00e9s que la contemplation int\u00e9rieure. Mais cela est ainsi pour l&rsquo;instant et j&rsquo;avoue que mes r\u00eaves t\u00e2chent de se d\u00e9tourner de visions charmantes mais dangereuses pour la paix de l&rsquo;esprit du prisonnier et de s&rsquo;attacher aux r\u00e9alit\u00e9s substantielles de la s\u00e9r\u00e9nit\u00e9 du Verbe. Ainsi parlait Zarathoustra.<\/p>\n<p style=\"text-align: justify;\">Pourquoi es-tu aussi s\u00fbre de me retrouver bient\u00f4t ? Est-ce mon intuition que tu partages ou bien as-tu d&rsquo;autres nouvelles qui te font supposer des \u00e9v\u00e9nements favorables ? J&rsquo;aimerais savoir ton opinion. Car si c&rsquo;est impression personnelle, ou pronostic g\u00e9n\u00e9ral fond\u00e9 sur l&rsquo;appr\u00e9ciation de personnes comp\u00e9tentes, dont tes amis, tout change. Pour moi, je crois qu&rsquo;avoir subi les plus fortes attaques des arguments qui pr\u00e9tendaient nous condamner \u00e0 d&rsquo;autres cieux, nous pouvons esp\u00e9rer la d\u00e9tente g\u00e9n\u00e9rale et l&rsquo;obligation o\u00f9 est ce pays de retrouver son \u00e9quilibre dans la diversit\u00e9 de ses opinions et le r\u00e9tablissement dans ses droits d&rsquo;une minorit\u00e9 nationaliste active.<\/p>\n<p style=\"text-align: justify;\">J&rsquo;esp\u00e8re te voir jeudi. Si pas possible, le jeudi suivant. L\u00e0 aussi il faut beaucoup de patience. Tout vient \u00e0 point. Je ne vois pas pourquoi tu me rappelles qu&rsquo;un jour ou plusieurs soirs m\u00eame je te mis \u00e0 la porte, \u00e9tant donn\u00e9 que je n&rsquo;ai jamais, par principe, aucun souvenir des erreurs que j&rsquo;ai commises. Seules comptent nos bonnes actions. Ce sont elles qui nous font vivre et qui nous donnent la possibilit\u00e9 de faire oublier les mauvaises qu&rsquo;on veut nous attribuer. Tu ne vas pas te mettre, toi-aussi, \u00e0 me juger. Assez de tribunaux ! Brrr ! Tu es bien trop gentille pour qu&rsquo;on te fasse des reproches et tu sais bien que tout ce que je dis avec le nez pinc\u00e9 et les yeux gros n&rsquo;est pas s\u00e9rieux.<\/p>\n<p style=\"text-align: justify;\">N&rsquo;oublie pas de me mettre dans le prochain colis\u00a0:<\/p>\n<ol style=\"text-align: justify;\">\n<li>du papier perfor\u00e9, 50 feuilles encore, m\u00eame si tu en as mis la derni\u00e8re fois<\/li>\n<li>du savon, car le mien s&rsquo;use terriblement,<\/li>\n<li><u>si tu peux trouver chez Gibert ou sur les quais, sinon l&rsquo;acheter neuf<\/u> (demandes-en le remboursement \u00e0 ma m\u00e8re), un dictionnaire portatif de chez Larousse appel\u00e9 <em>Le tout en un.<\/em> C&rsquo;est le bouquin le plus pratique que je connaisse; \u00e0 la fois dictionnaire, encyclop\u00e9die, recettes pratiques. On ne saurait trop s&rsquo;instruire ici. fais le moi parvenir soit par le colis linge, soit par Floriot.<\/li>\n<\/ol>\n<p style=\"text-align: justify;\">Voil\u00e0. Je t&rsquo;ai \u00e9crit cette lettre au milieu de la journ\u00e9e pour ne pas \u00eatre pris de court et que tu ne me fasses pas le reproche de te priver de 10 lignes. Je ne t&#8217;embrasse pas aussi fort que tu le voudrais pour ne pas g\u00eaner ma sanctification pr\u00e9sente, mais par contre je saurais, sans trouble, d\u00e9verser abondamment une affection g\u00e9n\u00e9reuse, d\u00e9vou\u00e9e et profonde sur une petite maman et son loupiot qui m&rsquo;envoie avec tant de gentillesse des douceurs chocolat\u00e9es que je te prie de l&#8217;embrasser de ma part.<\/p>\n<p style=\"text-align: justify;\">Affectueusement.<\/p>\n<p style=\"text-align: justify;\">J<\/p>\n<p style=\"text-align: justify;\">PS. Je suis seul maintenant dans ma cellule. Mon compagnon m&rsquo;ayant quitt\u00e9. Dommage. Mais je travaille beaucoup mieux, avec plus d&rsquo;assiduit\u00e9.<\/p>\n","protected":false},"excerpt":{"rendered":"<p>\u00a0 Lundi 25 juin 1945 Ma petite fille ch\u00e9rie, Je re\u00e7ois \u00e0 l&rsquo;instant cette lettre un peu tourment\u00e9e de vendredi o\u00f9 le caprice alterne avec la joie, l&rsquo;amour, la passion, la jalousie, le d\u00e9pit, l&rsquo;impatience et toutes sortes de volupt\u00e9s &hellip; <a href=\"https:\/\/monperejeanmamy.fr\/?page_id=1406\">Continuer la lecture <span class=\"meta-nav\">&rarr;<\/span><\/a><\/p>\n","protected":false},"author":2,"featured_media":11,"parent":0,"menu_order":0,"comment_status":"closed","ping_status":"closed","template":"","meta":[],"folder":[],"_links":{"self":[{"href":"https:\/\/monperejeanmamy.fr\/index.php?rest_route=\/wp\/v2\/pages\/1406"}],"collection":[{"href":"https:\/\/monperejeanmamy.fr\/index.php?rest_route=\/wp\/v2\/pages"}],"about":[{"href":"https:\/\/monperejeanmamy.fr\/index.php?rest_route=\/wp\/v2\/types\/page"}],"author":[{"embeddable":true,"href":"https:\/\/monperejeanmamy.fr\/index.php?rest_route=\/wp\/v2\/users\/2"}],"replies":[{"embeddable":true,"href":"https:\/\/monperejeanmamy.fr\/index.php?rest_route=%2Fwp%2Fv2%2Fcomments&post=1406"}],"version-history":[{"count":4,"href":"https:\/\/monperejeanmamy.fr\/index.php?rest_route=\/wp\/v2\/pages\/1406\/revisions"}],"predecessor-version":[{"id":1846,"href":"https:\/\/monperejeanmamy.fr\/index.php?rest_route=\/wp\/v2\/pages\/1406\/revisions\/1846"}],"wp:featuredmedia":[{"embeddable":true,"href":"https:\/\/monperejeanmamy.fr\/index.php?rest_route=\/wp\/v2\/media\/11"}],"wp:attachment":[{"href":"https:\/\/monperejeanmamy.fr\/index.php?rest_route=%2Fwp%2Fv2%2Fmedia&parent=1406"}],"wp:term":[{"taxonomy":"folder","embeddable":true,"href":"https:\/\/monperejeanmamy.fr\/index.php?rest_route=%2Fwp%2Fv2%2Ffolder&post=1406"}],"curies":[{"name":"wp","href":"https:\/\/api.w.org\/{rel}","templated":true}]}}