{"id":1410,"date":"2021-03-12T17:14:24","date_gmt":"2021-03-12T16:14:24","guid":{"rendered":"http:\/\/monperejeanmamy.fr\/?page_id=1410"},"modified":"2021-04-04T17:08:48","modified_gmt":"2021-04-04T15:08:48","slug":"jm-a-jr-fresnes-45-06-15","status":"publish","type":"page","link":"https:\/\/monperejeanmamy.fr\/?page_id=1410","title":{"rendered":"JM \u00e0 JR (Fresnes 45\/06\/15)"},"content":{"rendered":"<p><strong>\u00a0<\/strong><a href=\"http:\/\/monperejeanmamy.fr\/?page_id=1412\"><img loading=\"lazy\" class=\"wp-image-1352 alignleft\" src=\"http:\/\/monperejeanmamy.fr\/wp-content\/uploads\/2021\/03\/Lettre-precedente.jpg\" alt=\"\" width=\"143\" height=\"78\" \/><\/a><a href=\"http:\/\/monperejeanmamy.fr\/?page_id=1408\"><img loading=\"lazy\" class=\"alignright wp-image-1353\" src=\"http:\/\/monperejeanmamy.fr\/wp-content\/uploads\/2021\/03\/Lettre-suivante.jpg\" alt=\"\" width=\"139\" height=\"76\" \/><\/a><\/p>\n<p style=\"text-align: center;\"><strong>Jeudi 15 juin 1945<\/strong><\/p>\n<p style=\"text-align: center;\">Ma Ch\u00e8re petite fille,<\/p>\n<p style=\"text-align: justify;\">Tu \u00e9tais bien jolie hier avec ton chapeau blanc. Et la photo du poupon est ravissante. Il est extraordinairement beau. Il est vrai qu&rsquo;on est toujours port\u00e9 \u00e0 prendre ceux qu&rsquo;on aime pour des ph\u00e9nom\u00e8nes, des g\u00e9nies. Les parents sont toujours aveugles pour les enfants.<\/p>\n<p style=\"text-align: justify;\">Je t&rsquo;\u00e9crirai plus longuement lundi car ce soir j&rsquo;ai du travail sur ma table et puis je n&rsquo;ai pas la t\u00eate \u00e0 \u00e9crire. L&rsquo;interrogatoire d&rsquo;hier me montre qu&rsquo;il n&rsquo;y a plus de temps \u00e0 perdre pour agir. A ce sujet, j&rsquo;aimerais que tu parles imm\u00e9diatement \u00e0 mon avocat de la chose possible. Il serait tr\u00e8s int\u00e9ressant qu&rsquo;on p\u00fbt obtenir ce dont nous avons parl\u00e9. Veux-tu \u00e9galement voir les amis que tu rencontres quelques fois pour savoir si l&rsquo;urgence va pr\u00e9cipiter les choses ou bien si on me laissera le temps de constituer une d\u00e9fense convenable. Car il faut rassembler des \u00e9l\u00e9ments dans tous les coins. Je crois \u00e9galement qu&rsquo;il serait bon apr\u00e8s entente avec Floriot que tu montres \u00e0 la personne dont tu m&rsquo;as parl\u00e9 hier le rapport n\u00b01 pour lui signifier l&rsquo;importance de la chose et pour qu&rsquo;on puisse examiner tout cela avec des yeux objectifs, car tout est dans la mani\u00e8re dont on consid\u00e8re les choses en ces temps o\u00f9 les passions partisanes jouent \u00e0 fond.<\/p>\n<p style=\"text-align: justify;\">Donc vois cela tr\u00e8s vite. T\u00e2ches de venir jeudi prochain avec ma m\u00e8re. Je t&rsquo;en parlerai. Non seulement cela ne la d\u00e9rangera pas, mais cela lui fera plaisir. Et puis je crois qu&rsquo;elle a besoin d&rsquo;\u00eatre r\u00e9confort\u00e9e, et ta pr\u00e9sence affectueuse lui fait le plus grand bien. Elle me l&rsquo;a \u00e9crit. Donc tu peux profiter sans crainte de l&rsquo;invitation qui t&rsquo;est faite.<\/p>\n<p style=\"text-align: justify;\">Pour l&rsquo;ouvrage que j&rsquo;ai confi\u00e9 \u00e0 Mme d&rsquo;Emery, il faut remplacer partout le mot <u>monarchie<\/u> par celui de <u>hi\u00e9rarchie<\/u> sauf quand monarchie a un sens historique (p. ex. si on parle de la monarchie fran\u00e7aise d&rsquo;avant 1789 ou de la monarchie anglaise, on laisse le mot, mais il faut changer quand par ex. on parle des <u>aspects hi\u00e9rarchiques des soci\u00e9t\u00e9s modernes<\/u>. En r\u00e9sum\u00e9 : changer le mot chaque fois qu&rsquo;il a un sens politique g\u00e9n\u00e9ral. Le garder dans les cas o\u00f9 il a un sens historique particulier. Il ne faut pas que l&rsquo;ouvrage soit l&rsquo;apologie d&rsquo;un syst\u00e8me monarchique, mais hi\u00e9rarchique. Pas difficile, hein ? Je pense que cet ouvrage ajoutera peut-\u00eatre un poids \u00e0 l&rsquo;opinion du juge dans ma d\u00e9fense. Il montrera l&rsquo;homme que je suis. De plus, il se peut que l&rsquo;on fasse valoir ces arguments de qualit\u00e9 lors des d\u00e9cisions qui seront prises. Il faut que ce proc\u00e8s, s&rsquo;il a lieu, <u>reste politique<\/u> et <u>non pas policier<\/u>. Ne descendons pas \u00e0 l&rsquo;\u00e9tage au-dessous. Pour cela il faut maintenir le plus possible ma position. Je pense que dans quelques temps nous aurons de meilleurs moyens de nous d\u00e9fendre. L&rsquo;opinion n&rsquo;\u00e9volue gu\u00e8re, mais justement cette \u00e9pouvantable anarchie qui r\u00e8gne partout suscitera une juste r\u00e9action, subite, comme toujours.<\/p>\n<p style=\"text-align: justify;\">Ma petite fille, je t&#8217;embrasse en te disant \u00e0 bient\u00f4t au parloir. Peut-\u00eatre ailleurs aussi. J&rsquo;esp\u00e8re toutefois que ce ne sera pas tr\u00e8s vite. mais enfin, ce n&rsquo;est pas moi qui d\u00e9cide. Mes bons baisers, merci pour tout ce que tu fais. Le sandwich \u00e9tait d\u00e9licieux. Les p\u00eaches aussi et je n&rsquo;ai pas encore fini le g\u00e2teau. A bient\u00f4t te lire. Je d\u00e9pose sur la t\u00eate de l&rsquo;ange qui sommeille en son berceau un de ces pr\u00e9cieux baisers que seul Dieu le P\u00e8re et moi savons distribuer quand il convient et que le temps est beau. Affectueusement<\/p>\n<p style=\"text-align: justify;\">J<\/p>\n<p style=\"text-align: justify;\">PS. Or, le temps est toujours beau<\/p>\n","protected":false},"excerpt":{"rendered":"<p>\u00a0 Jeudi 15 juin 1945 Ma Ch\u00e8re petite fille, Tu \u00e9tais bien jolie hier avec ton chapeau blanc. Et la photo du poupon est ravissante. Il est extraordinairement beau. Il est vrai qu&rsquo;on est toujours port\u00e9 \u00e0 prendre ceux qu&rsquo;on &hellip; <a href=\"https:\/\/monperejeanmamy.fr\/?page_id=1410\">Continuer la lecture <span class=\"meta-nav\">&rarr;<\/span><\/a><\/p>\n","protected":false},"author":2,"featured_media":11,"parent":0,"menu_order":0,"comment_status":"closed","ping_status":"closed","template":"","meta":[],"folder":[],"_links":{"self":[{"href":"https:\/\/monperejeanmamy.fr\/index.php?rest_route=\/wp\/v2\/pages\/1410"}],"collection":[{"href":"https:\/\/monperejeanmamy.fr\/index.php?rest_route=\/wp\/v2\/pages"}],"about":[{"href":"https:\/\/monperejeanmamy.fr\/index.php?rest_route=\/wp\/v2\/types\/page"}],"author":[{"embeddable":true,"href":"https:\/\/monperejeanmamy.fr\/index.php?rest_route=\/wp\/v2\/users\/2"}],"replies":[{"embeddable":true,"href":"https:\/\/monperejeanmamy.fr\/index.php?rest_route=%2Fwp%2Fv2%2Fcomments&post=1410"}],"version-history":[{"count":3,"href":"https:\/\/monperejeanmamy.fr\/index.php?rest_route=\/wp\/v2\/pages\/1410\/revisions"}],"predecessor-version":[{"id":1835,"href":"https:\/\/monperejeanmamy.fr\/index.php?rest_route=\/wp\/v2\/pages\/1410\/revisions\/1835"}],"wp:featuredmedia":[{"embeddable":true,"href":"https:\/\/monperejeanmamy.fr\/index.php?rest_route=\/wp\/v2\/media\/11"}],"wp:attachment":[{"href":"https:\/\/monperejeanmamy.fr\/index.php?rest_route=%2Fwp%2Fv2%2Fmedia&parent=1410"}],"wp:term":[{"taxonomy":"folder","embeddable":true,"href":"https:\/\/monperejeanmamy.fr\/index.php?rest_route=%2Fwp%2Fv2%2Ffolder&post=1410"}],"curies":[{"name":"wp","href":"https:\/\/api.w.org\/{rel}","templated":true}]}}