{"id":1412,"date":"2021-03-12T17:15:42","date_gmt":"2021-03-12T16:15:42","guid":{"rendered":"http:\/\/monperejeanmamy.fr\/?page_id=1412"},"modified":"2021-04-04T17:00:34","modified_gmt":"2021-04-04T15:00:34","slug":"jm-a-jr-45-06-04","status":"publish","type":"page","link":"https:\/\/monperejeanmamy.fr\/?page_id=1412","title":{"rendered":"JM \u00e0 JR (Fresnes 45\/06\/04)"},"content":{"rendered":"<p><strong>\u00a0<\/strong><a href=\"http:\/\/monperejeanmamy.fr\/?page_id=1414\"><img loading=\"lazy\" class=\"wp-image-1352 alignleft\" src=\"http:\/\/monperejeanmamy.fr\/wp-content\/uploads\/2021\/03\/Lettre-precedente.jpg\" alt=\"\" width=\"143\" height=\"78\" \/><\/a><a href=\"http:\/\/monperejeanmamy.fr\/?page_id=1410\"><img loading=\"lazy\" class=\"alignright wp-image-1353\" src=\"http:\/\/monperejeanmamy.fr\/wp-content\/uploads\/2021\/03\/Lettre-suivante.jpg\" alt=\"\" width=\"139\" height=\"76\" \/><\/a><\/p>\n<p style=\"text-align: center;\"><strong>Lundi 4 juin 1945<\/strong><\/p>\n<p style=\"text-align: center;\">Ma petite fille ch\u00e9rie,<\/p>\n<p style=\"text-align: justify;\">Bien re\u00e7u toutes tes lettres. Merci. Re-merci surtout pour le colis d&rsquo;aujourd&rsquo;hui dont j&rsquo;ai d\u00e9j\u00e0 go\u00fbt\u00e9 les saveurs \u00e0 tel point que j&rsquo;\u00e9cris en su\u00e7ant un bonbon am\u00e9ricain que m&rsquo;ont gliss\u00e9 tes d\u00e9licates attentions. La vie est belle quand on a le go\u00fbt du cassis dans la bouche. Merci aussi pour le savon.<\/p>\n<p style=\"text-align: justify;\">Pour les colis, les \u0153ufs tiennent bien huit jours, les saucisses aussi, le jambon aussi, mais la viande doit \u00eatre envoy\u00e9e plus fra\u00eeche (dis le \u00e0 ma m\u00e8re car tout ce qui vient de toi est fort bon). Dis lui aussi de mieux envelopper <u>chaque<\/u> morceau de viande dans un papier sulfur\u00e9. Je n&rsquo;ai pas de garde-manger, et j&rsquo;ai des difficult\u00e9s pour mettre les aliments \u00e0 l&rsquo;abri surtout pendant ces chaleurs.<\/p>\n<p style=\"text-align: justify;\">Plus de bouillons Kub jusqu&rsquo;\u00e0 nouvel ordre. SVP. J&rsquo;en ai une importante provision. Ce qui me fait le plus plaisir ce sont les aliments qui se conservent huit jours (p\u00e2t\u00e9, saucisse, \u0153ufs, viande fum\u00e9e, etc&#8230; sauf celle qu&rsquo;on absorbe imm\u00e9diatement. Que ma m\u00e8re comprenne bien que ce qui compte dans le colis ce n&rsquo;est pas la nourriture qu&rsquo;on mange le jour o\u00f9 on le re\u00e7oit, mais celle qu&rsquo;on a pu garder jusqu&rsquo;\u00e0 la veille du prochain envoi. A part cela ne vous tourmentez pas toutes deux. Tout va fort bien de ce c\u00f4t\u00e9.<\/p>\n<p style=\"text-align: justify;\">Du c\u00f4t\u00e9 moral, que te dirai-je ? Que je suis anim\u00e9 d&rsquo;une in\u00e9branlable confiance comme tous ceux qui ont les yeux fix\u00e9s au del\u00e0 de la vie, par del\u00e0 les contingences et qui se foutent du tiers comme du quart pourvu qu&rsquo;ils soient en paix avec leur conscience. Il se peut qu&rsquo;on se soit tromp\u00e9. Mais qui ne se trompe pas ? Qu&rsquo;on ait \u00e9t\u00e9 tromp\u00e9, mais quel est l&rsquo;homme d&rsquo;un quelconque pays qui puisse se vanter d&rsquo;avoir toujours eu raison et que la tentation n&rsquo;ait jamais atteint\u00a0? Mais d\u00e8s que de bonne foi, on reconna\u00eet son erreur, qu&rsquo;on t\u00e2che d&rsquo;expliquer pourquoi on fut dirig\u00e9 ainsi, quels furent\u00a0 nos motifs, tout s&rsquo;\u00e9claire et il faut simplement prouver qu&rsquo;on t\u00e2cha d&rsquo;agir le mieux possible avec le plus de franchise et de loyaut\u00e9 qu&rsquo;on p\u00fbt. Pour le reste, si l&rsquo;on conna\u00eet quelques violences, qui n&rsquo;en conna\u00eet pas ? J&rsquo;attends de pied ferme le saint qui osera me jeter la premi\u00e8re pierre. Je lui r\u00e9pondrai par une verte semonce de b\u00e9n\u00e9dictions.<\/p>\n<p style=\"text-align: justify;\">Nous avons ici de quoi passer la vie dans l&rsquo;attente, la patience et le travail. Je viens de terminer un des ouvrages que j&rsquo;avais entrepris. Pour diff\u00e9rentes raisons, je ne demanderai pas encore au juge de te le communiquer, car je pr\u00e9f\u00e8re attendre un peu pour le relire (et puis j&rsquo;ai l&rsquo;esp\u00e9rance secr\u00e8te de te le porter moi-m\u00eame, dans quelques mois, car si l&rsquo;on regarde attentivement l&rsquo;avenir, on ne pense pas que la situation actuelle puisse durer tr\u00e8s longtemps. Nous avons pas mal d&rsquo;indices qui nous permettent d&rsquo;esp\u00e9rer une prompte am\u00e9lioration pour le pays tout entier car cette pauvre sacr\u00e9e France subit des \u00e9preuves inimaginables et il est d\u00e9go\u00fbtant de voir que n&rsquo;importe qui se permet de prendre des responsabilit\u00e9s sans avoir la comp\u00e9tence qu&rsquo;il faut pour les assumer.<\/p>\n<p style=\"text-align: justify;\">Voici un sujet bien aride et beaucoup de grandes phrases pour quelqu&rsquo;un qui pr\u00e9f\u00e9rerait sans doute moins de discours et plus d&rsquo;amiti\u00e9s affectueuses, voire d&rsquo;affections amicales, bref d&rsquo;affectuosit\u00e9s amies, d&rsquo;amabilit\u00e9s affectionn\u00e9es. Patience ! Patience ! Le printemps n&rsquo;est pas fini, et les beaux jours reviendront.<\/p>\n<p style=\"text-align: justify;\">Il me semble que tu es tr\u00e8s occup\u00e9e avec des tas de travaux. J&rsquo;esp\u00e8re ne pas t&rsquo;apporter un surcro\u00eet de labeur trop grand. La secr\u00e9taire de Me Floriot ne m&rsquo;a pas encore pass\u00e9 le rapport. Je crains qu&rsquo;elle fasse un peu trop attendre Mr Olmi<a href=\"#_ftn1\" name=\"_ftnref1\">[1]<\/a>, mais comme il n&rsquo;a pas l&rsquo;air de r\u00e9clamer, patientons. Quand il manifestera son impatience, il verra que j&rsquo;ai depuis longtemps termin\u00e9 le premier travail qu&rsquo;il d\u00e9sirait. Quant \u00e0 la suite, il faudra attendre, mais il me semble que rien n&rsquo;a l&rsquo;air d&rsquo;\u00eatre press\u00e9.<\/p>\n<p style=\"text-align: justify;\">La vie parait-il est de plus en plus ch\u00e8re au dehors ! Les gens sont-ils contents, inquiets, boudeurs, je m&rsquo;en-foutistes, qu&rsquo;est-ce qu&rsquo;on dit ? J&rsquo;ai un peu l&rsquo;impression qu&rsquo;on parle pour ne rien dire et qu&rsquo;au fond, on ne sait rien. On me dit aussi que le d\u00e9sordre s&rsquo;accentue. C&rsquo;est normal. Quand le d\u00e9sordre est dans les esprits, il appara\u00eet sur la place publique.<\/p>\n<p style=\"text-align: justify;\">Baisers tr\u00e8s chers, le courrier passe, il faut que je termine.<\/p>\n<p style=\"text-align: left;\">J<\/p>\n<p style=\"text-align: justify;\">PS. Arranges-toi avec ma m\u00e8re. D&rsquo;ici peu de temps j&rsquo;essayerai d&rsquo;obtenir qu&rsquo;elle vienne seulement tous les quinze jours. Tu pourras venir avec elle. Ne lui en parles pas. J&rsquo;arrangerai cela.<\/p>\n<p><a href=\"#_ftnref1\" name=\"_ftn1\">[1]<\/a> Achille Olmi, Juge d\u2019instruction<\/p>\n<p>&nbsp;<\/p>\n","protected":false},"excerpt":{"rendered":"<p>\u00a0 Lundi 4 juin 1945 Ma petite fille ch\u00e9rie, Bien re\u00e7u toutes tes lettres. Merci. Re-merci surtout pour le colis d&rsquo;aujourd&rsquo;hui dont j&rsquo;ai d\u00e9j\u00e0 go\u00fbt\u00e9 les saveurs \u00e0 tel point que j&rsquo;\u00e9cris en su\u00e7ant un bonbon am\u00e9ricain que m&rsquo;ont gliss\u00e9 &hellip; <a href=\"https:\/\/monperejeanmamy.fr\/?page_id=1412\">Continuer la lecture <span class=\"meta-nav\">&rarr;<\/span><\/a><\/p>\n","protected":false},"author":2,"featured_media":11,"parent":0,"menu_order":0,"comment_status":"closed","ping_status":"closed","template":"","meta":[],"folder":[],"_links":{"self":[{"href":"https:\/\/monperejeanmamy.fr\/index.php?rest_route=\/wp\/v2\/pages\/1412"}],"collection":[{"href":"https:\/\/monperejeanmamy.fr\/index.php?rest_route=\/wp\/v2\/pages"}],"about":[{"href":"https:\/\/monperejeanmamy.fr\/index.php?rest_route=\/wp\/v2\/types\/page"}],"author":[{"embeddable":true,"href":"https:\/\/monperejeanmamy.fr\/index.php?rest_route=\/wp\/v2\/users\/2"}],"replies":[{"embeddable":true,"href":"https:\/\/monperejeanmamy.fr\/index.php?rest_route=%2Fwp%2Fv2%2Fcomments&post=1412"}],"version-history":[{"count":4,"href":"https:\/\/monperejeanmamy.fr\/index.php?rest_route=\/wp\/v2\/pages\/1412\/revisions"}],"predecessor-version":[{"id":1833,"href":"https:\/\/monperejeanmamy.fr\/index.php?rest_route=\/wp\/v2\/pages\/1412\/revisions\/1833"}],"wp:featuredmedia":[{"embeddable":true,"href":"https:\/\/monperejeanmamy.fr\/index.php?rest_route=\/wp\/v2\/media\/11"}],"wp:attachment":[{"href":"https:\/\/monperejeanmamy.fr\/index.php?rest_route=%2Fwp%2Fv2%2Fmedia&parent=1412"}],"wp:term":[{"taxonomy":"folder","embeddable":true,"href":"https:\/\/monperejeanmamy.fr\/index.php?rest_route=%2Fwp%2Fv2%2Ffolder&post=1412"}],"curies":[{"name":"wp","href":"https:\/\/api.w.org\/{rel}","templated":true}]}}