{"id":1414,"date":"2021-03-12T17:18:37","date_gmt":"2021-03-12T16:18:37","guid":{"rendered":"http:\/\/monperejeanmamy.fr\/?page_id=1414"},"modified":"2021-04-04T16:33:31","modified_gmt":"2021-04-04T14:33:31","slug":"jm-a-jr-fresnes-45-05-21","status":"publish","type":"page","link":"https:\/\/monperejeanmamy.fr\/?page_id=1414","title":{"rendered":"JM \u00e0 JR (Fresnes 45\/05\/21)"},"content":{"rendered":"<p><strong>\u00a0<\/strong><a href=\"http:\/\/monperejeanmamy.fr\/?page_id=1416\"><img loading=\"lazy\" class=\"wp-image-1352 alignleft\" src=\"http:\/\/monperejeanmamy.fr\/wp-content\/uploads\/2021\/03\/Lettre-precedente.jpg\" alt=\"\" width=\"143\" height=\"78\" \/><\/a><a href=\"http:\/\/monperejeanmamy.fr\/?page_id=1412\"><img loading=\"lazy\" class=\"alignright wp-image-1353\" src=\"http:\/\/monperejeanmamy.fr\/wp-content\/uploads\/2021\/03\/Lettre-suivante.jpg\" alt=\"\" width=\"139\" height=\"76\" \/><\/a><\/p>\n<p style=\"text-align: center;\"><strong>Lundi de Pentec\u00f4te<br \/>\n21 mai 1945<\/strong><\/p>\n<p>Nouvelle adresse : Cellule 393, 2<sup>\u00e8me<\/sup> division, n\u00b0ordre 4407<\/p>\n<p style=\"text-align: center;\">Ma Ch\u00e8re petite Jeannette<\/p>\n<p style=\"text-align: justify;\">Bien re\u00e7u ta lettre, et dans le colis ce que tu y as gliss\u00e9. Pour l&rsquo;une et l&rsquo;autre, merci. Il est tr\u00e8s gentil de penser constamment \u00e0 un barbu qui fait une cure monacale dans les prisons de la IV<sup>\u00e8me<\/sup> R\u00e9publique, mais il ne faut pas que Jeannette se prive de quoi que ce soit, et <u>j&rsquo;exige<\/u>, je dis j&rsquo;exige, qu&rsquo;on me dise si on a assez d&rsquo;argent, assez de ravitaillement, assez de tout ce qui est indispensable dans un moment aussi dur que le pr\u00e9sent.<\/p>\n<p style=\"text-align: justify;\">Pour le prochain colis, peux-tu dire \u00e0 ma m\u00e8re qu&rsquo;elle y mette :<\/p>\n<ol>\n<li style=\"text-align: justify;\">un morceau de savon, du bon ; \u00e0 part le savon de Marseille tout est inutilisable;<\/li>\n<li style=\"text-align: justify;\">de la p\u00e2te dentifrice ; donnez-moi surtout des choses qui se conservent ; d\u00e8s le lundi toutes les viandes sont g\u00e2t\u00e9es.<\/li>\n<\/ol>\n<p style=\"text-align: justify;\">Pour toi je pense que tu as vu la secr\u00e9taire de Me Floriot qui t&rsquo;a donn\u00e9 du travail.<\/p>\n<ol>\n<li style=\"text-align: justify;\">mon rapport pour le Juge d&rsquo;Instruction,<\/li>\n<li style=\"text-align: justify;\">l&rsquo;article sur la Synarchie du 2<sup>\u00e8me<\/sup> n\u00b0 de la Revue&#8230;<\/li>\n<li style=\"text-align: justify;\">le passage sur la Synarchie de la brochure.<\/li>\n<\/ol>\n<p style=\"text-align: justify;\">J&rsquo;aurais besoin aussi pour ma d\u00e9fense que tu trouves quelques documents probants sur les actes terroristes commis entre juillet 43 et juillet 44. Il faut pour cela consulter la rubrique sp\u00e9ciale du <em>Petit Parisien<\/em> et relever au jour le jour le nombre d&rsquo;attentats avec le texte concernant les plus marquants (assassinats de femmes et d&rsquo;enfants). C&rsquo;est une pi\u00e8ce indispensable pour mon dossier. J&rsquo;avais tous les documents mais ils ont disparu dans la bagarre. Donc si tu as le temps, dans les deux mois qui viennent, tu peux consacrer quelques apr\u00e8s-midi \u00e0 ce petit travail statistique, et tu me rendras largement service.<\/p>\n<p style=\"text-align: justify;\">D&rsquo;accord pour ne pas d\u00e9poser plainte contre X&#8230; ou Machin. Laissons courir. On retrouvera peut-\u00eatre un jour les auteurs du pillage. sinon, nous passerons dessus une large \u00e9ponge chr\u00e9tienne.<\/p>\n<p style=\"text-align: justify;\">Pour <em>Lancelot<\/em>, je compte toujours sur ta pr\u00e9cieuse collaboration. Mais avant de le donner \u00e0 ma m\u00e8re, j&rsquo;aimerai avoir ton avis de petite souris. Est-ce que la pi\u00e8ce est \u00ab\u00a0public\u00a0\u00bb ? Qu&rsquo;est-ce que tu aimes l\u00e0-dedans ? Et surtout ce que tu n&rsquo;aimes pas.<\/p>\n<p style=\"text-align: justify;\">Tu me demandes mes impressions sur Fresnes. elles sont immenses et ne sauraient \u00eatre r\u00e9sum\u00e9es dans une lettre. D&rsquo;autant plus que ces impressions d\u00e9passent Fresnes, car c&rsquo;est \u00e0 travers les barreaux de cette prison que notre attention va surtout vers la terre enti\u00e8re et non pas sur notre maigre cas. Pour l&rsquo;instant je suis beaucoup plus pr\u00e9occup\u00e9 par ce qui se passe \u00e0 Trieste, \u00e0 Vienne, \u00e0 Berlin ou aux Iles Bornholm, ou m\u00eame \u00e0 la conf\u00e9rence de San Francisco, ou dans les conseils secrets du s\u00e9nateur Vandenberg, que de ma propre d\u00e9fense, car c&rsquo;est l\u00e0-bas que notre sort \u00e0 tous et celui de l&rsquo;Europe se d\u00e9cide ou se modifie. Tandis qu&rsquo;ici, que te dirai-je ? Nous sommes trois dans une cellule de 4 m\u00e8tres sur trois. Deux sur des paillasses \u00e0 terre, un autre sur ce qu&rsquo;on appelle un lit, et qui est aussi dur que peut l&rsquo;\u00eatre un treillis de lames de fer. Au mur, une bonne couche de pl\u00e2tre moisi. Dans un coin, l&rsquo;appareil d&rsquo;hygi\u00e8ne qui sert \u00e0 toutes les commodit\u00e9s, surmont\u00e9 d&rsquo;un distributeur d&rsquo;eau. La porte, verrouill\u00e9e comme il se doit, poss\u00e8de un \u0153illeton par o\u00f9 le gardien ou les camarades de passage nous regardent de temps \u00e0 autre.<\/p>\n<p style=\"text-align: justify;\">J&rsquo;\u00e9cris sur une tablette de bois accroch\u00e9e au mur o\u00f9 sont empil\u00e9s quelques cahiers et livres, et la rang\u00e9e de mes encriers vides. J&rsquo;ai beaucoup de mal \u00e0 garder mon \u00e9quilibre car mon tabouret est branlant. Par la fen\u00eatre largement ouverte sur la cour, nous apercevons le ciel bleu ou gris ou pluvieux, qui couvre de son espace libre le b\u00e2timent d&rsquo;en face o\u00f9 s&rsquo;incrustent dans la muraille quelques deux cents fen\u00eatres grillag\u00e9es comme les n\u00f4tres. En bas, de petites courettes encloses de murs et grilles o\u00f9\u2014 l&rsquo;on nous emm\u00e8ne tous les deux jours \u00e0 la promenade. A l&rsquo;int\u00e9rieur, la prison a l&rsquo;air d&rsquo;une gigantesque nef de bateau ou d&rsquo;un \u00e9norme frigidaire. Quatre \u00e9tages de passerelles qui courent le long des cellules. Nous sommes l\u00e0-dedans quatre mille cinq cents d\u00e9tenus politiques dont quelques uns de marque : De Brinon, l&rsquo;amiral de Laborde, les ministres Creyssel, Marquet, Bonnafour, le G\u00e9n\u00e9ral Demez, Georges Claude et tous ceux dont tu as lu le nom cent fois dans les journaux. La camaraderie, plus encore, la solidarit\u00e9, y est totale. C&rsquo;est un esprit qui parcourt les couloirs fait \u00e0 la fois de patriotisme, d&rsquo;esp\u00e9rance, de puret\u00e9, de patience. Nous savons que nous sommes ici pour avoir d\u00e9fendu contre une opinion politique \u00e9gar\u00e9e des principes de gouvernement sains. Nous sommes tellement s\u00fbr que les \u00e9v\u00e9nements du dehors nous donnent raison et que les discours des hommes d&rsquo;Etat fran\u00e7ais et \u00e9trangers commencent \u00e0 ressembler \u00e9trangement aux propos que nous tenions il y a quelque temps quand nous parlions des dangers qui pouvaient menacer l&rsquo;Europe et surtout la France.<\/p>\n<p style=\"text-align: justify;\">Bref, je pense que bient\u00f4t ou plus tard, on reconna\u00eetra la bonne foi de la majeure partie d&rsquo;entre nous (les salauds \u00e9tant except\u00e9s). Que nous avions \u00e9t\u00e9 bluff\u00e9s par les Allemands qui se pr\u00e9tendaient plus forts qu&rsquo;ils \u00e9taient, c&rsquo;est un fait. Mais l\u00e0 o\u00f9 nous ne nous sommes pas tromp\u00e9s est dans l&rsquo;\u0153uvre critique de l&rsquo;examen des faits sur les dangers de la politique int\u00e9rieure de l&rsquo;ancien r\u00e9gime fran\u00e7ais d&rsquo;avant 39. Et je n&rsquo;oublierai jamais pour ma part \u00e0 qui je dois de ne pas avoir eu d&rsquo;armes en juin 40 sur la route de l&rsquo;exode. La responsabilit\u00e9 des hommes qui nous ont tromp\u00e9s est \u00e9crasante. Il ne faut plus que nous revoyons ce d\u00e9sordre. C&rsquo;est pourquoi, pendant 4 ans, nous avons donn\u00e9 l&rsquo;impression de faire une politique dangereuse. Le pire pour la France serait de recommencer les m\u00eames fautes. Elle serait d\u00e9finitivement d\u00e9truite, \u00e0 la merci d&rsquo;un quelconque \u00e9tranger, ami ou ennemi.<\/p>\n<p style=\"text-align: justify;\">Voil\u00e0 bien de la politique pour un trop petit c\u0153ur comme celui de Jeannette qui ne se pr\u00e9occupe gu\u00e8re de tout cela et pour qui l&rsquo;univers entier tourne autour de son amour de petit bonhomme qu&rsquo;elle a trouv\u00e9 un jour dans un chou. Comment va le monsieur \u00e0 qui il pousse de si charmantes dents ? On l&rsquo;imagine gouvernant d\u00e9j\u00e0 avec autorit\u00e9 une maison o\u00f9 trois femmes s&#8217;empressent autour de ce prince charmant. J&rsquo;aime \u00e0 croire que ses ordres sont ex\u00e9cut\u00e9s \u00e0 la lettre, et qu&rsquo;on se pr\u00e9cipite d\u00e8s que son Altesse Fr\u00e9d\u00e9ric prononce (ou plut\u00f4t indique de l&rsquo;\u0153il et de la voix inarticul\u00e9e) le moindre d\u00e9sir. Il m&rsquo;a l&rsquo;air d&rsquo;avoir bonne mine, donc bon app\u00e9tit, l&rsquo;\u0153il brillant, le cheveu dru, l&rsquo;apparence s\u00e9rieuse quoique aimable, et le poing volontaire. J&rsquo;ai \u00e9t\u00e9 ravi de ses photos. J&rsquo;attends toujours celles de sa m\u00e8re. Peut-\u00eatre daignerait-elle me les envoyer un jour ? Nous avons de la patience pour cela comme pour tout.<\/p>\n<p style=\"text-align: justify;\">J&rsquo;ai \u00e9t\u00e9 content des nouvelles que tu me donnes des amis qui voulaient bien te parler de moi. Est-il vrai que leurs suppositions aillent aussi loin que de me souhaiter patience encore quelques mois sans \u00eatre autrement d\u00e9rang\u00e9 ? Pour moi, sauf l&rsquo;int\u00e9r\u00eat que je pourrais porter \u00e0 certaines personnes, je me trouve fort bien d&rsquo;une certaine aust\u00e9rit\u00e9 de m\u0153urs et j&rsquo;ai pour distractions un ardent travail quotidien. Veux-tu bien me r\u00e9pondre sur ce point. Continue \u00e0 m&rsquo;\u00e9crire souvent et r\u00e9guli\u00e8rement.<\/p>\n<p style=\"text-align: justify;\">Je ne t&rsquo;\u00e9cris que tous les quinze jours, mais il ne m&rsquo;est pas possible de faire davantage. Moi aussi je pense beaucoup \u00e0 toi et souhaite que tout cela finisse bient\u00f4t. toutefois prenons patience. Mes bons et gros baisers.<\/p>\n<p style=\"text-align: right;\">J<\/p>\n<p>&nbsp;<\/p>\n<p>&nbsp;<\/p>\n","protected":false},"excerpt":{"rendered":"<p>\u00a0 Lundi de Pentec\u00f4te 21 mai 1945 Nouvelle adresse : Cellule 393, 2\u00e8me division, n\u00b0ordre 4407 Ma Ch\u00e8re petite Jeannette Bien re\u00e7u ta lettre, et dans le colis ce que tu y as gliss\u00e9. Pour l&rsquo;une et l&rsquo;autre, merci. Il &hellip; <a href=\"https:\/\/monperejeanmamy.fr\/?page_id=1414\">Continuer la lecture <span class=\"meta-nav\">&rarr;<\/span><\/a><\/p>\n","protected":false},"author":2,"featured_media":11,"parent":0,"menu_order":0,"comment_status":"closed","ping_status":"closed","template":"","meta":[],"folder":[],"_links":{"self":[{"href":"https:\/\/monperejeanmamy.fr\/index.php?rest_route=\/wp\/v2\/pages\/1414"}],"collection":[{"href":"https:\/\/monperejeanmamy.fr\/index.php?rest_route=\/wp\/v2\/pages"}],"about":[{"href":"https:\/\/monperejeanmamy.fr\/index.php?rest_route=\/wp\/v2\/types\/page"}],"author":[{"embeddable":true,"href":"https:\/\/monperejeanmamy.fr\/index.php?rest_route=\/wp\/v2\/users\/2"}],"replies":[{"embeddable":true,"href":"https:\/\/monperejeanmamy.fr\/index.php?rest_route=%2Fwp%2Fv2%2Fcomments&post=1414"}],"version-history":[{"count":3,"href":"https:\/\/monperejeanmamy.fr\/index.php?rest_route=\/wp\/v2\/pages\/1414\/revisions"}],"predecessor-version":[{"id":1829,"href":"https:\/\/monperejeanmamy.fr\/index.php?rest_route=\/wp\/v2\/pages\/1414\/revisions\/1829"}],"wp:featuredmedia":[{"embeddable":true,"href":"https:\/\/monperejeanmamy.fr\/index.php?rest_route=\/wp\/v2\/media\/11"}],"wp:attachment":[{"href":"https:\/\/monperejeanmamy.fr\/index.php?rest_route=%2Fwp%2Fv2%2Fmedia&parent=1414"}],"wp:term":[{"taxonomy":"folder","embeddable":true,"href":"https:\/\/monperejeanmamy.fr\/index.php?rest_route=%2Fwp%2Fv2%2Ffolder&post=1414"}],"curies":[{"name":"wp","href":"https:\/\/api.w.org\/{rel}","templated":true}]}}