{"id":1416,"date":"2021-03-12T17:19:56","date_gmt":"2021-03-12T16:19:56","guid":{"rendered":"http:\/\/monperejeanmamy.fr\/?page_id=1416"},"modified":"2021-03-13T12:08:29","modified_gmt":"2021-03-13T11:08:29","slug":"jm-a-jr-fresnes-45-05-07","status":"publish","type":"page","link":"https:\/\/monperejeanmamy.fr\/?page_id=1416","title":{"rendered":"JM \u00e0 JR (Fresnes 45\/05\/07)"},"content":{"rendered":"<p><strong>\u00a0<\/strong><a href=\"http:\/\/monperejeanmamy.fr\/?page_id=1418\"><img loading=\"lazy\" class=\"wp-image-1352 alignleft\" src=\"http:\/\/monperejeanmamy.fr\/wp-content\/uploads\/2021\/03\/Lettre-precedente.jpg\" alt=\"\" width=\"143\" height=\"78\" \/><\/a><a href=\"http:\/\/monperejeanmamy.fr\/?page_id=1414\"><img loading=\"lazy\" class=\"alignright wp-image-1353\" src=\"http:\/\/monperejeanmamy.fr\/wp-content\/uploads\/2021\/03\/Lettre-suivante.jpg\" alt=\"\" width=\"139\" height=\"76\" \/><\/a><\/p>\n<p style=\"text-align: center;\"><strong>Lundi 7 mai 1945<\/strong><\/p>\n<p style=\"text-align: center;\">(<u>Ma<\/u>) Ch\u00e8re petite Jeannette,<\/p>\n<p style=\"text-align: justify;\">(en relisant, je souligne ce \u00ab\u00a0<u>ma<\/u>\u00a0\u00bb qui sent le ton important du propri\u00e9taire)<\/p>\n<p style=\"text-align: justify;\">Bien re\u00e7u tes lettres, mais non la carte postale, d\u00e9fendue par le R\u00e8glement [Avis ! \u00c9galement pas de timbres sur les enveloppes. Interdit]. Merci aussi pour le brin de muguet qui m&rsquo;a rappel\u00e9 qu&rsquo;au dehors, il y a des bois fleuris o\u00f9 les lapins sont libres d&rsquo;aller se mouiller le derri\u00e8re sous les feuilles, o\u00f9 les oiseaux peuvent voler d&rsquo;un arbre \u00e0 l&rsquo;autre, o\u00f9 les rayons de soleil jouent sans contrainte \u00e0 travers les branches, tandis que dans le maquis des bois, des embuscades politiques et des pers\u00e9cutions humaines, les individus qui ont eu le malheur de chiquenauder le mufle de la foule aveugle sont enferm\u00e9s parce qu&rsquo;ils ne sont pas soumis \u00e0 la loi de l&rsquo;imb\u00e9cile majorit\u00e9. Tristes temps ! Pour les autres, car pour moi je vis depuis huit mois des heures de pl\u00e9nitude intense. Je ne dirais pas qu&rsquo;elles ont \u00e9t\u00e9 agr\u00e9ables, mais elles \u00e9taient sans nul doute n\u00e9cessaires. Quelle que soit l&rsquo;issue de l&rsquo;aventure, il convenait pour le d\u00e9veloppement et le m\u00fbrissement de l&rsquo;esprit de notre humble personne que ces choses fussent v\u00e9cues.<\/p>\n<p style=\"text-align: justify;\">Si je ne sors pas, car tout est possible, j&rsquo;aurais acquis les conditions du progr\u00e8s utile pour passer sur un meilleur plan \u00e0 travers l&rsquo;\u00e9preuve la plus dure. Si j&rsquo;en sors vite ou lentement, je saurai \u00e0 la sortie comment il faut traiter certaines erreurs et quelles furent nos fautes. Si tu avais vu certaines petites choses que j&rsquo;ai constat\u00e9es personnellement depuis huit mois, tu aurais su pour qui voter, et surtout contre qui. Il faudra qu&rsquo;on vous ouvre les yeux, Madame, et qu&rsquo;on vous raconte des histoires vraies. L&rsquo;\u00e9ducation politique des femmes est \u00e0 faire. Il me semble que la consultation \u00e0 laquelle on a proc\u00e9d\u00e9 a \u00e9t\u00e9 un peu improvis\u00e9e et que les \u00e9l\u00e9ments d&rsquo;appr\u00e9ciation vous manquaient.<\/p>\n<p style=\"text-align: justify;\">Quant au choix du vote, ch\u00e8re petite fille, il ne faut jamais consulter ses a\u00een\u00e9s, mais son propre jugement. Se dire: \u00ab\u00a0<em>mon ami de droite que j&rsquo;aime beaucoup pense ceci, mais celui de gauche que j&rsquo;aime autant pense le contraire. Donc je ne voterai pas pour ne f\u00e2cher ni l&rsquo;un ni l&rsquo;autre<\/em>\u00a0\u00bb est un manque d&rsquo;audace. Il faut oser contrarier ses amis, ou tout au moins les contredire. Il est vrai que cela m\u00e8ne tr\u00e8s loin. Pour avoir cru bon de nous opposer \u00e0 la majeure partie de la population fran\u00e7aise, mes camarades et moi avons eu quelques ennuis. Heureusement qu&rsquo;une solution pointe \u00e0 l&rsquo;horizon, qui n&rsquo;est peut-\u00eatre pas lointaine. Patientons et fasse le ciel que la v\u00e9rit\u00e9 \u00e9clate sur le monde comme un tonnerre \u00e9blouissant.<\/p>\n<p style=\"text-align: justify;\">\u00c0 part cela parlons d&rsquo;autre chose, de la pluie qui n&rsquo;a pas cess\u00e9 la semaine derni\u00e8re, du beau temps qui r\u00e8gne aujourd&rsquo;hui, de la tranquillit\u00e9 que j&rsquo;ai en ce moment, et que je souhaite prolonger autant que faire se peut. Si tu as des tuyaux l\u00e0-dessus, dis les moi. Je vois la secr\u00e9taire de Me F. qui m&rsquo;affirme que tout va pour le mieux. Nous avons encore du temps devant nous. C&rsquo;est le principal.<\/p>\n<p style=\"text-align: justify;\">Je te r\u00e9p\u00e8te, pendant que j&rsquo;y pense, ce que je demande \u00e0 ma m\u00e8re de mani\u00e8re \u00e0 ce qu&rsquo;elle me l&rsquo;apporte mercredi 10 mai (au cas o\u00f9 elle ne l&rsquo;aurait pas fait, ce sera pour le jeudi suivant) :<\/p>\n<ul style=\"text-align: justify;\">\n<li>100 feuilles papier perfor\u00e9 pour cahier, je n&rsquo;en n&rsquo;ai plus, j&rsquo;ai beaucoup travaill\u00e9<\/li>\n<li>de l&rsquo;encre (il me faut une bouteille par mois)<\/li>\n<li>des plumes \u2014itou\u2014 2 plumes par semaine<\/li>\n<li>limes \u00e0 ongles en carton pour soigner mes jolies mains<\/li>\n<li>du fil blanc, au cas o\u00f9 il me prendrait l&rsquo;envie de recoudre un bouton<\/li>\n<li>du sel<\/li>\n<\/ul>\n<p style=\"text-align: justify;\">Laisse moi te remercier encore pour les colis. Tout ce que tu m&rsquo;envoies est d\u00e9licieux. Si ma m\u00e8re met de la confiture dans le paquet, qu&rsquo;elle <u>l&rsquo;enveloppe doublement<\/u>. Dans le dernier colis tout le pot \u00e9tait renvers\u00e9 et perdu. Inutile de passer une heure \u00e0 l\u00e9cher des papiers imbib\u00e9s de sucre. Laisse moi te remercier surtout pour l&rsquo;amour que tu mets dans tes colis. Je le go\u00fbte \u00e0 travers les bonbons ou le p\u00e2t\u00e9 de Bretagne. Mais oui !<\/p>\n<p style=\"text-align: justify;\">Il t&rsquo;est permis de m&rsquo;\u00e9crire plus souvent. Les lettres font tr\u00e8s plaisir. C&rsquo;est un \u00e9v\u00e9nement qui rompt la monotonie du travail quotidien, car nos distractions varient entre la distribution de sucre, le coiffeur, le culte du dimanche, la visite de l&rsquo;avocat, le parloir du jeudi, les r\u00e9ceptions du colis et les quelques nouvelles qu&rsquo;on glane \u00e7\u00e0 et l\u00e0 (inutile d&rsquo;en mettre dans les lettres. Interdit).<\/p>\n<p style=\"text-align: justify;\">J&rsquo;esp\u00e8re recevoir la fin de l&rsquo;article sur la synarchie, indispensable pour mon dossier. Ma d\u00e9fense se d\u00e9veloppe bien. Je sais quoi r\u00e9pondre \u00e0 tout, sauf \u00e0 la haine aveugle, auquel cas il n&rsquo;y a pas d&rsquo;autre r\u00e9ponse que le m\u00e9pris, ou l&rsquo;amour chr\u00e9tien d\u00e9sint\u00e9ress\u00e9 \u00ab\u00a0<em>Mon P\u00e8re, pardonne-leur, car ils ne savent pas ce qu&rsquo;ils font<\/em>\u00a0\u00bb. Mais nous ne sommes pas encore devant le jury. Heureusement.<\/p>\n<p style=\"text-align: justify;\">\u00c0 propos, et les photos que je t&rsquo;avais demand\u00e9es ? J&rsquo;aimerais bien avoir la frimousse de ma Jeannette et du loupiot distingu\u00e9 qui a nom Fr\u00e9d\u00e9ric et \u00e0 qui il pousse de si ravissantes dents. Combien en a-t-il ? Marche-t-il ? P\u00e9pie-t-il ? Commence-t-il \u00e0 lire ? Pour qui a-t-il vot\u00e9 ?<\/p>\n<p style=\"text-align: justify;\">Au revoir ch\u00e8re petite fille. Je ne te dis pas \u00e0 bient\u00f4t car cela prouverait qu&rsquo;on veut me taquiner plus t\u00f4t que je le souhaite, mais \u00e0 tr\u00e8s bient\u00f4t quand m\u00eame, par del\u00e0 l&rsquo;absence.<\/p>\n<p style=\"text-align: justify;\">Mes gros baisers affectueux.<\/p>\n<p style=\"text-align: justify;\">J<\/p>\n<p>PS. Je compte beaucoup sur toi pour <em>Lancelot<\/em>, car il y a d\u00e9j\u00e0 en plus 2 livres, presque termin\u00e9s, et je vais commencer une nouvelle pi\u00e8ce. Voil\u00e0 la raison pour laquelle il me faut des plumes et du papier.<\/p>\n<p style=\"text-align: justify;\">Redonne moi ton n\u00b0 de t\u00e9l\u00e9phone. Je l&rsquo;ai oubli\u00e9.<\/p>\n<p style=\"text-align: justify;\">Prends exactement mon adresse: cellule 290, 2\u00e8 division, n\u00b0 ordre 4407.<\/p>\n<p style=\"text-align: justify;\">Veux-tu voir Me Floriot pour porter plainte pour vol v\u00eatements, machine \u00e0 \u00e9crire et livres chez toi, contre Champeaux de la Boulaye et Orsini, conjointement. D\u00e9crire les objets: 76 livres avec liste si possible.<\/p>\n<p>&nbsp;<\/p>\n<p>&nbsp;<\/p>\n<p>&nbsp;<\/p>\n","protected":false},"excerpt":{"rendered":"<p>\u00a0 Lundi 7 mai 1945 (Ma) Ch\u00e8re petite Jeannette, (en relisant, je souligne ce \u00ab\u00a0ma\u00a0\u00bb qui sent le ton important du propri\u00e9taire) Bien re\u00e7u tes lettres, mais non la carte postale, d\u00e9fendue par le R\u00e8glement [Avis ! \u00c9galement pas de &hellip; <a href=\"https:\/\/monperejeanmamy.fr\/?page_id=1416\">Continuer la lecture <span class=\"meta-nav\">&rarr;<\/span><\/a><\/p>\n","protected":false},"author":2,"featured_media":11,"parent":0,"menu_order":0,"comment_status":"closed","ping_status":"closed","template":"","meta":[],"folder":[],"_links":{"self":[{"href":"https:\/\/monperejeanmamy.fr\/index.php?rest_route=\/wp\/v2\/pages\/1416"}],"collection":[{"href":"https:\/\/monperejeanmamy.fr\/index.php?rest_route=\/wp\/v2\/pages"}],"about":[{"href":"https:\/\/monperejeanmamy.fr\/index.php?rest_route=\/wp\/v2\/types\/page"}],"author":[{"embeddable":true,"href":"https:\/\/monperejeanmamy.fr\/index.php?rest_route=\/wp\/v2\/users\/2"}],"replies":[{"embeddable":true,"href":"https:\/\/monperejeanmamy.fr\/index.php?rest_route=%2Fwp%2Fv2%2Fcomments&post=1416"}],"version-history":[{"count":3,"href":"https:\/\/monperejeanmamy.fr\/index.php?rest_route=\/wp\/v2\/pages\/1416\/revisions"}],"predecessor-version":[{"id":1449,"href":"https:\/\/monperejeanmamy.fr\/index.php?rest_route=\/wp\/v2\/pages\/1416\/revisions\/1449"}],"wp:featuredmedia":[{"embeddable":true,"href":"https:\/\/monperejeanmamy.fr\/index.php?rest_route=\/wp\/v2\/media\/11"}],"wp:attachment":[{"href":"https:\/\/monperejeanmamy.fr\/index.php?rest_route=%2Fwp%2Fv2%2Fmedia&parent=1416"}],"wp:term":[{"taxonomy":"folder","embeddable":true,"href":"https:\/\/monperejeanmamy.fr\/index.php?rest_route=%2Fwp%2Fv2%2Ffolder&post=1416"}],"curies":[{"name":"wp","href":"https:\/\/api.w.org\/{rel}","templated":true}]}}