{"id":1420,"date":"2021-03-12T17:22:49","date_gmt":"2021-03-12T16:22:49","guid":{"rendered":"http:\/\/monperejeanmamy.fr\/?page_id=1420"},"modified":"2021-03-12T19:25:11","modified_gmt":"2021-03-12T18:25:11","slug":"jm-a-jr-fresnes-45-03-22","status":"publish","type":"page","link":"https:\/\/monperejeanmamy.fr\/?page_id=1420","title":{"rendered":"JM \u00e0 JR (Fresnes 45\/03\/22)"},"content":{"rendered":"<p><strong>\u00a0<\/strong><a href=\"http:\/\/monperejeanmamy.fr\/?page_id=1344\"><img loading=\"lazy\" class=\"wp-image-1352 alignleft\" src=\"http:\/\/monperejeanmamy.fr\/wp-content\/uploads\/2021\/03\/Lettre-precedente.jpg\" alt=\"\" width=\"143\" height=\"78\" \/><\/a><a href=\"http:\/\/monperejeanmamy.fr\/?page_id=1418\"><img loading=\"lazy\" class=\"alignright wp-image-1353\" src=\"http:\/\/monperejeanmamy.fr\/wp-content\/uploads\/2021\/03\/Lettre-suivante.jpg\" alt=\"\" width=\"139\" height=\"76\" \/><\/a><\/p>\n<p style=\"text-align: center;\"><strong>jeudi 22 mars 1945<\/strong><\/p>\n<p style=\"text-align: center;\">Ch\u00e8re petite Jeannette,<\/p>\n<p style=\"text-align: justify;\">Je vous remercie de toutes vos bonnes choses. Elles me font tr\u00e8s plaisir et je suis tr\u00e8s touch\u00e9 chaque fois de vos attentions. Surtout ne vous privez pas pour moi. Que se passe-t-il pour votre travail ? Je m&rsquo;inqui\u00e8te. Est-ce que vous avez suffisamment d&rsquo;argent pour vivre et parer \u00e0 tous les frais du petit bonhomme ? Renseignez-moi. Dites-moi si tout va bien. Je sais bien qu&rsquo;il a autour de lui tant de d\u00e9vouement qu&rsquo;il ne manquera jamais de rien.<\/p>\n<p style=\"text-align: justify;\">La journ\u00e9e d&rsquo;hier a \u00e9t\u00e9 bonne. Je crois que mon affaire demandera un d\u00e9lai normal pour l&rsquo;instruire. Je suis tr\u00e8s content de Floriot. De plus, en r\u00e9fl\u00e9chissant \u00e0 tout ce que je peux dire sur mon action, j&rsquo;ai vu que j&rsquo;avais n\u00e9glig\u00e9 par erreur des choses qui pouvaient l&rsquo;att\u00e9nuer beaucoup et que je m&rsquo;\u00e9tais inutilement charg\u00e9. Je sais que la loyaut\u00e9 et la franchise ont leur valeur. Mais enfin, mieux vaut ne pas \u00eatre pour soi-m\u00eame un t\u00e9moin \u00e0 charge implacable. Il faut tout de m\u00eame regarder aussi le bien qu&rsquo;on a pu faire.<\/p>\n<p style=\"text-align: justify;\">Soyez gentille d&rsquo;aller \u00e0 la Nationale. Voil\u00e0 les articles dont j&rsquo;ai besoin. Vous en passerez la copie en double \u00e0 Floriot. Il m&rsquo;en donnera un exemplaire.<\/p>\n<ul>\n<li style=\"text-align: justify;\">8 ao\u00fbt 43 : Sur tous les tableaux<\/li>\n<li style=\"text-align: justify;\">21 janvier 43 : En pleine 4\u00e8me r\u00e9publique<\/li>\n<li style=\"text-align: justify;\">4 f\u00e9vrier 43 : Ma\u00e7onnerie et dissidence<\/li>\n<li style=\"text-align: justify;\">18 f\u00e9vrier 43 :\u00a0 La haute p\u00e8gre capitaliste (voir si ce n&rsquo;est pas l\u00e0 o\u00f9 j&rsquo;attaque les <u>cravates blanches,<\/u> allusion \u00e0 Laval en 3\u00e8me ou 4\u00e8me colonne)<\/li>\n<li style=\"text-align: justify;\">25 f\u00e9vrier 43 : Pourquoi nous combattons la ma\u00e7onnerie<\/li>\n<li style=\"text-align: justify;\">1er avril 43 : La ma\u00e7onnerie contre Goebbels (en entier)<\/li>\n<li style=\"text-align: justify;\">29 avril 43 : La col\u00e8re du peuple (? id)<\/li>\n<li style=\"text-align: justify;\">10 juin 43 : Vers un bain de sang fran\u00e7ais (en entier)<\/li>\n<li style=\"text-align: justify;\">24 juin 43 : Le complot ma\u00e7onnique<\/li>\n<li style=\"text-align: justify;\">6 janvier 43 : Ultime man\u0153uvre ma\u00e7onnique<\/li>\n<li style=\"text-align: justify;\">17 f\u00e9vrier 43 : La ma\u00e7onnerie contre Darnand<\/li>\n<li style=\"text-align: justify;\">30 mars 43 : Nous ne sommes pas des \u00e9nerv\u00e9s (en entier)<\/li>\n<li style=\"text-align: justify;\">4 mai 43 : Fraudes ma\u00e7onniques (en entier)<\/li>\n<\/ul>\n<p style=\"text-align: justify;\">Ne prendre dans les articles que les passages les plus significatifs o\u00f9 <u>j&rsquo;attaque D\u00e9at et la ma\u00e7onnerie parisienne ou collaborationniste<\/u>.<\/p>\n<p style=\"text-align: justify;\">Voil\u00e0 bien du travail. Je vous en r\u00e9serve d&rsquo;autres. Je vous ferai parvenir prochainement la pi\u00e8ce que j&rsquo;ai corrig\u00e9e et termin\u00e9e. A taper en plusieurs exemplaires et remettre \u00e0 ma m\u00e8re ou ma femme. C&rsquo;est la nouvelle version de <em>Lancelot des Bois<\/em>.<\/p>\n<p style=\"text-align: justify;\">\u00c0 part cela, je suis en train d&rsquo;\u00e9crire deux bouquins. Vous voyez qu&rsquo;\u00e0 travers les soucis de l&rsquo;instruction, on ne s&rsquo;ennuie pas.<\/p>\n<p style=\"text-align: justify;\">Et comment va b\u00e9b\u00e9 ? Marche-t-il d\u00e9j\u00e0 ? Je ne le crois pas encore. Ai-je bien fait de vous conseiller ainsi ? Un enfant apporte-t-il plus de joie que de souci dans une maison ? Je crois pour moi qu&rsquo;il est un soleil vivant.<\/p>\n<p style=\"text-align: justify;\">J&rsquo;esp\u00e8re que non seulement nous sortirons de ces ennuis mais que la France se gu\u00e9rira de ses blessures dont la plus grave est la d\u00e9sunion entre les Fran\u00e7ais. En ce moment il n&rsquo;est gu\u00e8re possible de parler v\u00e9ritablement d&rsquo;unit\u00e9 fran\u00e7aise. Nous allons \u00e0 grands pas vers une exp\u00e9rience mat\u00e9rialiste terrible, \u00e0 moins qu&rsquo;un homme de g\u00e9nie apparaisse, ou que les \u00e9v\u00e9nements mondiaux changent brusquement. Si vous saviez ce qu&rsquo;on rencontre de braves c\u0153urs pleins de confiance et de sagesse dans les prisons. Il y a le meilleur comme quelquefois le pire, mais surtout le meilleur.<\/p>\n<p style=\"text-align: justify;\">Remerciez Brassart <a href=\"#_ftn1\" name=\"_ftnref1\">[1]<\/a> de tout ce qu&rsquo;il a fait. Je lui suis tr\u00e8s reconnaissant. Floriot <a href=\"#_ftn2\" name=\"_ftnref2\">[2]<\/a> est vraiment l&rsquo;avocat r\u00eav\u00e9.<\/p>\n<p style=\"text-align: justify;\">Et pour vous, que faut-il vous dire ? Des choses qu&rsquo;on n&rsquo;\u00e9crit pas. Alors je vous les dis. Avec mes bonnes affections tendres, et mes bons souvenirs pour toute votre famille.<\/p>\n<p style=\"text-align: justify;\">JM<\/p>\n<p style=\"text-align: justify;\">J&rsquo;ai besoin d&rsquo;enveloppes.<\/p>\n<p style=\"text-align: justify;\"><a href=\"#_ftnref1\" name=\"_ftn1\">[1]<\/a> Georges Brassart, mon parrain, \u00e9tait greffier au Palais de Justice de Paris.<\/p>\n<p style=\"text-align: justify;\"><a href=\"#_ftnref2\" name=\"_ftn2\">[2]<\/a> Ren\u00e9 Floriot (1902-1975) est l\u2019avocat chois par Jean Mamy. Dans les ann\u00e9es 1930, il se cr\u00e9e une r\u00e9putation aupr\u00e8s de personnes riches et c\u00e9l\u00e8bres en obtenant des divorces rapides alors qu&rsquo;habituellement la proc\u00e9dure prend deux \u00e0 trois ans. \u00c0 la fin de la Seconde Guerre mondiale, il d\u00e9fend des collaborateurs et criminels de guerre. Il est, \u00e0 son \u00e9poque, probablement le plus cher des avocats parisiens.<\/p>\n<p>&nbsp;<\/p>\n<p>&nbsp;<\/p>\n<p>&nbsp;<\/p>\n","protected":false},"excerpt":{"rendered":"<p>\u00a0 jeudi 22 mars 1945 Ch\u00e8re petite Jeannette, Je vous remercie de toutes vos bonnes choses. Elles me font tr\u00e8s plaisir et je suis tr\u00e8s touch\u00e9 chaque fois de vos attentions. Surtout ne vous privez pas pour moi. Que se &hellip; <a href=\"https:\/\/monperejeanmamy.fr\/?page_id=1420\">Continuer la lecture <span class=\"meta-nav\">&rarr;<\/span><\/a><\/p>\n","protected":false},"author":2,"featured_media":11,"parent":0,"menu_order":0,"comment_status":"closed","ping_status":"closed","template":"","meta":[],"folder":[],"_links":{"self":[{"href":"https:\/\/monperejeanmamy.fr\/index.php?rest_route=\/wp\/v2\/pages\/1420"}],"collection":[{"href":"https:\/\/monperejeanmamy.fr\/index.php?rest_route=\/wp\/v2\/pages"}],"about":[{"href":"https:\/\/monperejeanmamy.fr\/index.php?rest_route=\/wp\/v2\/types\/page"}],"author":[{"embeddable":true,"href":"https:\/\/monperejeanmamy.fr\/index.php?rest_route=\/wp\/v2\/users\/2"}],"replies":[{"embeddable":true,"href":"https:\/\/monperejeanmamy.fr\/index.php?rest_route=%2Fwp%2Fv2%2Fcomments&post=1420"}],"version-history":[{"count":3,"href":"https:\/\/monperejeanmamy.fr\/index.php?rest_route=\/wp\/v2\/pages\/1420\/revisions"}],"predecessor-version":[{"id":1431,"href":"https:\/\/monperejeanmamy.fr\/index.php?rest_route=\/wp\/v2\/pages\/1420\/revisions\/1431"}],"wp:featuredmedia":[{"embeddable":true,"href":"https:\/\/monperejeanmamy.fr\/index.php?rest_route=\/wp\/v2\/media\/11"}],"wp:attachment":[{"href":"https:\/\/monperejeanmamy.fr\/index.php?rest_route=%2Fwp%2Fv2%2Fmedia&parent=1420"}],"wp:term":[{"taxonomy":"folder","embeddable":true,"href":"https:\/\/monperejeanmamy.fr\/index.php?rest_route=%2Fwp%2Fv2%2Ffolder&post=1420"}],"curies":[{"name":"wp","href":"https:\/\/api.w.org\/{rel}","templated":true}]}}