{"id":1472,"date":"2021-03-14T09:42:40","date_gmt":"2021-03-14T08:42:40","guid":{"rendered":"http:\/\/monperejeanmamy.fr\/?page_id=1472"},"modified":"2021-03-14T18:43:45","modified_gmt":"2021-03-14T17:43:45","slug":"memoire-en-defense","status":"publish","type":"page","link":"https:\/\/monperejeanmamy.fr\/?page_id=1472","title":{"rendered":"T\u00e9moins \u00e0 charge et \u00e0 d\u00e9charge"},"content":{"rendered":"<p style=\"text-align: justify;\">Au moment de son proc\u00e8s, Jean Mamy mesure qu\u2019il aura \u00e0 faire face \u00e0 de nombreux t\u00e9moins, surtout des t\u00e9moins \u00e0 charge, mais aussi quelques t\u00e9moins qu\u2019il estime devoir lui \u00eatre favorables.<\/p>\n<p style=\"text-align: justify;\">Il dresse une liste comment\u00e9e de ceux qu\u2019il conna\u00eet et la transmet \u00e0 son avocat sur deux feuillets recto-verso manuscrits.<\/p>\n<h1>T\u00e9moins \u00e0 charge<\/h1>\n<p style=\"text-align: justify;\">Les quelques t\u00e9moins \u00e0 charge qu\u2019il identifie sont :<\/p>\n<p style=\"text-align: justify;\"><img loading=\"lazy\" class=\"alignright size-medium wp-image-1474\" src=\"http:\/\/monperejeanmamy.fr\/wp-content\/uploads\/2021\/03\/Proces-Temoins-a-charge-P02a-219x300.jpg\" alt=\"\" width=\"219\" height=\"300\" srcset=\"https:\/\/monperejeanmamy.fr\/wp-content\/uploads\/2021\/03\/Proces-Temoins-a-charge-P02a-219x300.jpg 219w, https:\/\/monperejeanmamy.fr\/wp-content\/uploads\/2021\/03\/Proces-Temoins-a-charge-P02a-747x1024.jpg 747w, https:\/\/monperejeanmamy.fr\/wp-content\/uploads\/2021\/03\/Proces-Temoins-a-charge-P02a-768x1053.jpg 768w, https:\/\/monperejeanmamy.fr\/wp-content\/uploads\/2021\/03\/Proces-Temoins-a-charge-P02a-1120x1536.jpg 1120w, https:\/\/monperejeanmamy.fr\/wp-content\/uploads\/2021\/03\/Proces-Temoins-a-charge-P02a.jpg 1276w\" sizes=\"(max-width: 219px) 100vw, 219px\" \/>1\u00b0) <u>Jean Guilhamon<\/u> qui va t\u00e9moigner que j\u2019ai fait d\u00e9porter son fr\u00e8re en Allemagne (le fr\u00e8re \u00e9tait agent du contre-espionnage fran\u00e7ais et poss\u00e9dait un poste \u00e9metteur). Il faisait partie de l\u2019\u00e9quipe de Cottoni.<br \/>\n2\u00b0) <u>Borel<\/u> qui va t\u00e9moigner que j\u2019ai assist\u00e9 \u00e0 son arrestation, provoqu\u00e9e par arrestation de Jean-Paul (v. ci-dessous), puis \u00e0 son interrogatoire rue des Saussaies. Je l\u2019ai menac\u00e9. Il fut d\u00e9port\u00e9. Il s\u2019\u00e9vada du train. Il \u00e9tait membre de cellule communiste. On trouva chez lui des tracts. Il appartenait \u00e0 l\u2019\u00e9quipe de Champeaux de la Boulaye (Commandant Cambon), chef de maquis qui m\u2019arr\u00eata apr\u00e8s la Lib\u00e9ration.<br \/>\n3\u00b0) <u>Champeaux de la Boulaye<\/u> qui t\u00e9moignera que je l\u2019ai d\u00e9tect\u00e9 pendant plusieurs mois. Toutefois, je ne l\u2019ai pas fait arr\u00eater parce qu\u2019il \u00e9tait anticommuniste et officier de l\u2019Arm\u00e9e fran\u00e7aise.<br \/>\nQuand il m\u2019a arr\u00eat\u00e9, il m\u2019a pill\u00e9 et a vol\u00e9 40.000 frs chez ma m\u00e8re. Son groupe dirig\u00e9 par D\u2019Orsini a vid\u00e9 mon appartement. Environ 200.000 frs de v\u00eatements et de livres ont disparu, ainsi que chez ma secr\u00e9taire, Mlle Roux.<br \/>\n4\u00b0) <u>Michaux<\/u> qui t\u00e9moignera que je l\u2019ai d\u00e9tect\u00e9 pendant plusieurs mois. Je ne l\u2019ai pas fait arr\u00eater pour les m\u00eames raisons (anticommuniste et officier de l\u2019Arm\u00e9e fran\u00e7aise, selon les ordres re\u00e7us de Platon).<br \/>\nC\u2019est lui qui m\u2019avait pr\u00e9sent\u00e9 Champeaux de la Boulaye et Guilhamon.<br \/>\n5\u00b0) <u>Peut \u00eatre la femme d\u2019un certain Jean-Paul [No\u00ebl]<\/u> (arr\u00eat\u00e9 par moi place Jussieu) et emmen\u00e9 rue des Saussaies. <u>T\u00e9moignages des gens du quartier<\/u>.<br \/>\nJean-Paul fut trouv\u00e9 distributeur de tracts scandaleux. Article de t\u00eate\u00a0: <em><u>Le devoir de tuer<\/u><\/em>. Il fut d\u00e9port\u00e9. Le tract est dans mes dossiers \u00e0 la ST, chez inspecteur Feinte.<\/p>\n<p style=\"text-align: justify;\"><img loading=\"lazy\" class=\"size-medium wp-image-1475 alignleft\" src=\"http:\/\/monperejeanmamy.fr\/wp-content\/uploads\/2021\/03\/Proces-Temoins-a-charge-P02b-219x300.jpg\" alt=\"\" width=\"219\" height=\"300\" srcset=\"https:\/\/monperejeanmamy.fr\/wp-content\/uploads\/2021\/03\/Proces-Temoins-a-charge-P02b-219x300.jpg 219w, https:\/\/monperejeanmamy.fr\/wp-content\/uploads\/2021\/03\/Proces-Temoins-a-charge-P02b-747x1024.jpg 747w, https:\/\/monperejeanmamy.fr\/wp-content\/uploads\/2021\/03\/Proces-Temoins-a-charge-P02b-768x1053.jpg 768w, https:\/\/monperejeanmamy.fr\/wp-content\/uploads\/2021\/03\/Proces-Temoins-a-charge-P02b-1120x1536.jpg 1120w, https:\/\/monperejeanmamy.fr\/wp-content\/uploads\/2021\/03\/Proces-Temoins-a-charge-P02b.jpg 1276w\" sizes=\"(max-width: 219px) 100vw, 219px\" \/>6\u00b0) <u>Villard<\/u> : secr\u00e9taire du Grand Orient qui dira les rapports qu\u2019il a re\u00e7us de savoir sur le fait que j\u2019aurai enqu\u00eat\u00e9 contre le maquis en me servant de mes facilit\u00e9s ma\u00e7onniques. On tentera de me mettre sur le dos des arrestations, mais non seulement ce n\u2019est pas prouv\u00e9, c\u2019est au contraire faux.<br \/>\nVillard est un t\u00e9moin facile \u00e0 r\u00e9futer.<\/p>\n<p>\u00c0 part cela, il y a mes aveux complets. On verra si l&rsquo;enqu\u00eate fait lever de nouveaux t\u00e9moins.<\/p>\n<p>Cottoni, Pouzelgues (les toucher par Mercier) connaissent directement Guilhamon.<\/p>\n<p>Chapeaux de la B. (le faire toucher et lui dire qu&rsquo;on ne parlera peu de ses pillages, qu&rsquo;il intervienne aupr\u00e8s de Borel et de&#8230;) connait Michaux et Borel.<\/p>\n<p>Il faut donc toucher C. et P. qui d\u00e9cideront de la suite \u00e0 donner.<\/p>\n<h1>T\u00e9moins \u00e0 d\u00e9charge<\/h1>\n<p style=\"text-align: justify;\">Il semble probl\u00e9matique de trouver des t\u00e9moins \u00e0 d\u00e9charge.<\/p>\n<p style=\"text-align: justify;\">1\u00b0\/ <u>Grandmaison<\/u> (lui dire que je le fais citer comme t\u00e9moin \u00e0 d\u00e9charge) qu\u2019il confirme que je travaillais au SD par ordre de Vichy (Platon, M\u00e9netrel). Il le savait.<br \/>\nQu\u2019il confirme tout le travail fait par moi contre l\u2019ambassade allemande (F. Ma\u00e7onne) et contre D\u00e9at. Il savait que mon r\u00f4le \u00e9tait de lancer les SS contre l\u2019ambassade et contre la franc-ma\u00e7onnerie collaborationniste parisienne.<br \/>\nQu\u2019il confirme que je lui passais tous les renseignements utiles pour lui dans le sens nationaliste fran\u00e7ais.<\/p>\n<p style=\"text-align: justify;\">2\u00b0\/ <u>Richard<\/u> commissaire (voir sa femme. \u00c9crire \u00e0 Margency (S&amp;O), Mme Richard. Pour la convoquer, la rencontrer et qu\u2019elle voit son mari \u00e0 ce sujet. Je crois que Richard est encore rue Cambac\u00e9r\u00e8s).<br \/>\nQu\u2019il confirme<\/p>\n<p style=\"padding-left: 40px; text-align: justify;\"><img loading=\"lazy\" class=\"alignright size-medium wp-image-1476\" src=\"http:\/\/monperejeanmamy.fr\/wp-content\/uploads\/2021\/03\/Proces-Temoins-a-decharge-P01a-219x300.jpg\" alt=\"\" width=\"219\" height=\"300\" srcset=\"https:\/\/monperejeanmamy.fr\/wp-content\/uploads\/2021\/03\/Proces-Temoins-a-decharge-P01a-219x300.jpg 219w, https:\/\/monperejeanmamy.fr\/wp-content\/uploads\/2021\/03\/Proces-Temoins-a-decharge-P01a-747x1024.jpg 747w, https:\/\/monperejeanmamy.fr\/wp-content\/uploads\/2021\/03\/Proces-Temoins-a-decharge-P01a-768x1053.jpg 768w, https:\/\/monperejeanmamy.fr\/wp-content\/uploads\/2021\/03\/Proces-Temoins-a-decharge-P01a-1120x1536.jpg 1120w, https:\/\/monperejeanmamy.fr\/wp-content\/uploads\/2021\/03\/Proces-Temoins-a-decharge-P01a.jpg 1276w\" sizes=\"(max-width: 219px) 100vw, 219px\" \/>a) <span style=\"text-decoration: underline;\">que je travaillais aux ordres de Platon et de M\u00e9netrel<\/span> (c\u2019est lui qui m\u2019a pr\u00e9sent\u00e9 M\u00e9netrel en 1941)<br \/>\nb) que j\u2019\u00e9tais au SD (avenue Foch) par ordre de Vichy (il le savait. Il savait que je passais les renseignements. Il connaissait mon activit\u00e9 polici\u00e8re et approuv\u00e9e de Vichy)<br \/>\nc) Que je lui remettais r\u00e9guli\u00e8rement des rapports et des renseignements pour M\u00e9netrel (Il \u00e9tait ma liaison principale)<\/p>\n<p style=\"text-align: justify;\">(lui demander s\u2019il veut bien t\u00e9moigner). On peut lui expliquer tr\u00e8s exactement la situation. Il fera l\u2019impossible pour moi.<\/p>\n<p style=\"text-align: justify;\">3\u00b0) <u>Bernard Fa\u00ff<\/u> (Trouver adresse Dammarie et \u00e0 Drancy. Voir sa secr\u00e9taire, Mlle Champetier de Ribes qui r\u00e9pond quelquefois au t\u00e9l\u00e9phone de B. Fa\u00ff, sinon par SVP)<br \/>\nQu\u2019il confirme<\/p>\n<p style=\"padding-left: 40px;\">a) Mon activit\u00e9 contre D\u00e9at<br \/>\nb) Les renseignements que je lui fournissais fr\u00e9quemment sur les milieux allemands pour les transmettre \u00e0 Vichy.<br \/>\nc) Mon attitude nettement fran\u00e7aise et anti-ambassade allemande<\/p>\n<p style=\"text-align: left;\"><img loading=\"lazy\" class=\"size-medium wp-image-1477 alignleft\" src=\"http:\/\/monperejeanmamy.fr\/wp-content\/uploads\/2021\/03\/Proces-Temoins-a-decharge-P01b-219x300.jpg\" alt=\"\" width=\"219\" height=\"300\" srcset=\"https:\/\/monperejeanmamy.fr\/wp-content\/uploads\/2021\/03\/Proces-Temoins-a-decharge-P01b-219x300.jpg 219w, https:\/\/monperejeanmamy.fr\/wp-content\/uploads\/2021\/03\/Proces-Temoins-a-decharge-P01b-747x1024.jpg 747w, https:\/\/monperejeanmamy.fr\/wp-content\/uploads\/2021\/03\/Proces-Temoins-a-decharge-P01b-768x1053.jpg 768w, https:\/\/monperejeanmamy.fr\/wp-content\/uploads\/2021\/03\/Proces-Temoins-a-decharge-P01b-1120x1536.jpg 1120w, https:\/\/monperejeanmamy.fr\/wp-content\/uploads\/2021\/03\/Proces-Temoins-a-decharge-P01b.jpg 1276w\" sizes=\"(max-width: 219px) 100vw, 219px\" \/>4\u00b0) <u>P\u00e8re Gorce<\/u>, couvent des Dominicains, rue du Fbg St Honor\u00e9 (je crois que c\u2019est le 22). Le voir. Lui parler de la situation. Que peut-on faire\u00a0?<\/p>\n<p style=\"text-align: justify;\">Il faut t\u00e2cher d\u2019intervenir aupr\u00e8s de Cottoni et d\u2019Olini [nom peu lisible].<\/p>\n<p style=\"text-align: justify; padding-left: 80px;\">1\u00b0 pour retarder le plus possible, 6 mois s\u2019il le faut<br \/>\n2\u00b0 pour \u00e9viter les t\u00e9moignages \u00e0 charge<\/p>\n<h1 style=\"text-align: justify;\">Un dr\u00f4le d&rsquo;oiseau<\/h1>\n<p style=\"text-align: justify;\">Le premier de ces t\u00e9moins \u00e0 d\u00e9charge, Richard de Grandmaison, ne lui sera pas vraiment favorable. Dans son deuxi\u00e8me essai politique fondamental, <em>Vers l\u2019altruisme autoritaire,<\/em> Jean Mamy d\u00e9crit avec son style de sc\u00e9nariste et de cin\u00e9aste et avec sa plume unique <a href=\"http:\/\/monperejeanmamy.fr\/?page_id=1481\">comment le sieur Grandmaison s\u2019est comport\u00e9<\/a> lors du proc\u00e8s et il raconte \u00ab sa \u00bb v\u00e9rit\u00e9 sur ses relations pendant l\u2019Occupation.<\/p>\n<p style=\"text-align: justify;\">\n","protected":false},"excerpt":{"rendered":"<p>Au moment de son proc\u00e8s, Jean Mamy mesure qu\u2019il aura \u00e0 faire face \u00e0 de nombreux t\u00e9moins, surtout des t\u00e9moins \u00e0 charge, mais aussi quelques t\u00e9moins qu\u2019il estime devoir lui \u00eatre favorables. Il dresse une liste comment\u00e9e de ceux qu\u2019il &hellip; <a href=\"https:\/\/monperejeanmamy.fr\/?page_id=1472\">Continuer la lecture <span class=\"meta-nav\">&rarr;<\/span><\/a><\/p>\n","protected":false},"author":2,"featured_media":10,"parent":0,"menu_order":0,"comment_status":"closed","ping_status":"closed","template":"","meta":[],"folder":[],"_links":{"self":[{"href":"https:\/\/monperejeanmamy.fr\/index.php?rest_route=\/wp\/v2\/pages\/1472"}],"collection":[{"href":"https:\/\/monperejeanmamy.fr\/index.php?rest_route=\/wp\/v2\/pages"}],"about":[{"href":"https:\/\/monperejeanmamy.fr\/index.php?rest_route=\/wp\/v2\/types\/page"}],"author":[{"embeddable":true,"href":"https:\/\/monperejeanmamy.fr\/index.php?rest_route=\/wp\/v2\/users\/2"}],"replies":[{"embeddable":true,"href":"https:\/\/monperejeanmamy.fr\/index.php?rest_route=%2Fwp%2Fv2%2Fcomments&post=1472"}],"version-history":[{"count":6,"href":"https:\/\/monperejeanmamy.fr\/index.php?rest_route=\/wp\/v2\/pages\/1472\/revisions"}],"predecessor-version":[{"id":1514,"href":"https:\/\/monperejeanmamy.fr\/index.php?rest_route=\/wp\/v2\/pages\/1472\/revisions\/1514"}],"wp:featuredmedia":[{"embeddable":true,"href":"https:\/\/monperejeanmamy.fr\/index.php?rest_route=\/wp\/v2\/media\/10"}],"wp:attachment":[{"href":"https:\/\/monperejeanmamy.fr\/index.php?rest_route=%2Fwp%2Fv2%2Fmedia&parent=1472"}],"wp:term":[{"taxonomy":"folder","embeddable":true,"href":"https:\/\/monperejeanmamy.fr\/index.php?rest_route=%2Fwp%2Fv2%2Ffolder&post=1472"}],"curies":[{"name":"wp","href":"https:\/\/api.w.org\/{rel}","templated":true}]}}