{"id":1488,"date":"2021-03-14T14:52:27","date_gmt":"2021-03-14T13:52:27","guid":{"rendered":"http:\/\/monperejeanmamy.fr\/?page_id=1488"},"modified":"2021-03-18T16:11:28","modified_gmt":"2021-03-18T15:11:28","slug":"les-aveux-interrogatoire-du-4-octobre-1944","status":"publish","type":"page","link":"https:\/\/monperejeanmamy.fr\/?page_id=1488","title":{"rendered":"Interrogatoire du 4 octobre 1944"},"content":{"rendered":"<p style=\"text-align: justify;\">Audition de Jean Mamy par le Commissaire de Police Jean Pouzelgues (Contr\u00f4le du territoire). Dossier dactylographi\u00e9 r\u00e9cup\u00e9r\u00e9 aux Archives Nationales, saisi et mis en page par Fr\u00e9d\u00e9ric-Georges Roux, dans lequel Jean Mamy fait des aveux complets sur ses activit\u00e9s de renseignement et de police au service du S.D. allemand, puis, vers la fin, explique comment ses attaques contre la Synarchie ont \u00e9t\u00e9 musel\u00e9es et, enfin exprime certains de ses regrets..<\/p>\n<p><img loading=\"lazy\" class=\"aligncenter size-full wp-image-1497\" src=\"http:\/\/monperejeanmamy.fr\/wp-content\/uploads\/2021\/03\/20060011-15-38-scaled-e1615730961507.jpg\" alt=\"\" width=\"2560\" height=\"1920\" srcset=\"https:\/\/monperejeanmamy.fr\/wp-content\/uploads\/2021\/03\/20060011-15-38-scaled-e1615730961507.jpg 2560w, https:\/\/monperejeanmamy.fr\/wp-content\/uploads\/2021\/03\/20060011-15-38-scaled-e1615730961507-300x225.jpg 300w, https:\/\/monperejeanmamy.fr\/wp-content\/uploads\/2021\/03\/20060011-15-38-scaled-e1615730961507-1024x768.jpg 1024w, https:\/\/monperejeanmamy.fr\/wp-content\/uploads\/2021\/03\/20060011-15-38-scaled-e1615730961507-768x576.jpg 768w, https:\/\/monperejeanmamy.fr\/wp-content\/uploads\/2021\/03\/20060011-15-38-scaled-e1615730961507-1536x1152.jpg 1536w, https:\/\/monperejeanmamy.fr\/wp-content\/uploads\/2021\/03\/20060011-15-38-scaled-e1615730961507-2048x1536.jpg 2048w, https:\/\/monperejeanmamy.fr\/wp-content\/uploads\/2021\/03\/20060011-15-38-scaled-e1615730961507-400x300.jpg 400w\" sizes=\"(max-width: 2560px) 100vw, 2560px\" \/><\/p>\n<a href=\"\/?pdfemb-serveurl=http%3A%2F%2Fmonperejeanmamy.fr%2Fwp-content%2Fuploads%2Fsecurepdfs%2F2021%2F03%2F1944-10-04-Audition-Mamy-par-Pouzelgues.pdf\" class=\"pdfemb-viewer\" style=\"\" data-width=\"max\" data-height=\"max\" data-mobile-width=\"500\"  data-scrollbar=\"none\" data-download=\"off\" data-tracking=\"on\" data-newwindow=\"on\" data-pagetextbox=\"off\" data-scrolltotop=\"off\" data-startzoom=\"100\" data-startfpzoom=\"100\" data-download-nonce=\"2286eb00fd\" data-disablerightclick=\"on\" data-toolbar=\"both\" data-toolbar-fixed=\"off\">1944 10 04 Audition Mamy par Pouzelgues<br\/><\/a>\n<p>&nbsp;<\/p>\n<p>&nbsp;<\/p>\n<p>&nbsp;<\/p>\n","protected":false},"excerpt":{"rendered":"<p>Audition de Jean Mamy par le Commissaire de Police Jean Pouzelgues (Contr\u00f4le du territoire). Dossier dactylographi\u00e9 r\u00e9cup\u00e9r\u00e9 aux Archives Nationales, saisi et mis en page par Fr\u00e9d\u00e9ric-Georges Roux, dans lequel Jean Mamy fait des aveux complets sur ses activit\u00e9s de &hellip; <a href=\"https:\/\/monperejeanmamy.fr\/?page_id=1488\">Continuer la lecture <span class=\"meta-nav\">&rarr;<\/span><\/a><\/p>\n","protected":false},"author":2,"featured_media":10,"parent":0,"menu_order":0,"comment_status":"closed","ping_status":"closed","template":"","meta":[],"folder":[],"_links":{"self":[{"href":"https:\/\/monperejeanmamy.fr\/index.php?rest_route=\/wp\/v2\/pages\/1488"}],"collection":[{"href":"https:\/\/monperejeanmamy.fr\/index.php?rest_route=\/wp\/v2\/pages"}],"about":[{"href":"https:\/\/monperejeanmamy.fr\/index.php?rest_route=\/wp\/v2\/types\/page"}],"author":[{"embeddable":true,"href":"https:\/\/monperejeanmamy.fr\/index.php?rest_route=\/wp\/v2\/users\/2"}],"replies":[{"embeddable":true,"href":"https:\/\/monperejeanmamy.fr\/index.php?rest_route=%2Fwp%2Fv2%2Fcomments&post=1488"}],"version-history":[{"count":11,"href":"https:\/\/monperejeanmamy.fr\/index.php?rest_route=\/wp\/v2\/pages\/1488\/revisions"}],"predecessor-version":[{"id":1552,"href":"https:\/\/monperejeanmamy.fr\/index.php?rest_route=\/wp\/v2\/pages\/1488\/revisions\/1552"}],"wp:featuredmedia":[{"embeddable":true,"href":"https:\/\/monperejeanmamy.fr\/index.php?rest_route=\/wp\/v2\/media\/10"}],"wp:attachment":[{"href":"https:\/\/monperejeanmamy.fr\/index.php?rest_route=%2Fwp%2Fv2%2Fmedia&parent=1488"}],"wp:term":[{"taxonomy":"folder","embeddable":true,"href":"https:\/\/monperejeanmamy.fr\/index.php?rest_route=%2Fwp%2Fv2%2Ffolder&post=1488"}],"curies":[{"name":"wp","href":"https:\/\/api.w.org\/{rel}","templated":true}]}}