{"id":1500,"date":"2021-03-14T17:28:24","date_gmt":"2021-03-14T16:28:24","guid":{"rendered":"http:\/\/monperejeanmamy.fr\/?page_id=1500"},"modified":"2021-04-04T08:56:49","modified_gmt":"2021-04-04T06:56:49","slug":"le-requisitoire-de-lavocat-general","status":"publish","type":"page","link":"https:\/\/monperejeanmamy.fr\/?page_id=1500","title":{"rendered":"Les attendus du commissaire du gouvernement"},"content":{"rendered":"<h2 style=\"text-align: center;\">Expos\u00e9 des motifs contre Mamy, dit \u00ab Paul Riche \u00bb,<br \/>\nDecan Jean et Fabres Louis (sic), 60 ans, infirmi\u00e8re<\/h2>\n<p style=\"text-align: justify;\">Si l\u2019on s\u2019en tient \u00e0 la <a href=\"http:\/\/monperejeanmamy.fr\/?page_id=1502\">presse<\/a>, il n\u2019y a aucun doute, Mamy est coupable, et bien coupable, de crimes odieux et impardonnables. Il m\u00e9rite la mort et d\u2019ailleurs il l\u2019aura, la gr\u00e2ce pr\u00e9sidentielle lui sera refus\u00e9e.<\/p>\n<p style=\"text-align: justify;\">Mais si l\u2019on admet que depuis la Lib\u00e9ration la presse fran\u00e7aise est totalement pass\u00e9e aux mains des r\u00e9sistants, et m\u00eame, \u00e0 part quelques exceptions mineures, aux mains des communistes qui ont su s\u2019en emparer dans des conditions pour le moins contestables, on est en droit de creuser un peu plus profond\u00e9ment pour tenter de savoir ce qui lui \u00e9tait vraiment reproch\u00e9, la r\u00e9alit\u00e9 des faits incrimin\u00e9s mais aussi d\u2019en appr\u00e9cier la gravit\u00e9.<\/p>\n<p style=\"text-align: justify;\">Ce qu\u2019on lui reproche officiellement est contenu dans le dossier d\u2019instruction en date du 2 mai 1947 du Commissaire adjoint du Gouvernement C\u00e9nac, par lequel Jean Mamy est d\u00e9f\u00e9r\u00e9 devant la Cour de justice dont le texte figure ci-dessous.<\/p>\n<h1 style=\"text-align: center;\">Dossier d&rsquo;instruction du 2 mai 1947<\/h1>\n<a href=\"\/?pdfemb-serveurl=http%3A%2F%2Fmonperejeanmamy.fr%2Fwp-content%2Fuploads%2Fsecurepdfs%2F2021%2F04%2F1947-05-02-Expose-des-motifs-Cenac.pdf\" class=\"pdfemb-viewer\" style=\"\" data-width=\"max\" data-height=\"max\" data-mobile-width=\"500\"  data-scrollbar=\"none\" data-download=\"off\" data-tracking=\"on\" data-newwindow=\"on\" data-pagetextbox=\"off\" data-scrolltotop=\"off\" data-startzoom=\"100\" data-startfpzoom=\"100\" data-download-nonce=\"148617f42c\" data-disablerightclick=\"on\" data-toolbar=\"both\" data-toolbar-fixed=\"off\">1947 05 02 Expos\u00e9 des motifs - C\u00e9nac<br\/><\/a>\n<p style=\"text-align: justify;\"><a href=\"#_ftnref1\" name=\"_ftn1\"><\/a><\/p>\n<p>&nbsp;<\/p>\n<p>&nbsp;<\/p>\n","protected":false},"excerpt":{"rendered":"<p>Expos\u00e9 des motifs contre Mamy, dit \u00ab Paul Riche \u00bb, Decan Jean et Fabres Louis (sic), 60 ans, infirmi\u00e8re Si l\u2019on s\u2019en tient \u00e0 la presse, il n\u2019y a aucun doute, Mamy est coupable, et bien coupable, de crimes odieux &hellip; <a href=\"https:\/\/monperejeanmamy.fr\/?page_id=1500\">Continuer la lecture <span class=\"meta-nav\">&rarr;<\/span><\/a><\/p>\n","protected":false},"author":2,"featured_media":10,"parent":0,"menu_order":0,"comment_status":"closed","ping_status":"closed","template":"","meta":[],"folder":[],"_links":{"self":[{"href":"https:\/\/monperejeanmamy.fr\/index.php?rest_route=\/wp\/v2\/pages\/1500"}],"collection":[{"href":"https:\/\/monperejeanmamy.fr\/index.php?rest_route=\/wp\/v2\/pages"}],"about":[{"href":"https:\/\/monperejeanmamy.fr\/index.php?rest_route=\/wp\/v2\/types\/page"}],"author":[{"embeddable":true,"href":"https:\/\/monperejeanmamy.fr\/index.php?rest_route=\/wp\/v2\/users\/2"}],"replies":[{"embeddable":true,"href":"https:\/\/monperejeanmamy.fr\/index.php?rest_route=%2Fwp%2Fv2%2Fcomments&post=1500"}],"version-history":[{"count":8,"href":"https:\/\/monperejeanmamy.fr\/index.php?rest_route=\/wp\/v2\/pages\/1500\/revisions"}],"predecessor-version":[{"id":1809,"href":"https:\/\/monperejeanmamy.fr\/index.php?rest_route=\/wp\/v2\/pages\/1500\/revisions\/1809"}],"wp:featuredmedia":[{"embeddable":true,"href":"https:\/\/monperejeanmamy.fr\/index.php?rest_route=\/wp\/v2\/media\/10"}],"wp:attachment":[{"href":"https:\/\/monperejeanmamy.fr\/index.php?rest_route=%2Fwp%2Fv2%2Fmedia&parent=1500"}],"wp:term":[{"taxonomy":"folder","embeddable":true,"href":"https:\/\/monperejeanmamy.fr\/index.php?rest_route=%2Fwp%2Fv2%2Ffolder&post=1500"}],"curies":[{"name":"wp","href":"https:\/\/api.w.org\/{rel}","templated":true}]}}