{"id":1553,"date":"2021-03-18T18:20:51","date_gmt":"2021-03-18T17:20:51","guid":{"rendered":"http:\/\/monperejeanmamy.fr\/?page_id=1553"},"modified":"2021-03-29T08:54:49","modified_gmt":"2021-03-29T06:54:49","slug":"confession-de-jean-mamy-1er-octobre-1944","status":"publish","type":"page","link":"https:\/\/monperejeanmamy.fr\/?page_id=1553","title":{"rendered":"Confession de Jean Mamy (1er octobre 1944)"},"content":{"rendered":"<p style=\"text-align: justify;\"><img loading=\"lazy\" class=\"alignright wp-image-1556\" src=\"http:\/\/monperejeanmamy.fr\/wp-content\/uploads\/2021\/03\/Dossier-611334-239x300.jpg\" alt=\"\" width=\"169\" height=\"208\" \/><\/p>\n<p style=\"text-align: justify;\">Afin que sa femme, Barbara et sa m\u00e8re soient remises en libert\u00e9, Jean Mamy se rendit le 23 septembre 1944 au groupe de F.F.I. du Commandant Cambon aupr\u00e8s duquel il fit volontairement une longue confession o\u00f9 il explique les raisons de son engagement politique, puis les conditions qui l\u2019ont conduit \u00e0 collaborer avec les Allemands :<\/p>\n<p style=\"text-align: justify;\"><em>\u00ab Il faut ici que j\u2019affirme une fois pour toutes que pas une minute pendant ces quatre ann\u00e9es <u>je n\u2019ai eu le sentiment de trahir la France en travaillant avec les Allemands<\/u>, m\u00eame pendant la p\u00e9riode la plus dure. Je n\u2019ai comme souci que le bien de mon pays. Il \u00e9tait vaincu. Il lui fallait retrouver sa place par la collaboration, mais une collaboration saine et non celle qu\u2019on nous a offerte.<br \/>\n<\/em><em>\u00a0\u00a0 C\u2019est l\u00e0 o\u00f9 il faut m\u2019expliquer longuement : l\u2019Allemagne a eu vis-\u00e0-vis de la France une politique peut-\u00eatre loyale au d\u00e9but mais lamentable dans l\u2019ensemble. Deux courants se dessinaient : celui du parti National-Socialiste, celui de l\u2019Ambassade. Cette derni\u00e8re traitait avec tous les pourris de la collaboration, Luchaire, D\u00e9at, Laval, etc\u2026). Elle refusait le contact avec la France r\u00e9elle, avec <u>l\u2019Arm\u00e9e Fran\u00e7aise<\/u>. Il y avait un foss\u00e9 que les Anglo-Am\u00e9ricains s\u2019acharn\u00e8rent \u00e0 \u00e9largir.<br \/>\n<\/em><em>D\u2019autre part les S.S. me semblaient sinc\u00e8rement des hommes propres du r\u00e9gime. Je parle en toute loyaut\u00e9. Tant pis si je me trompe. Je dis ce que je croyais.<br \/>\n<\/em><em>Entre l\u2019Angleterre d\u00e9mocrate (r\u00e9gime faible), la Russie sovi\u00e9tique (\u00e9pouvantable monstre), la France de Vichy (r\u00e9actionnaire et sans efficience) et le fascisme europ\u00e9en, que pouvait faire un fran\u00e7ais \u00e9pris de socialisme autoritaire, d\u2019amour de sa patrie\u00a0?<br \/>\n<\/em><em>S\u2019accorder avec ceux qui, ennemis de la veille peut-\u00eatre, repr\u00e9sentaient <u>l\u2019id\u00e9e juste<\/u>. \u00bb<\/em><\/p>\n<p>Il d\u00e9crit ensuite par le d\u00e9tail la quinzaine d\u2019affaires sur lesquelles il a\u00a0 enqu\u00eat\u00e9 :<\/p>\n<p style=\"text-align: justify;\"><u>\u00ab\u00a0\u00a0 Je<em> crois avoir \u00e9t\u00e9 responsable en tout en deux ans de quinze arrestations au maximum<\/em><\/u><em> (voir plus loin pour d\u2019autres arrestations) parmi lesquelles je revendique toutes celles des communistes car j\u2019ai cru servir mon pays.<br \/>\n<\/em><em>\u00a0\u00a0 Pour les autres, elles sont malheureuses, mais ces hommes d\u2019autres nuances \u00e9taient les alli\u00e9s des communistes. C\u2019est pour cela que je me suis battu contre eux.<\/em>[\u2026]<br \/>\n<em>\u00a0\u00a0 Si j\u2019ai lutt\u00e9, non pas seulement par la plume, mais efficacement, c\u2019est que le seul m\u00e9tier de journaliste me semble scandaleux en temps de guerre.<br \/>\n<\/em><em>\u00a0\u00a0 J\u2019ai v\u00e9cu pendant quatre ann\u00e9es sous les lettres d\u2019injures et de menaces de mort. Je n\u2019ai jamais r\u00e9pondu, mais quand j\u2019ai vu mes camarades tomber sous les balles, j\u2019ai t\u00e2ch\u00e9 d\u2019arr\u00eater les agresseurs.<br \/>\n<\/em><em>Je n\u2019ai pas conscience d\u2019avoir <u>d\u00e9nonc\u00e9<\/u> quelqu\u2019un. [\u2026] J\u2019ai donn\u00e9 des renseignements \u00e0 des amis politiques : les S.S. que je ne peux arriver malgr\u00e9 les pr\u00e9jug\u00e9s \u00e0 consid\u00e9rer comme des ennemis de la France. Je crois qu\u2019on s\u2019est tromp\u00e9 des deux c\u00f4t\u00e9s. Il y avait des possibilit\u00e9s d\u2019entente, les politiciens Laval, Abetz, D\u00e9at\u2026 ont fait tout le mal, les mitrailleurs ont fait le reste.\u00bb<\/em><\/p>\n<p><img loading=\"lazy\" class=\"alignleft wp-image-1555\" src=\"http:\/\/monperejeanmamy.fr\/wp-content\/uploads\/2021\/03\/Confession-300x146.jpg\" alt=\"\" width=\"339\" height=\"171\" \/><\/p>\n<p style=\"text-align: justify;\">Confession de Jean Mamy, dit Paul Riche, dit Jean Dumas, faite le 1<sup>er<\/sup> octobre 1944 issue du dossier n\u00b0611334 consult\u00e9 aux Archives Nationales, saisi et mis en page par Fr\u00e9d\u00e9ric-Georges Roux<\/p>\n<a href=\"\/?pdfemb-serveurl=http%3A%2F%2Fmonperejeanmamy.fr%2Fwp-content%2Fuploads%2Fsecurepdfs%2F2021%2F03%2F1944-10-01-Confession-Jean-Mamy.pdf\" class=\"pdfemb-viewer\" style=\"\" data-width=\"max\" data-height=\"max\" data-mobile-width=\"500\"  data-scrollbar=\"none\" data-download=\"off\" data-tracking=\"on\" data-newwindow=\"on\" data-pagetextbox=\"off\" data-scrolltotop=\"off\" data-startzoom=\"100\" data-startfpzoom=\"100\" data-download-nonce=\"7a13b0c564\" data-disablerightclick=\"on\" data-toolbar=\"both\" data-toolbar-fixed=\"off\">1944 10 01 Confession Jean Mamy<br\/><\/a>\n","protected":false},"excerpt":{"rendered":"<p>Afin que sa femme, Barbara et sa m\u00e8re soient remises en libert\u00e9, Jean Mamy se rendit le 23 septembre 1944 au groupe de F.F.I. du Commandant Cambon aupr\u00e8s duquel il fit volontairement une longue confession o\u00f9 il explique les raisons &hellip; <a href=\"https:\/\/monperejeanmamy.fr\/?page_id=1553\">Continuer la lecture <span class=\"meta-nav\">&rarr;<\/span><\/a><\/p>\n","protected":false},"author":2,"featured_media":10,"parent":0,"menu_order":0,"comment_status":"closed","ping_status":"closed","template":"","meta":[],"folder":[],"_links":{"self":[{"href":"https:\/\/monperejeanmamy.fr\/index.php?rest_route=\/wp\/v2\/pages\/1553"}],"collection":[{"href":"https:\/\/monperejeanmamy.fr\/index.php?rest_route=\/wp\/v2\/pages"}],"about":[{"href":"https:\/\/monperejeanmamy.fr\/index.php?rest_route=\/wp\/v2\/types\/page"}],"author":[{"embeddable":true,"href":"https:\/\/monperejeanmamy.fr\/index.php?rest_route=\/wp\/v2\/users\/2"}],"replies":[{"embeddable":true,"href":"https:\/\/monperejeanmamy.fr\/index.php?rest_route=%2Fwp%2Fv2%2Fcomments&post=1553"}],"version-history":[{"count":5,"href":"https:\/\/monperejeanmamy.fr\/index.php?rest_route=\/wp\/v2\/pages\/1553\/revisions"}],"predecessor-version":[{"id":1650,"href":"https:\/\/monperejeanmamy.fr\/index.php?rest_route=\/wp\/v2\/pages\/1553\/revisions\/1650"}],"wp:featuredmedia":[{"embeddable":true,"href":"https:\/\/monperejeanmamy.fr\/index.php?rest_route=\/wp\/v2\/media\/10"}],"wp:attachment":[{"href":"https:\/\/monperejeanmamy.fr\/index.php?rest_route=%2Fwp%2Fv2%2Fmedia&parent=1553"}],"wp:term":[{"taxonomy":"folder","embeddable":true,"href":"https:\/\/monperejeanmamy.fr\/index.php?rest_route=%2Fwp%2Fv2%2Ffolder&post=1553"}],"curies":[{"name":"wp","href":"https:\/\/api.w.org\/{rel}","templated":true}]}}