{"id":1579,"date":"2021-03-26T10:50:09","date_gmt":"2021-03-26T09:50:09","guid":{"rendered":"http:\/\/monperejeanmamy.fr\/?page_id=1579"},"modified":"2021-03-26T10:50:09","modified_gmt":"2021-03-26T09:50:09","slug":"le-complot-synarchique","status":"publish","type":"page","link":"https:\/\/monperejeanmamy.fr\/?page_id=1579","title":{"rendered":"Le \u00ab complot synarchique \u00bb"},"content":{"rendered":"<p style=\"text-align: justify;\">Le terme de Synarchie a \u00e9t\u00e9 beaucoup utilis\u00e9 au d\u00e9but des ann\u00e9es 1940, pour \u00e9voquer un complot cherchant \u00e0 imposer \u00e0 la France un gouvernement technocratique. Ce th\u00e8me appara\u00eet dans des livres, journaux, notes personnelles et circulantes, etc.<\/p>\n<blockquote>\n<p style=\"text-align: justify;\"><em>\u00ab Les r\u00e9actionnaires, partisans d&rsquo;un retour \u00e0 l&rsquo;ordre moral, s&rsquo;opposaient aux technocrates. Cela aboutit \u00e0 la d\u00e9nonciation par les anciens de la Cagoule et de l&rsquo;Action fran\u00e7aise, associ\u00e9s pour le coup aux collaborationnistes et notamment \u00e0 Marcel D\u00e9at, d&rsquo;un pr\u00e9tendu \u00ab <\/em>complot synarchique<em> \u00bb, foment\u00e9 par les anciens d&rsquo;X-Crise, des financiers proches de la banque Worms et d&rsquo;une partie de l&rsquo;entourage de l&rsquo;amiral Darlan, comme des membres de son gouvernement. Le complot fut accus\u00e9, p\u00eale-m\u00eale, d&rsquo;\u00eatre responsable de l&rsquo;\u00e9viction de Pierre Laval en d\u00e9cembre 1940, d&rsquo;avoir fait \u00e9chouer Montoire, de prot\u00e9ger les int\u00e9r\u00eats des Juifs, des financiers, des grands patrons et pour finir d&rsquo;\u00eatre responsable de l&rsquo;\u00e9chec de la R\u00e9volution nationale.<\/em> \u00bb<\/p>\n<p style=\"text-align: justify;\">Nicolas Beaupr\u00e9, Les Grandes Guerres, p. 827-828<\/p>\n<\/blockquote>\n<h1 style=\"text-align: justify;\">Contexte politique<\/h1>\n<p style=\"text-align: justify;\">En mai 1941, le mar\u00e9chal P\u00e9tain re\u00e7oit un dossier qui pr\u00e9tend exposer \u00ab\u00a0<em>l&rsquo;existence et l&rsquo;activit\u00e9 d&rsquo;une soci\u00e9t\u00e9 secr\u00e8te intitul\u00e9e Mouvement Synarchique d&rsquo;Empire (MSE).<\/em> \u00bb<\/p>\n<p style=\"text-align: justify;\">En juillet, le \u00ab <em>Rapport Chavin<\/em> \u00bb pr\u00e9sente le complot synarchique comme une tentative du capitalisme international pour <em>\u00ab assujettir les \u00e9conomies des diff\u00e9rents pays \u00e0 un contr\u00f4le unique et antid\u00e9mocratique exerc\u00e9 par les groupes de la haute banque<\/em> \u00bb.<\/p>\n<p style=\"text-align: justify;\">Ce rapport d\u00e9nonce le MSE dans un document lui-m\u00eame intitul\u00e9 \u00ab <em>Pacte synarchiste r\u00e9volutionnaire pour l&#8217;empire fran\u00e7ais<\/em> \u00bb d\u00e9couvert peu de temps auparavant au domicile de l&rsquo;ing\u00e9nieur Jean Coutrot (qui s&rsquo;est suicid\u00e9 en se d\u00e9fenestrant le matin du 19 mai 1941).<\/p>\n<p style=\"text-align: justify;\">Ce pacte est un document comportant 598 propositions articul\u00e9es autour de 13 principes fondamentaux destin\u00e9 \u00e0 amener un nouveau syst\u00e8me politique.<\/p>\n<p style=\"text-align: justify;\">Toujours en 1941, la presse collaborationniste de Paris, qui a eu vent de l&rsquo;affaire, reproche \u00e0 la Synarchie d&rsquo;avoir voulu saboter les accords de l&rsquo;entrevue de Montoire et d&rsquo;\u00eatre inf\u00e9od\u00e9e \u00e0 la Grande-Bretagne et aux USA. Marcel D\u00e9at, directeur de <em>L&rsquo;\u0152uvre<\/em>, s&rsquo;en prend \u00e0 l&rsquo;amiral Fran\u00e7ois Darlan, responsable selon lui de l&rsquo;\u00e9viction de Laval et \u00e9voque les liens entre plusieurs membres du cabinet Darlan et la banque Worms.<\/p>\n<h2>Le mythe synarchique \u00e0 la Lib\u00e9ration<\/h2>\n<p style=\"text-align: justify;\">Dans l&rsquo;imm\u00e9diate apr\u00e8s-guerre, le \u00ab Pacte \u00bb est publi\u00e9 int\u00e9gralement par Raoul Husson dans <em>l&rsquo;ouvrage Synarchie, panorama de 25 ann\u00e9es d\u2019activit\u00e9s occultes <\/em>(1946). Alfred Sauvy \u00e9met l&rsquo;hypoth\u00e8se que \u00ab <em>peu avant la guerre, Husson, en difficult\u00e9 de divers c\u00f4t\u00e9s, est saisi par le mot, si \u00e9vocateur, de \u00ab <\/em>synarchie<em> \u00bb et r\u00e9dige lui-m\u00eame le pacte, ce qui explique l&rsquo;absence de nom d&rsquo;auteur et de date<\/em>. \u00bb<\/p>\n<p style=\"text-align: justify;\">En 1944, les Renseignements g\u00e9n\u00e9raux incluent dans la Synarchie certains gaullistes, radicaux ou r\u00e9sistants ralli\u00e9s au G\u00e9n\u00e9ral de Gaulle.<\/p>\n<p style=\"text-align: justify;\">\u00c0 la Lib\u00e9ration, la Synarchie est d\u00e9sign\u00e9e par certains r\u00e9sistants comme la cause de la d\u00e9faite de l\u2019Arm\u00e9e fran\u00e7aise en 1940. En outre, cette d\u00e9faite aurait \u00e9t\u00e9 pr\u00e9par\u00e9e de longue date pour amener le mar\u00e9chal P\u00e9tain et sa R\u00e9volution nationale au pouvoir.<\/p>\n<p style=\"text-align: justify;\">Apr\u00e8s la Lib\u00e9ration, la presse communiste affirmera que la Synarchie, d\u00e9sign\u00e9e comme organisation \u00ab r\u00e9actionnaire et fasciste \u00bb, avait infiltr\u00e9 la R\u00e9sistance afin de permettre aux vaincus de conserver leur influence en coulisse et de se soustraire au ch\u00e2timent malgr\u00e9 leur forfaiture. L&rsquo;historienne communiste Annie Lacroix-Riz d\u00e9fend la th\u00e9orie qu&rsquo;une partie des \u00e9lites fran\u00e7aises aurait mis en application le slogan \u00ab <em>plut\u00f4t Hitler que le Front populaire<\/em> \u00bb.<\/p>\n<h2 style=\"text-align: justify;\">Le mythe politique apr\u00e8s-guerre<\/h2>\n<p style=\"text-align: justify;\">Les historiens contemporains consid\u00e8rent la synarchie comme un mythe.<\/p>\n<p style=\"text-align: justify;\">Cependant, le mythe de la Synarchie, soci\u00e9t\u00e9 secr\u00e8te dot\u00e9e de gigantesques pouvoirs occultes, demeure pr\u00e9gnant dans certains milieux politiques de droite comme de gauche.<\/p>\n<p style=\"text-align: justify;\">Selon un auteur catholique et antima\u00e7onnique (pseudonyme A.G. Michel), le \u00ab <em>Pacte synarchiste<\/em> \u00bb, r\u00e9dig\u00e9 en 1936, devient un agenda politique r\u00e9el \u00e0 partir de 1945 \u00e0 la conf\u00e9rence de Yalta. Ses mots d&rsquo;ordres seraient ceux qu&rsquo;ont propag\u00e9s en France la franc-ma\u00e7onnerie la\u00efciste et socialiste du Grand Orient de France.<\/p>\n<p style=\"text-align: justify;\">L&rsquo;ex-cagoulard et vichysto-r\u00e9sistant Henri Martin transmet sa croyance \u00e0 son gendre, l&rsquo;\u00e9crivain d&rsquo;extr\u00eame droite Pierre de Villemarest qui consid\u00e8re la nouvelle politique \u00e9conomique en URSS, le fascisme en Italie, le nazisme en Allemagne, le New Deal aux \u00c9tats-Unis et la R\u00e9volution nationale en France comme des ph\u00e9nom\u00e8nes semblables, provoqu\u00e9s simultan\u00e9ment par la Synarchie, li\u00e9e \u00e0 des hautes loges ma\u00e7onnique.<\/p>\n<p style=\"text-align: justify;\">Roger Mennev\u00e9e soutient que la Synarchie est un centre de d\u00e9cision unique et mondial, une des \u00ab <em>forces occultes qui m\u00e8nent le monde.<\/em> \u00bb Selon cet essayiste, il y aurait un \u00ab p\u00f4le Protestant \u00bb dirig\u00e9 par des anglo-saxons et des nordiques, un \u00ab p\u00f4le Catholico-Synarchiste \u00bb r\u00e9unissant les int\u00e9r\u00eats financiers concentr\u00e9s autour de l\u2019\u00c9glise et un \u00ab p\u00f4le Communiste \u00bb tendant \u00e0 d\u00e9poss\u00e9der les deux premiers de leur pr\u00e9dominance. Il y voit l&rsquo;action occulte des j\u00e9suites.<\/p>\n<p style=\"text-align: justify;\">En 1955, dans la revue <em>Contre-Couran<\/em>t de l&rsquo;anarchiste Louis Louvet, Paul Rassinier publie un article intitul\u00e9 \u00ab <em>Le Parlement aux mains des banques<\/em> \u00bb, o\u00f9 il v\u00e9hicule la th\u00e9orie conspirationniste de la \u00ab synarchie \u00bb.<\/p>\n<p style=\"text-align: justify;\">Militante au P\u00f4le de renaissance communiste en France, l&rsquo;historienne marxiste-l\u00e9niniste Annie Lacroix-Riz tente d&rsquo;accr\u00e9diter la th\u00e9orie du complot synarchique en affirmant que \u00ab les synarques \u00bb n&rsquo;auraient pas eu pour but de ruiner la R\u00e9volution nationale du mar\u00e9chal P\u00e9tain mais repr\u00e9senteraient les int\u00e9r\u00eats de groupes financiers et d&rsquo;organismes patronaux li\u00e9s \u00e0 des groupes ou organismes allemands souhaitant comme leurs homologues d&rsquo;outre-Rhin l&rsquo;instauration d&rsquo;un r\u00e9gime fasciste.<\/p>\n<p style=\"text-align: justify;\">En revanche, l&rsquo;historien Olivier Dard observe que les ouvrages d&rsquo;Annie Lacroix-Riz sur le sujet rel\u00e8vent \u00ab <em>d&rsquo;un discours anticapitaliste d&rsquo;extr\u00eame gauche qui instruit \u00e0 travers la synarchie le proc\u00e8s traditionnel du \u00ab grand capital \u00bb et des \u00e9lites<\/em> \u00bb et rend ses \u00e9crits peu cr\u00e9dibles.<\/p>\n","protected":false},"excerpt":{"rendered":"<p>Le terme de Synarchie a \u00e9t\u00e9 beaucoup utilis\u00e9 au d\u00e9but des ann\u00e9es 1940, pour \u00e9voquer un complot cherchant \u00e0 imposer \u00e0 la France un gouvernement technocratique. Ce th\u00e8me appara\u00eet dans des livres, journaux, notes personnelles et circulantes, etc. \u00ab Les &hellip; <a href=\"https:\/\/monperejeanmamy.fr\/?page_id=1579\">Continuer la lecture <span class=\"meta-nav\">&rarr;<\/span><\/a><\/p>\n","protected":false},"author":2,"featured_media":1140,"parent":0,"menu_order":0,"comment_status":"closed","ping_status":"closed","template":"","meta":[],"folder":[],"_links":{"self":[{"href":"https:\/\/monperejeanmamy.fr\/index.php?rest_route=\/wp\/v2\/pages\/1579"}],"collection":[{"href":"https:\/\/monperejeanmamy.fr\/index.php?rest_route=\/wp\/v2\/pages"}],"about":[{"href":"https:\/\/monperejeanmamy.fr\/index.php?rest_route=\/wp\/v2\/types\/page"}],"author":[{"embeddable":true,"href":"https:\/\/monperejeanmamy.fr\/index.php?rest_route=\/wp\/v2\/users\/2"}],"replies":[{"embeddable":true,"href":"https:\/\/monperejeanmamy.fr\/index.php?rest_route=%2Fwp%2Fv2%2Fcomments&post=1579"}],"version-history":[{"count":1,"href":"https:\/\/monperejeanmamy.fr\/index.php?rest_route=\/wp\/v2\/pages\/1579\/revisions"}],"predecessor-version":[{"id":1580,"href":"https:\/\/monperejeanmamy.fr\/index.php?rest_route=\/wp\/v2\/pages\/1579\/revisions\/1580"}],"wp:featuredmedia":[{"embeddable":true,"href":"https:\/\/monperejeanmamy.fr\/index.php?rest_route=\/wp\/v2\/media\/1140"}],"wp:attachment":[{"href":"https:\/\/monperejeanmamy.fr\/index.php?rest_route=%2Fwp%2Fv2%2Fmedia&parent=1579"}],"wp:term":[{"taxonomy":"folder","embeddable":true,"href":"https:\/\/monperejeanmamy.fr\/index.php?rest_route=%2Fwp%2Fv2%2Ffolder&post=1579"}],"curies":[{"name":"wp","href":"https:\/\/api.w.org\/{rel}","templated":true}]}}