{"id":1588,"date":"2021-03-26T17:06:11","date_gmt":"2021-03-26T16:06:11","guid":{"rendered":"http:\/\/monperejeanmamy.fr\/?page_id=1588"},"modified":"2024-01-18T16:18:12","modified_gmt":"2024-01-18T15:18:12","slug":"jean-mamy-sattaque-aux-francs_macons","status":"publish","type":"page","link":"https:\/\/monperejeanmamy.fr\/?page_id=1588","title":{"rendered":"Jean Mamy s&rsquo;attaque aux francs-ma\u00e7ons"},"content":{"rendered":"<div id=\"page\" class=\"hfeed\">\n<div id=\"main\">\n<div id=\"primary\">\n<p style=\"text-align: justify;\">En juin 1942, Jean Mamy d\u00e9couvre une circulaire d\u2019origine franc-ma\u00e7onne qui l\u2019intrigue et dont il alerte Henri Coston qui relate cet \u00e9v\u00e8nement dans son ouvrage <em>Les Francs-ma\u00e7ons sous la francisque<\/em> :<\/p>\n<blockquote>\n<p style=\"text-align: justify;\">\u00ab\u00a0Le 20 juin 1942, <em>d\u00e9clare le F.\u02d9. Louis Villard<\/em>, une circulaire a \u00e9t\u00e9 distribu\u00e9e \u00e0 tous les V\u00e9n\u00e9rables de la r\u00e9gion parisienne. Imm\u00e9diatement, on est venu en rechercher la fabrication chez moi. Vous pensez bien qu&rsquo;elle ne sortait pas de l\u00e0. Lorsque les policiers m&rsquo;ont rel\u00e2ch\u00e9 et que je suis remont\u00e9 \u00e0 ma maison, j&rsquo;ai trouv\u00e9 le F.\u02d9. Levesque qui m apportait cette circulaire, qui m&rsquo;\u00e9tait inconnue et qui paraissait sous le signe de <em>Salut et fraternit\u00e9<\/em> \u00bb.<\/p>\n<p style=\"text-align: justify;\">\u00ab Cette circulaire clandestine intrigua beaucoup les milieux p\u00e9tainistes. Nous avons eu du mal \u00e0 nous procurer le texte complet de ce document, dont les sp\u00e9cialistes des soci\u00e9t\u00e9s secr\u00e8tes install\u00e9s rue Cadet et rue Puteaux avaient eu connaissance presque aussit\u00f4t. \u00bb<\/p>\n<\/blockquote>\n<p style=\"text-align: justify;\">Dans ses Souvenirs (encore in\u00e9dits), Henry Coston explique comment il fut inform\u00e9 de l&rsquo;\u00e9v\u00e9nement\u00a0:<\/p>\n<blockquote>\n<p style=\"text-align: justify;\">\u00ab\u00a0Un jour de juin 1942, je re\u00e7us un coup de fil du journaliste Paul Riche, r\u00e9dacteur \u00e0 <em>L&rsquo;Appel<\/em>, qui me dit avoir un document exceptionnel \u00e0 me communiquer. Rendez-vous fut pris aussit\u00f4t, et mon confr\u00e8re m&rsquo;apporta la circulaire ma\u00e7onnique qu&rsquo;il venait de recevoir \u00e0 son domicile :<\/p>\n<p style=\"text-align: justify;\">\u00ab\u00a0\u2014 Vous savez, <em>me dit-il<\/em>, que je suis l&rsquo;ancien V\u00e9n\u00e9rable de la loge Ernest Renan. \u00c0 ce titre, mon nom et mon adresse figurent sur le dernier annuaire du Grand Orient. Or, hier, j&rsquo;ai re\u00e7u ce papier chez moi. Vous devez pouvoir en faire votre profit&#8230;<\/p>\n<p style=\"text-align: justify;\">\u00ab Le fait est que le document \u00e9tait particuli\u00e8rement int\u00e9ressant et j&rsquo;en ai publi\u00e9, dans mon Bulletin d&rsquo;information, les passages essentiels. \u00bb<\/p>\n<\/blockquote>\n<h1><em>Les documents ma\u00e7onniques<\/em><\/h1>\n<\/div>\n<\/div>\n<\/div>\n<p style=\"text-align: justify;\"><img loading=\"lazy\" class=\"alignleft size-medium wp-image-1308\" src=\"http:\/\/monperejeanmamy.fr\/wp-content\/uploads\/2021\/03\/LDM-1943-12-p861-234x300.jpg\" alt=\"\" width=\"234\" height=\"300\" srcset=\"https:\/\/monperejeanmamy.fr\/wp-content\/uploads\/2021\/03\/LDM-1943-12-p861-234x300.jpg 234w, https:\/\/monperejeanmamy.fr\/wp-content\/uploads\/2021\/03\/LDM-1943-12-p861-799x1024.jpg 799w, https:\/\/monperejeanmamy.fr\/wp-content\/uploads\/2021\/03\/LDM-1943-12-p861-768x984.jpg 768w, https:\/\/monperejeanmamy.fr\/wp-content\/uploads\/2021\/03\/LDM-1943-12-p861-1199x1536.jpg 1199w, https:\/\/monperejeanmamy.fr\/wp-content\/uploads\/2021\/03\/LDM-1943-12-p861.jpg 1282w\" sizes=\"(max-width: 234px) 100vw, 234px\" \/><\/p>\n<p style=\"text-align: justify;\">Paul Riche sera fr\u00e9quemment cit\u00e9 dans <em>Les documents ma\u00e7onniques<\/em> dirig\u00e9s par Bernard Fa\u00ff.<\/p>\n<p style=\"text-align: justify;\">Il y signera m\u00eame dans le n\u00b03 de d\u00e9cembre 1943, un long article de 6 pages intitul\u00e9 \u00ab <em>Les soci\u00e9t\u00e9s parama\u00e7onniques en France , 1820-1852<\/em> \u00bb.<\/p>\n<p style=\"text-align: justify;\">Pendant ses ann\u00e9es de captivit\u00e9 \u00e0 Fresnes, Jean Mamy r\u00e9digera une trentaine de pages d&rsquo;une \u00ab <a href=\"http:\/\/monperejeanmamy.fr\/?page_id=186\"><em>Histoire de la Franc-ma\u00e7onnerie<\/em><\/a> \u00bb.<\/p>\n<h1 style=\"text-align: justify;\"><em>Forces Occultes<\/em><\/h1>\n<p style=\"text-align: justify;\">En juillet 1941, Jacques de Boistel, de retour d\u2019Allemagne, est charg\u00e9 par Bernard Fa\u00ff de r\u00e9unir les \u00e9l\u00e9ments d\u2019un film de<strong> propagande anti-ma\u00e7onnique<\/strong>. Jean Marqu\u00e8s-Rivi\u00e8re r\u00e9dige le sc\u00e9nario et Jean Mamy le r\u00e9alise sous le pseudonyme de Paul Riche. Si Marqu\u00e8s-Rivi\u00e8re a quitt\u00e9 la Ma\u00e7onnerie bien avant 1939, Jean Mamy \u00e9tait encore en 1940 le v\u00e9n\u00e9rable de la Loge Ernest Renan, et c\u2019est lui que, dans une de ses interventions au convent de 1945, le F.\u00b7. Villard qualifia de \u00ab <em>premier tra\u00eetre de chez nous<\/em> \u00bb.<\/p>\n<p style=\"text-align: justify;\"><a href=\"http:\/\/monperejeanmamy.fr\/?page_id=191\"><em>Forces occultes<\/em><\/a>, sorti sur les \u00e9crans en 1943, sera le dernier film de Jean Mamy, sans doute le seul que la m\u00e9moire collective lui attribue<\/p>\n<div id=\"page\" class=\"hfeed\">\n<div id=\"main\">\n<div id=\"primary\">\n<div id=\"content\" role=\"main\"><\/div>\n<\/div>\n<\/div>\n<\/div>\n","protected":false},"excerpt":{"rendered":"<p>En juin 1942, Jean Mamy d\u00e9couvre une circulaire d\u2019origine franc-ma\u00e7onne qui l\u2019intrigue et dont il alerte Henri Coston qui relate cet \u00e9v\u00e8nement dans son ouvrage Les Francs-ma\u00e7ons sous la francisque : \u00ab\u00a0Le 20 juin 1942, d\u00e9clare le F.\u02d9. Louis Villard, &hellip; <a href=\"https:\/\/monperejeanmamy.fr\/?page_id=1588\">Continuer la lecture <span class=\"meta-nav\">&rarr;<\/span><\/a><\/p>\n","protected":false},"author":2,"featured_media":1140,"parent":0,"menu_order":0,"comment_status":"closed","ping_status":"closed","template":"","meta":[],"folder":[],"_links":{"self":[{"href":"https:\/\/monperejeanmamy.fr\/index.php?rest_route=\/wp\/v2\/pages\/1588"}],"collection":[{"href":"https:\/\/monperejeanmamy.fr\/index.php?rest_route=\/wp\/v2\/pages"}],"about":[{"href":"https:\/\/monperejeanmamy.fr\/index.php?rest_route=\/wp\/v2\/types\/page"}],"author":[{"embeddable":true,"href":"https:\/\/monperejeanmamy.fr\/index.php?rest_route=\/wp\/v2\/users\/2"}],"replies":[{"embeddable":true,"href":"https:\/\/monperejeanmamy.fr\/index.php?rest_route=%2Fwp%2Fv2%2Fcomments&post=1588"}],"version-history":[{"count":5,"href":"https:\/\/monperejeanmamy.fr\/index.php?rest_route=\/wp\/v2\/pages\/1588\/revisions"}],"predecessor-version":[{"id":3200,"href":"https:\/\/monperejeanmamy.fr\/index.php?rest_route=\/wp\/v2\/pages\/1588\/revisions\/3200"}],"wp:featuredmedia":[{"embeddable":true,"href":"https:\/\/monperejeanmamy.fr\/index.php?rest_route=\/wp\/v2\/media\/1140"}],"wp:attachment":[{"href":"https:\/\/monperejeanmamy.fr\/index.php?rest_route=%2Fwp%2Fv2%2Fmedia&parent=1588"}],"wp:term":[{"taxonomy":"folder","embeddable":true,"href":"https:\/\/monperejeanmamy.fr\/index.php?rest_route=%2Fwp%2Fv2%2Ffolder&post=1588"}],"curies":[{"name":"wp","href":"https:\/\/api.w.org\/{rel}","templated":true}]}}