{"id":160,"date":"2021-02-14T17:22:39","date_gmt":"2021-02-14T16:22:39","guid":{"rendered":"http:\/\/monperejeanmamy.fr\/?page_id=160"},"modified":"2021-03-06T15:10:19","modified_gmt":"2021-03-06T14:10:19","slug":"lenfance-sous-les-armes","status":"publish","type":"page","link":"https:\/\/monperejeanmamy.fr\/?page_id=160","title":{"rendered":"L&rsquo;enfance sous les armes"},"content":{"rendered":"<p style=\"text-align: justify;\">L&rsquo;enfance sous les armes est un roman qui raconte la jeunesse d&rsquo;un enfant, nomm\u00e9 Jean Larsan, n\u00e9 au d\u00e9but du 20\u00e8me si\u00e8cle en Savoie, dont le p\u00e8re s&rsquo;appelait Charles et la m\u00e8re Marie.<\/p>\n<p><img loading=\"lazy\" class=\"aligncenter size-full wp-image-161\" src=\"http:\/\/monperejeanmamy.fr\/wp-content\/uploads\/2021\/02\/Enface-manuscrit-extrait-page-3.jpg\" alt=\"\" width=\"1051\" height=\"695\" srcset=\"https:\/\/monperejeanmamy.fr\/wp-content\/uploads\/2021\/02\/Enface-manuscrit-extrait-page-3.jpg 1051w, https:\/\/monperejeanmamy.fr\/wp-content\/uploads\/2021\/02\/Enface-manuscrit-extrait-page-3-300x198.jpg 300w, https:\/\/monperejeanmamy.fr\/wp-content\/uploads\/2021\/02\/Enface-manuscrit-extrait-page-3-1024x677.jpg 1024w, https:\/\/monperejeanmamy.fr\/wp-content\/uploads\/2021\/02\/Enface-manuscrit-extrait-page-3-768x508.jpg 768w, https:\/\/monperejeanmamy.fr\/wp-content\/uploads\/2021\/02\/Enface-manuscrit-extrait-page-3-454x300.jpg 454w\" sizes=\"(max-width: 1051px) 100vw, 1051px\" \/><\/p>\n<p style=\"text-align: justify;\">Il raconte comment, encore adolescent, il a vu ses camarades partir \u00e0 la guerre, la grande, dont certains n&rsquo;en sont pas revenus ou en sont revenus estropi\u00e9s.<\/p>\n<p style=\"text-align: justify;\">Le \u00ab roman \u00bb, \u00e9videmment autobiographique, se termine quand Jean, vire son p\u00e8re Charles, devenu alcoolique, violent et inutile, pour prot\u00e9ger sa m\u00e8re Marie.<\/p>\n<a href=\"https:\/\/monperejeanmamy.fr\/wp-content\/uploads\/2021\/02\/Enfance-sous-les-armes-version-web.pdf\" class=\"pdfemb-viewer\" style=\"\" data-width=\"max\" data-height=\"max\" data-mobile-width=\"500\"  data-scrollbar=\"none\" data-download=\"off\" data-tracking=\"on\" data-newwindow=\"on\" data-pagetextbox=\"off\" data-scrolltotop=\"off\" data-startzoom=\"100\" data-startfpzoom=\"100\" data-toolbar=\"both\" data-toolbar-fixed=\"off\">Enfance sous les armes version web<br\/><\/a>\n","protected":false},"excerpt":{"rendered":"<p>L&rsquo;enfance sous les armes est un roman qui raconte la jeunesse d&rsquo;un enfant, nomm\u00e9 Jean Larsan, n\u00e9 au d\u00e9but du 20\u00e8me si\u00e8cle en Savoie, dont le p\u00e8re s&rsquo;appelait Charles et la m\u00e8re Marie. Il raconte comment, encore adolescent, il a &hellip; <a href=\"https:\/\/monperejeanmamy.fr\/?page_id=160\">Continuer la lecture <span class=\"meta-nav\">&rarr;<\/span><\/a><\/p>\n","protected":false},"author":1,"featured_media":1093,"parent":0,"menu_order":0,"comment_status":"closed","ping_status":"closed","template":"","meta":[],"folder":[],"_links":{"self":[{"href":"https:\/\/monperejeanmamy.fr\/index.php?rest_route=\/wp\/v2\/pages\/160"}],"collection":[{"href":"https:\/\/monperejeanmamy.fr\/index.php?rest_route=\/wp\/v2\/pages"}],"about":[{"href":"https:\/\/monperejeanmamy.fr\/index.php?rest_route=\/wp\/v2\/types\/page"}],"author":[{"embeddable":true,"href":"https:\/\/monperejeanmamy.fr\/index.php?rest_route=\/wp\/v2\/users\/1"}],"replies":[{"embeddable":true,"href":"https:\/\/monperejeanmamy.fr\/index.php?rest_route=%2Fwp%2Fv2%2Fcomments&post=160"}],"version-history":[{"count":3,"href":"https:\/\/monperejeanmamy.fr\/index.php?rest_route=\/wp\/v2\/pages\/160\/revisions"}],"predecessor-version":[{"id":165,"href":"https:\/\/monperejeanmamy.fr\/index.php?rest_route=\/wp\/v2\/pages\/160\/revisions\/165"}],"wp:featuredmedia":[{"embeddable":true,"href":"https:\/\/monperejeanmamy.fr\/index.php?rest_route=\/wp\/v2\/media\/1093"}],"wp:attachment":[{"href":"https:\/\/monperejeanmamy.fr\/index.php?rest_route=%2Fwp%2Fv2%2Fmedia&parent=160"}],"wp:term":[{"taxonomy":"folder","embeddable":true,"href":"https:\/\/monperejeanmamy.fr\/index.php?rest_route=%2Fwp%2Fv2%2Ffolder&post=160"}],"curies":[{"name":"wp","href":"https:\/\/api.w.org\/{rel}","templated":true}]}}