{"id":1600,"date":"2021-03-27T09:21:41","date_gmt":"2021-03-27T08:21:41","guid":{"rendered":"http:\/\/monperejeanmamy.fr\/?page_id=1600"},"modified":"2021-03-27T09:21:41","modified_gmt":"2021-03-27T08:21:41","slug":"temoignage-de-denis-champeaux-de-la-boulaye-dit-cambon","status":"publish","type":"page","link":"https:\/\/monperejeanmamy.fr\/?page_id=1600","title":{"rendered":"T\u00e9moignage de Denis Champeaux de la Boulaye, dit Cambon"},"content":{"rendered":"<p style=\"text-align: justify;\">Le commandant Cambon explique notamment comment il a \u00ab arr\u00eat\u00e9 \u00bb Jean Mamy, qui s&rsquo;est en fait rendu \u00e0 lui le 23 septembre 1944.<\/p>\n<p style=\"text-align: justify; padding-left: 40px;\">\u00ab<em> &#8230;d\u00e8s que la Lib\u00e9ration m\u2019a permis d\u2019utiliser mon personnel [&#8230;] en septembre 1944, j\u2019ai eu le nom de Mamy et 5 domiciles possibles de ce personnage.<\/em><br \/>\n<em>Gr\u00e2ce \u00e0 une sourici\u00e8re, j\u2019ai eu Mamy au bout du fils me demandant \u00e0 parler \u00e0 Barbara Val que j\u2019avais arr\u00eat\u00e9e 6 rue d\u2019Oran.<\/em><br \/>\n<em>Une heure plus tard Mamy venait se rendre \u00e0 moi.<\/em><br \/>\n<em>J\u2019ai toujours veill\u00e9 \u00e0 ce qu\u2019il soit trait\u00e9 humainement et surtout sans la moindre violence. C\u2019est dans ces conditions qu\u2019il a lui-m\u00eame r\u00e9dig\u00e9 et \u00e9crit sa confession.<\/em><br \/>\n<em>Huit jours plus tard, je le livrais \u00e0 Mr Cotoni, rue Las-Case.<\/em> \u00bb<\/p>\n<a href=\"\/?pdfemb-serveurl=http%3A%2F%2Fmonperejeanmamy.fr%2Fwp-content%2Fuploads%2Fsecurepdfs%2F2021%2F03%2F1945-09-11-Temoignage-de-Champaux-de-la-Boulaye.pdf\" class=\"pdfemb-viewer\" style=\"\" data-width=\"max\" data-height=\"max\" data-mobile-width=\"500\"  data-scrollbar=\"none\" data-download=\"off\" data-tracking=\"on\" data-newwindow=\"on\" data-pagetextbox=\"off\" data-scrolltotop=\"off\" data-startzoom=\"100\" data-startfpzoom=\"100\" data-download-nonce=\"88e51ff8ee\" data-disablerightclick=\"on\" data-toolbar=\"both\" data-toolbar-fixed=\"off\">1945 09 11 T\u00e9moignage de Champaux de la Boulaye<br\/><\/a>\n","protected":false},"excerpt":{"rendered":"<p>Le commandant Cambon explique notamment comment il a \u00ab arr\u00eat\u00e9 \u00bb Jean Mamy, qui s&rsquo;est en fait rendu \u00e0 lui le 23 septembre 1944. \u00ab &#8230;d\u00e8s que la Lib\u00e9ration m\u2019a permis d\u2019utiliser mon personnel [&#8230;] en septembre 1944, j\u2019ai eu &hellip; <a href=\"https:\/\/monperejeanmamy.fr\/?page_id=1600\">Continuer la lecture <span class=\"meta-nav\">&rarr;<\/span><\/a><\/p>\n","protected":false},"author":2,"featured_media":0,"parent":0,"menu_order":0,"comment_status":"closed","ping_status":"closed","template":"","meta":[],"folder":[],"_links":{"self":[{"href":"https:\/\/monperejeanmamy.fr\/index.php?rest_route=\/wp\/v2\/pages\/1600"}],"collection":[{"href":"https:\/\/monperejeanmamy.fr\/index.php?rest_route=\/wp\/v2\/pages"}],"about":[{"href":"https:\/\/monperejeanmamy.fr\/index.php?rest_route=\/wp\/v2\/types\/page"}],"author":[{"embeddable":true,"href":"https:\/\/monperejeanmamy.fr\/index.php?rest_route=\/wp\/v2\/users\/2"}],"replies":[{"embeddable":true,"href":"https:\/\/monperejeanmamy.fr\/index.php?rest_route=%2Fwp%2Fv2%2Fcomments&post=1600"}],"version-history":[{"count":1,"href":"https:\/\/monperejeanmamy.fr\/index.php?rest_route=\/wp\/v2\/pages\/1600\/revisions"}],"predecessor-version":[{"id":1602,"href":"https:\/\/monperejeanmamy.fr\/index.php?rest_route=\/wp\/v2\/pages\/1600\/revisions\/1602"}],"wp:attachment":[{"href":"https:\/\/monperejeanmamy.fr\/index.php?rest_route=%2Fwp%2Fv2%2Fmedia&parent=1600"}],"wp:term":[{"taxonomy":"folder","embeddable":true,"href":"https:\/\/monperejeanmamy.fr\/index.php?rest_route=%2Fwp%2Fv2%2Ffolder&post=1600"}],"curies":[{"name":"wp","href":"https:\/\/api.w.org\/{rel}","templated":true}]}}