{"id":1610,"date":"2021-03-27T10:08:02","date_gmt":"2021-03-27T09:08:02","guid":{"rendered":"http:\/\/monperejeanmamy.fr\/?page_id=1610"},"modified":"2021-03-28T19:19:42","modified_gmt":"2021-03-28T17:19:42","slug":"perquisition-au-76-boulevard-diderot","status":"publish","type":"page","link":"https:\/\/monperejeanmamy.fr\/?page_id=1610","title":{"rendered":"Perquisition au 76 boulevard Diderot"},"content":{"rendered":"<p style=\"text-align: justify;\">En septembre 1944, le Commandant Cambon, qui est \u00e0 la recherche de Jean Mamy, ayant connaissance, via Mme Booth, son ex-secr\u00e9taire au S.D., de plusieurs adresses possibles (cf. Son t\u00e9moignage), arr\u00eate sa m\u00e8re et sa femme, Barbara. Il tend alors une sourici\u00e8re chez cette derni\u00e8re.<\/p>\n<p><img loading=\"lazy\" class=\"aligncenter size-full wp-image-1646\" src=\"http:\/\/monperejeanmamy.fr\/wp-content\/uploads\/2021\/03\/Souricieres.jpg\" alt=\"\" width=\"946\" height=\"358\" srcset=\"https:\/\/monperejeanmamy.fr\/wp-content\/uploads\/2021\/03\/Souricieres.jpg 946w, https:\/\/monperejeanmamy.fr\/wp-content\/uploads\/2021\/03\/Souricieres-300x114.jpg 300w, https:\/\/monperejeanmamy.fr\/wp-content\/uploads\/2021\/03\/Souricieres-768x291.jpg 768w, https:\/\/monperejeanmamy.fr\/wp-content\/uploads\/2021\/03\/Souricieres-500x189.jpg 500w\" sizes=\"(max-width: 946px) 100vw, 946px\" \/><\/p>\n<p style=\"text-align: justify;\">Jean Mamy, qui cherchera \u00e0 la joindre par t\u00e9l\u00e9phone, d\u00e9cide de se constituer prisonnier afin d&rsquo;obtenir qu&rsquo;elles soient lib\u00e9r\u00e9es et se rend le 23 septembre au Commandant Cambon.<\/p>\n<p style=\"text-align: justify;\">La veille, le 22 septembre, deux F.F.I. se pr\u00e9sentent au domicile de ma m\u00e8re, Jeanne Roux, 76 boulevard Diderot \u00e0 Paris, une des adresses connues de Jean Mamy. o\u00f9 ils effectuent une perquisition que ma m\u00e8re relate dans un document de 3 pages tap\u00e9es \u00e0 la machine dat\u00e9 du 15 octobre.<\/p>\n<a href=\"\/?pdfemb-serveurl=http%3A%2F%2Fmonperejeanmamy.fr%2Fwp-content%2Fuploads%2Fsecurepdfs%2F2021%2F03%2F1944-10-16-Perquisition-76-bd-Diderot.pdf\" class=\"pdfemb-viewer\" style=\"\" data-width=\"max\" data-height=\"max\" data-mobile-width=\"500\"  data-scrollbar=\"none\" data-download=\"off\" data-tracking=\"on\" data-newwindow=\"on\" data-pagetextbox=\"off\" data-scrolltotop=\"off\" data-startzoom=\"100\" data-startfpzoom=\"100\" data-download-nonce=\"a167b43d80\" data-disablerightclick=\"on\" data-toolbar=\"both\" data-toolbar-fixed=\"off\">1944 10 16 Perquisition 76 bd Diderot<br\/><\/a>\n","protected":false},"excerpt":{"rendered":"<p>En septembre 1944, le Commandant Cambon, qui est \u00e0 la recherche de Jean Mamy, ayant connaissance, via Mme Booth, son ex-secr\u00e9taire au S.D., de plusieurs adresses possibles (cf. Son t\u00e9moignage), arr\u00eate sa m\u00e8re et sa femme, Barbara. Il tend alors &hellip; <a href=\"https:\/\/monperejeanmamy.fr\/?page_id=1610\">Continuer la lecture <span class=\"meta-nav\">&rarr;<\/span><\/a><\/p>\n","protected":false},"author":2,"featured_media":0,"parent":0,"menu_order":0,"comment_status":"closed","ping_status":"closed","template":"","meta":[],"folder":[],"_links":{"self":[{"href":"https:\/\/monperejeanmamy.fr\/index.php?rest_route=\/wp\/v2\/pages\/1610"}],"collection":[{"href":"https:\/\/monperejeanmamy.fr\/index.php?rest_route=\/wp\/v2\/pages"}],"about":[{"href":"https:\/\/monperejeanmamy.fr\/index.php?rest_route=\/wp\/v2\/types\/page"}],"author":[{"embeddable":true,"href":"https:\/\/monperejeanmamy.fr\/index.php?rest_route=\/wp\/v2\/users\/2"}],"replies":[{"embeddable":true,"href":"https:\/\/monperejeanmamy.fr\/index.php?rest_route=%2Fwp%2Fv2%2Fcomments&post=1610"}],"version-history":[{"count":6,"href":"https:\/\/monperejeanmamy.fr\/index.php?rest_route=\/wp\/v2\/pages\/1610\/revisions"}],"predecessor-version":[{"id":1647,"href":"https:\/\/monperejeanmamy.fr\/index.php?rest_route=\/wp\/v2\/pages\/1610\/revisions\/1647"}],"wp:attachment":[{"href":"https:\/\/monperejeanmamy.fr\/index.php?rest_route=%2Fwp%2Fv2%2Fmedia&parent=1610"}],"wp:term":[{"taxonomy":"folder","embeddable":true,"href":"https:\/\/monperejeanmamy.fr\/index.php?rest_route=%2Fwp%2Fv2%2Ffolder&post=1610"}],"curies":[{"name":"wp","href":"https:\/\/api.w.org\/{rel}","templated":true}]}}