{"id":1617,"date":"2021-03-27T15:56:12","date_gmt":"2021-03-27T14:56:12","guid":{"rendered":"http:\/\/monperejeanmamy.fr\/?page_id=1617"},"modified":"2021-03-27T15:56:12","modified_gmt":"2021-03-27T14:56:12","slug":"memoire-en-defense-2","status":"publish","type":"page","link":"https:\/\/monperejeanmamy.fr\/?page_id=1617","title":{"rendered":"M\u00e9moire en d\u00e9fense"},"content":{"rendered":"<p style=\"text-align: justify;\">En janvier 1949, alors qu&rsquo;il est aux fers dans sa cellule du quartier des condamn\u00e9s \u00e0 mort, Jean Mamy r\u00e9dige une note manuscrite (14 feuillets) destin\u00e9e \u00e0 son avocat, Ma\u00eetre Pierre Leroy, dans laquelle il liste tous les arguments qui lui paraissent pouvoir \u00eatre \u00e9voqu\u00e9s lors du recours en gr\u00e2ce aupr\u00e8s de Monsieur Vincent Auriol,\u00a0 Pr\u00e9sident de la R\u00e9publique,<\/p>\n<p>Il s&rsquo;appuie sur:<\/p>\n<ul>\n<li>des arguments psychologiques, voire psychi\u00e2triques,<\/li>\n<li>le rappel des faits et du r\u00f4le de Richard de Grandmaison qui l&rsquo;a entra\u00een\u00e9 et qui a avou\u00e9 lors d&rsquo;un proc\u00e8s qu&rsquo;il \u00ab <em>l&rsquo;avait tromp\u00e9 et bluff\u00e9<\/em> \u00bb,<\/li>\n<li>les responsabilit\u00e9s du Gouvernement de Vichy et des ordres auquel il n&rsquo;a fait qu&rsquo;ob\u00e9ir<\/li>\n<li>quelques arguments politiques, l&rsquo;absence de corruption et, pourquoi pas, des arguments litt\u00e9raires : \u00ab u<em>n po\u00e8te assassin\u00e9 a toujours raison&#8230;<\/em> \u00bb<\/li>\n<\/ul>\n<a href=\"\/?pdfemb-serveurl=http%3A%2F%2Fmonperejeanmamy.fr%2Fwp-content%2Fuploads%2Fsecurepdfs%2F2021%2F03%2FArguments-pour-le-recours-en-grace.pdf\" class=\"pdfemb-viewer\" style=\"\" data-width=\"max\" data-height=\"max\" data-mobile-width=\"500\"  data-scrollbar=\"none\" data-download=\"off\" data-tracking=\"on\" data-newwindow=\"on\" data-pagetextbox=\"off\" data-scrolltotop=\"off\" data-startzoom=\"100\" data-startfpzoom=\"100\" data-download-nonce=\"31f40ba1b2\" data-disablerightclick=\"on\" data-toolbar=\"both\" data-toolbar-fixed=\"off\">Arguments pour le recours en gr\u00e2ce<br\/><\/a>\n<p>&nbsp;<\/p>\n<p>&nbsp;<\/p>\n","protected":false},"excerpt":{"rendered":"<p>En janvier 1949, alors qu&rsquo;il est aux fers dans sa cellule du quartier des condamn\u00e9s \u00e0 mort, Jean Mamy r\u00e9dige une note manuscrite (14 feuillets) destin\u00e9e \u00e0 son avocat, Ma\u00eetre Pierre Leroy, dans laquelle il liste tous les arguments qui &hellip; <a href=\"https:\/\/monperejeanmamy.fr\/?page_id=1617\">Continuer la lecture <span class=\"meta-nav\">&rarr;<\/span><\/a><\/p>\n","protected":false},"author":2,"featured_media":10,"parent":0,"menu_order":0,"comment_status":"closed","ping_status":"closed","template":"","meta":[],"folder":[],"_links":{"self":[{"href":"https:\/\/monperejeanmamy.fr\/index.php?rest_route=\/wp\/v2\/pages\/1617"}],"collection":[{"href":"https:\/\/monperejeanmamy.fr\/index.php?rest_route=\/wp\/v2\/pages"}],"about":[{"href":"https:\/\/monperejeanmamy.fr\/index.php?rest_route=\/wp\/v2\/types\/page"}],"author":[{"embeddable":true,"href":"https:\/\/monperejeanmamy.fr\/index.php?rest_route=\/wp\/v2\/users\/2"}],"replies":[{"embeddable":true,"href":"https:\/\/monperejeanmamy.fr\/index.php?rest_route=%2Fwp%2Fv2%2Fcomments&post=1617"}],"version-history":[{"count":1,"href":"https:\/\/monperejeanmamy.fr\/index.php?rest_route=\/wp\/v2\/pages\/1617\/revisions"}],"predecessor-version":[{"id":1619,"href":"https:\/\/monperejeanmamy.fr\/index.php?rest_route=\/wp\/v2\/pages\/1617\/revisions\/1619"}],"wp:featuredmedia":[{"embeddable":true,"href":"https:\/\/monperejeanmamy.fr\/index.php?rest_route=\/wp\/v2\/media\/10"}],"wp:attachment":[{"href":"https:\/\/monperejeanmamy.fr\/index.php?rest_route=%2Fwp%2Fv2%2Fmedia&parent=1617"}],"wp:term":[{"taxonomy":"folder","embeddable":true,"href":"https:\/\/monperejeanmamy.fr\/index.php?rest_route=%2Fwp%2Fv2%2Ffolder&post=1617"}],"curies":[{"name":"wp","href":"https:\/\/api.w.org\/{rel}","templated":true}]}}