{"id":1621,"date":"2021-03-27T15:59:37","date_gmt":"2021-03-27T14:59:37","guid":{"rendered":"http:\/\/monperejeanmamy.fr\/?page_id=1621"},"modified":"2021-04-02T19:34:05","modified_gmt":"2021-04-02T17:34:05","slug":"dossier-a-charge-et-a-decharge","status":"publish","type":"page","link":"https:\/\/monperejeanmamy.fr\/?page_id=1621","title":{"rendered":"Dossier \u00e0 charge et \u00e0 d\u00e9charge"},"content":{"rendered":"<p style=\"text-align: justify;\">Le <a href=\"http:\/\/monperejeanmamy.fr\/?page_id=1794\">document d&rsquo;accompagnement de l&rsquo;interrogatoire de Jean Mamy<\/a> par le commandant Cambon des F.F.I d&rsquo;octobre 1944 liste 13 affaires principales qui seront instruites et qui seront reprises dans le r\u00e9quisitoire du Commissaire de la R\u00e9publique.<\/p>\n<p style=\"text-align: justify;\">J&rsquo;ai rassembl\u00e9 pour chacune d&rsquo;entre-elles les \u00e9l\u00e9ments auxquels j&rsquo;ai eu acc\u00e8s (t\u00e9moignages, d\u00e9clarations et commentaires de Jean Mamy, articles de presse, r\u00e9quisitoire&#8230;) :<\/p>\n<ol>\n<li style=\"text-align: justify;\"><a href=\"http:\/\/monperejeanmamy.fr\/?page_id=1727\">Affaire Dunoir<\/a> (arrestation Leboss\u00e9) &#8211; Lyon<\/li>\n<li style=\"text-align: justify;\"><a href=\"http:\/\/monperejeanmamy.fr\/?page_id=1732\">Affaire Dujour<\/a> (arrestation) &#8211; Bordeaux<\/li>\n<li style=\"text-align: justify;\"><a href=\"http:\/\/monperejeanmamy.fr\/?page_id=1738\">Affaire Robert Meyer<\/a> &#8211; Valence<\/li>\n<li style=\"text-align: justify;\"><a href=\"http:\/\/monperejeanmamy.fr\/?page_id=1743\">Affaire Goutier<\/a> &#8211; Amiens<\/li>\n<li style=\"text-align: justify;\"><a href=\"http:\/\/monperejeanmamy.fr\/?page_id=1748\">Affaire du Couvent<\/a> (quatre arrestations) &#8211; Harparren<\/li>\n<li style=\"text-align: justify;\"><a href=\"http:\/\/monperejeanmamy.fr\/?page_id=1753\">Affaire Borrel<\/a> (arrestation) &#8211; Paris<\/li>\n<li style=\"text-align: justify;\"><a href=\"http:\/\/monperejeanmamy.fr\/?page_id=1758\">Affairer Jarville<\/a>, secr\u00e9taire g\u00e9n\u00e9ral du Syndicat du Cin\u00e9ma (arrestation) &#8211; Paris<\/li>\n<li style=\"text-align: justify;\"><a href=\"http:\/\/monperejeanmamy.fr\/?page_id=1763\">Affaire Buisson<\/a> (sur d\u00e9signation par Mamy de Andr\u00e8s et Buisson, ce dernier fut tu\u00e9 dans une embuscade) &#8211; Annecy<\/li>\n<li style=\"text-align: justify;\"><a href=\"http:\/\/monperejeanmamy.fr\/?page_id=1768\">Affaire Jean Paul<\/a> (arrestation puis fusill\u00e9) &#8211; Paris<\/li>\n<li style=\"text-align: justify;\"><a href=\"http:\/\/monperejeanmamy.fr\/?page_id=1773\">Affaire G\u00e9n\u00e9ral Michaud<\/a> (arrestation, prisonnier en Allemagne) &#8211; Paris<\/li>\n<li style=\"text-align: justify;\"><a href=\"http:\/\/monperejeanmamy.fr\/?page_id=1778\">Affaire Sanson et X<\/a> (arrestation) &#8211; Fronti\u00e8re d\u2019Espagne<\/li>\n<li style=\"text-align: justify;\"><a href=\"http:\/\/monperejeanmamy.fr\/?page_id=1783\">Affaire Guilhamon<\/a> (possesseur d\u2019un \u00e9metteur TSF, arrestation) &#8211; Paris<\/li>\n<li style=\"text-align: justify;\"><a href=\"http:\/\/monperejeanmamy.fr\/?page_id=1789\">Affaire Fred<\/a> (arrestation) &#8211; Paris.<\/li>\n<\/ol>\n","protected":false},"excerpt":{"rendered":"<p>Le document d&rsquo;accompagnement de l&rsquo;interrogatoire de Jean Mamy par le commandant Cambon des F.F.I d&rsquo;octobre 1944 liste 13 affaires principales qui seront instruites et qui seront reprises dans le r\u00e9quisitoire du Commissaire de la R\u00e9publique. J&rsquo;ai rassembl\u00e9 pour chacune d&rsquo;entre-elles &hellip; <a href=\"https:\/\/monperejeanmamy.fr\/?page_id=1621\">Continuer la lecture <span class=\"meta-nav\">&rarr;<\/span><\/a><\/p>\n","protected":false},"author":2,"featured_media":10,"parent":0,"menu_order":0,"comment_status":"closed","ping_status":"closed","template":"","meta":[],"folder":[],"_links":{"self":[{"href":"https:\/\/monperejeanmamy.fr\/index.php?rest_route=\/wp\/v2\/pages\/1621"}],"collection":[{"href":"https:\/\/monperejeanmamy.fr\/index.php?rest_route=\/wp\/v2\/pages"}],"about":[{"href":"https:\/\/monperejeanmamy.fr\/index.php?rest_route=\/wp\/v2\/types\/page"}],"author":[{"embeddable":true,"href":"https:\/\/monperejeanmamy.fr\/index.php?rest_route=\/wp\/v2\/users\/2"}],"replies":[{"embeddable":true,"href":"https:\/\/monperejeanmamy.fr\/index.php?rest_route=%2Fwp%2Fv2%2Fcomments&post=1621"}],"version-history":[{"count":20,"href":"https:\/\/monperejeanmamy.fr\/index.php?rest_route=\/wp\/v2\/pages\/1621\/revisions"}],"predecessor-version":[{"id":1800,"href":"https:\/\/monperejeanmamy.fr\/index.php?rest_route=\/wp\/v2\/pages\/1621\/revisions\/1800"}],"wp:featuredmedia":[{"embeddable":true,"href":"https:\/\/monperejeanmamy.fr\/index.php?rest_route=\/wp\/v2\/media\/10"}],"wp:attachment":[{"href":"https:\/\/monperejeanmamy.fr\/index.php?rest_route=%2Fwp%2Fv2%2Fmedia&parent=1621"}],"wp:term":[{"taxonomy":"folder","embeddable":true,"href":"https:\/\/monperejeanmamy.fr\/index.php?rest_route=%2Fwp%2Fv2%2Ffolder&post=1621"}],"curies":[{"name":"wp","href":"https:\/\/api.w.org\/{rel}","templated":true}]}}