{"id":1625,"date":"2021-03-27T16:36:05","date_gmt":"2021-03-27T15:36:05","guid":{"rendered":"http:\/\/monperejeanmamy.fr\/?page_id=1625"},"modified":"2021-03-27T16:36:05","modified_gmt":"2021-03-27T15:36:05","slug":"les-affaires-reprochees-a-jean-mamy","status":"publish","type":"page","link":"https:\/\/monperejeanmamy.fr\/?page_id=1625","title":{"rendered":"Les affaires reproch\u00e9es \u00e0 Jean Mamy"},"content":{"rendered":"<p style=\"text-align: justify;\">Dans son Testament politique (Vers l&rsquo;Altruisme autoritaire) r\u00e9dig\u00e9 en janvier 1949 dans sa cellule de condamn\u00e9 \u00e0 mort, Jean Mamy revient sur la douzaine d&rsquo;affaires qui on \u00e9t\u00e9 \u00e0 la base de sa condamnation.<\/p>\n<a href=\"\/?pdfemb-serveurl=http%3A%2F%2Fmonperejeanmamy.fr%2Fwp-content%2Fuploads%2Fsecurepdfs%2F2021%2F03%2FQue-me-reproche-t-on.pdf\" class=\"pdfemb-viewer\" style=\"\" data-width=\"max\" data-height=\"max\" data-mobile-width=\"500\"  data-scrollbar=\"none\" data-download=\"off\" data-tracking=\"on\" data-newwindow=\"on\" data-pagetextbox=\"off\" data-scrolltotop=\"off\" data-startzoom=\"100\" data-startfpzoom=\"100\" data-download-nonce=\"2fee084af4\" data-disablerightclick=\"on\" data-toolbar=\"both\" data-toolbar-fixed=\"off\">Que me reproche-t-on<br\/><\/a>\n","protected":false},"excerpt":{"rendered":"<p>Dans son Testament politique (Vers l&rsquo;Altruisme autoritaire) r\u00e9dig\u00e9 en janvier 1949 dans sa cellule de condamn\u00e9 \u00e0 mort, Jean Mamy revient sur la douzaine d&rsquo;affaires qui on \u00e9t\u00e9 \u00e0 la base de sa condamnation.<\/p>\n","protected":false},"author":2,"featured_media":10,"parent":0,"menu_order":0,"comment_status":"closed","ping_status":"closed","template":"","meta":[],"folder":[],"_links":{"self":[{"href":"https:\/\/monperejeanmamy.fr\/index.php?rest_route=\/wp\/v2\/pages\/1625"}],"collection":[{"href":"https:\/\/monperejeanmamy.fr\/index.php?rest_route=\/wp\/v2\/pages"}],"about":[{"href":"https:\/\/monperejeanmamy.fr\/index.php?rest_route=\/wp\/v2\/types\/page"}],"author":[{"embeddable":true,"href":"https:\/\/monperejeanmamy.fr\/index.php?rest_route=\/wp\/v2\/users\/2"}],"replies":[{"embeddable":true,"href":"https:\/\/monperejeanmamy.fr\/index.php?rest_route=%2Fwp%2Fv2%2Fcomments&post=1625"}],"version-history":[{"count":1,"href":"https:\/\/monperejeanmamy.fr\/index.php?rest_route=\/wp\/v2\/pages\/1625\/revisions"}],"predecessor-version":[{"id":1627,"href":"https:\/\/monperejeanmamy.fr\/index.php?rest_route=\/wp\/v2\/pages\/1625\/revisions\/1627"}],"wp:featuredmedia":[{"embeddable":true,"href":"https:\/\/monperejeanmamy.fr\/index.php?rest_route=\/wp\/v2\/media\/10"}],"wp:attachment":[{"href":"https:\/\/monperejeanmamy.fr\/index.php?rest_route=%2Fwp%2Fv2%2Fmedia&parent=1625"}],"wp:term":[{"taxonomy":"folder","embeddable":true,"href":"https:\/\/monperejeanmamy.fr\/index.php?rest_route=%2Fwp%2Fv2%2Ffolder&post=1625"}],"curies":[{"name":"wp","href":"https:\/\/api.w.org\/{rel}","templated":true}]}}